{"id":1469,"date":"2023-06-27T19:19:18","date_gmt":"2023-06-27T18:19:18","guid":{"rendered":"https:\/\/kokaindrogekaufen.com\/?post_type=product&#038;p=1469"},"modified":"2026-01-27T00:47:38","modified_gmt":"2026-01-27T00:47:38","slug":"cocaine-capsules-for-sale","status":"publish","type":"product","link":"https:\/\/kokaindrogekaufen.com\/it\/product\/cocaine-capsules-for-sale\/","title":{"rendered":"LA COCAINA CAPSULE PER LA VENDITA"},"content":{"rendered":"<h2>LA COCAINA CAPSULE PER LA VENDITA<\/h2>\n<p>La cocaina capsule appartengono ad un gruppo di farmaci prescritti da un medico provinciale, il sedativo noto. Tra questi motivi \u00e8 la Mancanza di sentimenti, o la morte in aree in cui esso \u00e8 utilizzato, nonch\u00e9 la prevenzione di imbarazzo sentimenti metodi conservativi. La cocaina capsule si sono sviluppati grazie alla loro destinazione d&#039;uso dei pi\u00f9 diffusi Energetika, in quanto possono causare la morte, la inadempienza, da una serie di difficolt\u00e0, come cardiovascolari, convulsioni e ictus possono essere causati. La cocaina capsule per la vendita<\/p>\n<p>Il trattamento \u00e8 senza dubbio un aspetto importante della cocaina capsula di trattamento. Esamina i disagi che hanno colpito il suo uso di droga, e consente, allo stesso tempo, di situazioni pericolose. \u00c8 molto importante che questi risultati si verificano in attesa o coerente, mentre dosi pi\u00f9 elevate, in Generale, sono pi\u00f9 responsabili per l&#039;intera gamma di effetti di trigger. A vendere cocaina capsule<\/p>\n<p>Allo stesso modo, gli effetti negativi con alte dosi, includono ragionevole e dovrebbe essere una dipendenza, di base, di danno o di morte. Effetti nella vita reale. La cocaina \u00e8 un molto coinvolgente, energia, farmaco, che viene estratto dalle foglie del Sud Americano a base di Coca, una pianta capsule. Presumibilmente, potenzialmente pi\u00f9 dannose delle reali conseguenze di cocaina capsule sono pi\u00f9 di CV come neurologici natura. La cocaina capsule per la vendita<\/p>\n<h3>LA COCAINA CAPSULE ACQUISTARE ONLINE:<\/h3>\n<p>A causa dell&#039;effetto di blocco di cocaina sui canali del sodio del cuore-il sistema vascolare, problemi cardiaci gravi, compresa la morte cardiaca improvvisa in dosi elevate, \u00e8 possibile. Il Fumo di sigaretta polmonari gravi causare i problemi. L&#039;Infusione di cocaina ha tutti gli effetti collaterali della somministrazione endovenosa di farmaci. Trasmissione di malattie infettive come l&#039;HIV e l&#039;Epatite, Ascessi, couperose e la contaminazione. La cocaina capsule per la vendita<\/p>\n<p>Decessi correlati alla cocaina sono spesso il risultato di insufficienza cardiaca o convulsioni. Anche se gravi o fornitori di cocaina pu\u00f2 utilizzare per legittimi scopi medici, come per la sedazione locale per alcuni interventi medici, \u00e8 ben pensato, lo sporting uso di cocaina \u00e8 male. La cocaina capsule sono in genere costituiti da una polvere bianca. \u00c8 pi\u00f9 spesso esplorati attraverso il naso, o con acqua potabile per essere miscelati prima di essere iniettato con un ago. La cocaina capsule per la vendita<\/p>\n<p>La cocaina, le capsule possono essere formate da piccole pietre bianche, che sono utilizzati come Interruzioni sono noti. Giovani lesioni e frequenti situazioni di stress, come un risultato di Immaturit\u00e0 pu\u00f2 aumentare la probabilit\u00e0 di qualcuno di farmaci per aiutare. Automedicazione in caso di primario clinica o problemi di salute mentale pu\u00f2 portare a dipendenza e abuso, come Alleanza Nazionale sulla Malattia Mentale (NAMI) stima che circa il 50% delle persone che hanno bisogno del medico raccomandato l&#039;uso di droghe, e gli effetti negativi di un asincrono esperienza di malattia mentale. A vendere cocaina capsule<\/p>\n<h4>LA COCAINA CAPSULE PER LA VENDITA ONLINE:<\/h4>\n<p>La cocaina Colombiana, capsule, ma pu\u00f2 essere utilizzato anche dai professionisti del settore medico, per essere combinato con alcuni, per la salute umana importante fissazioni. Le persone usano questo per recuperare da una variet\u00e0 di malattie, come la tristezza, Stress e cos\u00ec via. La cocaina capsule da sulla strada come un fantastico, il bianco della pietra preziosa polvere. La cocaina capsule per la vendita<\/p>\n<p>Al fine di aumentare le entrate mix street dealer, \u00e8 spesso fatta con l&#039;amido di mais, polvere di bambino o di farina. Quando ha a che fare con la Coca passa, tuttavia, per consegnare la cocaina, le capsule, i cambiamenti di quote di energia significativamente pi\u00f9 impressionante. Con questa modifica, e l&#039;aumento della forza degli effetti sulla mente molto pi\u00f9 impressionante, e la probabilit\u00e0 di formazione di abitudine \u00e8 alta. A vendere cocaina capsule<\/p>\n<p>Qualcuno che abbia bisogno di cocaina capsule abusato o testimone di una dipendenza da cocaina \u00e8 stato, sa quanto sia dannoso questo farmaco pu\u00f2 essere. L&#039;effetto di cocaina capsule, non \u00e8 solo limitato all&#039;effetto stimolante sul corpo. Se un cliente capsule di Cocaina nella mano sbagliata, pu\u00f2 portare a una serie di conseguenze psicologiche. Uno dei indiscutibilmente pi\u00f9 frequenti conseguenze sulla salute mentale di cocaina consumo capsula. A vendere cocaina capsule<\/p>\n<h4>A VENDERE COCAINA:<\/h4>\n<p>La sniffare cocaina capsule pu\u00f2 causare gravi nasale problemi. Essa provoca vene si restringono nel naso, causando il flusso di ossigeno ai tessuti nasali \u00e8 ridotto. Altre sostanze che si fondono capsule Rivenditore con la Cocaina, pu\u00f2 anche distruggere il coperchio del pulsante. L&#039;Inalazione di cocaina, per la nasale capsule e cavit\u00e0 orale con batteri di contaminare. Indipendentemente da come o in quale quantit\u00e0 di cocaina capsule per essere consumato, quando il consumo di cocaina \u00e8 spesso il rischio di attacchi di cuore, ictus, convulsioni e morte improvvisa. A vendere cocaina capsule<\/p>\n<p>Coca protegge il corpo umano da molti disturbi, e i nostri Medici utilizzare, sotto forma di polvere, per alleviare il gonfiore delle ferite, per rafforzare il ferito osso, freddo per espellere dal corpo, o per evitare che entrino, e anche per superare corrotti o ferite o contusioni, sono infestati da parassiti.la cocaina capsule per la vendita<\/p>\n<h4>INOLTRE:<\/h4>\n<p>In molti casi, soprattutto quando la cocaina capsule affumicato o infuso, mostrer\u00e0 i risultati molto rapidamente, e si pu\u00f2 anche scoprire come si pu\u00f2 diffondersi molto rapidamente. La cocaina capsule risultati possono essere il pi\u00f9 breve 5-10 minuti a volte, costringendo l&#039;Hotel per usare un Eccesso di somme, in modo da avere l&#039;opportunit\u00e0 di assicurare il pi\u00f9 alto andare Cocaina capsule per la vendita<\/p>","protected":false},"excerpt":{"rendered":"<p>KOKAIN KAPSELN ZUM VERKAUF Kokainkapseln geh\u00f6ren zu einer Gruppe von \u00e4rztlich verordneten Medikamenten, die als provinzielle Beruhigungsmittel bekannt sind. Zu diesen Gr\u00fcnden geh\u00f6ren das Fehlen von Gef\u00fchlen oder das Absterben in den Bereichen, in denen es verwendet wird, sowie die Verhinderung von Unbehaglichkeitsgef\u00fchlen durch vorsichtige Methoden. Kokainkapseln haben sich aufgrund ihres Verwendungszwecks zu den am meisten verbreiteten Energetika entwickelt, da sie den Tod herbeif\u00fchren k\u00f6nnen, der durch eine Reihe von Schwierigkeiten wie Herz-Kreislauf-Versagen, Krampfanf\u00e4lle und Schlaganf\u00e4lle hervorgerufen werden kann. Kokainkapseln zum Verkauf Die Behandlung ist zweifelsohne ein wichtiger Aspekt der Kokainkapsel-Behandlung. Sie untersucht die Unannehmlichkeiten, die Ihren Drogenkonsum beeinflusst haben,\u2026<\/p>","protected":false},"featured_media":1476,"comment_status":"open","ping_status":"closed","template":"","meta":{"content-type":""},"product_brand":[],"product_cat":[26],"product_tag":[27,28,29,30,31,32,33,34,35,36,37,38,39,40,41,42,43,44,45,46,47,48,49,50,51,52,53,54,55,56,57,58,59,60,61,62,63,64,65,66,67,68,69,70,71,72,73,74,75,76,77,78,79,80,81,82,83],"class_list":{"0":"post-1469","1":"product","2":"type-product","3":"status-publish","4":"has-post-thumbnail","6":"product_cat-kokain","7":"product_tag-besitz-von-kokain-zum-verkauf-hs","8":"product_tag-cocaine-hydrochloride-sale","9":"product_tag-cocaine-leaves-for-sale","10":"product_tag-cocaine-lockup-sale","11":"product_tag-cocaine-mirror-for-sale","12":"product_tag-cocaine-origins","13":"product_tag-cocaine-pipes-for-sale","14":"product_tag-cocaine-plant-for-sale","15":"product_tag-cocaine-purity-test-for-sale","16":"product_tag-cocaine-sale-gta","17":"product_tag-cocaine-sale-reddit","18":"product_tag-cocaine-seed-sale","19":"product_tag-cocaine-seeds-for-sale","20":"product_tag-cocaine-seeds-for-sale-online","21":"product_tag-cocaine-spoons-for-sale","22":"product_tag-cocaine-tea-for-sale","23":"product_tag-cocaine-tooters-for-sale","24":"product_tag-cocaine-vials-for-sale","25":"product_tag-colombian-cocaine-for-sale","26":"product_tag-crack-cocaine-for-sale-online","27":"product_tag-fake-cocaine-for-sale","28":"product_tag-groshandel-kokain-zum-verkauf","29":"product_tag-gta-online-cocaine-lockup-buying-supplies","30":"product_tag-kilo-of-cocaine-for-sale","31":"product_tag-kokain","32":"product_tag-kokain-bullet-for-sale","33":"product_tag-kokain-cowboys","34":"product_tag-kokain-for-sale","35":"product_tag-kokain-for-sale-australia","36":"product_tag-kokain-for-sale-craigslist","37":"product_tag-kokain-for-sale-near-me","38":"product_tag-kokain-for-sale-online-usa","39":"product_tag-kokain-for-sale-usa","40":"product_tag-kokain-for-sale-websites","41":"product_tag-kokain-for-sales","42":"product_tag-kokain-for-sell","43":"product_tag-kokain-grinders-for-sale","44":"product_tag-kokain-history","45":"product_tag-kokain-hydrochloride-for-sale","46":"product_tag-kokain-online-kaufen","47":"product_tag-legal-cocaine-for-sale","48":"product_tag-legal-synthetic-cocaine-for-sale","49":"product_tag-online-cocaine-anonymous-meetings","50":"product_tag-online-cocaine-for-sale","51":"product_tag-online-cocaine-meetings","52":"product_tag-online-cocaine-purchase","53":"product_tag-online-kokain-verkauf","54":"product_tag-peruanisches-kokain-zum-verkauf","55":"product_tag-pharmazeutisches-kokain-zum-verkauf","56":"product_tag-reines-kokain-zum-verkauf","57":"product_tag-reines-kokain-zum-verkauf-online","58":"product_tag-synthetisches-crack-kokain-zum-verkauf","59":"product_tag-synthetisches-kokain-zum-verkauf","60":"product_tag-synthetisches-kokain-zum-verkauf-online","61":"product_tag-verkauf-von-kokain","62":"product_tag-verkauf-von-kokain-florida","63":"product_tag-verkauf-von-kokain-georgia","65":"first","66":"instock","67":"shipping-taxable","68":"purchasable","69":"product-type-variable"},"_links":{"self":[{"href":"https:\/\/kokaindrogekaufen.com\/it\/wp-json\/wp\/v2\/product\/1469"}],"collection":[{"href":"https:\/\/kokaindrogekaufen.com\/it\/wp-json\/wp\/v2\/product"}],"about":[{"href":"https:\/\/kokaindrogekaufen.com\/it\/wp-json\/wp\/v2\/types\/product"}],"replies":[{"embeddable":true,"href":"https:\/\/kokaindrogekaufen.com\/it\/wp-json\/wp\/v2\/comments?post=1469"}],"wp:featuredmedia":[{"embeddable":true,"href":"https:\/\/kokaindrogekaufen.com\/it\/wp-json\/wp\/v2\/media\/1476"}],"wp:attachment":[{"href":"https:\/\/kokaindrogekaufen.com\/it\/wp-json\/wp\/v2\/media?parent=1469"}],"wp:term":[{"taxonomy":"product_brand","embeddable":true,"href":"https:\/\/kokaindrogekaufen.com\/it\/wp-json\/wp\/v2\/product_brand?post=1469"},{"taxonomy":"product_cat","embeddable":true,"href":"https:\/\/kokaindrogekaufen.com\/it\/wp-json\/wp\/v2\/product_cat?post=1469"},{"taxonomy":"product_tag","embeddable":true,"href":"https:\/\/kokaindrogekaufen.com\/it\/wp-json\/wp\/v2\/product_tag?post=1469"}],"curies":[{"name":"wp","href":"https:\/\/api.w.org\/{rel}","templated":true}]}}