{"id":1480,"date":"2023-06-27T19:19:30","date_gmt":"2023-06-27T18:19:30","guid":{"rendered":"https:\/\/kokaindrogekaufen.com\/?post_type=product&#038;p=1480"},"modified":"2026-01-27T00:38:05","modified_gmt":"2026-01-27T00:38:05","slug":"kokainpulver-zu-verkaufen","status":"publish","type":"product","link":"https:\/\/kokaindrogekaufen.com\/it\/product\/kokainpulver-zu-verkaufen\/","title":{"rendered":"A VENDERE COCAINA IN POLVERE"},"content":{"rendered":"<h2>A VENDERE COCAINA IN POLVERE:<\/h2>\n<p>Nella maggior parte dei casi, vendiamo puro e di alta qualit\u00e0 di cocaina in polvere a prezzi bassi. L&#039;effetto della polvere di Cocaina ad un suo pi\u00f9 lento quando si tratta di un grugnito, che pu\u00f2 richiedere fino a 20 minuti. Consumatori di cocaina in polvere \u00e8 particolarmente sorprendente energizzante droga da solo, molte conseguenze potenzialmente catastrofiche, compreso lo sviluppo di un consumo di materiale disturbo.<\/p>\n<p>Polvere di cocaina con la combinazione di diverse sostanze pu\u00f2 portare a risultati imprevedibili, la maggior parte dei quali sia pericoloso e distruttivo che pu\u00f2 essere. L&#039;effetto dura per circa un&#039;ora. Se la polvere di cocaina, infuso, l&#039;effetto di cervello in meno di un secondo, e dura per quasi 30 minuti. L&#039;assunzione di cocaina in polvere porta ad un rallentamento nel cervello del consumatore. Non \u00e8 raro che la cocaina viene offerto su Internet per l&#039;acquisto.<\/p>\n<p>La cocaina, estratta dalle foglie di Coca, \u00e8 stato originariamente sviluppato come un antidolorifico. \u00c8 comunemente sbuff\u00f2, e la polvere si \u00e8 tenuto nella strategia di diffusione del tessuto nasale. Crack-polvere di Cocaina \u00e8 un Fileorm ofile polvere di Cocaina, che \u00e8 simile al rock. Soprattutto Crack e colori crema, ma pu\u00f2 anche avere una tinta rossastra, che rende pnk apparire. Cocaina in polvere per la vendita<\/p>\n<p>Polvere di cocaina non \u00e8 cristallizzato come altri llct farmaci. Quando i consumatori di Cocaina in polvere \u00e8 ottenuto da fonti illegali, si \u00e8 danneggiato frequentemente, che possono alterare i suoi effetti sul corpo drasticamente. Nonostante il fatto che i prodotti di degradazione sono farmacologicamente inattivi, la combinazione con la lunghissima deperibilit\u00e0 dei consumatori di Cocaina in polvere a causa dell&#039;umidit\u00e0, le potenze apparenti, tra cui le misure di consumatori di Cocaina in polvere, distinguere senza limiti, il che rende difficile determinare una &#034;dose standard&#034;. Cocaina in polvere per la vendita<\/p>\n<h3>COCAINA IN POLVERE ONLINE ACQUISTARE:<\/h3>\n<p>Il farmaco offerta ntene di sicurezza hort-lved pleaurable effetto promptng ripetuto ue.Anche se molte sostanze psicoattive non sono solo di veramente sicuro che pu\u00f2 essere utilizzato in combinazione con altre sostanze rapidamente come pericolose o addirittura mortali. Rocce e polvere di Cocaina a volte sono in comune l&#039;esplorazione di polvere di cocaina con una variet\u00e0 di vendita in cui la cocaina \u00e8 Sostanzialmente molto simile, ma c&#039;\u00e8 una differenza significativa tra i due. Cocaina in polvere per la vendita<\/p>\n<p>Coca homegrown Impianto (noto anche come t\u00e8 di Coca) \u00e8 utilizzato in Coca-foglia Nazioni industriali, ma naturale ricostituente impregnazione potrebbe essere ovunque sul pianeta. Completamente legale e gratuito di commercializzazione di secche foglie di Coca in Forma di sacchetti di filtrazione per essere utilizzato come &#034;t\u00e8 di Coca&#034; \u00e8 donatori per qualche tempo, la legge in Per\u00f9 e in Bolivia come stimolante con propriet\u00e0 di resistenza promosso efficacemente. Cocaina in polvere per la vendita<\/p>\n<p>Il messaggio allegato contiene alcune combinazioni pericolose (anche se non \u00e8 garantito che questi sono tutti inclusi). Polvere di cocaina viene estratta dalle foglie di Erythroxylon Impianto nel Sud degli Stati Uniti \u00e8 nativo. Secondo il Ministero della giustizia, gli Stati Uniti, la cocaina alcaloide \u00e8 presente in varie forme. A vendere cocaina in polvere<\/p>\n<h4>A VENDERE COCAINA IN POLVERE ONLINE:<\/h4>\n<p>Le foglie di Coca, la Coca colla, polvere di cocaina e della produzione di cocaina sono tutti esempi di cocaina prodotti. Nel tentativo di migliorare l&#039;efficienza e ampliare la durata di azione, \u00e8 contaminato pura polvere di cocaina con sostanze come il Paracetamolo, glucosio, lievito in polvere, polvere di talco, farina, o altri sedativi come Ldocane o solidificato (cut). Cocaina in polvere per la vendita<\/p>\n<p>Cocaina in polvere conferisce resistenza incrociata di tutti i dopaminergici Energetika, il che significa che dopo l&#039;uso di cocaina tutti Energetika un impatto ridotto. Polvere di cocaina viene estratta dalle foglie di Coca, e viene utilizzato per molti anni in una variet\u00e0 di progetti sociali. Il farmaco puro \u00e8 ottenuto dalla Erythroxylon Coca-copertura, soprattutto nei paesi del Sud america, Per\u00f9, Bolivia e Colombia trovato. Cocaina in polvere per la vendita<\/p>\n<p>Polvere di cocaina \u00e8 uno dei pi\u00f9 avvincenti farmaci sul mercato. Cocane polvere raggiunto un&#039;intensa dipendenza e resistenza a t uer makng abitudine metodo di centro incredibilmente comprare envronment. Consumatori di cocaina in polvere impedisce la dopamina \u00e8 ri-utilizzato, in modo che si pu\u00f2 accumulare un gran numero di quantit\u00e0 di Neurotrasmettitore o l&#039;interfaccia neurale. Cocaina in polvere per la vendita<\/p>\n<p>Le foglie di Coca sono di solito mescolato con un Materiale solubile (ad esempio, calcare) e in bocca tra la gengiva e la guancia tenuto succhiato (simile al Nibble di tabacco). Questo aumenta la dopamina segnale e interferisce con il normale impegno intellettuale. A vendere cocaina in polvere<\/p>\n<h4>A VENDERE COCAINA:<\/h4>\n<p>Questo flusso di Dopamina \u00e8 la causa dell&#039;Elevato, in cui si innesca la cocaina. Un&#039;ulteriore attrattiva di cocaina in polvere effetto \u00e8 che gli acquirenti si sentono da polvere di Cocaina significativamente fiery e amichevole, che spesso pu\u00f2 garantire che \u00e8 aperto a persone di attraente, di tensioni sociali, sono timido, o dove la vitalit\u00e0 \u00e8 mancante, in modo da poter stare fuori e fare le cose, soprattutto se la vostra inerzia viene dalla disperazione. Cocaina in polvere per la vendita<\/p>\n<p>Eine andere Art, die sicherlich quadratisch in einem Stein Art der Arbeit mit der Vorbereitung Pop und kann ein hohes Ma\u00df an Verunreinigungen haben, ist Felsen brechen. Kaufen Sie Kokain-Pulver online, die eine leistungsf\u00e4hige Verbindung, die Energie und Strom f\u00fcr den menschlichen K\u00f6rper und wird h\u00e4ufig als Freizeit-Droge (chemische Substanzen mit dem Endziel der Erf\u00fcllung und Entspannung genommen) verwendet. Es hat eine tiefgreifende Wirkung auf den Geist und l\u00f6st intensive Gef\u00fchle von exotischer Erregung, Freude und Nervosit\u00e4t aus. Kokainpulver zu verkaufen<\/p>\n<p>La polvere di cocaina, \u00e8 rapidamente riempita con diversi clienti, consumare due o tre grammi in una notte tutto sommato, l&#039;impatto \u00e8 ancora pi\u00f9 terribile, il pi\u00f9 consumatori di Cocaina in polvere \u00e8 presa in una notte. La cocaina provoca una sensazione euforica di incredibile fissazione e pericoloso sharp insight per una ventina di un&#039;ora. A vendere cocaina in polvere<\/p>\n<h4>INOLTRE:<\/h4>\n<p>La Pausa dura meno di tre-cinque minuti e d\u00e0 al cliente un forte Calcio in relazione alle effettive sensazioni, oltre all&#039;elevato sentimento di onnipotenza. La sensazione di felicit\u00e0 svanisce rapidamente. A parte gli effetti negativi della cocaina in polvere, il rischio di embolia nella circolazione del sangue \u00e8 composto di sostanze insolubili che vengono utilizzati per Diffondere il farmaco. Cocaina in polvere per la vendita<\/p>\n<p>Wie bei jeder infundierten illegalen Substanz besteht auch bei Kokainpulver die Gefahr, dass sich der K\u00e4ufer mit Blutkontaminationen ansteckt, wenn keine sterilen Infusionsger\u00e4te ge\u00f6ffnet oder verwendet werden. Kokainpulver ist h\u00e4ufig eine hochgradig s\u00fcchtig machende illegale Freizeitdroge mit einer breiten Palette bekannter Nebenwirkungen auf den K\u00f6rper. Kokainpulver zum Verkauf<\/p>\n<p>In randomisierten klinischen Studien hat sich gezeigt, dass eine Therapie mit der M\u00f6glichkeit, z. B. Gutscheine f\u00fcr den Einzelhandel auf der Grundlage einer gleichm\u00e4\u00dfig best\u00e4tigten Abstinenz vom Konsum neuer Medikamente bereitzustellen, die Wahrscheinlichkeit einer guten Bewertung f\u00fcr das Vorhandensein von Kokainpulver deutlich verringert. Kokainpulver zum Verkauf<\/p>","protected":false},"excerpt":{"rendered":"<p>KOKAINPULVER ZU VERKAUFEN: In den meisten F\u00e4llen haben wir reines und hochwertiges Kokainpulver zu Tiefstpreisen zu verkaufen. Die Wirkung von Kokainpulver setzt am langsamsten ein, wenn es gegrunzt wird, was bis zu 20 Minuten dauern kann. Kokainpulver ist eine besonders erstaunliche Energetisierungsdroge, die f\u00fcr sich allein genommen zahlreiche potenziell katastrophale Folgen hat, darunter die Entwicklung einer materiellen Konsumst\u00f6rung. Kokainpulver in Kombination mit verschiedenen Substanzen kann zu unberechenbaren Ergebnissen f\u00fchren, von denen die meisten sowohl gef\u00e4hrlich als auch zerst\u00f6rerisch sein k\u00f6nnen. Die Wirkung h\u00e4lt etwa eine Stunde an. Wenn Kokainpulver infundiert wird, erreicht die Wirkung das Gehirn in weniger als einer\u2026<\/p>","protected":false},"featured_media":1507,"comment_status":"open","ping_status":"closed","template":"","meta":{"content-type":""},"product_brand":[],"product_cat":[26],"product_tag":[27,28,29,30,31,32,33,34,35,36,37,38,39,40,41,42,43,44,45,46,47,48,49,50,51,52,53,54,55,56,57,58,59,60,61,62,63,64,65,66,67,68,69,70,71,72,73,74,75,76,77,78,79,80,81,82,83],"class_list":{"0":"post-1480","1":"product","2":"type-product","3":"status-publish","4":"has-post-thumbnail","6":"product_cat-kokain","7":"product_tag-besitz-von-kokain-zum-verkauf-hs","8":"product_tag-cocaine-hydrochloride-sale","9":"product_tag-cocaine-leaves-for-sale","10":"product_tag-cocaine-lockup-sale","11":"product_tag-cocaine-mirror-for-sale","12":"product_tag-cocaine-origins","13":"product_tag-cocaine-pipes-for-sale","14":"product_tag-cocaine-plant-for-sale","15":"product_tag-cocaine-purity-test-for-sale","16":"product_tag-cocaine-sale-gta","17":"product_tag-cocaine-sale-reddit","18":"product_tag-cocaine-seed-sale","19":"product_tag-cocaine-seeds-for-sale","20":"product_tag-cocaine-seeds-for-sale-online","21":"product_tag-cocaine-spoons-for-sale","22":"product_tag-cocaine-tea-for-sale","23":"product_tag-cocaine-tooters-for-sale","24":"product_tag-cocaine-vials-for-sale","25":"product_tag-colombian-cocaine-for-sale","26":"product_tag-crack-cocaine-for-sale-online","27":"product_tag-fake-cocaine-for-sale","28":"product_tag-groshandel-kokain-zum-verkauf","29":"product_tag-gta-online-cocaine-lockup-buying-supplies","30":"product_tag-kilo-of-cocaine-for-sale","31":"product_tag-kokain","32":"product_tag-kokain-bullet-for-sale","33":"product_tag-kokain-cowboys","34":"product_tag-kokain-for-sale","35":"product_tag-kokain-for-sale-australia","36":"product_tag-kokain-for-sale-craigslist","37":"product_tag-kokain-for-sale-near-me","38":"product_tag-kokain-for-sale-online-usa","39":"product_tag-kokain-for-sale-usa","40":"product_tag-kokain-for-sale-websites","41":"product_tag-kokain-for-sales","42":"product_tag-kokain-for-sell","43":"product_tag-kokain-grinders-for-sale","44":"product_tag-kokain-history","45":"product_tag-kokain-hydrochloride-for-sale","46":"product_tag-kokain-online-kaufen","47":"product_tag-legal-cocaine-for-sale","48":"product_tag-legal-synthetic-cocaine-for-sale","49":"product_tag-online-cocaine-anonymous-meetings","50":"product_tag-online-cocaine-for-sale","51":"product_tag-online-cocaine-meetings","52":"product_tag-online-cocaine-purchase","53":"product_tag-online-kokain-verkauf","54":"product_tag-peruanisches-kokain-zum-verkauf","55":"product_tag-pharmazeutisches-kokain-zum-verkauf","56":"product_tag-reines-kokain-zum-verkauf","57":"product_tag-reines-kokain-zum-verkauf-online","58":"product_tag-synthetisches-crack-kokain-zum-verkauf","59":"product_tag-synthetisches-kokain-zum-verkauf","60":"product_tag-synthetisches-kokain-zum-verkauf-online","61":"product_tag-verkauf-von-kokain","62":"product_tag-verkauf-von-kokain-florida","63":"product_tag-verkauf-von-kokain-georgia","65":"first","66":"instock","67":"shipping-taxable","68":"purchasable","69":"product-type-variable"},"_links":{"self":[{"href":"https:\/\/kokaindrogekaufen.com\/it\/wp-json\/wp\/v2\/product\/1480"}],"collection":[{"href":"https:\/\/kokaindrogekaufen.com\/it\/wp-json\/wp\/v2\/product"}],"about":[{"href":"https:\/\/kokaindrogekaufen.com\/it\/wp-json\/wp\/v2\/types\/product"}],"replies":[{"embeddable":true,"href":"https:\/\/kokaindrogekaufen.com\/it\/wp-json\/wp\/v2\/comments?post=1480"}],"wp:featuredmedia":[{"embeddable":true,"href":"https:\/\/kokaindrogekaufen.com\/it\/wp-json\/wp\/v2\/media\/1507"}],"wp:attachment":[{"href":"https:\/\/kokaindrogekaufen.com\/it\/wp-json\/wp\/v2\/media?parent=1480"}],"wp:term":[{"taxonomy":"product_brand","embeddable":true,"href":"https:\/\/kokaindrogekaufen.com\/it\/wp-json\/wp\/v2\/product_brand?post=1480"},{"taxonomy":"product_cat","embeddable":true,"href":"https:\/\/kokaindrogekaufen.com\/it\/wp-json\/wp\/v2\/product_cat?post=1480"},{"taxonomy":"product_tag","embeddable":true,"href":"https:\/\/kokaindrogekaufen.com\/it\/wp-json\/wp\/v2\/product_tag?post=1480"}],"curies":[{"name":"wp","href":"https:\/\/api.w.org\/{rel}","templated":true}]}}