{"id":1488,"date":"2023-06-27T19:19:31","date_gmt":"2023-06-27T18:19:31","guid":{"rendered":"https:\/\/kokaindrogekaufen.com\/?post_type=product&#038;p=1488"},"modified":"2024-12-06T05:52:35","modified_gmt":"2024-12-06T05:52:35","slug":"kolumbianisches-kokain-zu-verkaufen","status":"publish","type":"product","link":"https:\/\/kokaindrogekaufen.com\/it\/product\/kolumbianisches-kokain-zu-verkaufen\/","title":{"rendered":"PER VENDERE COCAINA COLOMBIANA"},"content":{"rendered":"<h2>PER VENDERE COCAINA IN EUROPA:<\/h2>\n<p>Infatti, vendiamo di alta qualit\u00e0 cocaina in Europa. Alcuni paesi, come il Per\u00f9 e la Bolivia permettono la coltivazione della foglia di Coca per la tradizionale consumo da i membri delle comunit\u00e0 indigene, e a vietare la fabbricazione, la vendita e il consumo di cocaina Colombiana. Inoltre, \u00e8 consentito in alcune Parti dell&#039;Europa e Australia, il consumo di trattati di cocaina Colombiana, solo per scopi medici.<\/p>\n<p>Anche se le reazioni avverse sono basse a moderate dosi sono generalmente bassi, verificarsi a dosi pi\u00f9 elevate o per un uso prolungato, pi\u00f9 e pi\u00f9 spesso da se stesso. A causa della mancanza di esperienza nella pratica, questo \u00e8 in gran parte corrette. Il pi\u00f9 importante di questi effetti cognitivi sono vertigini\/febbre, e altri. Colombiano, la cocaina \u00e8 uno stimolante che \u00e8 usato nel trattamento dell&#039;ansia. Cocaina per la vendita in Europa<\/p>\n<p>Questi effetti possono durare da 15 minuti a un&#039;ora. Coca infuso a base di erbe (cocaina Colombiana) verr\u00e0 visualizzato nella produzione internazionale di Coca nello stesso modo come qualsiasi altro infuso a base di erbe in altre Parti del mondo. Negli ultimi anni, i governi di Per\u00f9 e Bolivia sono stati attivi nel libero e approvato la commercializzazione di secche foglie di Coca in Forma di sacchetti di filtrazione per essere utilizzato come &#034;t\u00e8 di Coca&#034; come una bevanda con propriet\u00e0 medicinali promosso. Cocaina per la vendita negli USA<\/p>\n<p>La durata dell&#039;effetto di cocaina Colombiana, dipende dalla quantit\u00e0 consumata e il metodo di somministrazione. Cocaina colombiana, \u00e8 un bianco di alta qualit\u00e0 in polvere con un sapore amaro. Colombiano, la cocaina \u00e8 uno stimolante per il sistema nervoso, che agisce rapidamente. Viene estratta dalle foglie di Coca ed \u00e8 considerato il pi\u00f9 forte di tutti i naturali stimolanti. Di lavorazione le foglie di Coca sono di cocaina Colombiana e il Colombiano Crack, questo \u00e8 certamente venduto per strada. A vendere cocaina, Germania<\/p>\n<h4>LA COCAINA ONLINE ACQUISTARE:<\/h4>\n<p>In alcuni casi, questo problema \u00e8 risolto di cocaina Colombiana in un batuffolo di cotone imbevuto, introdotto per 10 a 15 minuti prima dell&#039;inizio dell&#039;asta nella narice, che masticate risierende zona sono stordito e viene ridotto. Anche se viene utilizzato in questo modo, \u00e8 possibile registrare una parte della cocaina Colombiana attraverso la mucosa orale o nasale e gli effetti sistemici causare. Cocaina per la vendita in Europa<\/p>\n<p>La cocaina Colombiana dipendenza si sviluppa rapidamente per brevi periodi di regolare il consumo di cocaina e conduce ad uno stato di astinenza con deficit emozionale, Motivazione, quando il consumo di cocaina \u00e8 impostato. L&#039;assunzione \u00e8, nonostante l&#039;uso di stimolanti pericoloso, dal momento che l&#039;effetto sedativo dell&#039;alcol \u00e8 ridotto al minimo. Si \u00e8 l&#039;unit\u00e0 di misura per la &#034;sbornia&#034; del corpo umano. Cocaina per la vendita<\/p>\n<p>Questo di solito porta ad un consumo eccessivo di alcol, come la soglia si riduce notevolmente, e rappresenta un alto rischio di danni al fegato e aumento della disidratazione. Sulla base di fegato - rene e la funzione di cocaina Colombiana metaboliti nelle urine pu\u00f2 essere rilevato. La benzoilecgonina pu\u00f2 essere rilevato nelle urine di cocaina Colombiana, entro 4 ore dopo l&#039;ingestione e pu\u00f2 essere rilevato in concentrazioni superiori a 150 ng\/ml fino a otto Volte subito dopo l&#039;uso di cocaina. Cocaina per la vendita negli USA<\/p>\n<p>Il Colombiano Cocaina cloridrato, un anestesia regionale estere, \u00e8 stato ricoverato nel dicembre 2017 per uso medico negli Stati Uniti, e anche la pelle per l&#039;introduzione dell&#039;anestesia in prossimit\u00e0 della membrana mucosa di metodi diagnostici e le operazioni su o attraverso i passaggi nasali di anziani indicato. Davvero non so cosa c&#039;\u00e8 nella cocaina si compra per andare, per la cocaina Colombiana, di solito \u00e8 tagliato con una variet\u00e0 di diversi componenti. Cocaina per la vendita in Europa<\/p>\n<h4>A VENDERE COCAINA NELLA MIA ZONA :<\/h4>\n<p>Nessun Desiderio di promuovere il consumo di cocaina si verifica dopo la prima dose e dopo l&#039;ulteriore assunzione del farmaco. Dal cocaina Colombiana, quando Riscaldato, si decompone in modo unico, in forma di Freebase e carbonato di sali di cocaina Colombiana idrogeno utilizzato per ridurre, in contrasto con il sale cloridrato molto meno forte. Essi sono comunemente indicato come la cocaina Colombiana di base e rompere singolarmente. Cocaina per la vendita negli USA<br \/>\nSi prega di notare che ogni stato si visita, e, cosa forse ancora pi\u00f9 importante, essere a conoscenza delle leggi locali. Scegli per lei il caso di un colore contrastante per la tonalit\u00e0 di questo tipo di acqua. Se l&#039;acqua normale \u00e8 scuro, si dovrebbe cercare di utilizzare brillante, ombreggiato tentazioni, al fine di attirare i pesci sono visibili. Se l&#039;acqua \u00e8 chiara, tuttavia, utilizzare un pi\u00f9 opaco, nascosto esca.<\/p>\n<p>A causa del suo impatto sulla popolazione, locale di suolo e di acqua potabile, sistemi di irrorazione aerea, \u00e8 stato spesso dei diritti civili e attivisti ambientali condannato. Nel dicembre 2000, l&#039;olandese editorialista Marjon van Royen, ha rilevato che &#034;la sostanza di aeromobili a cedere i territori occupati in Colombia cocaina, che conduce alla prosperit\u00e0 permanente di problemi&#034;. Cocaina per la vendita in Europa<\/p>\n<p>Il consumo degli occhi, agitazione, problemi respiratori sono ancora segnalati in alcune aree\u201c. In alcune aree, la maggior parte dei giovani si sono ammalate e sono stati la popolazione locale eruzioni cutanee, febbre, naso che cola, e occhio batteriche contaminazione. Molte persone solidificare questi termini e condizioni, se siete alla ricerca di servizi nelle vicinanze, con il risultato che si cattura pi\u00f9 visitatori, come se fosse generalmente creduto di essere il caso. A vendere cocaina, Germania<\/p>\n<h5>PER VENDERE CRACK:<\/h5>\n<p>Quando il glifosato \u00e8 spruzzato nell&#039;aria, c&#039;\u00e8 un aumento significativo del rischio di errore umano durante la spruzzatura sospetto illegale di piante di Coca. La Coca \u00e8 cresciuto allevatori di solito di scarsa bestiame; la Pianta ha giocato un ruolo importante nel conflitto, le Farc ha pesato sulle Colture e le attivit\u00e0 nella tua zona di conflitto iniziato.<\/p>\n<p>La Colombia ha agito in un modo straordinario, come in un qualsiasi altro paese del pianeta, che ha firmato la conferenza di Vienna del 1988, in direzione del traffico illecito di visitatori mirati in farmaci stupefacenti e sostanze psicotrope, sintetico e farmaco precursore comprende stati unhibitedly sostituito con il Resto del mondo, mentre nella circolare lista delle sostanze controllate. Cocaina per la vendita negli USA<\/p>\n<p>Il commercio di cocaina in Colombia, ha molte sfaccettature. Partenza con gli allevatori di bestiame, la Coca continuare a crescere e per aiutare le loro famiglie, per il pesce grasso e i loro cartelli, che hanno tonnellate di soldi per contribuire, scoprire contaminato legislatori, vincere il tuo non-pubblico, informale e militare (gruppi paramilitari). Per vendere cocaina in Europa<\/p>\n<h5>Di PI\u00d9:<\/h5>\n<p>Bei fortgesetztem Drogenkonsum kann sich der Belohnungskreislauf m\u00f6glicherweise anpassen, so dass er deutlich weniger empfindlich auf das Medikament reagiert. Infolgedessen entscheiden sich die Menschen f\u00fcr eine festere und best\u00e4ndigere Dosierung, um die gleiche Bedeutung zu sp\u00fcren und sich Erleichterung beim Entzug zu verschaffen. Kolumbien ist der weltweit f\u00fchrende Produzent von kolumbianischem Kokain. Kokain zum Verkauf in Europa<\/p>\n<p>Kolumbien produziert etwa drei Viertel der j\u00e4hrlichen Kokainmenge der Welt, sowohl aus Kokainbetrieben, die aus Peru (haupts\u00e4chlich aus dem Huallaga-Tal) und Bolivien importiert werden, als auch aus lokal angebautem Koka. Im Jahr 1998 stieg die Menge der zweifelsfrei erntef\u00e4higen Kokapflanzen in Kolumbien um 28 %. Kokain zum Verkauf Deutschland<\/p>\n<p>&nbsp;<\/p>","protected":false},"excerpt":{"rendered":"<p>KOKAIN ZU VERKAUFEN EUROPA: In der Tat haben wir qualitativ hochwertiges Kokain zu verkaufen Europa. Einige internationale L\u00e4nder wie Peru und Bolivien erlauben den Anbau von Kokabl\u00e4ttern f\u00fcr den traditionellen Konsum durch Mitglieder indigener Gemeinschaften, verbieten jedoch die Herstellung, den Verkauf und den Konsum von kolumbianischem Kokain. Dar\u00fcber hinaus ist in Teilen Europas und Australiens der Konsum von verarbeitetem kolumbianischem Kokain nur zu medizinischen Zwecken erlaubt. Obwohl die unerw\u00fcnschten Nebenwirkungen bei niedrigen bis mittleren Dosen in der Regel gering sind, treten sie bei h\u00f6heren Dosen oder l\u00e4ngerem Konsum immer h\u00e4ufiger von selbst auf. Aufgrund der mangelnden Erfahrungen in der Praxis\u2026<\/p>","protected":false},"featured_media":1508,"comment_status":"open","ping_status":"closed","template":"","meta":{"content-type":""},"product_brand":[],"product_cat":[26],"product_tag":[],"class_list":{"0":"post-1488","1":"product","2":"type-product","3":"status-publish","4":"has-post-thumbnail","6":"product_cat-kokain","8":"first","9":"instock","10":"shipping-taxable","11":"purchasable","12":"product-type-variable"},"_links":{"self":[{"href":"https:\/\/kokaindrogekaufen.com\/it\/wp-json\/wp\/v2\/product\/1488"}],"collection":[{"href":"https:\/\/kokaindrogekaufen.com\/it\/wp-json\/wp\/v2\/product"}],"about":[{"href":"https:\/\/kokaindrogekaufen.com\/it\/wp-json\/wp\/v2\/types\/product"}],"replies":[{"embeddable":true,"href":"https:\/\/kokaindrogekaufen.com\/it\/wp-json\/wp\/v2\/comments?post=1488"}],"wp:featuredmedia":[{"embeddable":true,"href":"https:\/\/kokaindrogekaufen.com\/it\/wp-json\/wp\/v2\/media\/1508"}],"wp:attachment":[{"href":"https:\/\/kokaindrogekaufen.com\/it\/wp-json\/wp\/v2\/media?parent=1488"}],"wp:term":[{"taxonomy":"product_brand","embeddable":true,"href":"https:\/\/kokaindrogekaufen.com\/it\/wp-json\/wp\/v2\/product_brand?post=1488"},{"taxonomy":"product_cat","embeddable":true,"href":"https:\/\/kokaindrogekaufen.com\/it\/wp-json\/wp\/v2\/product_cat?post=1488"},{"taxonomy":"product_tag","embeddable":true,"href":"https:\/\/kokaindrogekaufen.com\/it\/wp-json\/wp\/v2\/product_tag?post=1488"}],"curies":[{"name":"wp","href":"https:\/\/api.w.org\/{rel}","templated":true}]}}