{"id":1497,"date":"2023-06-27T19:19:31","date_gmt":"2023-06-27T18:19:31","guid":{"rendered":"https:\/\/kokaindrogekaufen.com\/?post_type=product&#038;p=1497"},"modified":"2024-12-06T05:55:56","modified_gmt":"2024-12-06T05:55:56","slug":"crack-kokain-zu-verkaufen","status":"publish","type":"product","link":"https:\/\/kokaindrogekaufen.com\/it\/product\/crack-kokain-zu-verkaufen\/","title":{"rendered":"CRACK VENDERE COCAINA"},"content":{"rendered":"<h2>CRACK VENDERE COCAINA:<\/h2>\n<p>Prima di tutto, Aaronay venduti di alta qualit\u00e0 e pi\u00f9 pura di Crack nel mondo. I sintomi fisici e mentali di recesso dipendono da una variet\u00e0 di fattori, tra cui le singole capacit\u00e0 di carico, la digestione, la misura della dipendenza, la Gravit\u00e0 della dipendenza e disturbi, la presenza di nascosto psicologico o altre dipendenze.<\/p>\n<p>Fatica, lunga e ansiosa di riposo o di inquietudine, di Fame, di sensibilit\u00e0, di depressione, di auto-distruttiva di sentimenti e di uno straordinario Desiderio di ulteriori farmaci, sono tutti sintomi di Crack di recesso. La memoria di cocaina, la fortuna \u00e8 forte, e c&#039;\u00e8 un&#039;alta probabilit\u00e0 che la ricaduta nel consumo di sedativi \u00e8. Il Crack per la vendita<\/p>\n<p>Anche se entrambi i Crack come pure Rompere in Canada, sono soggetti alle stesse regole e le sanzioni per il possesso e il traffico, \u00e8 possibile che il Rock-acquirenti, razzista e relativo corso inclinazioni per essere pi\u00f9 intenso in maniera controllata. Il Crack per la vendita<\/p>\n<p>Il sintetico dipendenza pu\u00f2 svilupparsi durante la cocaina pi\u00f9 veloce rispetto ad altri professionalmente i farmaci prescritti. Crack - e Break-i consumatori possono a volte sviluppare dopo un paio di assunzione per provare ad essere un Problema con l&#039;abuso. Il prezzo della cocaina \u00e8 sceso a met\u00e0 degli anni 1990, dopo che \u00e8 stato per lungo tempo come una droga per la Sospensione e Popolare. Crack vendere cocaina<\/p>\n<h3>IL CRACK ONLINE ACQUISTARE:<\/h3>\n<p>La diminuzione dei Costi \u00e8 stato associato con un crollo della sicurezza del farmaco in un periodo di tempo simile. A seconda delle specifiche esigenze, la riparazione pu\u00f2 avvenire in un regime di ricovero o ambulatoriale contesto. Molte persone traggono beneficio dal trattamento ospedaliero, che si mantiene da influenze negative e in un ambiente stabile che porta con s\u00e9. Il Crack per la vendita<\/p>\n<p>Assicurarsi che si bastone per le regole. Se non si \u00e8 sicuri, si dovrebbe fare questo. Questo \u00e8 un possibile deprezzamento di valore. Promuovere la riduzione del danno e di combattimento ritiro contro il medico raccomandato farmaci. Basta ricordare che nessun farmaco \u00e8 privo di rischio. Non \u00e8 sempre sicuro di prendere. Io approvo, non il consumo di sigarette, o pietre di Crack e i suoi derivati. Questa sostanza ha il potenziale di causare danni. Crack vendere cocaina<\/p>\n<p>Questo \u00e8 solo un educative Esercizio sul metodo per la preparazione di Crack-cocaina. Nessuno fa l&#039;intenzione di essere dipendente da qualcosa. Anche se qualcuno decide di essere a conoscenza delle sostanze di prova, non ha il Desiderio di essere sottomesso, per far fronte con la sospensione del farmaco, il rischio di Sovradosaggio o di morire. Ci sono numerose differenze. Crack vendere cocaina<\/p>\n<p>I grugniti durante la pausa porta a una serie di gravi e a lungo termine fisico e mentale reclami pesare-in. Pausa rilascia una grande quantit\u00e0 di dopamina, una Sinapsi, che porta alla percezione di ricompensa e soddisfazione che riempie l&#039;abitudine. Gravi, Crepa o Rottura, agli utenti tolleranza al farmaco e sentire, finalmente, esausto, dormire in un panico e impossibile, che porta entusiasmo e di dolore fisico. Crack vendere cocaina<\/p>\n<h4>PER VENDERE IL CRACK ONLINE:<\/h4>\n<p>Alcuni dei rinomati acquirente di questi segni di coscienza e di esitare, l&#039;assunzione del farmaco set. Quasi tutti i Crack verranno contaminati, cos\u00ec si dovrebbe essere in grado di indagare il Batch, per vedere se contiene altri farmaci (tra cui il Fentanil), al fine di ridurre il rischio atteso di un Sovradosaggio. Il Crack per la vendita<\/p>\n<p>Dopo il collegamento con il cloridrato di cocaina Crack Alcaloide per affioramento dei liquidi. Ora l&#039;Olio \u00e8 ottenuto rapidamente, di solito con un perno o un oggetto lungo e sottile. Come risultato, l&#039;Olio sar\u00e0 tirato verso l&#039;alto e, a rotazione, in modo che l&#039;aria pu\u00f2 indurire l&#039;Olio e asciutto, e il cliente e i produttori di Olio sulla pietra di forma, pu\u00f2 portare. Il Crack per la vendita<\/p>\n<p>Crack \u00e8 di solito in Forma di pietre disponibili. Rompere le Rocce sono di colore bianco (o grigio) e si adatta come un guanto. Come sono le esigenze delle Rocce, signorina? La Rottura \u00e8 regolarmente affumicato. Attraverso il fumo di Rocce, grandi quantit\u00e0 di farmaco nei polmoni, il che porta ad un immediato e di estrema euforia rush. Crack cocaina provoca le vene si ispessiscono e si restringono, riducendo il flusso di Ossigeno al cuore \u00e8 ridotto. Il Crack per la vendita<\/p>\n<p>Allo stesso tempo Crack cause intestinali muscolo funziona pi\u00f9 che cosa pu\u00f2 causare una persona sana di un attacco di cuore o ictus. Rompere il minimo di uno\u201c \u00e8 un termine comune per un bambino nato da una madre che si \u00e8 consumato durante la gravidanza, il Crack. L&#039;idea che il Crack \u00e8 per tutta la gravidanza rappresenta un pericolo per il bambino, \u00e8 stata ampiamente confutata. Crack vendere cocaina<\/p>\n<h4>IL CRACK PER LA VENDITA USA:<\/h4>\n<p>Logico studi dimostrano che l&#039;uso di cocaina prima della nascita (a prescindere dalle altre conseguenze, come le bevande alcoliche, tabacco, o ambiente fisico) influenza lo sviluppo e la progressione dei giovani in modo chiaro. Cocaina e Crack sono diversi, senza dubbio, l&#039;aspetto. La vendita di cocaina Crack<\/p>\n<p>Il Crack \u00e8 di solito venduto come una polvere bianca, mentre il Crack \u00e8 in Forma di pietre disponibili, di solito bianco, color crema, marrone o marrone chiaro. Durante la Forma in polvere \u00e8 chiamato cocaina, comunemente indicato come la cocaina o coca-cola, \u00e8 la pietra di forma come una Crepa noto. A causa del basso prezzo di Crack e cocaina, \u00e8 stato per le persone in comunit\u00e0 a basso reddito \u00e8 molto pi\u00f9 facile procurarselo, che ha portato a dire ai dipendenti di bordo gruppi sono stati molto condannati piuttosto pi\u00f9 di frasi pi\u00f9 breve frase. Il Crack per la vendita<\/p>\n<p>Per i reati di consumatori di Cocaina in polvere. L&#039;abuso di cocaina Crack, pu\u00f2 avere gravi conseguenze per il consumatore. Arrogante, fissando la porta aperta, \u00e8 stato utilizzato per analizzare se lui doveva ispezionare la fessura di uscita nel mondo \u00e8 precisamente ci\u00f2 che l&#039;ispezione dovrebbe mostrare se ha avuto con la fessura per fare qualcosa, come i suoi occhi, vide gli occhi del prossimo scopritore fiss\u00f2. Crack vendere cocaina<\/p>\n<p>Se voi o una persona cara con una Crepa o altri farmaci deve combattere, l&#039;aiuto \u00e8 vicino come un telefono fuori posto. Alcuni studenti, di cui Crack &#034;epidemia&#034;, simile al morale di Stress, e trovato che l&#039;aumento del consumo di droga e il commercio di droga \u00e8 venuto dopo che i media avevano dichiarato la loro droga &#034;l&#039;epidemia&#034;. Crack vendere cocaina<\/p>\n<h5>A VENDERE COCAINA:<\/h5>\n<p>Infatti, la costante Agitazione pu\u00f2 convincere alcuni acquirenti che avrebbero ottenere il loro nervosismo nel manico, se si dispone di ulteriori Crack, o che non devi mai fare con esso. Pi\u00f9 Crack acquistare. La Stimolazione neurale di Crack provoca una frenetica vitalit\u00e0 e indietro, causando il farmaco \u00e8 anche un involontario Tremore che assomiglia a un terremoto. Il Crack per la vendita<\/p>\n<p>Senza l&#039;uso di farmaci, i consumatori non sono in grado di controllare il Tremore delle membra. La cocaina e il Crack avere un aspetto diverso. Crack \u00e8 di solito come una polvere bianca, mentre il Crack \u00e8 di solito bianco, marrone o marrone chiaro in pietra. Il primo passo nel trattamento \u00e8 quello di eliminare il fisico Desiderio per il Crack. Crack vendere cocaina<\/p>\n<p>Per interrompere il solo uso di Crack \u00e8 impraticabile e nocivi, pertanto, il Consumatore deve essere osservato quando lo shopping con attenzione. Sarebbe quasi impossibile per portare il Craving per il Crack senza assistenza tecnica sotto controllo, se fosse successo a casa. Il Crack per la vendita<\/p>\n<p>Il ritiro della terapia deve essere effettuata in una struttura sanitaria o di intervento dell&#039;Agenzia, dove i Medici monitorare i clienti, i segni vitali, in grado di garantire che non vi \u00e8 alcun rischio di recidiva, e lui farmaco pu\u00f2. Farmaci per il supporto di Crack \u00e8 spesso visto come una droga pericolosa, ma se \u00e8 disciolto in acqua, e il lievito, cotta (solidi separati), poi raffreddato e scosso, il prodotto risultante \u00e8 probabile che sia ancora pi\u00f9 letale. Il Crack per la vendita<\/p>\n<h5>INOLTRE:<\/h5>\n<p>L&#039;individuo, l&#039;abuso di droga pu\u00f2 essere influenzata da cocaina Crack pesantemente. Se voi o una persona cara Crack o altre coinvolgente consumo di risorse, l&#039;aiuto \u00e8 solo una telefonata di distanza. come il prezzo del Barile, Questi individui meno reddito disponibile, che si potrebbe spendere la droga, ma sono stati alla ricerca di modi per aumentare il loro reddito in modo significativo. Come risultato, la prevalenza del consumo di cocaina Crack in aumento a basso reddito di minoranza e di comunit\u00e0. Nel 1980, \u00e8 venuto in queste comunit\u00e0, di una epidemia del Crack. Crack vendere cocaina<\/p>","protected":false},"excerpt":{"rendered":"<p>CRACK-KOKAIN ZU VERKAUFEN: Zun\u00e4chst einmal verkauft Aaronay das hochwertigste und reinste Crack der Welt. Die physischen und psychischen Anzeichen des Entzugs h\u00e4ngen von einer Vielzahl von Faktoren ab, darunter die individuelle Belastbarkeit, die Verdauung, das Ausma\u00df der Abh\u00e4ngigkeit, die Schwere der Abh\u00e4ngigkeit und das Vorhandensein versteckter psychischer Erkrankungen oder anderer Abh\u00e4ngigkeiten. M\u00fcdigkeit, ausgedehnte und \u00e4ngstliche Ruhe oder Unruhe, Hunger, Empfindsamkeit, Niedergeschlagenheit, selbstzerst\u00f6rerische Gef\u00fchle und ein au\u00dfergew\u00f6hnliches Verlangen nach zus\u00e4tzlichen Medikamenten sind alles Symptome des Crack-Entzugs. Die Erinnerung an das Kokaingl\u00fcck ist stark, und es besteht eine hohe Wahrscheinlichkeit, dass ein R\u00fcckfall in den Konsum von Beruhigungsmitteln erfolgt. Crack-Kokain zum Verkauf\u2026<\/p>","protected":false},"featured_media":1509,"comment_status":"open","ping_status":"closed","template":"","meta":{"content-type":""},"product_brand":[],"product_cat":[26],"product_tag":[27,28,29,30,31,32,33,34,35,36,37,38,39,40,41,42,43,44,45,46,47,48,49,50,51,52,53,54,55,56,57,58,59,60,61,62,63,64,65,66,67,68,69,70,71,72,73,74,75,76,77,78,79,80,81,82,83],"class_list":{"0":"post-1497","1":"product","2":"type-product","3":"status-publish","4":"has-post-thumbnail","6":"product_cat-kokain","7":"product_tag-besitz-von-kokain-zum-verkauf-hs","8":"product_tag-cocaine-hydrochloride-sale","9":"product_tag-cocaine-leaves-for-sale","10":"product_tag-cocaine-lockup-sale","11":"product_tag-cocaine-mirror-for-sale","12":"product_tag-cocaine-origins","13":"product_tag-cocaine-pipes-for-sale","14":"product_tag-cocaine-plant-for-sale","15":"product_tag-cocaine-purity-test-for-sale","16":"product_tag-cocaine-sale-gta","17":"product_tag-cocaine-sale-reddit","18":"product_tag-cocaine-seed-sale","19":"product_tag-cocaine-seeds-for-sale","20":"product_tag-cocaine-seeds-for-sale-online","21":"product_tag-cocaine-spoons-for-sale","22":"product_tag-cocaine-tea-for-sale","23":"product_tag-cocaine-tooters-for-sale","24":"product_tag-cocaine-vials-for-sale","25":"product_tag-colombian-cocaine-for-sale","26":"product_tag-crack-cocaine-for-sale-online","27":"product_tag-fake-cocaine-for-sale","28":"product_tag-groshandel-kokain-zum-verkauf","29":"product_tag-gta-online-cocaine-lockup-buying-supplies","30":"product_tag-kilo-of-cocaine-for-sale","31":"product_tag-kokain","32":"product_tag-kokain-bullet-for-sale","33":"product_tag-kokain-cowboys","34":"product_tag-kokain-for-sale","35":"product_tag-kokain-for-sale-australia","36":"product_tag-kokain-for-sale-craigslist","37":"product_tag-kokain-for-sale-near-me","38":"product_tag-kokain-for-sale-online-usa","39":"product_tag-kokain-for-sale-usa","40":"product_tag-kokain-for-sale-websites","41":"product_tag-kokain-for-sales","42":"product_tag-kokain-for-sell","43":"product_tag-kokain-grinders-for-sale","44":"product_tag-kokain-history","45":"product_tag-kokain-hydrochloride-for-sale","46":"product_tag-kokain-online-kaufen","47":"product_tag-legal-cocaine-for-sale","48":"product_tag-legal-synthetic-cocaine-for-sale","49":"product_tag-online-cocaine-anonymous-meetings","50":"product_tag-online-cocaine-for-sale","51":"product_tag-online-cocaine-meetings","52":"product_tag-online-cocaine-purchase","53":"product_tag-online-kokain-verkauf","54":"product_tag-peruanisches-kokain-zum-verkauf","55":"product_tag-pharmazeutisches-kokain-zum-verkauf","56":"product_tag-reines-kokain-zum-verkauf","57":"product_tag-reines-kokain-zum-verkauf-online","58":"product_tag-synthetisches-crack-kokain-zum-verkauf","59":"product_tag-synthetisches-kokain-zum-verkauf","60":"product_tag-synthetisches-kokain-zum-verkauf-online","61":"product_tag-verkauf-von-kokain","62":"product_tag-verkauf-von-kokain-florida","63":"product_tag-verkauf-von-kokain-georgia","65":"first","66":"instock","67":"shipping-taxable","68":"purchasable","69":"product-type-variable"},"_links":{"self":[{"href":"https:\/\/kokaindrogekaufen.com\/it\/wp-json\/wp\/v2\/product\/1497"}],"collection":[{"href":"https:\/\/kokaindrogekaufen.com\/it\/wp-json\/wp\/v2\/product"}],"about":[{"href":"https:\/\/kokaindrogekaufen.com\/it\/wp-json\/wp\/v2\/types\/product"}],"replies":[{"embeddable":true,"href":"https:\/\/kokaindrogekaufen.com\/it\/wp-json\/wp\/v2\/comments?post=1497"}],"wp:featuredmedia":[{"embeddable":true,"href":"https:\/\/kokaindrogekaufen.com\/it\/wp-json\/wp\/v2\/media\/1509"}],"wp:attachment":[{"href":"https:\/\/kokaindrogekaufen.com\/it\/wp-json\/wp\/v2\/media?parent=1497"}],"wp:term":[{"taxonomy":"product_brand","embeddable":true,"href":"https:\/\/kokaindrogekaufen.com\/it\/wp-json\/wp\/v2\/product_brand?post=1497"},{"taxonomy":"product_cat","embeddable":true,"href":"https:\/\/kokaindrogekaufen.com\/it\/wp-json\/wp\/v2\/product_cat?post=1497"},{"taxonomy":"product_tag","embeddable":true,"href":"https:\/\/kokaindrogekaufen.com\/it\/wp-json\/wp\/v2\/product_tag?post=1497"}],"curies":[{"name":"wp","href":"https:\/\/api.w.org\/{rel}","templated":true}]}}