{"id":1506,"date":"2023-06-27T19:19:31","date_gmt":"2023-06-27T18:19:31","guid":{"rendered":"https:\/\/kokaindrogekaufen.com\/?post_type=product&#038;p=1506"},"modified":"2024-12-06T05:59:25","modified_gmt":"2024-12-06T05:59:25","slug":"kokainflocken-zu-verkaufen","status":"publish","type":"product","link":"https:\/\/kokaindrogekaufen.com\/it\/product\/kokainflocken-zu-verkaufen\/","title":{"rendered":"A VENDERE COCAINA FIOCCHI"},"content":{"rendered":"<h2>LA COCAINA FIOCCHI DI VENDERE:<\/h2>\n<p>mdmakaufen.com venduti principalmente di Fiocco di cocaina di elevata qualit\u00e0. Questo \u00e8 un molto coinvolgente energizzante droga che si ottiene dalle foglie di Sud Americano di piante di Coca. La cocaina \u00e8 una droga illegale fiocchi, anche se essi possono essere utilizzati per legittimi scopi medici, come per la sedazione durante alcune procedure mediche. In Per\u00f9, sta cercando di distruggere Fiocco di cocaina, mentre allo stesso tempo, modi alternativi per Peruviano allevatori sono sviluppati.<\/p>\n<p>La cocaina \u00e8 classificato fiocchi ora come una droga di categoria II, il che significa che hanno il potenziale per avere un elevato Abuso, ma da un medico per legittimi scopi medici, come pu\u00f2 essere prescritto, come per la sedazione in alcuni occhi, le orecchie, il collo e le operazioni. Paesi di tutto il mondo lavorano insieme, per la formazione delle forze dell&#039;ordine per sviluppare ulteriormente le autorit\u00e0 e propri pacchetti per la limitazione dei farmaci. La cocaina fiocchi per la vendita<\/p>\n<p>\u00c8 ordinario di Roccia Baggies venduto da venditori ambulanti. Le pietre sono allineate e affumicato. Pietre, come la polvere di Fiocco di cocaina, pu\u00f2 essere ridotto con varie sostanze come i metalli Alcalini o Heizungspop o indeboliti. Gli effetti cognitivi di cocaina sono spesso divisi in molte parti, che aumentano in proporzione ai valori misurati in modo dinamico. La cocaina fiocchi per la vendita<\/p>\n<h3>FIOCCO DI COCAINA:<\/h3>\n<p>L&#039;impressione generale di Fiocco di cocaina \u00e8 descritto da molti come uno degli estremi della stimolazione mentale, la concentrazione migliore, e un forte sentimento. Esso contiene una Ricchezza di regolare Energizer intellettuale dei risultati. Fiocco di cocaina \u00e8 considerato molto pi\u00f9 rischioso rispetto ad altri CNS-Energizer, come, per esempio, tutta l&#039;anfetamina classe di droga. La cocaina fiocchi per la vendita<\/p>\n<p>Il consumo frequente \u00e8 stato associato con lo sviluppo di malattie cardiache problemi di connessione, e in alcuni casi, pu\u00f2 portare ad un imprevisto morte cardiovascolare. Quindi, \u00e8 fortemente raccomandato che quando si lavora con questo materiale, metodi di controllo dei danni da applicare. Fiocco di cocaina \u00e8, nella maggior parte dei casi, una polvere bianca. La cocaina fiocchi per la vendita<\/p>\n<p>Pu\u00f2 essere inserito nel naso o mescolato con acqua, e con un ago ferita. Fiocco di cocaina sono trattati per le piccole pietre bianche, che sono utilizzati come Interruzioni sono noti. La Rottura \u00e8 fumato attraverso un tubo di vetro. Peruviana Fiocco di cocaina, noto anche come Peruviana di Fiocco o Nuevo colla, allude alla significativa, incredibile Fiocco di cocaina \u00e8 prodotto al 96 % o anche di pi\u00f9 Peruviano Farmaco cartelli, dal Per\u00f9 \u00e8 probabilmente il pi\u00f9 grande Fiocco di cocaina produttore al mondo. Fiocco di cocaina vendita<\/p>\n<h3>LA COCAINA FIOCCHI DI ACQUISTARE ONLINE:<\/h3>\n<p>Fiocco di Cocaina, o coca-cola, come viene comunemente chiamato, \u00e8 un Energizzante e ha un effetto paragonabile a quello delle anfetamine, come la Velocit\u00e0 e il Ghiaccio, ma offre un innegabile effetto impressionante e un pi\u00f9 limitato &#034;Alta&#034;, a seconda della misura. Fiocco di cocaina, di colore bianco, polvere traslucida con un forte effetto desensibilizzante. Il per\u00f9 \u00e8 una provincia nella parte Occidentale del sud degli Stati Uniti. La cocaina fiocchi per la vendita<\/p>\n<p>Quando gli spagnoli arrivarono in Sud America, vietato il primo Coca come un &#034;cattivissimo specialisti di Satana&#034;. Dopo aver riconosciuto, tuttavia, che la Gente del posto non pu\u00f2 funzionare senza Coca, approvato, e il conquistatore tassati foglia, e si ritir\u00f2 al 10% del valore di ogni coltura. La cocaina fiocchi per la vendita<\/p>\n<p>Poich\u00e9 non vi \u00e8 alcun modo per gli esseri umani per determinare la proporzione e la virt\u00f9 del materiale, l&#039;uso di qualsiasi aggregazione della prevista glut risultato. Eccessiva limite di caratteri. Quasi tutti su questa lista ha sentito il termine &#034;Pezzi&#034; o &#034;Caduta di Fiocco di Cocaina&#034;, ma a parte che non so molto su di Fiocco di Cocaina, non ho idea di quale sia l&#039;esatto significato di questi Fiocchi; che cosa sono i Fiocchi e che cosa ti rende diverso da Standard hydrochloride Fiocco di Cocaina. Fiocco a vendere cocaina<\/p>\n<h4>PER VENDERE DI FIOCCO DI COCAINA ONLINE:<\/h4>\n<p>Il pi\u00f9 pericoloso dei reali effetti fisici di Fiocco di cocaina sembra essere pi\u00f9 di un CV come neurologici natura. A causa della svalutazione dei canali del sodio del cuore di Fiocco di cocaina cardiovascolare di base antagonista di eventi, e in particolare di inaspettato arresto cardiaco in un rischio reale in tutte le Parti. Fiocco di cocaina vendita<\/p>\n<p>Indipendentemente dal fatto che o non si Sfalda la Cocaina \u00e8 attualmente un grugnito o un infuso, \u00e8 potente e sia limitata articolazione, cos\u00ec come l&#039;ampia conseguenze per la salute sono dannosi per il proprio effettivo fisico e benessere mentale. Peruviana Fiocco di cocaina pu\u00f2 verificarsi sia in polvere cos\u00ec come in rock modulo, a seconda di come \u00e8 assemblato, o, a seconda della strategia. Fiocco di cocaina vendita<\/p>\n<p>\u00c8 ricca di sostanza bianca, che \u00e8 eccezionalmente buona e accattivante. Fiocco di dipendenza da Cocaina si sviluppa molto molto veloce o lunghezze di consueto uso di cocaina e ha provocato uno stato di astinenza con l&#039;mentalmente convincente scorta infinita di uso di cocaina. Negli anni 1980 e 1990, la droga come un Fiocco di Cocaina \u00e8 stato conosciuto. a causa della sua ampia diffusione e l&#039;utilizzo durante questo periodo di tempo, Fiocco di cocaina per la vendita<\/p>\n<h5>Di PI\u00d9:<\/h5>\n<p>A proposito, Fiocco e la cocaina non \u00e8 un nuovo farmaco. Tutti in tutto, \u00e8 diventato il pi\u00f9 noto di droga. La cocaina fiocchi sono stati trovati in una vasta gamma di deliziosi drink. Coca-Cola \u00e8 il pi\u00f9 famoso tra di loro. Ogni Litro di sottostante bevanda conteneva circa otto milligrammi di Fiocco di cocaina. Fiocco a vendere cocaina<\/p>","protected":false},"excerpt":{"rendered":"<p>KOKAINFLOCKEN ZU VERKAUFEN: mdmakaufen.com verkauft vor allem Flake-Kokain von h\u00f6chster Qualit\u00e4t. Dabei handelt es sich um eine hochgradig s\u00fcchtig machende Energetisierungsdroge, die aus den Bl\u00e4ttern der s\u00fcdamerikanischen Kokapflanze gewonnen wird. Kokainflocken sind ein illegales Medikament, auch wenn sie f\u00fcr legitime medizinische Zwecke verwendet werden k\u00f6nnen, z. B. zur Sedierung bei bestimmten medizinischen Eingriffen. In Peru wird versucht, Flake-Kokain zu vernichten, w\u00e4hrend gleichzeitig alternative Wege f\u00fcr peruanische Viehz\u00fcchter entwickelt werden. Kokainflocken sind jetzt als Medikament der Kategorie II eingestuft, was bedeutet, dass sie ein hohes Missbrauchspotenzial haben, aber von einem Arzt f\u00fcr legitime medizinische Zwecke verschrieben werden k\u00f6nnen, z. B. zur\u2026<\/p>","protected":false},"featured_media":1510,"comment_status":"open","ping_status":"closed","template":"","meta":{"content-type":""},"product_brand":[],"product_cat":[26],"product_tag":[],"class_list":{"0":"post-1506","1":"product","2":"type-product","3":"status-publish","4":"has-post-thumbnail","6":"product_cat-kokain","8":"first","9":"instock","10":"shipping-taxable","11":"purchasable","12":"product-type-variable"},"_links":{"self":[{"href":"https:\/\/kokaindrogekaufen.com\/it\/wp-json\/wp\/v2\/product\/1506"}],"collection":[{"href":"https:\/\/kokaindrogekaufen.com\/it\/wp-json\/wp\/v2\/product"}],"about":[{"href":"https:\/\/kokaindrogekaufen.com\/it\/wp-json\/wp\/v2\/types\/product"}],"replies":[{"embeddable":true,"href":"https:\/\/kokaindrogekaufen.com\/it\/wp-json\/wp\/v2\/comments?post=1506"}],"wp:featuredmedia":[{"embeddable":true,"href":"https:\/\/kokaindrogekaufen.com\/it\/wp-json\/wp\/v2\/media\/1510"}],"wp:attachment":[{"href":"https:\/\/kokaindrogekaufen.com\/it\/wp-json\/wp\/v2\/media?parent=1506"}],"wp:term":[{"taxonomy":"product_brand","embeddable":true,"href":"https:\/\/kokaindrogekaufen.com\/it\/wp-json\/wp\/v2\/product_brand?post=1506"},{"taxonomy":"product_cat","embeddable":true,"href":"https:\/\/kokaindrogekaufen.com\/it\/wp-json\/wp\/v2\/product_cat?post=1506"},{"taxonomy":"product_tag","embeddable":true,"href":"https:\/\/kokaindrogekaufen.com\/it\/wp-json\/wp\/v2\/product_tag?post=1506"}],"curies":[{"name":"wp","href":"https:\/\/api.w.org\/{rel}","templated":true}]}}