{"id":1519,"date":"2023-06-27T19:19:39","date_gmt":"2023-06-27T18:19:39","guid":{"rendered":"https:\/\/kokaindrogekaufen.com\/?post_type=product&#038;p=1519"},"modified":"2024-12-06T06:19:56","modified_gmt":"2024-12-06T06:19:56","slug":"white-doc-cocaine-zu-verkaufen","status":"publish","type":"product","link":"https:\/\/kokaindrogekaufen.com\/it\/product\/white-doc-cocaine-zu-verkaufen\/","title":{"rendered":"PER VENDERE DOC BIANCO DI COCAINA"},"content":{"rendered":"<h2>BIANCO DOC COCAINA PER LA VENDITA:<\/h2>\n<p>Al Momento la nostra rete Bianco Doc Cocaina per la vendita in tutto il mondo. Per ogni, il Bianco Doc Cocaina usato per avere una bassa fiducia. Un Problema con illegale Bianco Doc il consumo di Cocaina, soprattutto nelle maggiori volumi in connessione con combattere la stanchezza (piuttosto che un ulteriore sviluppo di euforia) da lunghe-articolazione clienti, \u00e8 la possibilit\u00e0 di effetti negativi o domande circa le miscele in termini di inquinamento. Se qualcuno si occupa di polvere di Bianco Doc Cocaina \u00e8 sbagliato e non voglio sentire, pu\u00f2 essere che scompare a prendere la medicina, e quindi in modo estremamente discreto stato restituisce.<\/p>\n<p>Segni reali pu\u00f2 essere un rapido battito cardiaco, sudorazione, e di studenti eccellenti. Bianco Doc Cocaina impedisce la dopamina viene riciclato, con il risultato che le grandi quantit\u00e0 di accumulare nello spazio tra due cellule nervose, e la normale comunicazione di interrupt. L&#039;effetto inizia in pochi secondi a minuti dopo il consumo, e dura tra cinque e una met\u00e0 di ore.<\/p>\n<p>Bianco Doc Cocaina ha alcune clinicamente-supporto per l&#039;utilizzo di scopi, tra cui la desensibilizzazione e la riduzione del Drenaggio nel corso di un&#039;accurata naso di trattamento. Bianco Doc Cocaina pu\u00f2 innescare un&#039;alta probabilit\u00e0 di un temporaneo psicosi, con oltre il 51% del Doc Bianco di Cocaina mostra Essenzialmente qualche pazzo sintomi precedenti.<\/p>\n<h3>BIANCO DOC COCAINA ACQUISTARE ONLINE:<\/h3>\n<p>In definitiva, \u00e8 consuetudine per ridurre il farmaco o &#034;aumentare&#034; utilizzando l&#039;amplificatore, che imitano gli effetti di ingestione, come Novocain (procaina), che provoca una temporanea sedazione, dal momento che un numero considerevole di il cliente accetta che c&#039;\u00e8 una forte desensibilizzazione risultato \u00e8 la conseguenza di un forte o potenzialmente puro Bianco Doc Cocaina, efedrina o simili energizzanti, che devono produrre un aumento del cuore somma. Bianco Doc Cocaina per la vendita<\/p>\n<p>Bianco Doc Cocaina \u00e8 realizzato dal riciclo delle interazioni con Alcali o di bicarbonato di sodio (Heizungspop) e di acqua potabile, e poi riscaldato per rimuovere il cloridrato, e per ottenere un fumabile sostanza. I pi\u00f9 comuni reddito sonno sono distorsioni di zucchero, regolare Mannitolo, creatina di glucosio, in modo che l&#039;Attuale vivace distorsioni per allungare l&#039;inganno della virt\u00f9, anche, o gli permettono di essere, in modo che un fornitore pu\u00f2 presentare pi\u00f9 articoli che senza adulteranti. Per vendere Doc Bianco di Cocaina<\/p>\n<p>Essa ha causato alcuna significativa la desensibilizzazione in bocca, ma produce un Elevato taglio erba Doc Bianco di Cocaina. Il nostro principale obiettivo \u00e8 la massima soddisfazione del cliente per fornire il miglior uso delle nostre risorse pi\u00f9 utili fornitore, e i migliori prodotti di qualit\u00e0 sono gli obiettivi. Per vendere Doc Bianco di Cocaina<\/p>\n<h4>BIANCO DOC COCAINA PER LA VENDITA ONLINE:<\/h4>\n<p>In considerazione dell&#039;ampia gamma dei nostri farmaci, esaminare le sostanze chimiche. La composizione di Bianco Doc Cocaina si compone di tre Parti: la idrofilo estere metilico di contenuto. Uno dei luoghi potenzialmente pi\u00f9 pericolosi effetti di Bianco Doc Cocaina sembra essere pi\u00f9 cardiovascolari rispetto neurologicamente. Per vendere Doc Bianco di Cocaina<\/p>\n<p>Per evitare l&#039;accusa, rappresentata dai suoi fautori, la visione problematica che l&#039;effetto non \u00e8 dovuto all&#039;ingestione di foglie di Coca opzionale, alcaloidi, che differiscono solo quantitativamente, in puro Bianco Doc Cocaina, ma anche soggettiva. L&#039;importanza di Bianco Doc Cocaina \u00e8 caratterizzato da una rapida insorgenza e breve durata di tempo, che porta a una forte euforia rumore, seguito da una controllata, la sconfitta, o in un incidente. Per vendere Doc Bianco di Cocaina<\/p>\n<p>Questo flusso di Dopamina che durante il ciclo di cervello supporta l&#039;uso di droghe pesanti. Con il crescente uso di farmaci in grado di adattarsi al ciclo dei prezzi, in modo che sia meno sensibile ai farmaci. Come risultato, le persone sono pi\u00f9 informate e, sorprendentemente, pi\u00f9 coerente dosaggi nel tentativo di rilevare il corrispondente valore pi\u00f9 alto e di ricevere sollievo dal ritiro. Per vendere Doc Bianco di Cocaina<\/p>\n<h5>BIANCO DOC COCAINA:<\/h5>\n<p>Bianco Doc Cocaina Assimilazione nel flusso di base per nasali, Insufflazioni \u00e8 quasi identico con il seguente ingestione orale. Bianco Doc indotta da Cocaina, la vasocostrizione dei vasi sanguigni della mucosa nasale limita la velocit\u00e0 di Assimilazione di fronte a una lunga nasali, Insufflazioni. Bianco Doc Cocaina per la vendita<\/p>\n<p>Bianco Doc Cocaina aumenta la frequenza cardiaca di una Persona costantemente su valori eccezionalmente elevati, che possono essere superiori o estesa dosi potenzialmente pericoloso. L&#039;Inserimento di Conservazione a seguito di ingestione orale \u00e8 in ritardo, perch\u00e9 il Bianco Doc Cocaina \u00e8 una Base debole con pKa valore di 8, e, di conseguenza, il ionizzato Forma di acido dello stomaco non \u00e8 registrato correttamente pu\u00f2 essere. Bianco Doc Cocaina per la vendita<\/p>\n<p>Solubile duodenale Bianco Doc Cocaina assorbito correttamente. Il tasso di ricaduta nel Doc Bianco la Dipendenza da Cocaina \u00e8 di circa otto-dieci per cento e il 36% delle persone che svolgono un&#039;applicazione di sistema. Il tasso e l&#039;entit\u00e0 dell&#039;assorbimento di Bianco Doc Cocaina dopo l&#039;inalazione \u00e8 paragonabile o superiore nel caso di un&#039;Infusione endovenosa, a causa dell&#039;inalazione fornisce un accesso diretto per i capelli a forma di materasso delle vie respiratorie.<\/p>\n<h5>INOLTRE:<\/h5>\n<p>L&#039;effetto a breve termine di Bianco Doc Cocaina si verifica rapidamente e scompare entro pochi istanti fino a 60 minuti. 2 per il deficit di attenzione\/iperattivit\u00e0 (ADHD), significa che una Persona con ADHD sviluppato pi\u00f9 di cinque volte pi\u00f9 spesso di tutti gli altri di una dipendenza da droghe illecite. In questo momento, Doc Bianco di Cocaina \u00e8 stato trovato in farmacia, da solo o come ingrediente in molte ricette, e veniva usato anche una lunga durata di vino e deliziosi drink. A parte gli effetti tossici di Bianco Doc Cocaina.<\/p>","protected":false},"excerpt":{"rendered":"<p>WHITE DOC COCAINE FOR SALE: Im Moment hat unser Netzwerk White Doc Cocaine zum Verkauf auf der ganzen Welt. F\u00fcr jeden, der White Doc Cocaine verwendet, um ein geringes Vertrauen zu haben. Ein Problem mit illegalen White Doc Cocaine Verwendung, vor allem in den h\u00f6heren Volumina im Zusammenhang mit Kampf Ersch\u00f6pfung (anstatt weitere Entwicklung Euphorie) durch lange Artikulation Kunden, ist die M\u00f6glichkeit der kranken Wirkungen oder Fragen wegen der Mischungen in Verunreinigung verwendet. Wenn jemand mit pulverisiertem White Doc Cocaine falsch umgeht und nicht will, dass du es erf\u00e4hrst, kann es sein, dass er verschwindet, um das Medikament zu nehmen,\u2026<\/p>","protected":false},"featured_media":1541,"comment_status":"open","ping_status":"closed","template":"","meta":{"content-type":""},"product_brand":[],"product_cat":[26],"product_tag":[98,29,30,31,32,33,34,35,36,37,38,39,40,41,42,43,44,45,46,47,99,49,50,51,100,101,102,66,103,104,105,106,107,108,109,110,67,68,69,70,71,72,111,112,113,114,115,116,117,118,81,82,83,119],"class_list":{"0":"post-1519","1":"product","2":"type-product","3":"status-publish","4":"has-post-thumbnail","6":"product_cat-kokain","7":"product_tag-besitz-von-kokain-zu-verkaufen-hs","8":"product_tag-cocaine-leaves-for-sale","9":"product_tag-cocaine-lockup-sale","10":"product_tag-cocaine-mirror-for-sale","11":"product_tag-cocaine-origins","12":"product_tag-cocaine-pipes-for-sale","13":"product_tag-cocaine-plant-for-sale","14":"product_tag-cocaine-purity-test-for-sale","15":"product_tag-cocaine-sale-gta","16":"product_tag-cocaine-sale-reddit","17":"product_tag-cocaine-seed-sale","18":"product_tag-cocaine-seeds-for-sale","19":"product_tag-cocaine-seeds-for-sale-online","20":"product_tag-cocaine-spoons-for-sale","21":"product_tag-cocaine-tea-for-sale","22":"product_tag-cocaine-tooters-for-sale","23":"product_tag-cocaine-vials-for-sale","24":"product_tag-colombian-cocaine-for-sale","25":"product_tag-crack-cocaine-for-sale-online","26":"product_tag-fake-cocaine-for-sale","27":"product_tag-groshandel-kokain-zu-verkaufen","28":"product_tag-gta-online-cocaine-lockup-buying-supplies","29":"product_tag-kilo-of-cocaine-for-sale","30":"product_tag-kokain","31":"product_tag-kokain-geschichte","32":"product_tag-kokain-hydrochlorid-verkauf","33":"product_tag-kokain-hydrochlorid-zum-verkauf","34":"product_tag-kokain-online-kaufen","35":"product_tag-kokain-schleifer-zum-verkauf","36":"product_tag-kokain-zum-verkauf","37":"product_tag-kokain-zum-verkauf-australien","38":"product_tag-kokain-zum-verkauf-craigslist","39":"product_tag-kokain-zum-verkauf-in-der-nahe-von-mir","40":"product_tag-kokain-zum-verkauf-online-usa","41":"product_tag-kokain-zum-verkauf-usa","42":"product_tag-kokain-zum-verkauf-websites","43":"product_tag-legal-cocaine-for-sale","44":"product_tag-legal-synthetic-cocaine-for-sale","45":"product_tag-online-cocaine-anonymous-meetings","46":"product_tag-online-cocaine-for-sale","47":"product_tag-online-cocaine-meetings","48":"product_tag-online-cocaine-purchase","49":"product_tag-online-cocaine-sales","50":"product_tag-peruanisches-kokain-zu-verkaufen","51":"product_tag-pharmazeutisches-kokain-zu-verkaufen","52":"product_tag-reines-kokain-zu-verkaufen","53":"product_tag-reines-kokain-zu-verkaufen-online","54":"product_tag-synthetisches-crack-kokain-zu-verkaufen","55":"product_tag-synthetisches-kokain-zu-verkaufen","56":"product_tag-synthetisches-kokain-zu-verkaufen-online","57":"product_tag-verkauf-von-kokain","58":"product_tag-verkauf-von-kokain-florida","59":"product_tag-verkauf-von-kokain-georgia","60":"product_tag-white-doc-kokain","62":"first","63":"instock","64":"shipping-taxable","65":"purchasable","66":"product-type-variable"},"_links":{"self":[{"href":"https:\/\/kokaindrogekaufen.com\/it\/wp-json\/wp\/v2\/product\/1519"}],"collection":[{"href":"https:\/\/kokaindrogekaufen.com\/it\/wp-json\/wp\/v2\/product"}],"about":[{"href":"https:\/\/kokaindrogekaufen.com\/it\/wp-json\/wp\/v2\/types\/product"}],"replies":[{"embeddable":true,"href":"https:\/\/kokaindrogekaufen.com\/it\/wp-json\/wp\/v2\/comments?post=1519"}],"wp:featuredmedia":[{"embeddable":true,"href":"https:\/\/kokaindrogekaufen.com\/it\/wp-json\/wp\/v2\/media\/1541"}],"wp:attachment":[{"href":"https:\/\/kokaindrogekaufen.com\/it\/wp-json\/wp\/v2\/media?parent=1519"}],"wp:term":[{"taxonomy":"product_brand","embeddable":true,"href":"https:\/\/kokaindrogekaufen.com\/it\/wp-json\/wp\/v2\/product_brand?post=1519"},{"taxonomy":"product_cat","embeddable":true,"href":"https:\/\/kokaindrogekaufen.com\/it\/wp-json\/wp\/v2\/product_cat?post=1519"},{"taxonomy":"product_tag","embeddable":true,"href":"https:\/\/kokaindrogekaufen.com\/it\/wp-json\/wp\/v2\/product_tag?post=1519"}],"curies":[{"name":"wp","href":"https:\/\/api.w.org\/{rel}","templated":true}]}}