{"id":1526,"date":"2023-06-27T19:19:39","date_gmt":"2023-06-27T18:19:39","guid":{"rendered":"https:\/\/kokaindrogekaufen.com\/?post_type=product&#038;p=1526"},"modified":"2024-12-06T06:14:22","modified_gmt":"2024-12-06T06:14:22","slug":"blau-domino-mdma-pillen-zu-verkaufen","status":"publish","type":"product","link":"https:\/\/kokaindrogekaufen.com\/it\/product\/blau-domino-mdma-pillen-zu-verkaufen\/","title":{"rendered":"BLU DOMINO MDMA PILLOLE PER LA VENDITA"},"content":{"rendered":"<h2>ESTASI ONLINE ACQUISTARE:<\/h2>\n<p>Infine Estasi online acquistare discretamente entro 24 ore. Rapture (Blu Domino Pillole di Ecstasy) \u00e8 disponibile in forma di compresse, che sono spesso incise con Disegni realistici o loghi aziendali. Blu Domino Pillole di Ecstasy sono di solito presa come un tablet, ma pu\u00f2 essere schiacciato e grugn\u00ec, infuso, o come una supposta per essere utilizzato. Probabilmente anche ascoltare la musica, di oggetti con diverse toccare le superfici e gli oggetti con luci ispezionare. Estasi acquistare online<\/p>\n<p>La limitazione della maggior parte dei test per dispositivi \u00e8 che sono spesso in grado di distinguere alcune ricette da un indistinguibile tablet attraverso di essa. Sono in grado di dirvi se un tablet Blu Domino Pillole di Ecstasy include, ma non \u00e8 se o non esso contiene anche la metanfetamina, e cos\u00ec via. Ricordate come le pillole nei dintorni di elementi che li rendono piacevole e sicuro da usare, riduce per esperienza i pericoli di tensioni. Estasi acquistare online<\/p>\n<p>I casi in cui persone sono morte dopo l&#039;assunzione di una dose di Euforia, sono spesso il risultato di insolito e specifiche reazioni al farmaco, per la Porzione di irrilevante. L&#039;euforia \u00e8 comunemente indicato come &#034;il vaso di Affetto&#034;, perch\u00e9 riguarda la prospettiva di offuscamento e il suono, e chiaramente i sentimenti pi\u00f9 sviluppato nel toccare o accarezzare, soprattutto durante i rapporti sessuali. Anche se si verifica ogni ora e di nuovo, non \u00e8 un para-visto-Metossi-anfetamina. Estasi acquistare online<\/p>\n<h3>PER VENDERE ESTASI:<\/h3>\n<p>Molte persone provenienti da tutto il mondo sono di tipo clinico alla ricerca di alta qualit\u00e0 Blu Domino Pillole di Ecstasy, o la fortuna, di acquistare per il vostro professionale, logica, applicabile, sportive e requisiti. Il rapimento \u00e8 uno dei farmaci pi\u00f9 comunemente utilizzati nell&#039;UE, in particolare tra i giovani, la visita di capacit\u00e0 e di Club. Come per la prima Volta un folto gruppo di PMAs \u00e8 venuto sulle strade, sono stati una ventina di persone uccise. Estasi acquistare online<\/p>\n<p>Tutte queste cose sembrano mancanti nell&#039;ultima Blu Domino Pillole di Ecstasy. Evito di ordinaria pillole, ma Immaginare \u00e8 ancora possibile amministrare. Blu Domino Pillole di Ecstasy hanno dimostrato dal 2017 senza logica segni. Fu per breve tempo utilizzato in psicoterapia, prima che fosse vietato. Nonostante il fatto che il trattamento \u00e8 legale utilizzare alcuni psicoterapeuti continuare a Blu Domino Pillole di Ecstasy nella strategia. Estasi acquistare online<\/p>\n<p>Le tasse devono essere ridotti dai fornitori. Sarei disposto a pagare, in buona Fede, qualsiasi somma di denaro per vivere questa Epoca passata. Gioia \u00e8 uno dei molti architetti di farmaci che sono attualmente in aumento a causa di un laboratorio sotterraneo rende lo sviluppo della chimica vantaggio. Per aggirare il farmaco-legge, provare questi laboratori, per modificare la struttura chimica di farmaci gi\u00e0 esistenti, alla creazione di nuovi tipi con le stesse caratteristiche. Estasi acquistare online<\/p>\n<h4>ESTASI COMPRARE ONLINE EUROPA:<\/h4>\n<p>Queste Prove portano al farmaco originale che arriva sul mercato, con il Rapimento, senza dubbio, \u00e8 uno di loro. Il problema principale sembrava essere che ci sono voluti circa un&#039;ora, fino a quando l&#039;effetto si \u00e8 verificato (invece di 30 per 40 minuti a una Blue Domino Pillole di Ecstasy), in modo che i clienti avevano la sensazione che si potrebbe ottenere un sacco di pillole, se nella prima ora, quasi nulla \u00e8 accaduto, quindi si erano un paio di innegabile ed esuberante. Il venditore dare, occasionalmente, un Blu Domino MDMA Pillola, LSD o mescalina spiego chiaramente: &#034;halluzinogeneren&#034; propriet\u00e0 (come sarebbe un MDA-contenitore far\u00e0). Estasi acquistare online<\/p>\n<p>Anche se la mescalina \u00e8 ampiamente utilizzato, \u00e8 quello di essere trovato in industria farmaceutica \u00e8 estremamente rara. Lorna Spinks, una Beatitudine-vittime \u00e8 morta poco dopo l&#039;assunzione di due &#034;Colossale forza&#034;compresse, che \u00e8 quasi un di pi\u00f9 della normale dose di droga contabilizzati. Il non-profit, della droga e della malizia di riduzione del gruppo &#034;Loop&#034; \u00e8 rivolto ai partecipanti, per illuminarvi su alcune tavolette che \u00e8 completamente evitato, o al momento della loro assunzione \u00e8 estremamente necessario prestare particolare attenzione. Estasi acquistare online<\/p>\n<p>Blu Domino Pillole di Ecstasy pu\u00f2 occasionalmente uccidere i tossicodipendenti, ma la maggior parte del tempo, possono causare Nausea, rabbia, sfiducia e di sconforto. A volte, il Rivenditore, il Blu Domino Pillole di Ecstasy, LSD o mescalina sono inclusi, chiarire, spiegare loro ulteriori &#034;allucinogeni&#034; propriet\u00e0 (ad esempio, MDA-serbatoio da ci\u00f2 derivano.) Estasi acquistare Online<\/p>\n<h4>PER VENDERE BLU DOMINO MDMA PILLOLE:<\/h4>\n<p>Indipendentemente da come ben noto, \u00e8 la mescalina \u00e8 davvero senza precedenti nell&#039;industria farmaceutica. Euforia un sacco di creatori di prescrizione, che \u00e8 attualmente in aumento, come conseguenza della U-Bahn \u00e8 la pi\u00f9 probabile laboratorio, approfittando dei progressi scientifici. La connessione con il naso e con l&#039;orale pit, raggiunto estremamente duro di stile in bocca, se trascurato, pu\u00f2 essere la causa di down, la Nausea Eruttazioni, soprattutto ora stomaci fermentato. Estasi acquistare online<\/p>\n<p>Gli effetti negativi di gioia Blu Domino Pillole di Ecstasy pu\u00f2 richiedere un certo tempo per esplorare da soli. Po &#039; di tempo, e possibile utilizzare due a 90 giorni \u00e8 lo Standard farmaco. Un mese di fornitura di Blu Domino Pillole di Ecstasy Miglioramento contiene 60 del contenitore, si consiglia di consumare due di questi su una base regolare. Prendere con un bicchiere di acqua e un migliore programma di dieta ogni Mattina, e continuare a lavorare con lui, non meno che pi\u00f9 volte, senza una Parte, se protratto a lungo nel bisogno dei risultati finali. Estasi acquistare online<\/p>","protected":false},"excerpt":{"rendered":"<p>ECSTASY ONLINE KAUFEN: Endlich Ecstasy online kaufen, diskret innerhalb von 24 Stunden. Rapture (Blue Domino Ecstasy Pills) ist in Tablettenform erh\u00e4ltlich, die h\u00e4ufig mit realistischen Designs oder Firmenlogos graviert sind. Blue Domino Ecstasy Pills werden in der Regel als Tablette eingenommen, k\u00f6nnen aber auch zerkleinert und gegrunzt, infundiert oder als Z\u00e4pfchen verwendet werden. Wahrscheinlich wirst Du auch gerne Musik h\u00f6ren, Gegenst\u00e4nde mit verschiedenen Oberfl\u00e4chen ber\u00fchren und Objekte mit Lichtern inspizieren. Ecstasy online kaufen Die Einschr\u00e4nkung der meisten Heimtestger\u00e4te besteht darin, dass sie h\u00e4ufig nicht in der Lage sind, einige Rezepte durch eine ununterscheidbare Tablette hindurch zu unterscheiden. Sie k\u00f6nnen Ihnen\u2026<\/p>","protected":false},"featured_media":1542,"comment_status":"open","ping_status":"closed","template":"","meta":{"content-type":""},"product_brand":[],"product_cat":[120],"product_tag":[121,122,123,124,125,126,127,128,129,130,131,132,133,134,135,136,137,138,139,140,141,142,143,144,145,146,147,148,149],"class_list":{"0":"post-1526","1":"product","2":"type-product","3":"status-publish","4":"has-post-thumbnail","6":"product_cat-mdma","7":"product_tag-blue-domino-mdma-for-sale","8":"product_tag-blue-domino-mdma-pills","9":"product_tag-blue-domino-mdma-pills-for-sale","10":"product_tag-bogner-ecstasy-25-for-sale","11":"product_tag-bogner-ecstasy-3534-for-sale","12":"product_tag-buy-blue-domino-mdma-online","13":"product_tag-buy-blue-domino-mdma-pills-online","14":"product_tag-buy-ecstasy-online","15":"product_tag-buying-ecstasy-online","16":"product_tag-ecstasy-cigarettes-for-sale","17":"product_tag-ecstasy-drug-for-sale","18":"product_tag-ecstasy-for-sale","19":"product_tag-ecstasy-for-sale-legal","20":"product_tag-ecstasy-for-sale-online","21":"product_tag-ecstasy-mdma-for-sale","22":"product_tag-ecstasy-online-zu-verkaufen","23":"product_tag-ecstasy-pille-zu-verkaufen","24":"product_tag-ecstasy-pillen-online-zu-verkaufen","25":"product_tag-ecstasy-quando-zu-verkaufen","26":"product_tag-ecstasy-renegade-trike-zu-verkaufen","27":"product_tag-ecstasy-super-sale","28":"product_tag-ecstasy-trike-zu-verkaufen","29":"product_tag-ecstasy-trikes-for-sale-by-owners","30":"product_tag-ecstasy-trikes-for-sale-in-usa","31":"product_tag-herbal-ecstasy-pills-for-sale","32":"product_tag-legal-ecstasy-zu-verkaufen","33":"product_tag-liquid-ecstasy-zu-verkaufen-online","34":"product_tag-mdma-ecstasy-zu-verkaufen","35":"product_tag-spirit-of-ecstasy-zu-verkaufen","37":"first","38":"instock","39":"shipping-taxable","40":"purchasable","41":"product-type-variable"},"_links":{"self":[{"href":"https:\/\/kokaindrogekaufen.com\/it\/wp-json\/wp\/v2\/product\/1526"}],"collection":[{"href":"https:\/\/kokaindrogekaufen.com\/it\/wp-json\/wp\/v2\/product"}],"about":[{"href":"https:\/\/kokaindrogekaufen.com\/it\/wp-json\/wp\/v2\/types\/product"}],"replies":[{"embeddable":true,"href":"https:\/\/kokaindrogekaufen.com\/it\/wp-json\/wp\/v2\/comments?post=1526"}],"wp:featuredmedia":[{"embeddable":true,"href":"https:\/\/kokaindrogekaufen.com\/it\/wp-json\/wp\/v2\/media\/1542"}],"wp:attachment":[{"href":"https:\/\/kokaindrogekaufen.com\/it\/wp-json\/wp\/v2\/media?parent=1526"}],"wp:term":[{"taxonomy":"product_brand","embeddable":true,"href":"https:\/\/kokaindrogekaufen.com\/it\/wp-json\/wp\/v2\/product_brand?post=1526"},{"taxonomy":"product_cat","embeddable":true,"href":"https:\/\/kokaindrogekaufen.com\/it\/wp-json\/wp\/v2\/product_cat?post=1526"},{"taxonomy":"product_tag","embeddable":true,"href":"https:\/\/kokaindrogekaufen.com\/it\/wp-json\/wp\/v2\/product_tag?post=1526"}],"curies":[{"name":"wp","href":"https:\/\/api.w.org\/{rel}","templated":true}]}}