{"id":1533,"date":"2023-06-27T19:19:40","date_gmt":"2023-06-27T18:19:40","guid":{"rendered":"https:\/\/kokaindrogekaufen.com\/?post_type=product&#038;p=1533"},"modified":"2024-12-06T06:24:07","modified_gmt":"2024-12-06T06:24:07","slug":"blue-punisher-mdma-pills-290-mg-zu-verkaufen","status":"publish","type":"product","link":"https:\/\/kokaindrogekaufen.com\/it\/product\/blue-punisher-mdma-pills-290-mg-zu-verkaufen\/","title":{"rendered":"BLU PUNISHER MDMA PILLOLE DI VENDERE 290 MG"},"content":{"rendered":"<h2 style=\"text-align: center;\">BLU PUNISHER MDMA PILLOLE PER LA VENDITA:<\/h2>\n<p style=\"text-align: center;\">In ogni caso, abbiamo Blu Punisher MDMA Pillole sono per la vendita a prezzi molto moderati. Un singolo South Carolina ricerca consisteva di una ventina di pazienti, in Generale, le vittime di abuso sessuale, l&#039;esperto di PTSD per pi\u00f9 di 19 anni. Si tratta di un falso trattamento controllata di valutazione, in modo che tutte le persone hanno ricevuto un trattamento simile, ma alcuni erano azzurri, Punisher MDMA Pillole; L &#039; 83% di questi, il Blu Punisher MDMA Pillole sono pi\u00f9 le linee guida per il PTSD rispetto al trattamento incontrato, in correlazione con venticinque% di individui che non sono stati determinati farmaci.<\/p>\n<p style=\"text-align: center;\">I risultati hanno tenuto per diversi molti anni. Infatti, attualmente, Badawy \u00e8 particolarmente energico, a causa del potenziale che ha trovato in un Blu Punisher MDMA Pillole aiutato psicoterapia, visto il benefattore, in logica preliminari vissuto sofferto da PTSD per un normale diciassette-nove anni. Le reazioni su Medscape vengono prese in considerazione e saranno qualificati nel tono e nella cosa.<\/p>\n<p style=\"text-align: center;\">\u00c8 di fondamentale importanza per annunciare tutte le pi\u00f9 disparate circostanze identificati per la loro attivit\u00e0 di Audit e di reazioni. Per ulteriori informazioni, vedere le nostre linee guida per i commenti. Ci riserviamo il diritto di cancellare i post e i commenti, a sua esclusiva discrezione. \u00c8 questa una significativa estensione della compassione, che gioca quasi certamente di un compito, mentre l&#039;adeguatezza del Blu Punisher MDMA Pillole per il sostegno entro la Correzione di lesioni.<\/p>\n<h3 style=\"text-align: center;\">BLU PUNISHER MDMA PILLOLE ONLINE ACQUISTARE:<\/h3>\n<p style=\"text-align: center;\">Per darvi un metodo, come Blu Punisher MDMA Pillole essere utilizzato clinicamente, ed esattamente che cosa le capacit\u00e0 della vittima, questa concisa (nove minuti), il Video Online \u00e8 un decente schizzo. Se i preparativi sono in corso perfettamente, Blu Punisher MDMA Pillole nel secondo anno 2021 approvato e rappresentano un originale metodo per il trattamento di PTSD, un disturbo psicologico che pu\u00f2 essere innescato da l&#039;Esperienza di una vita pericolosa per la Celebrazione. Blu Punisher MDMA Pillole per vendere<\/p>\n<p style=\"text-align: center;\">L&#039;espressione di ritardo esposizione, mostra il modo in cui il metodo di programmazione \u00e8 stato creato dalla lunga abitudine di esposizione di trattamento per lo Stress domande, in cui i clienti vengono aiutati a sfidare Sicuro, ma il nervosismo porta problemi a sconfiggere i loro irrazionale ed Eccessiva paura e disagio. Allo stesso tempo, PE \u00e8 emerso attraverso l&#039;adattamento e l&#039;estensione di Elaborazione Emotiva Idea di PTSD, che sottolinea il cuore di effettivamente affrontare la terribile memoria del miglioramento del PTSD segni. Blu Punisher MDMA pillole per la vendita<\/p>\n<p style=\"text-align: center;\">Intorno a questo Esercizio didattico, il Creatore di Feature-rich che la manipolazione mentale della componente dovrebbe essere fondamentale per lo sviluppo diminuire PTSD segni. Gli individui rimasti in laboratorio fino alla sera della sessione di trattamento e andato a un sondaggio, un altro la Mattina presto. La sessione si \u00e8 ripetuto un mese dopo il fatto, e una volta ogni mese successivo. Blu Punisher MDMA Pillole per vendere<\/p>\n<p style=\"text-align: center;\">Tra le due, la vittima del telefono era in contatto con gli esperti, che era stato inaugurato nell&#039;acquisto di una strategia di trattamento. Si ritiene che il Blu Punisher MDMA Pillole possono aiutare a rendere gli effetti della CPT noto. Se il Case del Blu Punisher MDMA Pillole, in modo esplicito la Possibilit\u00e0 di rimanere con la sensazione e la Richiesta di approfondimenti, questi effetti sono identificati in particolare con gli strumenti della CPT. Nelle qualifiche, andare davanti al palco due logico indagini utilizzato una dose ridotta di Blu Punisher MDMA Pillole, che ha lavorato sull&#039;illusione, ma ha innescato un basso impatto, in termini di anni. Blu Punisher MDMA Pillole per vendere<\/p>\n<h4 style=\"text-align: center;\">BLU PUNISHER MDMA PILLOLE PER LA VENDITA ONLINE:<\/h4>\n<p style=\"text-align: center;\">La parte 3 del provvisorio stile, ha ricevuto il risultato di integrit\u00e0 dei dati (a dispetto di un ragionevole lasso di Apertura), da un consulente studio benessere di dati (come necessario), e Autonoma Rater indagine Gravit\u00e0 di PTSD e utile indebolimento delle informazioni, al fine di evitare la predisposizione di raccogliere. 20,21 scoperte o sorprendenti cambiamenti nell&#039;accettazione e della prospettiva inderogabilmente avvenire in differenti intervalli di trattamento, ma si potrebbe essere scarsa e poco dopo gli eventi per la ricerca. Blu Punisher MDMA Pillole per vendere<\/p>\n<p style=\"text-align: center;\">Nel caso In cui questa estensione di psicoterapia affidabile cause esperienza critica o nuovi punti di vista su un certo tipo di vita, Questo pu\u00f2 essere un fattore decisivo per la sua mostra nel trattamento del PTSD e altri problemi. In cerca di guarigione con il Blu Punisher MDMA Pillole, una grande parte delle creature allo stesso modo di come i giovani hanno reagito sulle Connessioni sociali, attraverso la progettazione di un buon rapporto tra comunicazione, oltre al foglio di Materiale. Blu Punisher MDMA Pillole per vendere<\/p>\n<p style=\"text-align: center;\">Questo risultato \u00e8 andato per circa due mesi dopo il Blu Punisher MDMA Pillole di correzione, e non era in topi soluzione salina visto infusioni. Pi\u00f9 tardi, queste istituzioni possono non solo direttamente, Blu Punisher MDMA Pillole per il PTSD ancora la Psilocibina \u00e8 anche, e questo \u00e8 ora promettente per una serie di condizioni, come primario di tristezza. Blu Punisher MDMA Pillole per vendere<\/p>\n<h5 style=\"text-align: center;\">PER VENDERE MDMA:<\/h5>\n<p style=\"text-align: center;\">Fino al giorno in cui l&#039;organizzazione, il ritmo di nervosismo, mascella stretta mascella, la Domanda insufficiente e tenere premuto \/ per il cibo e la malattia. nelle Vittime, che espande la parte energetica Blu Punisher MDMA Pillole procurato, se l&#039;inerzia e l&#039;emicrania avvolto extra penetrante, mentre il gruppo di confronto Blu Punisher MDMA Pillole sono di solito ingerito, tuttavia, ci sono stati studi condotti a fumare, sniffare o Iniettare il Blu Punisher MDMA Pillole. Blu Punisher MDMA Pillole per vendere<\/p>\n<p style=\"text-align: center;\">I consumatori possono collegare un tritato o in polvere dose Blu Punisher MDMA Pillole in un piccolo pezzo di carta morbida (ad esempio la carta igienica) e la deglutizione, al fine di accelerare l&#039;insorgenza di azione del farmaco (cosiddetto Paracadutismo). Il Blu Punisher MDMA Pillole assistito psicoterapia \u00e8 attualmente oggetto di studi internazionali per il trattamento del disturbo post traumatico da stress (PTSD). I risultati sono incoraggianti, L&#039;uso di Blu Punisher MDMA Pillole come Supplemento alla psicoterapia, pu\u00f2 essere utile. Blu Punisher MDMA Pillole per vendere<\/p>\n<p style=\"text-align: center;\">Per molti clienti, anche quelli che hanno sofferto per decenni sotto significativi sintomi di PTSD e in cui le altre terapie non hanno funzionato. Il Blu Punisher MDMA Pillole che abbiamo avuto, \u00e8 venuto da una fonte affidabile, e ho lasciato un reagente eseguire. So che non so senza prove di laboratorio, in Generale, esattamente, che \u00e8 falso, ma un sacco di altre persone che hanno preso una quantit\u00e0 simile come faccio io e non si incontrano nella vita quotidiana, qualcosa che \u00e8 la roba migliore. Blu Punisher MDMA pillole per la vendita<\/p>\n<h5 style=\"text-align: center;\">PER VENDERE ESTASI:<\/h5>\n<p style=\"text-align: center;\">Wenn alle die gleiche Charge Blue Punisher MDMA Pills eingenommen haben und nur Ihr Freund das Problem hatte, gibt es eine externe Variable, die sicherlich f\u00fcr die Probleme verantwortlich ist. Es ist m\u00f6glich, einen Anfall zu bekommen, auch wenn es energieintensiv ist, es ist nicht beliebt in der Freizeit und ist viel h\u00e4ufiger, wenn Sie Alkoholentzugserscheinungen haben. Blue Punisher MDMA Pills zu verkaufen<\/p>\n<p style=\"text-align: center;\">Die Geschichte von Blue Punisher MDMA Pills begann lange vor der Rave-Kultur, die sie popul\u00e4r machte. Ein typischer Mythos ist, dass es zuerst von Aaronay.com als Appetitz\u00fcgler synthetisiert und patentiert wurde. Die Hauptursache f\u00fcr Todesf\u00e4lle im Zusammenhang mit Blue Punisher MDMA Pills ist ein Mangel an Aufkl\u00e4rung. Die Menschen lernen nicht, wie man die Droge richtig einnimmt, und verschlimmern dadurch ihre Gesundheits- und Fitnessprobleme. Blue Punisher MDMA Pills zu verkaufen<\/p>\n<h6 style=\"text-align: center;\">INOLTRE:<\/h6>\n<p style=\"text-align: center;\">Bei verantwortungsvollem Gebrauch ist es eine relativ sichere und zuverl\u00e4ssige Droge. Euphorie k\u00f6nnte keine, oder etwas mehrere, Blue Punisher MDMA Pills enthalten und kann mit anderen zweifellos riskanten Substanzen abgewertet werden. Es wird wirklich in einem nicht-klinischen Rahmen ohne Hilfe von Fachleuten aus der Gesundheitsbranche verwendet. Da die Behandlung noch nicht offiziell zugelassen ist, k\u00f6nnen die Kosten f\u00fcr den Kunden nicht durch die Krankenkassen \u00fcbernommen werden. In der Vergangenheit wurde der erste Preis f\u00fcr ein Programm von Blue Punisher MDMA Pills-unterst\u00fctzter Psychotherapie pro betroffener Person gesch\u00e4tzt. Blue Punisher MDMA Pills zu verkaufen<\/p>","protected":false},"excerpt":{"rendered":"<p>BLUE PUNISHER MDMA PILLS FOR SALE: In jedem Fall haben wir Blue Punisher MDMA Pills zum Verkauf zu sehr moderaten Preisen. Eine einzelne South Carolina Forschung umfasste zwanzig Patienten, in der Regel Opfer von sexueller Misshandlung, die PTSD f\u00fcr mehr als 19 Jahre erlebt. Es war eine gef\u00e4lschte Behandlung kontrollierte Bewertung, so dass alle Personen wurden genau eine \u00e4hnliche Behandlung gegeben, aber einige wurden die Blue Punisher MDMA Pills gegeben; 83% von diesen gab die Blue Punisher MDMA Pills nicht mehr erf\u00fcllt die Richtlinien f\u00fcr PTSD Einhaltung der Behandlung, in Korrelation mit f\u00fcnfundzwanzig% der Personen, die nicht bestimmt wurden die\u2026<\/p>","protected":false},"featured_media":1543,"comment_status":"open","ping_status":"closed","template":"","meta":{"content-type":""},"product_brand":[],"product_cat":[120],"product_tag":[150,151,152,153,154,155,156,157,158,159],"class_list":{"0":"post-1533","1":"product","2":"type-product","3":"status-publish","4":"has-post-thumbnail","6":"product_cat-mdma","7":"product_tag-bestellen-blu-punhr-mdma-pills-290mg","8":"product_tag-blu-punhr-mdma-pll-290mg-fr-l","9":"product_tag-bu-blu-punisher-mdma-pills-290mg","10":"product_tag-bu-blu-punisher-mdma-pll-290mg-n-australia","11":"product_tag-bu-blu-punhr-mdma-pll-290mg-in-uk","12":"product_tag-bu-blu-punhr-xtc","13":"product_tag-bu-rave-drug","14":"product_tag-kaufen-sie-blue-punisher-mdma-online","15":"product_tag-kaufen-sie-blu-punisher-mdma-pll-290mg-fur-raves","16":"product_tag-kaufen-sie-blu-punhr-mdma-pll-290mg-in-der-nahe-u","18":"first","19":"instock","20":"shipping-taxable","21":"purchasable","22":"product-type-variable"},"_links":{"self":[{"href":"https:\/\/kokaindrogekaufen.com\/it\/wp-json\/wp\/v2\/product\/1533"}],"collection":[{"href":"https:\/\/kokaindrogekaufen.com\/it\/wp-json\/wp\/v2\/product"}],"about":[{"href":"https:\/\/kokaindrogekaufen.com\/it\/wp-json\/wp\/v2\/types\/product"}],"replies":[{"embeddable":true,"href":"https:\/\/kokaindrogekaufen.com\/it\/wp-json\/wp\/v2\/comments?post=1533"}],"wp:featuredmedia":[{"embeddable":true,"href":"https:\/\/kokaindrogekaufen.com\/it\/wp-json\/wp\/v2\/media\/1543"}],"wp:attachment":[{"href":"https:\/\/kokaindrogekaufen.com\/it\/wp-json\/wp\/v2\/media?parent=1533"}],"wp:term":[{"taxonomy":"product_brand","embeddable":true,"href":"https:\/\/kokaindrogekaufen.com\/it\/wp-json\/wp\/v2\/product_brand?post=1533"},{"taxonomy":"product_cat","embeddable":true,"href":"https:\/\/kokaindrogekaufen.com\/it\/wp-json\/wp\/v2\/product_cat?post=1533"},{"taxonomy":"product_tag","embeddable":true,"href":"https:\/\/kokaindrogekaufen.com\/it\/wp-json\/wp\/v2\/product_tag?post=1533"}],"curies":[{"name":"wp","href":"https:\/\/api.w.org\/{rel}","templated":true}]}}