{"id":1544,"date":"2023-06-27T19:19:48","date_gmt":"2023-06-27T18:19:48","guid":{"rendered":"https:\/\/kokaindrogekaufen.com\/?post_type=product&#038;p=1544"},"modified":"2024-12-06T06:28:29","modified_gmt":"2024-12-06T06:28:29","slug":"coca-cola-mdma-online-kaufen","status":"publish","type":"product","link":"https:\/\/kokaindrogekaufen.com\/it\/product\/coca-cola-mdma-online-kaufen\/","title":{"rendered":"COCA-COLA MDMA ACQUISTARE ONLINE"},"content":{"rendered":"<h2>COCA-COLA MDMA ACQUISTARE ONLINE:<\/h2>\n<p>Indipendentemente da ci\u00f2, \u00e8 possibile acquistare la Coca-Cola MDMA online ad un prezzo molto basso. Si tratta di una falsificazione di un farmaco. \u00c8 principalmente maniche in compresse o in polvere. La Coca-Cola contenute MDMA \u00e8 tossico. \u00c8 ancora nel sangue circuito. Penetra attraverso il cervello, che \u00e8 il motivo per cui ha cambiato il nostro atteggiamento e ci d\u00e0 pi\u00f9 energia. MDMA ha su ogni persona ha un diverso effetto.<\/p>\n<p>Abbiamo dato, contenitori, che cosa \u00e8 il modo pi\u00f9 popolare per prendere questo medicinale. Ogni dose di Coca-Cola MDMA contiene specifiche Fixer. Prescrizioni danni di attivisti guardia di molto potente piacere farmaci per il mercato del Regno Unito, dopo un&#039;indagine di droga in un concorso a Manchester ha consentito di raddoppiare o addirittura triplicare la dose.acquista coca-cola MDMA online<\/p>\n<p>La cocaina pu\u00f2 avere un nome pi\u00f9 dura come la Coca-Cola MDMA, ma entrambi dovrebbero essere evitati, perch\u00e9 possono portare a seri problemi. L&#039;permette di avere una pi\u00f9 completa valutazione della cocaina, e Coca-Cola MDMA. Pemberton descritto la bevanda come &#034;uno spirito, un tonico e mentale bere&#034;, e che \u00e8 stato pubblicizzato come un &#034;brevetto medicina&#034;. In realt\u00e0 si tratta di una droga sintetica. Coca-Cola MDMA contiene ingredienti pericolosi.<\/p>\n<h3>A VENDERE COCA-COLA MDMA:<\/h3>\n<p>Si entra nel sistema circolatorio. Si passa attraverso la mente, che \u00e8 il motivo per cui cambier\u00e0 il nostro atteggiamento e di noi stessi, l&#039;energia pu\u00f2 sentire. Coca-Cola MDMA ha effetti diversi su persone diverse. Di solito \u00e8 in forma di pillole, serbatoio, o in forma di polvere. Vi presentiamo supplementi, che sono il metodo pi\u00f9 conosciuto per ottenere questo farmaco. Quasi ogni parte di Coca-Cola MDMA contiene diversi punti focali totale. Egli ha sostenuto che la facilit\u00e0 Complesso, un nervoso allo stomaco e stanchezza.<\/p>\n<p>Brevetto farmaci erano combinazioni dei cosiddetti &#034;notevole&#034; ingredienti e farmaci amplificatori, che alleviato, secondo il suo inventore, una vasta gamma di malattie. Buona ipotesi circa la potenza dei farmaci sono stati impiegati i medici hanno dato a cariche e le impurit\u00e0 con la soluzione di uno che ha lavato e poi la Coca-Cola MDMA. In essi contenute, tuttavia, spesso le sostanze che noi oggi conosciamo, che spesso portano alla dipendenza, come la cocaina e Oppio, cos\u00ec come gli elementi pericolosi come il mercurio e il piombo. Coca-Cola MDMA acquistare online<\/p>\n<p>Miscele di sostanza di una particolare reazione pu\u00f2 avere un pulitore di uscita di altri. Forse un certo sound, vorrei richiamare l&#039;attenzione sul fatto che l&#039;articolo \u00e8 innegabile lavato in modo pi\u00f9 dettagliato. Ci sono anche dei suoni che non sono Coca-Cola di MDMA, ma Composti con effetti simili come MDMA Cristallo o MDEA? Grazie per il vostro tempo e i vostri sforzi. Un Eccesso di Fermentazione sulle pietre preziose, mentre sono nella fase di gasatura da Freebase Olio, porta a terra delle pietre colorate. Coca-Cola MDMA acquistare online<\/p>\n<h4>COCA-COLA MDMA BUY ONLINE EUROPE<\/h4>\n<p>Mentre l&#039;identificazione di un particolare contrasto con il bianco, Coca-Cola MDMA HCl gemme, questo non pu\u00f2 avere un&#039;influenza significativa sulla virt\u00f9 dell&#039;. Il Marchese test \u00e8 di solito un test di reagenti, in cui una goccia di reagente liquido su un piccolo campione di materiale oggetto di indagine \u00e8 caduto. A causa del modo di MDMA, la Serotonina e la dopamina nel cervello interagiscono, pu\u00f2 causare estrema depressione. Coca-Cola MDMA acquistare online<\/p>\n<p>Purtroppo, composti da persone, la Coca-Cola abuso di MDMA, un pi\u00f9 alto rischio di sperimentare una vera disperazione, che non scomparire, nonostante tutte le restrizioni. Le sostanze reagenti reagiscono in modo diverso con diverse miscele sintetiche e il risultato in un paio di suoni diversi, a seconda di che cosa \u00e8 incluso, per l&#039;amor del cielo nella testato Texture. Questo dipende dalla capacit\u00e0 del singolo scienziato di uccidere o, cosa pi\u00f9 probabile, della capacit\u00e0 (inerzia) di disporre di voi. Coca-Cola MDMA acquistare online<\/p>\n<p>Se si omette gli strumenti, aumenta il peso delle voci, in modo che si pu\u00f2 dedurre capire perch\u00e9 si dispone di una tonnellata di Merda. Una quantit\u00e0 sufficiente di Coca-Cola MDMA in grado di gestire la temperatura e l&#039;abilit\u00e0. Il suo effetto dura pi\u00f9 di tre a sette ore. Una volta in un po&#039;, si pu\u00f2 sentire depressi. Coca-Cola MDMA acquistare online<\/p>\n<h4>COCA-COLA MDMA ONLINE IN USA ACQUISTARE:<\/h4>\n<p>Questo farmaco aumenta la probabilit\u00e0 di una Epatite. Di solito \u00e8 a causa di una insufficienza epatica e renale. La cocaina \u00e8 un fantastico e coinvolgente energia di droga. Per molti anni, la gente del Sud degli Stati Uniti, hanno morso, dove la Coca, una pianta che cresce, le foglie di Coca, e presa, qual \u00e8 l&#039;elenco di rinascita dei risultati. Coca-Cola MDMA acquistare online<\/p>\n<p>La cocaina cloridrato, un raffinato sostanza ha gi\u00e0 vinto pi\u00f9 di 100 anni fa dalle piante. Nei primi anni del 1900, cocaina pura \u00e8 una parte importante della tonici e elisir. MDMA in Coca-Cola: Questo farmaco \u00e8 noto che ci sono altri di sentirsi importante. \u00c8, infatti, un farmaco stimolante. Oggi \u00e8 uno dei pi\u00f9 popolari farmaci negli adulti e negli adolescenti. Si \u00e8 negato che esso \u00e8 ancora utilizzato in tutto il mondo per una sensazione molto buona.<\/p>","protected":false},"excerpt":{"rendered":"<p>COCA-COLA MDMA ONLINE KAUFEN: Unabh\u00e4ngig davon k\u00f6nnen Sie Coca-Cola MDMA online zu einem sehr niedrigen Preis kaufen. Es ist eine F\u00e4lschung eines Medikaments. Es ist haupts\u00e4chlich in Tabletten-, H\u00fclsen- oder Pulverform erh\u00e4ltlich. Das in Coca-Cola enthaltene MDMA ist giftig. Es ist immer noch im Blutkreislauf vorhanden. Es durchdringt das Gro\u00dfhirn, weshalb es unsere Einstellung ver\u00e4ndert und uns zu mehr Energie verhilft. MDMA hat auf jeden Menschen eine andere Wirkung. Wir haben dir Beh\u00e4ltnisse gegeben, was die beliebteste Art ist, dieses Medikament zu nehmen. Jede einzelne Portion Coca-Cola MDMA enth\u00e4lt spezifische Fixer. Verschreibungen schaden Aktivisten warnen vor hochpotenten Vergn\u00fcgungsdrogen auf dem\u2026<\/p>","protected":false},"featured_media":1574,"comment_status":"open","ping_status":"closed","template":"","meta":{"content-type":""},"product_brand":[],"product_cat":[120],"product_tag":[],"class_list":{"0":"post-1544","1":"product","2":"type-product","3":"status-publish","4":"has-post-thumbnail","6":"product_cat-mdma","8":"first","9":"instock","10":"shipping-taxable","11":"purchasable","12":"product-type-variable"},"_links":{"self":[{"href":"https:\/\/kokaindrogekaufen.com\/it\/wp-json\/wp\/v2\/product\/1544"}],"collection":[{"href":"https:\/\/kokaindrogekaufen.com\/it\/wp-json\/wp\/v2\/product"}],"about":[{"href":"https:\/\/kokaindrogekaufen.com\/it\/wp-json\/wp\/v2\/types\/product"}],"replies":[{"embeddable":true,"href":"https:\/\/kokaindrogekaufen.com\/it\/wp-json\/wp\/v2\/comments?post=1544"}],"wp:featuredmedia":[{"embeddable":true,"href":"https:\/\/kokaindrogekaufen.com\/it\/wp-json\/wp\/v2\/media\/1574"}],"wp:attachment":[{"href":"https:\/\/kokaindrogekaufen.com\/it\/wp-json\/wp\/v2\/media?parent=1544"}],"wp:term":[{"taxonomy":"product_brand","embeddable":true,"href":"https:\/\/kokaindrogekaufen.com\/it\/wp-json\/wp\/v2\/product_brand?post=1544"},{"taxonomy":"product_cat","embeddable":true,"href":"https:\/\/kokaindrogekaufen.com\/it\/wp-json\/wp\/v2\/product_cat?post=1544"},{"taxonomy":"product_tag","embeddable":true,"href":"https:\/\/kokaindrogekaufen.com\/it\/wp-json\/wp\/v2\/product_tag?post=1544"}],"curies":[{"name":"wp","href":"https:\/\/api.w.org\/{rel}","templated":true}]}}