{"id":1551,"date":"2023-06-27T19:19:49","date_gmt":"2023-06-27T18:19:49","guid":{"rendered":"https:\/\/kokaindrogekaufen.com\/?post_type=product&#038;p=1551"},"modified":"2024-12-06T06:39:31","modified_gmt":"2024-12-06T06:39:31","slug":"maybach-mdma-kaufen-deutschland","status":"publish","type":"product","link":"https:\/\/kokaindrogekaufen.com\/it\/product\/maybach-mdma-kaufen-deutschland\/","title":{"rendered":"MAYBACH MDMA COMPRARE IN GERMANIA"},"content":{"rendered":"<h2>COMPRARE MDMA GERMANIA:<\/h2>\n<p>Prima di tutto, MDMA Germania acquistare a prezzi molto ragionevoli. Per non parlare del fatto che abbiamo il miglior MDMA pillole per la vendita online. La transazione non \u00e8 tracciabile e molto attento. Lavoriamo con evidente abilit\u00e0 e la cura. Cos\u00ec ci pu\u00f2 rendere felici, se gli elementi per arrivare. Se vuoi chiedere qualcosa, si ha l&#039;impressione che \u00e8 gestito da professionisti. Il allucinogeni, anfetamine carattere di Maybach MDMA offre la Rave visitatori una variet\u00e0 affascinante di componenti.<\/p>\n<p>A causa dell&#039;effetto stimolante del farmaco offre il consumatore finale, la sensazione della messa della comunit\u00e0, mentre altri lo utilizzano come combustibile per le riunioni. Acquisto Maybach MDMA (&#034;Ecstasy&#034;), conosciuta anche come la &#034;Felicit\u00e0&#034; o XTC, \u00e8 spesso consumate dai giovani, le persone anziane nelle grandi citt\u00e0. Numerosi effetti indesiderati possono verificarsi in caso di Sovradosaggio, tra cui mascella spasmi, tremori muscolari, Nausea\/vomito, e un aumento della frequenza cardiaca. MDMA-per vendere pillole<\/p>\n<p>Inoltre, aumenta nel caso di un Eccesso di calore interno valore di chi \u00e8 pi\u00f9 forte, e pu\u00f2 portare a mentale Viaggi. Come risultato, \u00e8 probabile che i dentisti hanno a che fare con la gente, la felicit\u00e0 consumare. La ragione di questo \u00e8 l&#039;aumento delle sinapsi del nostro cervello \u00e8, come spiegano gli esperti, anche se questo non \u00e8 ancora provata. MDMA comprare in Germania<\/p>\n<h3>MDMA PILLOLE ONLINE ACQUISTARE:<\/h3>\n<p>E &#039; stato anche scoperto che alcuni sharp pillole di inibire il movimento di dopamina, una sostanza sintetica nel cervello. Grugniti beatitudine possono accelerare i risultati e per una pi\u00f9 limitata, molto pi\u00f9 approfondita di climax. Il modo in cui un farmaco viene assunto \u00e8 determinato dalla velocit\u00e0 con la quale si entra nel cervello, e grunt \u00e8 uno dei pi\u00f9 veloci. Il giorno successivo, dopo l&#039;assunzione di dosi elevate di Maybach MDMA, aumento della depressione, cos\u00ec come la mancanza di concentrazione, disturbi del sonno e una diminuzione dell&#039;appetito per il file. MDMA comprare in Germania<\/p>\n<p>Secondo gli scienziati, il loro compito \u00e8 di osservare il movimento delle sinapsi nel cervello, anche se questo non \u00e8 stato confermato. Maybach MDMA (gioia) \u00e8 spesso fatto in modo non corretto, e la quantit\u00e0 di Maybach MDMA in tablet\/il caso pu\u00f2 variare, anche all&#039;interno della stessa confezione. Il periodo di tempo tra la ricezione del farmaco e l&#039;Esperienza di un risultato sembra variare a seconda del farmaco e la Persona. MDMA comprare in Germania<\/p>\n<p>Il composito Impero termine &#034;Mandy&#034; e NOI-time-frame &#034;Molly&#034; casualmente con Maybach MDMA in una polvere trasparente struttura, si presume che sia esente da impurit\u00e0. Maybach MDMA \u00e8 venduto anche in Forma di sale cloridrato, sia sciolto e gemme o conte bottiglia. Si precisa, inoltre, che alcune intelligente pillole di inibire la formazione di dopamina, una sostanza sintetica che si verifica nel cervello. MDMA comprare in Germania<\/p>\n<h4>MDMA ACQUISTARE ONLINE:<\/h4>\n<p>La gioia \u00e8 spesso commercializzato come una compressa compressa (Viola Maybach compresse), il granulato di alcuni clienti di una polvere di Gran e la grinta. Il grugnito di piacere pu\u00f2 portare al fatto che le ramificazioni del cliente davanti a loro picco, ma si pu\u00f2 anche aumentare la droga, i rischi connessi. Maybach MDMA (euforia) \u00e8 spesso prodotto serio, e il contenuto di Maybach MDMA della pillola,\/il contenitore pu\u00f2 variare in modo significativo, anche all&#039;interno dello stesso pacchetto. MDMA comprare in Germania<\/p>\n<p>Il tempo tra l&#039;assunzione del farmaco e l&#039;Insorgenza dell&#039;effetto pu\u00f2 variare, a seconda del farmaco e la Persona. Viola Maybach Maybach MDMA \u00e8 un falso con propriet\u00e0 stimolanti che sono quasi identiche alle anfetamine e moderatamente effetto stimolante. Maybach compresse di MDMA \u00e8 il principale psicoattiva specialista in molte Gioia. MDMA comprare in Germania<\/p>\n<p>Tuttavia, i preparativi sono a Rumore raramente pura Maybach MDMA; invece, illegale fabbricazione di queste pillole di solito consiste di una combinazione di Maybach MDMA con altre professionalmente prescritti farmaci come la caffeina, anfetamine, cocaina, ketamina, o di stupefacenti. L&#039;Ecstasy \u00e8 un altro nome per Maybach MDMA. MDMA (beatitudine) \u00e8 prodotto nel solito molto forte, e la quantit\u00e0 di Maybach MDMA in una pillola di case\/cover pu\u00f2 essere all&#039;interno di un simile pacchetto di belle parti. MDMA comprare in Germania<\/p>\n<h5>MDMA PILLOLE PER LA VENDITA IN EUROPA:<\/h5>\n<p>Tuttavia, il rumore medio \u00e8 raramente pura Maybach MDMA; invece, illegale fabbricazione di queste pillole \u00e8 di solito fatta di una combinazione di Maybach MDMA con altre professionalmente prescritti farmaci come la caffeina, anfetamine, cocaina, ketamina, o di stupefacenti. L&#039;Ecstasy \u00e8 un altro nome per Maybach MDMA. MDMA (beatitudine) \u00e8 normalmente prodotta forte, e la quantit\u00e0 di Maybach MDMA in una pillola di case\/cover pu\u00f2 essere belle parti, anche all&#039;interno di un pacco simile. MDMA EUROPA acquistare<\/p>\n<p>Indipendentemente da ci\u00f2, non \u00e8 chiaro come questi influenzano la nostra cognizione. Il giorno successivo, dopo l&#039;assunzione di dosi elevate di Maybach MDMA, la Depressione. Un logoro pezzo di concentrazione, disturbi del sonno, e la decadenza, in fine, ofile appette Il Marchese test a reagente-disciplina-Test in cui una goccia di reagente liquido su un piccolo campione di Texture viene applicata. MDMA comprare in Germania<\/p>\n<p>In ogni caso, le sostanze reagiscono in una provetta con diversi materiali compositi, che conduce ai vari toni diversi, a seconda di che cosa \u00e8 incluso, per l&#039;amor del cielo nel punto desiderato essere interrotto Materiale. Un Sovradosaggio pu\u00f2 portare a mascella spasmi, tremori muscolari, Nausea\/vomito e pressione sanguigna elevata. Anche in Overdose, la temperatura corporea aumenta drasticamente, e le allucinazioni possono verificarsi. MDMA comprare in Germania<\/p>\n<h5>Di PI\u00d9:<\/h5>\n<p>La quantit\u00e0 di Maybach MDMA in Estasi capsule in Europa \u00e8 aumentata negli ultimi anni a causa Online Estasi store. Viola Maybach MDMA \u00e8 una sintesi di droga stimolante con anfetamine come propriet\u00e0 e un leggero effetto allucinogeno. Molti di pasticche di Ecstasy contenere Maybach MDMA come principale sostanza psicoattiva. Pasticche di Ecstasy puro Maybach MDMA sono rare, tuttavia, invece, MDMA compresse nella fabbricazione illecita di Estasi, spesso con altri farmaci come la caffeina, anfetamine, cocaina, ketamina o oppiacei misto. MDMA comprare in Germania<\/p>\n<p>Maybach MDMA \u00e8 anche conosciuto come &#039;Estasi&#039;. Una societ\u00e0 che crede nella diffusione, \u00e8 allegra e leggera, e si balla fino a che sorge il sole. Scambio di doni con i vicini di casa. Vi prego di inviarmi un messaggio privato, se sei un cliente fedele che ci ha lasciato una recensione! Potenziali acquirenti che ricevere avvisi quando si raggiungono i traguardi, possono ricevere fino al 50% degli ordini. In caso di aaronay.com \u00e8 possibile acquistare poco costoso viola Maybach MDMA su Internet e assicurarsi che sia di alta qualit\u00e0 e privo di analoghi impurit\u00e0. MDMA comprare in Germania<\/p>","protected":false},"excerpt":{"rendered":"<p>KAUFEN MDMA DEUTSCHLAND: Zun\u00e4chst einmal, MDMA Deutschland kaufen zu sehr g\u00fcnstigen Preisen. Ganz zu schweigen davon, dass wir die besten MDMA-Pillen zum Verkauf online haben. Die Transaktion ist nicht zur\u00fcckverfolgbar und extrem vorsichtig. Wir arbeiten mit offensichtlicher Kompetenz und Sorgfalt. So k\u00f6nnen wir Sie gl\u00fccklich machen, wenn die Artikel ankommen. Wenn Sie etwas anfordern, haben Sie den Eindruck, dass es von Profis bearbeitet wird. Der halluzinogene Amphetamincharakter von Maybach MDMA bietet den Rave-Besuchern eine Vielzahl faszinierender Komponenten. Aufgrund der stimulierenden Wirkung des Medikaments freuen sich einige Endverbraucher \u00fcber das Gef\u00fchl der Massengemeinschaft, w\u00e4hrend andere es als Treibstoff f\u00fcr Zusammenk\u00fcnfte verwenden.\u2026<\/p>","protected":false},"featured_media":1575,"comment_status":"open","ping_status":"closed","template":"","meta":{"content-type":""},"product_brand":[],"product_cat":[120],"product_tag":[],"class_list":{"0":"post-1551","1":"product","2":"type-product","3":"status-publish","4":"has-post-thumbnail","6":"product_cat-mdma","8":"first","9":"instock","10":"shipping-taxable","11":"purchasable","12":"product-type-variable"},"_links":{"self":[{"href":"https:\/\/kokaindrogekaufen.com\/it\/wp-json\/wp\/v2\/product\/1551"}],"collection":[{"href":"https:\/\/kokaindrogekaufen.com\/it\/wp-json\/wp\/v2\/product"}],"about":[{"href":"https:\/\/kokaindrogekaufen.com\/it\/wp-json\/wp\/v2\/types\/product"}],"replies":[{"embeddable":true,"href":"https:\/\/kokaindrogekaufen.com\/it\/wp-json\/wp\/v2\/comments?post=1551"}],"wp:featuredmedia":[{"embeddable":true,"href":"https:\/\/kokaindrogekaufen.com\/it\/wp-json\/wp\/v2\/media\/1575"}],"wp:attachment":[{"href":"https:\/\/kokaindrogekaufen.com\/it\/wp-json\/wp\/v2\/media?parent=1551"}],"wp:term":[{"taxonomy":"product_brand","embeddable":true,"href":"https:\/\/kokaindrogekaufen.com\/it\/wp-json\/wp\/v2\/product_brand?post=1551"},{"taxonomy":"product_cat","embeddable":true,"href":"https:\/\/kokaindrogekaufen.com\/it\/wp-json\/wp\/v2\/product_cat?post=1551"},{"taxonomy":"product_tag","embeddable":true,"href":"https:\/\/kokaindrogekaufen.com\/it\/wp-json\/wp\/v2\/product_tag?post=1551"}],"curies":[{"name":"wp","href":"https:\/\/api.w.org\/{rel}","templated":true}]}}