{"id":1558,"date":"2023-06-27T19:19:49","date_gmt":"2023-06-27T18:19:49","guid":{"rendered":"https:\/\/kokaindrogekaufen.com\/?post_type=product&#038;p=1558"},"modified":"2024-12-06T06:35:44","modified_gmt":"2024-12-06T06:35:44","slug":"chanel-mdma-zu-verkaufen","status":"publish","type":"product","link":"https:\/\/kokaindrogekaufen.com\/it\/product\/chanel-mdma-zu-verkaufen\/","title":{"rendered":"VENDIAMO CHANEL MDMA"},"content":{"rendered":"<h2>VENDIAMO CHANEL MDMA:<\/h2>\n<p>In generale, abbiamo il miglior Chanel MDMA per la vendita negli Stati Uniti e in tutto il mondo. Fornendo enormi quantit\u00e0 di Serotonina Chanel MDMA, tuttavia, porta a vitale sinapsi esaurito cerebrale significativamente, che contribuisce al mentali nocivi tardi, la gente sar\u00e0 in grado di vivere per un lungo periodo di tempo dopo l&#039;assunzione di Chanel MDMA. 95, 96, 96.<\/p>\n<p>Il trattamento di queste malattie con uno dei tanti noto Recettore NMDA antagonisti, tuttavia, porta ad una variet\u00e0 di fastidiosi effetti collaterali, alcuni dei quali possono essere significativi. L&#039;ambiente che il popolo Chanel MDMA ricevere, sar\u00e0 molto diverso e molto pi\u00f9 sicuro l&#039;ambiente in cui le persone casualmente uso, utilizzando una Porzione controllato, un vero campione del farmaco, l&#039;assenza di altre droghe o di alcol, e di un esperto che davvero prestare attenzione al vostro benessere e la vostra salute. Vendiamo Chanel MDMA<\/p>\n<p>Questo significa che l&#039;indagine ci dir\u00e0 se \u00e8 sicuro di pensare in un Club di fortuna o meno, ma di migliorare la nostra comprensione di come Chanel MDMA raggiunto i suoi effetti psicoattivi. Chanel MDMA promuove lo sviluppo di queste sinapsi neurali connessione, aumentando la loro versione dei punti sensibili e il loro recupero inibisce. Chanel MDMA per la vendita<\/p>\n<p>Memantina \u00e8 senza dubbio un esempio di una non competitiva NMDA Recettore antagonista, che corre generalmente veloce e un basso angolo di inclinazione. Essere amine bundle \u00e8 a pH fisiologico-valore \u00e8 molto carica e il suo antagonismo del recettore \u00e8 dipendente dalla tensione. Chanel MDMA \u00e8 diventato comunemente indicato come &#034;Felicit\u00e0&#034; (abbreviato &#034;E&#034;, &#034;X&#034;, o &#034;XTC&#034;) sono noti e, spesso, in allusione alla sua pillola struttura, dove questo lasso di tempo, come le cose che possono essere presenti sono il suo potenziale impurit\u00e0 o diluenti. Vendiamo Chanel MDMA<\/p>\n<h3>CHANEL MDMA ACQUISTARE ONLINE :<\/h3>\n<p>La probabilit\u00e0 che la sensazione di felicit\u00e0 passa, aumenta il calore, come in un affollato club di danza, o nel caso della musica, a cielo aperto, ma la felicit\u00e0 pu\u00f2 passare anche a temperature normali come risultato di Surriscaldamento del corpo. Chanel MDMA \u00e8 attualmente in studi clinici come un potenziale agente di trattamento per il trattamento di terribile nervosismo disorder (PTSD), la tensione in caso di Vittime che sono vicino alla morte, e l&#039;Ansia sociale in mentalmente squilibrato adulti testato. Chanel MDMA per la vendita<\/p>\n<p>La FDA ha classificato Chanel MDMA-assistita psicoterapia per il PTSD recentemente come un progresso della terapia. Per ulteriori informazioni su Chanel MDMA studio, riceverai, se si dispone di contattare i sostenitori degli studi clinici presentati Chanel MDMA studi. Il termine &#034;Mandy&#034; nel Regno Unito e in &#034;Molly&#034;, negli Stati Uniti, entrambi si riferiscono a Chanel MDMA in vetro come struttura di polvere, che non sono ammortizzati. Chanel MDMA per la vendita<\/p>\n<p>Nel quadro dei progetti, neurologici e psicologici effetti di Chanel MDMA, nonch\u00e9 i potenziali rischi e le conseguenze di breve e di lungo termine del farmaco studiato. Chanel MDMA per la vendita<\/p>\n<p>&#034;L&#039;obiettivo di MDMA-LSD \u00e8 quello di creare una condizione mentale che pu\u00f2 beneficiare di due sostanze simili, e una pi\u00f9 lunga durata dell&#039;effetto che indipendente la Psilocibina o LSD&#034;, ha detto Matthias Liechti, l&#039;omonimo del laboratorio, in una dichiarazione pubblica. Chanel MDMA \u00e8 ampiamente considerato il farmaco di scelta all&#039;interno della Rave stile di vita, ed \u00e8 spesso usato in Discoteche, in occasione di feste e riunioni di famiglia. Vendiamo Chanel MDMA<\/p>\n<h4>CHANEL MDMA PER LA VENDITA ONLINE:<\/h4>\n<p>L&#039;impatto tangibile della nuova musica e le luci sono di solito solido, con i farmaci all&#039;interno del Rave Sistema biologico in sinergia. Il allucinogeni, anfetamine natura di Chanel MDMA offre una variet\u00e0 affascinante di propriet\u00e0 per gli individui durante il Rave impostazione. Le persone che consumano Chanel MDMA, prendere, di regola, in Forma di una scatola o una pillola, ma alcuni ingoiare in Forma liquida o grugnito la polvere. Chanel MDMA per la vendita<\/p>\n<p>Chanel MDMA \u00e8 stato inizialmente la danza di scena dei club e locali feste da ballo (&#034;Rave&#034;) popolare; nel frattempo, il farmaco agisce su di un numero maggiore di persone che chiamano, \u00e8 comunemente indicato come l&#039;Ecstasy o Molly. Supportati soprannome Molly (Slang per &#034;atomica&#034;) si riferisce spesso a quanto noto, il &#034;puro&#034; polvere traslucida Chanel MDMA, di solito venduto in contenitori. Vendiamo Chanel MDMA<\/p>\n<p>Queste sostanze pu\u00f2 essere particolarmente pericoloso se la Persona sa che cosa hanno consumato. Si pu\u00f2 anche essere pericoloso, quando combinato con Chanel MDMA. Le persone che mix, intenzionalmente o meno, questo tipo di combinazione con altre sostanze come la Cannabis e bevande alcoliche, impostare voi stessi un rischio molto pi\u00f9 elevato di pericoloso, probabilmente, i risultati da podio. Vendiamo Chanel MDMA<\/p>\n<p>Gli antagonisti dei Recettori NMDA sono usato come un sedativo per gli animali e, occasionalmente, per il popolo, e lo sono. a causa delle sue propriet\u00e0 stimolanti, spesso come una sportiva, professionale prescritti farmaci utilizzati, nonostante i loro valori, effetti notato a dosi pi\u00f9 elevate, per esempio, la separazione Quando alcuni NMDA essere somministrato Recettore-cattivi roditori in grandi dosi, pu\u00f2 causare un tipo di lesioni cerebrali, le ferite come Olney \u00e8 conosciuto per. Vendiamo Chanel MDMA<\/p>\n<h5>CHANEL MDMA PER LA VENDITA USA:<\/h5>\n<p>Il farmaco non ha solo un effetto chimico del cervello, ma anche cambiato fisicamente ed emotivamente. L&#039;effetto di Chanel MDMA pu\u00f2 durare solo poche ore, soprattutto nel caso di persone che ricevono dosi multiple o in grandi quantit\u00e0 in una sola volta e diverse lattine di ri-uso. \u00c8 importante fornire corrette informazioni scientifiche ai risultati di Chanel MDMA, al fine di ridurre la droga effetti negativi per la salute. Vendiamo Chanel MDMA<\/p>\n<p>Le persone nei loro anni venti amici, composito sistemi di trattamento per disturbi disfunzionali, e i Medici sono i pi\u00f9 affidabili fonti di informazione per gli anziani che utilizzano una Chanel MDMA. Queste aree possono essere uomini e donne che sono stressati o depressi, iperattivo. A differenza dell&#039;alcool, che attenua la funzione del cervello, sembra Estasi atto, soprattutto in questa Regione, il che significa che potrebbe aiutare nel trattamento della depressione, o PTSD. Vendiamo Chanel MDMA<\/p>\n<p>Queste aree possono essere uomini e donne che sono stressati o depressi, iperattivo. A differenza dell&#039;alcool, che attenua la funzione della mente, sembra Estasi atto, soprattutto in questa Regione, il che significa che potrebbe aiutare nel trattamento della depressione, o PTSD. Nella distillazione, il solvente \u00e8 stato rimosso, in modo che il raw, MDMA-free-Chanel-base nel pallone rimane. Per distillazione sotto vuoto, potrebbe essere ulteriormente pulito, ma questo non sembra essere desiderabile. Vendiamo Chanel MDMA<\/p>\n<h5>INOLTRE:<\/h5>\n<p>Dieser Rohstoff oder diese Dienstleistung wird in achtzig Millilitern trockenem Isopropanol (Isopropylalkohol) aufgel\u00f6st. Ein Tropfen konzentrierte Salzs\u00e4ure wird immer wieder zugegeben, bis die L\u00f6sung leicht sauer wird. Viele Menschen sind sich nicht bewusst, dass Ecstasy und \u201ereines\u201c Molly h\u00e4ufig nicht nur reines Chanel MDMA, sondern auch andere verschreibungspflichtige Medikamente enthalten, die in Kombination mit pflanzlicher Medizin besonders gef\u00e4hrlich sein k\u00f6nnen. Chanel MDMA zum Verkauf<\/p>\n<p>Auf Ecstasy kann man zum Beispiel Farben anders sehen und neue Musik h\u00f6ren, was das Gesamterlebnis steigert. Ecstasy steigert auch das Gef\u00fchl der Empathie und der N\u00e4he zu anderen. Es gibt keine verl\u00e4sslichen Beweise daf\u00fcr, dass 5-HTP in Kombination mit Chanel MDMA gef\u00e4hrlich ist, auch wenn Ger\u00fcchte das Gegenteil behaupten. Chanel MDMA zu verkaufen<\/p>\n<p>Wenn Sie gute Beweise haben, teilen Sie sie uns bitte mit. In den 1980er Jahren wurde Ecstasy oder Molly jedoch zu einer viel bekannteren Partydroge. Der San Francisco Chronicle bezeichnete die Droge in einem Artikel von 1984 als \u201eYuppie-Psychedelikum\u201c, weil sie als milder und weniger gef\u00e4hrlich als LSD galt. Chanel MDMA in Verbindung mit aerobem Tanzen, einer hei\u00dfen und \u00fcberf\u00fcllten Umgebung und einem Mangel an Trinkwasser kann einen t\u00f6dlichen Cocktail ergeben, der in einigen F\u00e4llen zu einem Hitzschlag f\u00fchren kann. Chanel MDMA zu verkaufen<\/p>","protected":false},"excerpt":{"rendered":"<p>CHANEL MDMA ZU VERKAUFEN: Insgesamt haben wir die besten Chanel MDMA zum Verkauf in den Vereinigten Staaten und weltweit. Durch die Bereitstellung massiver Mengen an Serotonin f\u00fchrt Chanel MDMA jedoch dazu, dass die lebenswichtigen Synapsen im Gro\u00dfhirn erheblich ersch\u00f6pft werden, was zu den sch\u00e4dlichen mentalen Sp\u00e4tfolgen beitr\u00e4gt, die Menschen lange Zeit nach der Einnahme von Chanel MDMA erleben k\u00f6nnen. 95, 96, 96. Die Behandlung dieser Krankheiten mit einem der vielen bekannten NMDA-Rezeptor-Antagonisten f\u00fchrt jedoch zu einer Vielzahl von l\u00e4stigen Nebeneffekten, von denen einige erheblich sein k\u00f6nnen. Die Umgebung, in der Menschen Chanel MDMA erhalten, wird sehr unterschiedlich und weitaus sicherer\u2026<\/p>","protected":false},"featured_media":1576,"comment_status":"open","ping_status":"closed","template":"","meta":{"content-type":""},"product_brand":[],"product_cat":[120],"product_tag":[],"class_list":{"0":"post-1558","1":"product","2":"type-product","3":"status-publish","4":"has-post-thumbnail","6":"product_cat-mdma","8":"first","9":"instock","10":"shipping-taxable","11":"purchasable","12":"product-type-variable"},"_links":{"self":[{"href":"https:\/\/kokaindrogekaufen.com\/it\/wp-json\/wp\/v2\/product\/1558"}],"collection":[{"href":"https:\/\/kokaindrogekaufen.com\/it\/wp-json\/wp\/v2\/product"}],"about":[{"href":"https:\/\/kokaindrogekaufen.com\/it\/wp-json\/wp\/v2\/types\/product"}],"replies":[{"embeddable":true,"href":"https:\/\/kokaindrogekaufen.com\/it\/wp-json\/wp\/v2\/comments?post=1558"}],"wp:featuredmedia":[{"embeddable":true,"href":"https:\/\/kokaindrogekaufen.com\/it\/wp-json\/wp\/v2\/media\/1576"}],"wp:attachment":[{"href":"https:\/\/kokaindrogekaufen.com\/it\/wp-json\/wp\/v2\/media?parent=1558"}],"wp:term":[{"taxonomy":"product_brand","embeddable":true,"href":"https:\/\/kokaindrogekaufen.com\/it\/wp-json\/wp\/v2\/product_brand?post=1558"},{"taxonomy":"product_cat","embeddable":true,"href":"https:\/\/kokaindrogekaufen.com\/it\/wp-json\/wp\/v2\/product_cat?post=1558"},{"taxonomy":"product_tag","embeddable":true,"href":"https:\/\/kokaindrogekaufen.com\/it\/wp-json\/wp\/v2\/product_tag?post=1558"}],"curies":[{"name":"wp","href":"https:\/\/api.w.org\/{rel}","templated":true}]}}