{"id":1565,"date":"2023-06-27T19:19:49","date_gmt":"2023-06-27T18:19:49","guid":{"rendered":"https:\/\/kokaindrogekaufen.com\/?post_type=product&#038;p=1565"},"modified":"2024-12-06T06:31:32","modified_gmt":"2024-12-06T06:31:32","slug":"dom-perignon-mdma-zu-verkaufen","status":"publish","type":"product","link":"https:\/\/kokaindrogekaufen.com\/it\/product\/dom-perignon-mdma-zu-verkaufen\/","title":{"rendered":"PER VENDERE DOM PERIGNON MDMA"},"content":{"rendered":"<h2>PER VENDERE DOM PERIGNON MDMA:<\/h2>\n<p>Alla fine, abbiamo DOM PERIGNON MDMA PER la VENDITA a prezzi molto convenienti. Dom Pergnon MDMA generalmente porta ad un aumento del rilascio di il corpo della propria droga. Si pu\u00f2 portare a effetti collaterali come la &#034;rettifica&#034;, lacerazione del nervo, e anche vertigini. Con il crescente miglioramento della temperatura del corpo aumenta, e pu\u00f2 portare ad allucinazioni. Una miscela di rumore, nervosismo, e un sacco di farmaci.<\/p>\n<p>Dom Pergnon MDMA pillola pu\u00f2 rompere la Mascella, tremori muscolari, Nausea, e di un aumento del carico sul circuito pu\u00f2 causare. Il cuore, il fegato e i reni sono particolarmente pesantemente caricato. Il consumo regolare di una grande quantit\u00e0 di Dom Pergnon MDMA \u00e8 neurotossico e pu\u00f2 aumentare il rischio di danni irreversibili al cervello. La pillola ha una linea tratteggiata sul retro. Dom Pergnon MDMA pu\u00f2 essere pericoloso se assunto in grandi dosi, o se pi\u00f9 piccole dosi, per essere presa in un eccezionalmente breve periodo di tempo per mantenere il passo con la quantit\u00e0, passo dopo passo. A questo tavolo, Dom Perignon champagne \u00e8 servita.<\/p>\n<p>Gli utenti finali di Dom Perignon MDMA esperienza di tutti questi effetti collaterali, ma \u00e8 possibile annullare l&#039;assunzione di Dom Perignon MDMA pillole. Dom Perignon MDMA utenti, il medico, e il prossimo, e lo prendono pi\u00f9 di quanto sua madre. \u00c8 anche possibile comprare Dom P\u00e9rgnon MDMA tablet online. Mentre Molly \u00e8 commercializzato come una vera e propria Forma di Dom P\u00e9rgnon MDMA, l&#039;utente finale non ha modo di sapere che cosa \u00e8 incluso in esso.<\/p>\n<h3>DOM PERIGNON MDMA ACQUISTARE ONLINE<\/h3>\n<p>Dom Pergnon MDMA, cos\u00ec come la beatitudine pu\u00f2 essere combinato con altri farmaci. Con un ritmo veloce ed energico celebrazioni, l&#039;impatto della nuova musica e le luci sono spesso sinergica con il farmaco. Dom Pergnon MDMA articoli sono spesso celebriamo la droga al rave e tonificante, il enory effetti di luci e musica sono spesso hghly in sinergia con la droga visto. PER VENDERE DOM PERIGNON MDMA<\/p>\n<p>Un piccolo studio pubblicato sulla rivista Lancet Psychiatry, ha esaminato l&#039;uso del Dom Pergnon MDMA in pazienti affetti da distribuito terribile disturbo da stress (PTSD). I ricercatori hanno somministrato 22 veterani, due vigili del fuoco e un agente di polizia che soffrono di PTSD, tre dosi di Dom Pergnon MDMA. Dopo il consumo di grandi quantit\u00e0 di Dom Pergnon MDMA mancanza di respiro, mancanza di coordinazione, disturbi del sonno e aumento dell&#039;appetito sono inevitabili. PER VENDERE DOM PERIGNON MDMA<\/p>\n<p>In ogni caso, non tutti gli esperti sono convinti. In questo piccolo gruppo di ampia accettazione non pu\u00f2 essere garantita, e il pericolo di ossessione, e l&#039;Implosione all&#039;interno della popolazione Generale che \u00e8 a rischio in questo momento per questi certificati il raggiungimento. Negli ultimi anni, i farmaci hanno catturato il mercato di pillole di Ecstasy, MDMA polvere e MDMA-drink di alcuni commestibili che contengono Dom Pergnon MDMA.DOM PERIGNON MDMA PER LA VENDITA<\/p>\n<h4>PER VENDERE DOM PERIGNON MDMA ONLINE:<\/h4>\n<p>Dom Pergnon MDMA e la beatitudine pu\u00f2 essere combinato con altri farmaci. Con un ritmo veloce ed energico celebrazioni, gli effetti della nuova musica e le luci sono spesso sinergica con il farmaco. Dom Pergnon MDMA elementi sono spesso visti come farmaco di rave e tonificante celebrazioni, il enory effetti di luci e musica sono spesso hghly sinergico con la droga. PER VENDERE DOM PERIGNON MDMA<\/p>\n<p>Un piccolo studio pubblicato sulla rivista Lancet Psychiatry, ha esaminato l&#039;uso di Dom Pergnon MDMA in pazienti affetti da distribuito terribile disturbo da stress (PTSD). I ricercatori hanno somministrato in tre dosi di Dom Pergnon MDMA a 22 veterani, due vigili del fuoco e un funzionario di polizia, che soffriva di PTSD. Dopo il consumo di grandi quantit\u00e0 di Dom Pergnon MDMA, mancanza di respiro, mancanza di coordinazione, disturbi del sonno e aumento dell&#039;appetito sono inevitabili. PER VENDERE DOM PERIGNON MDMA<\/p>\n<p>In ogni caso, non tutti gli esperti sono convinti. Con questo piccolo gruppo, diffusa accettazione non pu\u00f2 essere garantita, e c&#039;\u00e8 un rischio di ossessione e di implosione all&#039;interno della popolazione generale che \u00e8 a rischio per questi certificati successi in questo momento. Negli ultimi anni, di sostanze stupefacenti, hanno preso il controllo del mercato, da pillole di ecstasy all&#039;MDMA polveri e MDMA bevande per alcuni commestibili contenenti Dom Pergnon MDMA.PER VENDERE DOM PERIGNON MDMA<\/p>\n<h5>DOM PERIGNON MDMA:<\/h5>\n<p>Nonostante il fatto che Dom Pergnon MDMA-esperto acquirente tutti questi effetti negativi, si pu\u00f2 interrompere l&#039;assunzione di Dom Pergnon MDMA pillole. Dom Pergnon MDMA utenti vicino ai propri consumatori molto e ti apprezzo ancora di pi\u00f9 in quanto si mangia. Il 34% ha incontrato abuso criteri per la droga, perch\u00e9 agiscono a dispetto del fisico o mentale fallimento, i sintomi di astinenza, e la resistenza (o diminuita risposta), pi\u00f9 consumato. PER VENDERE DOM PERIGNON MDMA<\/p>\n<p>Questa pillola contiene un&#039;insolita dose di Dom Pergnon MDMA, che pu\u00f2 avere effetti collaterali negativi. Usare con estrema cautela. Il disordine, la disperazione, la gestione di preoccupazioni, la tossicodipendenza e scandaloso paure sono tutti esempi di effetti mentali. Questi problemi possono verificarsi durante e per un&#039;eternit\u00e0 o mesi dopo il godimento. Dom Pergnon MDMA tablet sono un domino-bianco a forma di tablet ourced e vendute \u0430 Dom Pergnon MDMA. PER VENDERE DOM PERIGNON MDMA<\/p>\n<h5>INOLTRE:<\/h5>\n<p>Si \u00e8 molto difficile, e mell il seguente &#034;MDMA mell&#034;. Dom Pergnon MDMA \u00e8 spesso un farmaco che rende le persone euforico e simpatico. Molly \u00e8 il nome della via per la polvere o la gemma Dom Pergnon MDMA, che \u00e8 in genere offerto in valigie \u00e8. Il rapimento del nome della via, per una valigia, luoghi di Dom Pergnon MDMA \u00e8. PER VENDERE DOM PERIGNON MDMA<\/p>\n<p>Casi di Felicit\u00e0 sono sintetici, psicoattive, professionalmente i farmaci prescritti, simile alla metanfetamina e la mescalina. Dal momento che il vero spacciatori di droga, spesso, cambiano i nomi delle strade, per confondere le autorit\u00e0 giudiziarie, di Estasi, molti dei nomi alternativi. Saggio, l&#039;Amore, la droga) pu\u00f2 anche Xtc refileerr; Superman; Rolex; Pnk Superman; Pll; Mtubh; MDMA; Mandy; E; Delfini; Cristallo; Cowies; Browne, Molly essere. PER VENDERE DOM PERIGNON MDMA<\/p>","protected":false},"excerpt":{"rendered":"<p>DOM PERIGNON MDMA ZU VERKAUFEN: Am Ende haben wir DOM PERIGNON MDMA FOR SALE zu sehr g\u00fcnstigen Preisen. Dom Pergn\u043en MDMA bewirkt im Allgemeinen eine erh\u00f6hte Freisetzung der k\u00f6rpereigenen Rauschmittel. Es kann zu Nebenwirkungen wie &#8222;Knirschen&#8220;, Nervenzerrei\u00dfung und sogar Schwindelgef\u00fchlen kommen. Mit zunehmender Besserung steigt die K\u00f6rpertemperatur, und es kann zu Halluzinationen kommen. Eine Mischung aus Rausch, Nervosit\u00e4t und einer Menge Drogen. Dom P\u0435rgnon MDMA-Pille kann Kieferknacken, Muskelzittern, \u00dcbelkeit und eine erh\u00f6hte Belastung des Kreislaufs verursachen. Das Herz, die Leber und die Nieren werden besonders stark belastet. Der regelm\u00e4\u00dfige Konsum einer gro\u00dfen Menge Dom P\u0435rgn\u043en MDMA ist neurotoxisch und erh\u00f6ht\u2026<\/p>","protected":false},"featured_media":1577,"comment_status":"open","ping_status":"closed","template":"","meta":{"content-type":""},"product_brand":[],"product_cat":[120],"product_tag":[],"class_list":{"0":"post-1565","1":"product","2":"type-product","3":"status-publish","4":"has-post-thumbnail","6":"product_cat-mdma","8":"first","9":"instock","10":"shipping-taxable","11":"purchasable","12":"product-type-variable"},"_links":{"self":[{"href":"https:\/\/kokaindrogekaufen.com\/it\/wp-json\/wp\/v2\/product\/1565"}],"collection":[{"href":"https:\/\/kokaindrogekaufen.com\/it\/wp-json\/wp\/v2\/product"}],"about":[{"href":"https:\/\/kokaindrogekaufen.com\/it\/wp-json\/wp\/v2\/types\/product"}],"replies":[{"embeddable":true,"href":"https:\/\/kokaindrogekaufen.com\/it\/wp-json\/wp\/v2\/comments?post=1565"}],"wp:featuredmedia":[{"embeddable":true,"href":"https:\/\/kokaindrogekaufen.com\/it\/wp-json\/wp\/v2\/media\/1577"}],"wp:attachment":[{"href":"https:\/\/kokaindrogekaufen.com\/it\/wp-json\/wp\/v2\/media?parent=1565"}],"wp:term":[{"taxonomy":"product_brand","embeddable":true,"href":"https:\/\/kokaindrogekaufen.com\/it\/wp-json\/wp\/v2\/product_brand?post=1565"},{"taxonomy":"product_cat","embeddable":true,"href":"https:\/\/kokaindrogekaufen.com\/it\/wp-json\/wp\/v2\/product_cat?post=1565"},{"taxonomy":"product_tag","embeddable":true,"href":"https:\/\/kokaindrogekaufen.com\/it\/wp-json\/wp\/v2\/product_tag?post=1565"}],"curies":[{"name":"wp","href":"https:\/\/api.w.org\/{rel}","templated":true}]}}