{"id":1572,"date":"2023-06-27T19:19:50","date_gmt":"2023-06-27T18:19:50","guid":{"rendered":"https:\/\/kokaindrogekaufen.com\/?post_type=product&#038;p=1572"},"modified":"2024-12-06T06:52:47","modified_gmt":"2024-12-06T06:52:47","slug":"mdma-zu-verkaufen","status":"publish","type":"product","link":"https:\/\/kokaindrogekaufen.com\/it\/product\/mdma-zu-verkaufen\/","title":{"rendered":"PER VENDERE MDMA"},"content":{"rendered":"<h2>PER VENDERE MDMA:<\/h2>\n<p>Infatti, dobbiamo vendere MDMA a prezzi molto bassi. MDMA \u00e8, senza dubbio, la sostanza formale designazione per il puro composto sintetico \u2013 in un mondo ideale, 100% sarebbe Molly \u00e8 puro MDMA. Maggiore impulso e della frequenza cardiaca in pazienti con problemi circolatori, estremamente pericoloso, e aumento della temperatura del corpo pu\u00f2 portare a una serie di pericolose conseguenze.<\/p>\n<p>Nonostante il fatto che questa sostanza \u00e8 nota per i sogni, per sopprimere, per sperimentare l&#039;acquirente dopo l&#039;ingestione di grandi quantit\u00e0 di MDMA per diverse sere, un bizzarro e a volte spaventoso Richiesta. Porzioni piccole, pu\u00f2 essere un bene per il primo piccolo gruppo di imprese \u00e8 particolarmente grande, perch\u00e9 si pu\u00f2 inavvertitamente hanno un Problema di salute, come una minaccia di ipertermia, ci\u00f2 che rende l&#039;MDMA \u00e8 ancora pi\u00f9 pericoloso. Per vendere Mdma<\/p>\n<p>Un LSD-la sconfitta di solito dura circa 24 ore, e possono includere sentimenti di disperazione, di Stress e di sfiducia. Molte persone riferiscono che essi sono ancora alcune settimane o anche mesi e mesi, i segni di una sconfitta di aspettare. 80 mg pu\u00f2 essere, in Generale, una buona dose di partenza. Molly \u00e8 il nome di una strada per l&#039;MDMA in forma di polvere, che di solito si trova nell&#039;inconfondibile casi. &#034;Molly&#034; non significa necessariamente &#034;pulito&#034;. MDMA per la vendita<\/p>\n<p>MDMA fa per un aumento delle sensazioni fisiche. I clienti in genere la relazione di un senso di conservazione e Sofficit\u00e0 che circonda i vostri pori e la pelle. Il rapimento \u00e8 il nome di una strada per l&#039;MDMA in forma di compresse. Soprattutto se si considera che l&#039;MDMA \u00e8 sulla strada, il medico raccomandato farmaci utilizzati per sostenere il trattamento per l&#039;uso. Diuretici, come liquori, pu\u00f2 aggravare queste difficolt\u00e0 con la creazione di un insolitamente elevato grado di disidratazione. Per vendere Mdma<\/p>\n<h3>MDMA ACQUISTARE ONLINE:<\/h3>\n<p>Si raccomanda di prestare particolare attenzione al consumo di acqua, da bere, n\u00e9 molto, n\u00e9 troppo poco, e non affaticarsi troppo, senza l&#039;aiuto di altri per evitare un colpo di calore, che pu\u00f2 essere fatale. La neurotossicit\u00e0 di MDMA uso \u00e8 un argomento controverso. Per vendere Mdma<\/p>\n<p>La logica di indagine ha portato alla conclusione che l&#039;MDMA \u00e8 generalmente sicuro, se \u00e8 in un ambiente controllato \u00e8 testato, ma l&#039;organizzazione di ripetute o uno misurazioni in tempo di MDMA in un certo range, senza dubbio, \u00e8 neurotossico. Dal 1980, l&#039;MDMA \u00e8 ampiamente indicato come il &#034;Rapimento&#034; (abbreviato come &#034;E&#034;, &#034;X&#034;, o &#034;XTC&#034;), che si riferisce ai relativi tipi di strada come illegale premuto compresse di Mdma per la vendita<\/p>\n<p>Colpo di calore e la serotonina disturbo MDMA \u00e8 aumentato, come tutti i serotoninergici, medico-prescritti farmaci, il rischio di colpo di calore a causa dei suoi effetti sul sistema nervoso centro, la parte del nostro cervello che ci aiuta a controllare la nostra temperatura interna. Queste sostanze possono essere particolarmente dannosi se il Consumatore sa che cosa lui o lei sta facendo. Essi possono essere pericolosi quando combinato con l&#039;MDMA.mdma per la vendita<\/p>\n<p>Le persone che riescono a combinare questo tipo di miscele, intenzionalmente o meno, con altre sostanze come la marijuana e alcol pu\u00f2 esporre a un rischio significativamente pi\u00f9 elevato di effetti nocivi sulla salute. Il termine Americano &#034;Molly&#034;, cos\u00ec come l&#039;Equivalente Britannico di &#034;Mandy&#034;, originariamente si riferiva ad un gioiello o un MDMA in polvere, credeva che fosse estremamente puro e privo di impurit\u00e0. Per vendere Mdma<\/p>\n<h4>VENDERE BK MDMA:<\/h4>\n<p>Alcuni client report che l&#039;MDMA \u00e8 probabile che perdere dopo una decina di sperimentare il suo &#034;potere magico&#034;, mentre altri riportano un gran numero di esperienze di prima l&#039;empatica propriet\u00e0 di scomparire. Questo non sembra essere significativo per tutti i clienti, dal momento che molti clienti indicano che hai fornito, a dispetto di un pugno, o pu\u00f2 essere un gran numero di applicazioni, non i benefici sono inferiori alla capacit\u00e0. Per vendere Mdma<\/p>\n<p>Iniziare lentamente e costantemente. Questo \u00e8 di solito un eccezionale consigli. Alle alte quote del rischio di spiacevoli viaggio o catastrofici risultati aumenta. Seguire una Dose ridotta \u00e8 fondamentale, soprattutto se non avete mai mangiato la caramella. Assicurarsi che ti danno la ridotta Porzione di tempo e di energia per agire, prima di aggiungere di pi\u00f9. Mdma per la vendita<\/p>\n<p>Simile ad altri stimolatori della grave consumo pu\u00f2 essere considerato di MDMA come una forte abitudine di formazione, con un alto potenziale di abuso e di successo nel portare mentale, dipendenza da certe persone. Se una Persona ha completato i loro consumi, improvvisamente, dopo che ha sviluppato un&#039;inclinazione per essere in grado di chiedere e sintomi di astinenza si verificano. Per vendere Mdma<\/p>\n<p>Quindi, in questo articolo, \u00e8 necessario chiedersi perch\u00e9 si dovrebbe acquistare MDMA polvere online. Bene, in questo articolo, si provveder\u00e0 a fornire la migliore qualit\u00e0 di elementi di ordine o la fiducia di MDMA in polvere in Internet, in questo articolo. I Seguenti sono alcuni dei punti chiave che parlano a favore di acquistare MDMA solo qui. MDMA-prodotti sono illegali in molti paesi e, dal 2021, non approvato di cure mediche e di pi\u00f9. Come risultato, il tatto, sia per gli uomini e le donne spesso frustrato ed esausto. Per vendere Mdma<\/p>\n<h5>PER VENDERE MDMA ONLINE:<\/h5>\n<p>MDMA principalmente stimola i neurotrasmettitori Serotonina e noradrenalina in certe aree del cervello. Appartiene alla classe di farmaci, sostituito anfetamine, e ha propriet\u00e0 stimolanti e allucinogeni propriet\u00e0. Limitate eccezioni, a volte sono creati per scopi di ricerca. Con la diffusione di Rave e la scena Clubbing in grandi citt\u00e0 e nelle periferie di tutto il paese, il consumo e la distribuzione di MDMA aumentato. MDMA per la vendita<\/p>\n<p>MDMA non ha accettato le indicazioni mediche. Egli ha osservato un uso limitato in psicoterapia prima che il farmaco \u00e8 stato vietato in gran parte. Indipendentemente dallo Status giuridico del farmaco, esso \u00e8 utilizzato da molti psicoterapeuti ancora in terapia. MDMA \u00e8 spesso combinato con altri farmaci da prescrizione. Attualmente, il farmaco \u00e8 ancora consumato da un grande gruppo di persone, che si riferiscono a come l&#039;Ecstasy o Molly. Per vendere Mdma<\/p>\n<p>Diversi Team di medici professionali e organizzativi, esperti, relatori, psichedelico attivisti, e singoli sostenitori di lavoro di alta qualit\u00e0 psichedelici. All&#039;inizio, \u00e8 solo con la salute dei nostri pazienti. Gli scienziati stanno indagando se l&#039;MDMA pu\u00f2 aiutare nel trattamento di guarigione-resistente post-traumatico da stress (PTSD); gli studi sull&#039;efficacia e la protezione dovrebbe iniziare nel 2020. Per vendere Mdma<\/p>\n<p>Al giorno d&#039;oggi, le persone MDMA comprare polvere online e consumare, tamponando su le gengive o in un pacchetto di sigarette di rondine, una pratica che \u00e8 come un &#034;bombardamento&#034; \u00e8 noto. Se una Persona non sa, ci\u00f2 che si pu\u00f2 essere, queste sostanze sono estremamente pericolosi. In combinazione con l&#039;MDMA, pu\u00f2 essere estremamente pericoloso. E l&#039;uso Ricreativo \u00e8 spesso associato con la cultura Rave. Feste da ballo, e il Festival della musica elettronica. Per vendere Mdma<\/p>\n<h4>PER VENDERE MDMA EUROPA:<\/h4>\n<p>Indipendentemente dallo Status giuridico del traffico illegale di droga, alcuni di salute gli scienziati ritengono che potrebbe avere un Beneficio terapeutico. In particolare, nel caso di persone che soffrono di PTSD, la malinconia, e altri problemi di comportamento. Le persone che riescono a combinare questo tipo di miscele, intenzionalmente o meno, con diverse sostanze, come l&#039;Erba e gli spiriti, pu\u00f2 esporre a un rischio molto pi\u00f9 elevato di negativi benessere. Mdma per la vendita<\/p>\n<p>MDMA in polvere \u00e8 spesso usato in medicina. Persone, di commercio, di solito consumano MDMA, ottenere in, come una regola, in capsule o in forma di pillola. Molte persone lo usano in combinazione con altri farmaci. In alcuni paesi, \u00e8 utilizzato principalmente nella cultura, Club, sale di soggiorno e ai Festival. Tuttavia, questo \u00e8 Molly farmaco \u00e8 superiore a qualsiasi altra droga. Mdma per la vendita<\/p>\n<p>Esso \u00e8 un potente stimolante, con empathogener e entaktogener effetto; l&#039;effetto dell&#039;MDMA dura circa mezz&#039;ora e la durata di azione di MDMA dura da quattro a sei ore, in modo che i ricercatori possono eseguire i loro esperimenti. Offriamo MDMA per l&#039;forense necessita di autorizzazione al investigatori. Quasi tutti coloro che acquista Estasi nella citt\u00e0 o nella raccolta di negozi, non ha idea di cosa sta spesso sul tablet. Per vendere Mdma<\/p>\n<h5>Di PI\u00d9:<\/h5>\n<p>Questa Estasi capsule di solito contengono le anfetamine, in combinazione con l&#039;MDMA, che porta ad effetti collaterali indesiderati. Non si dovrebbe mai tentare di peggiorare la vostra salute generale. Come risultato, il tatto, sia per gli uomini e le donne spesso frustrato ed esausto. MDMA principalmente stimola i neurotrasmettitori Serotonina e noradrenalina in certe aree del cervello. Appartiene alla classe di farmaci, sostituito anfetamine, e ha propriet\u00e0 stimolanti e allucinogeni propriet\u00e0. Per vendere Mdma<\/p>","protected":false},"excerpt":{"rendered":"<p>MDMA ZU VERKAUFEN: In der Tat haben wir MDMA zu sehr niedrigen Preisen zu verkaufen. MDMA ist zweifelsohne die formale Substanzbezeichnung f\u00fcr die reine synthetische Verbindung &#8211; in einer idealen Welt w\u00e4re Molly 100% reines MDMA. H\u00f6here Puls- und Herzfrequenzen k\u00f6nnen f\u00fcr Patienten mit Kreislaufproblemen extrem gef\u00e4hrlich sein, und eine erh\u00f6hte K\u00f6rpertemperatur kann zu einer Reihe von gef\u00e4hrlichen Folgen f\u00fchren. Ungeachtet der Tatsache, dass diese Substanz daf\u00fcr bekannt ist, Tr\u00e4ume zu unterdr\u00fccken, erleben einige K\u00e4ufer nach der Einnahme gro\u00dfer Mengen MDMA mehrere Abende lang ein bizarres und gelegentlich erschreckendes Verlangen. Geringf\u00fcgige Portionen k\u00f6nnen f\u00fcr die erste kleine Gruppe von Exploits\u2026<\/p>","protected":false},"featured_media":1578,"comment_status":"open","ping_status":"closed","template":"","meta":{"content-type":""},"product_brand":[],"product_cat":[120],"product_tag":[],"class_list":{"0":"post-1572","1":"product","2":"type-product","3":"status-publish","4":"has-post-thumbnail","6":"product_cat-mdma","8":"first","9":"instock","10":"shipping-taxable","11":"purchasable","12":"product-type-variable"},"_links":{"self":[{"href":"https:\/\/kokaindrogekaufen.com\/it\/wp-json\/wp\/v2\/product\/1572"}],"collection":[{"href":"https:\/\/kokaindrogekaufen.com\/it\/wp-json\/wp\/v2\/product"}],"about":[{"href":"https:\/\/kokaindrogekaufen.com\/it\/wp-json\/wp\/v2\/types\/product"}],"replies":[{"embeddable":true,"href":"https:\/\/kokaindrogekaufen.com\/it\/wp-json\/wp\/v2\/comments?post=1572"}],"wp:featuredmedia":[{"embeddable":true,"href":"https:\/\/kokaindrogekaufen.com\/it\/wp-json\/wp\/v2\/media\/1578"}],"wp:attachment":[{"href":"https:\/\/kokaindrogekaufen.com\/it\/wp-json\/wp\/v2\/media?parent=1572"}],"wp:term":[{"taxonomy":"product_brand","embeddable":true,"href":"https:\/\/kokaindrogekaufen.com\/it\/wp-json\/wp\/v2\/product_brand?post=1572"},{"taxonomy":"product_cat","embeddable":true,"href":"https:\/\/kokaindrogekaufen.com\/it\/wp-json\/wp\/v2\/product_cat?post=1572"},{"taxonomy":"product_tag","embeddable":true,"href":"https:\/\/kokaindrogekaufen.com\/it\/wp-json\/wp\/v2\/product_tag?post=1572"}],"curies":[{"name":"wp","href":"https:\/\/api.w.org\/{rel}","templated":true}]}}