{"id":1584,"date":"2023-06-27T19:20:00","date_gmt":"2023-06-27T18:20:00","guid":{"rendered":"https:\/\/kokaindrogekaufen.com\/?post_type=product&#038;p=1584"},"modified":"2024-12-06T07:01:16","modified_gmt":"2024-12-06T07:01:16","slug":"mdma-pillen-zu-verkaufen","status":"publish","type":"product","link":"https:\/\/kokaindrogekaufen.com\/it\/product\/mdma-pillen-zu-verkaufen\/","title":{"rendered":"PER VENDERE PILLOLE DI MDMA"},"content":{"rendered":"<h2>MDMA PILLEN KAUFEN:<\/h2>\n<p>Aaronay vendere MDMA pillole in tutto il mondo. Se si pensa che una pillola che ti d\u00e0, un amico o lo si pu\u00f2 trovare nella stanza di tuo discepolo, \u00e8 un piacere, potrebbe essere che il consumo di droga. MDMA pillole, noto anche come Gioia o Molly, \u00e8 una droga psicoattiva che agisce come un Energizer, e sostanze sintetiche come una parte del tuo cervello emette onde ottenere un effetto stimolante, per migliorare le vostre abilit\u00e0 e di aumentare sentimenti come l&#039;auto-consapevolezza e compassione.<\/p>\n<p>La linea di fondo \u00e8 che questo \u00e8 un momento particolarmente grave rischio se usato in modo errato scatola fatto. Gli effetti negativi di MDMA pillole di consumo oltre il Momento critico, oltre al continuo consumo. Quasi l &#039; 80 % degli acquirenti di MDMA pillole di rapporto di estrema stanchezza, Anhedonia, e la miseria dopo l&#039;assunzione di MDMA pillola. Per strada farmacista, \u00e8 davvero semplice. MDMA pillole per la vendita<\/p>\n<p>MDMA pillole con ogni sostanza, che sembra di essere l\u00ec, in modo che l&#039;MDMA pillole non mostrer\u00e0 che possono essere combinati per caso sotto diverse sostanze con tutte le droghe. Questa offensiva effetti sono solo a causa della serotonina consumo nel cervello \u00e8 possibile. Non avete idea di quello che c&#039;\u00e8 nel contenitore, e come influisce il vostro corpo. MDMA pillole per la vendita<\/p>\n<p>Il grado di purezza dell&#039;MDMA pillole di cambiamento come la maggior parte illegali, professionalmente i farmaci prescritti regolarmente, in modo che, nel caso di tipi, la fiducia utilizzati per essere indiscutibilmente degno, non vi \u00e8 alcuna garanzia che questo rimarr\u00e0 cos\u00ec. MDMA pillole in combinazione con il ghiaccio, la Velocit\u00e0 o la cocaina: Aumento del rischio di tensioni e ridotta funzione cerebrale a causa della dopamina, il consumo. L&#039;enorme stress sul sistema cardiovascolare e in altre parti del corpo umano pu\u00f2 portare ad un ictus. MDMA-per vendere pillole<\/p>\n<h3>MDMA PILLOLE ONLINE ACQUISTARE:<\/h3>\n<p>le sette e le otto di gioia, pu\u00f2 indurre le persone a sentire, a questo punto nel tempo, \u00e8 lucido, ma la sensazione \u00e8 fugace. I clienti possono sperimentare durante e subito dopo l&#039;uso di accompagnamento segni o sintomi. MDMA pillole sono generalmente considerato il farmaco di scelta all&#039;interno della scena Rave, e sono anche consumati nei locali, nelle feste e nelle vostre quattro mura. MDMA-per vendere pillole<\/p>\n<p>I risultati tangibili della musica e l&#039;illuminazione sono spesso eccezionalmente in sinergia con la droga al Rave ambiente. MDMA pillole di allucinogeni, anfetamine natura Superiore fornisce vari componenti per il suo richiamo per il cliente durante il Rave ambiente. Questo mette in evidenza i potenziali rischi connessi con l&#039;applicazione di moderne o in grado di orari, come la guida di un veicolo sotto l&#039;influenza di questa droga. MDMA pillole per la vendita<\/p>\n<p>MDMA pillole da sola non sar\u00e0 accettata a causa della sua storia come una droga ricreativa con un potenziale di danno, abuso e dipendenza per uso legale. In ogni caso, la FDA ha classificato gli effetti positivi del farmaco sui sintomi di PTSD e manifestazioni dal 2017 come &#034;terapie avanzate&#034;. Un&#039;altra esperienza che alcuni di MDMA pillole di rendere il consumatore, \u00e8 la ri-ingestione. MDMA pillole per la vendita<\/p>\n<p>Se qualcuno MDMA prende pillole, possono influenzare la droga \u00e8 la capacit\u00e0 del corpo di utilizzare, che porta a un alti livelli nel sangue. L&#039;Ecstasy \u00e8, senza dubbio, un illegale di droga MDMA pillole (3,4-metilendiossi-metanfetamina). \u00c8 energizzante e stimolante farmaco messo in relazione e genera due tipi di effetti, che lo rende un Evento popolare-droga. MDMA-per vendere pillole<\/p>\n<h4>MDMA PILLOLE PER LA VENDITA ONLINE:<\/h4>\n<p>Molly \u00e8 un termine usato per descrivere l&#039;euforia della capacit\u00e0 tipo. Aumento di impulso e della frequenza cardiaca pu\u00f2 essere per i consumatori con problemi circolatori \u00e8 estremamente pericoloso, e l&#039;aumento di temperatura che pu\u00f2 portare ad una serie di risultati pericolosi. PTSD si sviluppa dopo che una Persona ha vissuto un evento traumatico, come una pioggia di eventi, abusi sessuali, incidenti o guerre. Per vendere pillole di MDMA<\/p>\n<p>I ricordi possono abbagliare in Forma di assegno o brutti Sogni si verificano, che provoca molte persone a ricordare i terrificanti eventi. Una critica PTSD pu\u00f2 anche portare all&#039;autodistruzione. Per indagare se l&#039;MDMA pillole abitudine di formazione effetto sulle prestazioni. Gli studi hanno dimostrato che gli animali MDMA pillole di se stessi \u2013 un importante indicatore del rischio di uso di droghe illecite, anche se in misura minore rispetto ad altre droghe come la cocaina. MDMA pillole per la vendita<\/p>\n<p>Il profilo di rischio di MDMA \u00e8 abbastanza basso da giustificare ulteriori attivit\u00e0 di ricerca nell&#039;ambito di studi clinici. Tuttavia, questo vale solo per attentamente progettato impostazioni di test con verified adulto problemi, e non per l&#039;intero consumo di MDMA. La linea guida pu\u00f2 ridurre la probabilit\u00e0 che uno si immagina di MDMA. MDMA pillole per la vendita<\/p>\n<p>Anche se tutti i farmaci possono essere dannosi, sembra MDMA per essere pi\u00f9 sicuro che la maggior parte delle altre droghe illegali. Se si seguono le linee guida per il controllo dei danni, \u00e8 MDMA pi\u00f9 sicuro. A causa del ripetuto uso di droga all&#039;interno di brevi intervalli di tempo possono interferire con il personale del metabolismo (ripartizione all&#039;interno del corpo), pu\u00f2 essere molto pericoloso fasi raggiunto. MDMA-per vendere pillole<\/p>\n<h5>MDMA PILLOLE PER LA VENDITA IN EUROPA:<\/h5>\n<p>Dopo anni di consumo, \u00e8 difficile MDMA pillole per amministrare, dato che il corpo umano ha a regolare il funzionamento senza MDMA pillole. I sintomi di ritiro deve avvenire dopo 7 giorni, e di solito dopo un mese a scomparire. L&#039;uso a lungo termine di MDMA pillole negli adulti pu\u00f2 causare danni al Sistema della Serotonina. I consumatori hanno bisogno di MDMA pillole, o di Estasi, di lotta con la dipendenza tendono a soffrire di pi\u00f9 gravi conseguenze a lungo termine. MDMA pillole per la vendita<\/p>\n<p>Molti consumatori non sono consapevoli del fatto che i farmaci sono mescolate con altre sostanze, che porta ancora pi\u00f9 pericoloso dei consumatori scenari. Molly, un altro termine slang per MDMA pillole sono mescolate con altre sostanze, spesso contenenti MDMA pillole. In Generale, gli acquirenti di MDMA-l&#039;inebriante effetti dell&#039;MDMA pillole esperienza-pillole in circa 45 minuti dopo l&#039;assunzione di una singola dose. L&#039;Ecstasy pu\u00f2 essere ingerito pillole in regola. Molte persone li schiacciano e snort loro. MDMA pillole per la vendita<\/p>\n<p>Abbiamo le migliori MDMA pillole negozio in Internet si cerca una grande selezione di alta qualit\u00e0 di pillole di Ecstasy, con un solo clic, l&#039;ordine, e migliorare la vostra salute generale, senza rompere la Banca. La concentrazione di MDMA in pillole di Ecstasy varia ampiamente. Alcune pillole di Ecstasy contenere un certo numero di altri, molto pi\u00f9 pericoloso di prescrizione di farmaci che hanno bisogno di un po &#039; di pi\u00f9 per il cast. MDMA-per vendere pillole<\/p>\n<p>Zu diesen Ergebnissen geh\u00f6ren eine gesteigerte Wahrnehmung, perfekt zu werden, erh\u00f6hte Extrovertiertheit, emotionale W\u00e4rme und Empathie f\u00fcr viele andere. MDMA-Pillen werden h\u00e4ufig als die Droge der Wahl in der Rave-Kultur angesehen und sind auch in Golfanlagen, auf Festivals und bei privaten Zusammenk\u00fcnften zu finden. Die sensorischen Effekte der Musik und der Lichter aus der Rave-Sph\u00e4re sind h\u00e4ufig wirklich synergetisch mit der gesamten Medizin. MDMA Pillen zu verkaufen<\/p>\n<h5>PER VENDERE MDMA:<\/h5>\n<p>Die anregende Wirkung der Droge MDMA-Pillen werden seltener konsumiert als andere Stimulanzien, in der Regel weniger als einmal pro Woche. Wer MDMA-Pillen von der Stange kauft, erwirbt sie in der Regel in Form von Kapseln oder Tabletten, w\u00e4hrend andere die Droge in fl\u00fcssiger Form schlucken oder das Pulver schnupfen. MDMA-Pillen zum Verkauf<\/p>\n<p>Molly (umgangssprachlich f\u00fcr \u201emolekular\u201c) ist ein beliebter Spitzname f\u00fcr \u201ereine\u201c MDMA-Pillen in Form von kristallinem Pulver, die in der Regel in Kapseln angeboten werden. Diese Substanzen k\u00f6nnen extrem gef\u00e4hrlich sein, wenn die Person nicht kontrolliert, was sie konsumiert. Wenn sie mit MDMA-Pillen kombiniert werden, k\u00f6nnen sie gef\u00e4hrlich sein. MDMA-Pillen zu verkaufen<\/p>\n<h6>INOLTRE :<\/h6>\n<p>MDMA-Pillen waren urspr\u00fcnglich in der Nachtclubszene beliebt und wurden \u00fcberall geraucht, aber die Droge betrifft jetzt eine gr\u00f6\u00dfere Anzahl von Menschen, die regelm\u00e4\u00dfig mit der Droge Ecstasy oder Molly in Ber\u00fchrung kommen. oder unwissentlich diese Arten von Mischungen mit anderen Substanzen, wie Marihuana und alkoholischen Getr\u00e4nken, einnehmen, k\u00f6nnen sie einem noch gr\u00f6\u00dferen Risiko gesundheitlicher Beeintr\u00e4chtigungen aussetzen.<\/p>\n<p>MDMA-Pillen in Form von kristallinem Pulver gelten als frei von F\u00e4lschungen. MDMA-Pillen sind als Hydrochloridsalz sowie als einzelne MDMA-Tabletten in kristalliner Form oder als Kapseln erh\u00e4ltlich.<\/p>","protected":false},"excerpt":{"rendered":"<p>MDMA PILLEN KAUFEN: Aaronay hat MDMA Pillen zu verkaufen in der ganzen Welt. Wenn du glaubst, dass eine Pille, die dir ein Freund gibt oder die du im Zimmer deines Sch\u00fclers findest, ein Genuss ist, k\u00f6nnte es dieses Medikament sein. MDMA-Pillen, auch bekannt als Joy oder Molly, sind ein psychoaktives Medikament, das als Energizer fungiert und synthetische Substanzen als Bestandteil deines Gro\u00dfhirns abgibt, um eine belebende Wirkung zu erzielen, deine F\u00e4higkeiten zu verbessern und Gef\u00fchle wie Selbstbewusstsein und Mitgef\u00fchl zu steigern. Unterm Strich ist das ein besonders gro\u00dfes Risiko, wenn man eine falsch gemachte Kiste benutzt. Die ung\u00fcnstigen Auswirkungen des\u2026<\/p>","protected":false},"featured_media":1609,"comment_status":"open","ping_status":"closed","template":"","meta":{"content-type":""},"product_brand":[],"product_cat":[120],"product_tag":[],"class_list":{"0":"post-1584","1":"product","2":"type-product","3":"status-publish","4":"has-post-thumbnail","6":"product_cat-mdma","8":"first","9":"instock","10":"shipping-taxable","11":"purchasable","12":"product-type-variable"},"_links":{"self":[{"href":"https:\/\/kokaindrogekaufen.com\/it\/wp-json\/wp\/v2\/product\/1584"}],"collection":[{"href":"https:\/\/kokaindrogekaufen.com\/it\/wp-json\/wp\/v2\/product"}],"about":[{"href":"https:\/\/kokaindrogekaufen.com\/it\/wp-json\/wp\/v2\/types\/product"}],"replies":[{"embeddable":true,"href":"https:\/\/kokaindrogekaufen.com\/it\/wp-json\/wp\/v2\/comments?post=1584"}],"wp:featuredmedia":[{"embeddable":true,"href":"https:\/\/kokaindrogekaufen.com\/it\/wp-json\/wp\/v2\/media\/1609"}],"wp:attachment":[{"href":"https:\/\/kokaindrogekaufen.com\/it\/wp-json\/wp\/v2\/media?parent=1584"}],"wp:term":[{"taxonomy":"product_brand","embeddable":true,"href":"https:\/\/kokaindrogekaufen.com\/it\/wp-json\/wp\/v2\/product_brand?post=1584"},{"taxonomy":"product_cat","embeddable":true,"href":"https:\/\/kokaindrogekaufen.com\/it\/wp-json\/wp\/v2\/product_cat?post=1584"},{"taxonomy":"product_tag","embeddable":true,"href":"https:\/\/kokaindrogekaufen.com\/it\/wp-json\/wp\/v2\/product_tag?post=1584"}],"curies":[{"name":"wp","href":"https:\/\/api.w.org\/{rel}","templated":true}]}}