{"id":1594,"date":"2023-06-27T19:20:00","date_gmt":"2023-06-27T18:20:00","guid":{"rendered":"https:\/\/kokaindrogekaufen.com\/?post_type=product&#038;p=1594"},"modified":"2024-12-06T07:05:49","modified_gmt":"2024-12-06T07:05:49","slug":"trump-mdma-pillen-zu-verkaufen","status":"publish","type":"product","link":"https:\/\/kokaindrogekaufen.com\/it\/product\/trump-mdma-pillen-zu-verkaufen\/","title":{"rendered":"PER VENDERE TRUMP MDMA PILLOLE"},"content":{"rendered":"<h2>PER VENDERE TRUMP MDMA PILLOLE:<\/h2>\n<p>Prima di tutto, abbiamo Trump MDMA Pillole per la Vendita con 100% di garanzia dei soldi-indietro della politica. Arancione euforia pillole, che sono stati decorati con la Somiglianza del Presidente Trump, e pi\u00f9 di due dosi di MDMA sono stati trovati in concorso musicale &#034;Bestival&#034;. Nel caso di Prove di Briscola MDMA pillole con medie ed alte dosi di un esteso piacere e l&#039;eccitazione continuum \u00e8 stato rilevato. All&#039;indomani della Trump MDMA Pillole di crescente amicizia \u00e8 coerente, anche se i suoi risultati sono mescolati sulla compassione, al fine di innegabilmente pi\u00f9.<\/p>\n<p>No, non ci sono cliniche di farmaci per la dipendenza di Briscola MDMA Pillole. Alcune persone, cercando di scoprire una strategia per la dipendenza di Briscola MDMA Pillole, hanno scoperto che un comportamento pu\u00f2 essere il trattamento \u00e8 importante. I ricercatori hanno bisogno di fare molto di pi\u00f9 test per vedere quanto sia incredibile questo healing \u00e8 un metodo per la dipendenza di Briscola MDMA Pillole. Il allucinogeni, anfetamine natura dell&#039;MDMA un paio di interessanti elementi per i clienti del Rave Impostazione.<\/p>\n<p>Alcune persone godono la sensazione di Massa comunione dal dilagante effetti del farmaco, mentre altri lo utilizzano a causa dell&#039;effetto stimolante del farmaco come un narcotico. Trump MDMA Pillole, a causa della loro simpatico effetto di un empathogen di droga. Gli effetti di vari studi mostrano le conseguenze di un lungo compassione per gli altri.<\/p>\n<h3>TRUMP MDMA PILLOLE ONLINE ACQUISTARE:<\/h3>\n<p>La Briscola \u00e8 pericoloso per le compresse, le azioni generose della Trump MDMA Pillole, e ogni Persona mettere questo in danno base. Abbiamo visto Trump MDMA Pillole compresse insieme ad una serie di sociale-conoscere le cose prima, e un recente esempio di questo \u00e8 la &#034;briscola&#034;, anche Se Trump MDMA Pillole e altri Club-doctor who-farmaci consigliati in questo distintivo i moduli sono disponibili, sono nella posizione di qualcuno desideroso di guardare a Briscola in bocca. Per vendere Trump MDMA Pillole<\/p>\n<p>Ho il sospetto che Melania chiudere i vostri occhi e la vostra eredit\u00e0 di pensiero, quando si deve attuare. Interazioni voci di ispezione e delle amministrazioni smart procedure per il sostegno delle scelte della gente circa la difficolt\u00e0, che \u00e8 in uso. Con maestria attraverso il suo ciclo, e Questi sono di solito alle feste, e sar\u00e0 praticamente qualsiasi spazio di vita possibile, ovunque farmaci sono di solito prese. Per vendere Trump MDMA Pillole<\/p>\n<p>I sintomi di ritiro di gioia, pu\u00f2 essere distinto da moderatamente a fondamentalmente a causa della ripetizione dell&#039;uso e della dipendenza. A volte la gente inizia con l&#039;assunzione di Briscola MDMA Pillole, o di portare tutto il rotolo, tenendo ancora un altro farmaco per prevenire il ritiro. Il metabolismo pu\u00f2 essere influenzata dall&#039;et\u00e0, l&#039;attivit\u00e0 di stage e selezionato il benessere e la salute circostanze. Per vendere Trump MDMA Pillole<\/p>\n<h4>TRUMP MDMA PILLOLE PER LA VENDITA ONLINE:<\/h4>\n<p>Ognuno pu\u00f2 essere veloce o lento Metabolizers del farmaco, simile al Rapimento. Una Persona che ha un alto valore metabolico, hanno, in Generale, un modesto scoperta finestra per tromba MDMA Pillole come qualcuno che include una carica pi\u00f9 lenta. Trump MDMA Pillole \u00e8 spesso un Piano l&#039;ho controllato sostanza, suggerendo che non ci siano percepiti i servizi medici e di una maggiore Probabilit\u00e0 di abuso. Per vendere Trump MDMA Pillole<br \/>\nSi vous cherchez un bracelet. Il y en a pour tous les looks, du pr\u00e8s du corps au structur\u00e9, des poignets \u00e0 la cha\u00eene. <a href=\"https:\/\/www.high-endrolex.com\/\" target=\"_blank\" rel=\"noopener\">chain bracelet<\/a> et des poignets.<br \/>\nD&#039;altra parte, logico le indagini sono in corso per determinare la sua Idoneit\u00e0 come un potenziale trattamento per lo Stress e la tensione nelle persone con PTSD (Recensione Terribile Ceppo della Malattia) e lo stadio finale di disturbo. Queste sostanze possono indubbiamente essere pericoloso se l&#039;Individuo vede ci\u00f2 che vuole. Si pu\u00f2 anche essere pericoloso, quando combinato con Trump MDMA Pillole. Per vendere Trump MDMA Pillole<\/p>\n<p>Le persone che mix, volutamente o involontariamente, questo tipo di miscela con altre sostanze, simili all&#039;Erba e alcol pu\u00f2 esporre a un maggior rischio di effetti dannosi per il benessere. Un nuovo pericolo di droga Club \u00e8 che il liquido, caso, o in polvere tipi di queste regole presentate su strada in Generale, misteriose sostanze che possono essere pericolose, come le altre droghe o farmaci. Trump MDMA pillole per la vendita<\/p>\n<p>Come risultato della fantastica e energizer attributi di Briscola MDMA Pillole, \u00e8 possibile scoprire, fattibile per la regolazione o forse l&#039;inclinazione e la pericolosa impulso, apparato circolatorio-l&#039;aumento della spesa, e, in Generale, il calore interno dei livelli. Queste Trappole sono di solito intorno controllato in proiettato persone e gestito in termini di Trump MDMA Pillole supportato il trattamento, anche se ostile risultati e passaggi in incontrollati impostazioni hai portato. Per vendere Trump MDMA Pillole<\/p>\n<h5>PER VENDERE MDMA:<\/h5>\n<p>Anche se piuttosto un sacco della sua vitalit\u00e0 \u00e8 probabile che sia per i sistemi di cambiamento che vengono trasferiti ad altri PTSD guarigione, il versatile modifiche per la violazione interessati Credenze e migliorato la barriera di insensato tensione risposte ricordare, consolidando Trump MDMA Pillole Organizzazione e la psicoterapia possono usufruire di condizionare i processi di recupero, come pure. Trump MDMA Pillole per la vendita<\/p>\n<p>In combinazione con la psicoterapia \u00e8 la presa di Briscola MDMA Pillole offre l&#039;opportunit\u00e0 &#034;per mantenere i feriti clienti in un punto di mentale, la sicurezza, la riflessione si crea una condizione di empatia, di s\u00e9, attraverso la quale egli si trova di fronte per la prima Volta nella sua vita con i suoi ricordi orribili, viene sconfitto dalla massiccia effetto antagonistico, che a volte \u00e8 associata con una Rassegna dei suoi fastidiosi sentimenti&#034;. Per vendere Trump MDMA Pillole<\/p>","protected":false},"excerpt":{"rendered":"<p>TRUMP MDMA PILLEN ZU VERKAUFEN: Erstens haben wir Trump MDMA Pills for Sale mit einer 100% Geld-zur\u00fcck-Garantie Politik. Orangefarbene Euphorie-Pillen, die mit der \u00c4hnlichkeit von Pr\u00e4sident Trump verziert waren und mehr als zwei Portionen MDMA enthielten, wurden bei dem Musikwettbewerb &#8222;Bestival&#8220; gefunden. Bei Tests von Trump-MDMA-Pillen mit mittleren und hohen Dosen wurde ein erweitertes Genie\u00dfer- und Erregungskontinuum festgestellt. Die Nachwirkung von Trump MDMA Pills wachsende Freundlichkeit ist konsequent, obwohl seine Ergebnisse auf Mitgef\u00fchl am Ende unbestreitbar mehr gemischt werden. Es gibt keine speziellen klinischen Medikamente f\u00fcr die Abh\u00e4ngigkeit von Trump MDMA Pills. Einige Leute, die versuchen, eine Strategie f\u00fcr die\u2026<\/p>","protected":false},"featured_media":1610,"comment_status":"open","ping_status":"closed","template":"","meta":{"content-type":""},"product_brand":[],"product_cat":[120],"product_tag":[],"class_list":{"0":"post-1594","1":"product","2":"type-product","3":"status-publish","4":"has-post-thumbnail","6":"product_cat-mdma","8":"first","9":"instock","10":"shipping-taxable","11":"purchasable","12":"product-type-variable"},"_links":{"self":[{"href":"https:\/\/kokaindrogekaufen.com\/it\/wp-json\/wp\/v2\/product\/1594"}],"collection":[{"href":"https:\/\/kokaindrogekaufen.com\/it\/wp-json\/wp\/v2\/product"}],"about":[{"href":"https:\/\/kokaindrogekaufen.com\/it\/wp-json\/wp\/v2\/types\/product"}],"replies":[{"embeddable":true,"href":"https:\/\/kokaindrogekaufen.com\/it\/wp-json\/wp\/v2\/comments?post=1594"}],"wp:featuredmedia":[{"embeddable":true,"href":"https:\/\/kokaindrogekaufen.com\/it\/wp-json\/wp\/v2\/media\/1610"}],"wp:attachment":[{"href":"https:\/\/kokaindrogekaufen.com\/it\/wp-json\/wp\/v2\/media?parent=1594"}],"wp:term":[{"taxonomy":"product_brand","embeddable":true,"href":"https:\/\/kokaindrogekaufen.com\/it\/wp-json\/wp\/v2\/product_brand?post=1594"},{"taxonomy":"product_cat","embeddable":true,"href":"https:\/\/kokaindrogekaufen.com\/it\/wp-json\/wp\/v2\/product_cat?post=1594"},{"taxonomy":"product_tag","embeddable":true,"href":"https:\/\/kokaindrogekaufen.com\/it\/wp-json\/wp\/v2\/product_tag?post=1594"}],"curies":[{"name":"wp","href":"https:\/\/api.w.org\/{rel}","templated":true}]}}