{"id":1602,"date":"2023-06-27T19:20:01","date_gmt":"2023-06-27T18:20:01","guid":{"rendered":"https:\/\/kokaindrogekaufen.com\/?post_type=product&#038;p=1602"},"modified":"2024-12-06T07:16:17","modified_gmt":"2024-12-06T07:16:17","slug":"2-fma-zu-verkaufen","status":"publish","type":"product","link":"https:\/\/kokaindrogekaufen.com\/it\/product\/2-fma-zu-verkaufen\/","title":{"rendered":"PER LA VENDITA 2-FMA"},"content":{"rendered":"<h2>PER LA VENDITA 2-FMA:<\/h2>\n<p>Nella maggior parte dei casi, abbiamo un 2-FMA per la vendita in tutto il mondo a prezzi molto moderati. La visualizzazione migliorata di 2-FMA sono un sacco di tempo e solo un po &#039; scontato nel caso di grandi misure. Essi sono molto simili quanto deliriants e ottenere extra prompt dunstigeren punti. Conservare in un luogo asciutto e fuori controllo luogo ideale per un arco di tempo realistico di usabilit\u00e0.<\/p>\n<p>Se si lavora con sostanze di sintesi, si dovrebbe prendere in struttura di ricerca, con le opportune precauzioni, come ad esempio la pulizia di superfici e di Indossare dei guanti, un coperchio, e indumenti protettivi. Gli individui che fanno uso di regolamento, il 2-FMA, potrebbe informare un elevato stato d&#039;animo, in conseguenza di Avere questi farmaci bene. Questo \u00e8 dovuto al fatto che le sostanze nelle loro teste aumentare e, di conseguenza, per controllare in modo efficace la loro Disposizione. 2-FMA per la vendita<\/p>\n<p>Energizer farmaci sono riconosciuti, che le persone con grasso di supportare la rimozione da Soffoca il vostro Desiderio per il cibo. Questo risultato porta al fatto che il cliente ha consumato un totale di meno di graffette. Poi di nuovo, produciamo regolarmente altre strutture composite accessibili, in modo da essere libero di entrare in contatto con noi per verificare se ci sono supportate tipo di materiale in magazzino. \u00c8 importante essere non meno di 18 molti anni di et\u00e0, in modo da ottenere 2-FMA da noi. 2-FMA per la vendita<\/p>\n<p>Poi di nuovo, siamo in grado di produrre costantemente diverse strutture in composito accessibili, in modo da essere libero di farci controllare se ci sono supportate tipo di Materiale in magazzino. \u00c8 fondamentale essere da qualche parte intorno a 18 molti anni di et\u00e0, in modo da ottenere 2-FMA da noi. Energizer farmaci sono utilizzati regolarmente dai bambini della scuola per migliorare la loro concentrazione durante i loro studi. 2-FMA per la vendita<\/p>\n<h3>2-FMA ACQUISTARE ONLINE:<\/h3>\n<p>\u00c8 stato rilevato che circa il sessanta percento dei giovani che fanno uso di Energizer, questo ha fatto anche durante il loro tempo a scuola. Dopo credo 2-FMA, o possono avere 2-FA una settimana dopo settimana premessa, per l&#039;aiuto che, all&#039;inizio dell&#039;anno per me nella mia comunit\u00e0 scientifica, e hanno scoperto segni o manifestazioni di individui, che non sono mostrato sicuramente, per esempio, urine di manutenzione con due FMA. 2-FMA per la vendita<\/p>\n<p>Detto questo, produciamo utilizzano regolarmente composito gamme di prodotto accessibile a tutti, cos\u00ec si Erano felici di prendere, per la Possibilit\u00e0 casuale, per trovare che ora il loro pi\u00f9 popolare tipo di Materiale in magazzino. Si dovrebbe essere da qualche parte intorno a diciotto per un po&#039;, 2-FMA da noi. Dosi di 2-FMA nell&#039;100mg+ mostra causare leggermente e tremolante, Nistagmo (occhio dimena). 2-FMA per la vendita<\/p>\n<p>Segnalazioni aneddotiche da ciascuno dei soggetti che hanno valutato 2-FMA, le tariffe, che non sembrano essere tutti inquietante risultati di salute accreditato solo a provare questo link per eccezionalmente basso-medio-porzioni da solo o applicare con parsimonia (ma nulla pu\u00f2 essere completamente garantita). 2-FMA per la vendita<\/p>\n<h4>2-FMA PER LA VENDITA ONLINE:<\/h4>\n<p>Tutto sommato, si potrebbe essere uno qualsiasi Energizer dare cardiovascolari riguarda, se in modo errato, o sono mangiato, la semplice realt\u00e0 \u00e8 gestita in modo che le persone non sono certamente estremamente attenti con il vostro SNC programmi nel vostro punto di conseguimento dell&#039;efficienza, o rapimento. Energizer farmaci prescritti dai medici sono percepiti per sostenere le persone con oggi di Spargimento di peso corporeo per soffocare dal vostro desiderio. 2-fma per la vendita<\/p>\n<p>Questo effetto fa s\u00ec che l&#039;acquirente mangiare in gran parte meno cibo. 2-FMA \u00e8 designato come controllato elenco del Materiale che ho, nonostante che la medicina da un medico autorizzato \u00e8 necessario disporre di 2-FMA in Canada e promuovere. Il possesso, senza un permesso di soggiorno, pu\u00f2 comportare multe per grandi e reclusione possibile. Anche se 2-FMA \u00e8 regolarmente considerato un farmaco, non \u00e8 psico-attive, risultati, e possono essere limitati solo all&#039;azione cerebrale con l&#039;individuo, e in direzione di sportivo. 2-FMA per la vendita<\/p>\n<p>2-FMA Pellet sono strettamente per l&#039;utilizzo in strutture di ricerca, e non per uso umano autorizzati. Ogni punto della dose e l&#039;assistenza di persone o creature, o quasi tutto ci\u00f2 che non \u00e8 connesso ad uso accettabile. \u00c8 davvero importante che questi risultati derivano in modo davvero sorprendente o di una tecnologia affidabile, mentre dosi pi\u00f9 elevate sono pi\u00f9 in pericolo di operare una vasta gamma di effetti. 2-fma per la vendita<\/p>\n<h4>2-FMA PER LA VENDITA IN EUROPA:<\/h4>\n<p>Inoltre, i risultati sfavorevoli venuto per essere con alte dosi innegabilmente plausibile e pu\u00f2 contenere dipendenza e di base singola violazione. Anche se il principio attivo \u00e8 di 2-non \u00e8 stato studiato FMA ufficialmente a parit\u00e0 di somma tradizionale anfetamine, mostra logico indagini, che ha corso sia come la dopamina cos\u00ec come la noradrenalina, specialista di opere. 2-fma per la vendita<\/p>\n<p>Questo significa che \u00e8 correttamente supportato dai livelli di noradrenalina e dopamina, limitando le proteine carrier, e qualcosa si sta impedendo di solito raccoglie nella fessura sinaptica. Non c&#039;\u00e8 nessuna proposta di proporzione, perch\u00e9 2 non \u00e8 determinato fluoro metanfetamina facile per il consumo umano, ma per una sintetica indagine come legittimo enorme per scopi di indagine \u00e8 pubblicizzato. 2-fma per la vendita<\/p>\n<p>Il farmaco \u00e8 di solito pi\u00f9 soddisfacente e riconoscibile come il Modafinil, ma entrambe sono molto pi\u00f9 forti di sport. Energizer ricette sono noti per aiutare le persone di oggi Spargimento di grasso Soffocando le loro voglie. Questo impatto individuale Burn-in, sar\u00e0 molto meno fiocco. Per la vendita 2-fma<\/p>\n<h5>INOLTRE :<\/h5>\n<p>In realt\u00e0, io non sarei troppo sorpreso se questa storia di intensi effetti cardiovascolari (non cardiotossici, Considerazioni, si prega di reale, soprattutto a causa di 2 incluso FMA esplicitamente la felicit\u00e0 che \u00e8 associato con la maggior parte degli altri subbed anfetamine, in modo che una Persona in cerca di rapimento. Per la vendita 2-FMA<\/p>\n<p>Le persone che utilizzano sedativi, 2-FMA incluso, potrebbe verificarsi un aumento di umore, poco dopo l&#039;assunzione di questo farmaco. \u00c8 perch\u00e9 le sostanze nel cervello, e lungo queste linee di controllare in modo efficace la loro Disposizione. 2-FMA per la vendita<\/p>","protected":false},"excerpt":{"rendered":"<p>2-FMA ZU VERKAUFEN: In den meisten F\u00e4llen haben wir 2-FMA zum Verkauf auf der ganzen Welt zu sehr moderaten Preisen. Die verbesserte Visualisierungen von 2-FMA sind viel von der zeitlosen stetig und nur etwas offensichtlich bei gr\u00f6\u00dferen Messungen. Sie sind wirklich viel das gleiche wie deliriants und kommen \u00fcber extra prompt in dunstigeren Flecken. Halten Sie in einem trockenen und au\u00dfer Kontrolle Ort f\u00fcr die ideale Zeitrahmen der realistischen Verwendbarkeit. Wenn Sie mit synthetischen Substanzen arbeiten, sollten Sie in der Forschungseinrichtung die entsprechenden Vorsichtsma\u00dfnahmen treffen, wie z. B. die Reinigung von Oberfl\u00e4chen und das Tragen von Handschuhen, einer Abdeckung und\u2026<\/p>","protected":false},"featured_media":1611,"comment_status":"open","ping_status":"closed","template":"","meta":{"content-type":""},"product_brand":[],"product_cat":[163],"product_tag":[],"class_list":{"0":"post-1602","1":"product","2":"type-product","3":"status-publish","4":"has-post-thumbnail","6":"product_cat-forschung-chemikalien","8":"first","9":"instock","10":"shipping-taxable","11":"purchasable","12":"product-type-variable"},"_links":{"self":[{"href":"https:\/\/kokaindrogekaufen.com\/it\/wp-json\/wp\/v2\/product\/1602"}],"collection":[{"href":"https:\/\/kokaindrogekaufen.com\/it\/wp-json\/wp\/v2\/product"}],"about":[{"href":"https:\/\/kokaindrogekaufen.com\/it\/wp-json\/wp\/v2\/types\/product"}],"replies":[{"embeddable":true,"href":"https:\/\/kokaindrogekaufen.com\/it\/wp-json\/wp\/v2\/comments?post=1602"}],"wp:featuredmedia":[{"embeddable":true,"href":"https:\/\/kokaindrogekaufen.com\/it\/wp-json\/wp\/v2\/media\/1611"}],"wp:attachment":[{"href":"https:\/\/kokaindrogekaufen.com\/it\/wp-json\/wp\/v2\/media?parent=1602"}],"wp:term":[{"taxonomy":"product_brand","embeddable":true,"href":"https:\/\/kokaindrogekaufen.com\/it\/wp-json\/wp\/v2\/product_brand?post=1602"},{"taxonomy":"product_cat","embeddable":true,"href":"https:\/\/kokaindrogekaufen.com\/it\/wp-json\/wp\/v2\/product_cat?post=1602"},{"taxonomy":"product_tag","embeddable":true,"href":"https:\/\/kokaindrogekaufen.com\/it\/wp-json\/wp\/v2\/product_tag?post=1602"}],"curies":[{"name":"wp","href":"https:\/\/api.w.org\/{rel}","templated":true}]}}