{"id":1612,"date":"2023-06-27T19:20:11","date_gmt":"2023-06-27T18:20:11","guid":{"rendered":"https:\/\/kokaindrogekaufen.com\/?post_type=product&#038;p=1612"},"modified":"2024-12-06T07:19:23","modified_gmt":"2024-12-06T07:19:23","slug":"2c-b-zu-verkaufen","status":"publish","type":"product","link":"https:\/\/kokaindrogekaufen.com\/it\/product\/2c-b-zu-verkaufen\/","title":{"rendered":"2C-VENDITA B"},"content":{"rendered":"<h2>2C-VENDITA B<\/h2>\n<p>In Generale, abbiamo a vendere 2C-B a prezzi molto bassi. 2C-B \u00e8 una droga allucinogena che produce stimolare emozioni e sentimento. L&#039;identificazione di questo farmaco \u00e8 positivamente e significativamente opaco, ma un nuovo &#034;boom&#034; nella notte-scena richiama l&#039;attenzione 2C-B. \u00e8 Essenzialmente un modo per coordinare il tessuto che viene durante un MDMA-incontro, e i membri dell&#039;edificio, per portare la mescalina-come effetto di 2C-B nuovo &#034;nel vostro corpo&#034;. 2C-B per la vendita<\/p>\n<p>Infine, una azienda farmaceutica tedesca ha iniziato con il nome di la terza con la produzione di 2C-B in una dose di cinque milligrammi e commercializzato come un &#034;Nexus&#034;, un farmaco per aumentare la potenza, la debolezza e il &#034;freddo&#034; che dovrebbe alleviare il. Come MDMA \u00e8 stato vietato nel 1985 negli Stati Uniti, \u00e8 stato 2C-B giuridica della sostituzione rapidamente. Le interazioni idrofobiche con idrofobica aree di messa a fuoco sulla restrizione pu\u00f2 essere causato da Composti idrofobici del profumo dell&#039;anello e planare profumo struttura ad anello all&#039;interno della feniletilammina spina dorsale della k-2C-B. 2C-B per la vendita<\/p>\n<p>Se il 2C-B in dosi ragionevoli (meno di 25 trenta mg) sembra essere significativa deve le persone con problemi di cuore o epilessia con la sostanza di essere pi\u00f9 attenti, perch\u00e9 si pu\u00f2 colpire il cuore somma, l&#039;ipertensione arteriosa e la focale ansioso programma. La maggior parte dei farmaci giudizi non riconoscere 2C-B. 2C-B per la vendita<\/p>\n<h3>2C-B ACQUISTARE ONLINE:<\/h3>\n<p>Solo a determinati farmaci, test, spettrometria di massa o di gas Cromatografia uso, sono in grado di separare il 2C-B dal sangue o le urine. Gli utenti possono avere sogni, il pi\u00f9 delicato risultati visivi sono aumentato, cos\u00ec come il viso contorsioni, superfici in movimento, o in movimento, suoni o sensazioni simili alla sede di Sembra. Grandi dosi pu\u00f2 causare un sacco di bizarrere mentale Viaggi, che pu\u00f2 essere sgradevole o spaventoso. 2C-vendita B<\/p>\n<p>Recentemente, \u00e8 stato riferito circa la claustrofobia del Muscolo e di suggestioni. 2C-B \u00e8 venduto da venditori e potrebbero essere disponibili anche sul Darknet-correlati. Secondo il Mondiale di stupefacenti Indagine 2019, l&#039;acquisizione di 2C-B \u00e8 aumentata nella Darknet, negli ultimi cinque anni, nonostante DMT e ketamina. Secondo la Drug Enforcement Administration (DEA) credere in vari operatori che \u00e8 possibile il trasporto di MDMA, ma potrebbe essere 2C-B. 2C-B per la vendita<\/p>\n<p>Allo stato attuale, la soluzione sar\u00e0 utilizzata anfetamine e l&#039;anfetamina Sostituisce ampiamente per il trattamento di ADHD (deficit di attenzione e iperattivit\u00e0). L&#039;abuso di essi \u00e8 attualmente un grande problema economico. 2C-B \u00e8 un sistema intelligente di psico-attivo, che \u00e8 stato sviluppato nel 1974 dall&#039;naturale farmacia e Psico-farmacologi, Alexander &#034;Sasha&#034; Shulgin. Shulgin \u00e8 come un &#034;Genitore di Backup di Estasi&#034; e ha prodotto pi\u00f9 di 200 allucinogeni miscele in un puzzolente laboratorio sulla sua propriet\u00e0 in Zona Baia di &#034;La Fattoria&#034; note legali. 2C-vendita B<\/p>\n<h3>2C-B PER LA VENDITA ONLINE:<\/h3>\n<p>Un diverso tipo di 2C-B, il modello di trading elettronico organizzazione in cui i privati e affari di servizi in grado di offrire e la societ\u00e0 pagher\u00e0 l&#039;acquirente. Questo modello di business \u00e8 una completa inversione del tradizionale modello di business, partnership di Beni e servizi ai clienti. Fino al 10 % degli studenti dell&#039;istruzione secondaria nell&#039;uso dell&#039;energia \u00e8 stato osservato per il trattamento di ADHD, e quasi il 35% degli studenti a livello di scuola secondaria hanno ricevuto questo tipo di farmaco prescritto per lei. 2C-vendita B<\/p>\n<p>La dipendenza da una sostanza, per sentirsi davvero costruito o incantata, \u00e8 in genere un segno di dipendenza. Se voi o qualcuno che conosci, 2C-B mancate, sono in cerca di aiuto. Contattare un esperto di tecnologia di supporto in caso di problemi e soluzioni in connessione con il recupero. Non ci sono risultati della ricerca di 2C-b 2C-B per la vendita<\/p>\n<p>A prescindere di come questo materiale \u00e8 ampiamente utilizzato, non c&#039;\u00e8 logico studi, o pu\u00f2 studi Tossicologici. Mentre i tipici allucinogeni come LSA, Ayahuasca e la mescalina iniziare entro fantasie a livello di cinque o pi\u00f9 calcoli, 2C-B, il pi\u00f9 delle volte direttamente nel livello 8A visual matematica. Questa Mancanza di coerenza indotta sogno salti in avanti, suggerisce che la 2C-B, per alcune persone, \u00e8 cos\u00ec profonda, come alcuni altri allucinogeni. 2C-vendita B<\/p>\n<h3>PER VENDERE 2C-B-FLY:<\/h3>\n<p>Die einzigen Daten, die wir derzeit haben, stammen aus episodischen Erz\u00e4hlungen und Beobachtungsberichten. Die meisten halluzinogenen Pflanzen werden von uns angebaut. Um sicherzustellen, dass sie von h\u00f6chster Qualit\u00e4t sind, werden sie in der ganzen Welt produziert. Empathie, Freundschaft und Liebensw\u00fcrdigkeit verbessern sich \u2013 Diese inneren Erw\u00e4gungen von Freundlichkeit, Wertsch\u00e4tzung und Sympathie sind geringf\u00fcgig zerbrechlicher und weniger scharf als bei Substanzen wie z. B. MDMA, bauen sich aber dennoch herzhafter und unerwartet stabiler auf als bei anderen Halluzinogenen jeder Klasse. 2C-B per la vendita<\/p>\n<p>Questa sostanza \u00e8 stata una lunga durata effetto rilassante. Il trasporto di adottare, a seconda della Regione di due o tre giorni. Offriamo piccole e grandi partizioni, nonch\u00e9 sconti per le grandi richieste. Un gran numero di Porta non \u00e8 sempre utile per il vostro business, perch\u00e9 in questo caso, di buona qualit\u00e0, la quantit\u00e0 \u00e8 di gran lunga superiore. 2C-vendita B<\/p>\n<h5>INOLTRE:<\/h5>\n<p>Verk\u00e4ufer werden entmutigt, wenn sie ihre Zeit in Marketing f\u00fcr jemanden investieren, der entweder nicht bereit oder nicht in der Lage ist, Ihre Dienstleistung oder Ihr Produkt zu kaufen. Das wahre geheime Ziel von aaronay.com ist es, Ihnen zu helfen, Ihre Beziehungen zu kleinen Unternehmen zu st\u00e4rken. 2C-B zum Verkauf<\/p>\n<p>Anstatt sich auf \u201ebeste Vermutungen\u201c zu verlassen, basieren Ihre Vertriebs- und Marketingfunktionen jetzt auf klar definierten Phasen, vom Thema bis zur kontinuierlichen \u00dcberwachung und Beobachtung. Sie sind fast immer der Entscheidungstr\u00e4ger oder ein wichtiger Einflussnehmer in einer Aaronay-Kampagne. Das bedeutet, dass wenig Zeit f\u00fcr den Versuch aufgewendet wird, \u201edie richtige Person zu erreichen\u201c. 2C-B f\u00fcr den Verkauf<\/p>\n<p>Wenn das Telefon klingelt, ist es fast immer die richtige Person. 2C-B wird gemeinhin als anregend und stimulierend beschrieben und mit MDMA verglichen. In h\u00f6heren Dosen kann diese Wirkung sehr \u00fcberzeugend sein und die K\u00e4ufer zu k\u00f6rperlichen Aktivit\u00e4ten wie Tanzen animieren. 2C-B zu verkaufen<\/p>","protected":false},"excerpt":{"rendered":"<p>2C-B ZU VERKAUFEN Im Allgemeinen haben wir 2C-B zu sehr niedrigen Preisen zu verkaufen. 2C-B ist ein halluzinogenes Medikament, das anregende Gef\u00fchle und Hochgef\u00fchl erzeugt. Die Identifikation mit diesem Medikament ist positiv und deutlich undurchsichtig, aber ein neuer Aufschwung in der Nachtleben-Szene lenkt die Aufmerksamkeit auf 2C-B. Im Wesentlichen geht es darum, den Stoff, der w\u00e4hrend eines MDMA-Treffens aufkommt, zu koordinieren und die Mitglieder mit der aufbauenden, meskalinartigen Wirkung von 2C-B wieder &#8222;in ihren K\u00f6rper&#8220; zu bringen. 2C-B zum Verkauf Schlie\u00dflich begann ein deutsches Pharmaunternehmen namens Drittewell mit der Herstellung von 2C-B in einer Dosierung von f\u00fcnf Milligramm und vermarktete\u2026<\/p>","protected":false},"featured_media":1642,"comment_status":"open","ping_status":"closed","template":"","meta":{"content-type":""},"product_brand":[],"product_cat":[163],"product_tag":[],"class_list":{"0":"post-1612","1":"product","2":"type-product","3":"status-publish","4":"has-post-thumbnail","6":"product_cat-forschung-chemikalien","8":"first","9":"instock","10":"shipping-taxable","11":"purchasable","12":"product-type-variable"},"_links":{"self":[{"href":"https:\/\/kokaindrogekaufen.com\/it\/wp-json\/wp\/v2\/product\/1612"}],"collection":[{"href":"https:\/\/kokaindrogekaufen.com\/it\/wp-json\/wp\/v2\/product"}],"about":[{"href":"https:\/\/kokaindrogekaufen.com\/it\/wp-json\/wp\/v2\/types\/product"}],"replies":[{"embeddable":true,"href":"https:\/\/kokaindrogekaufen.com\/it\/wp-json\/wp\/v2\/comments?post=1612"}],"wp:featuredmedia":[{"embeddable":true,"href":"https:\/\/kokaindrogekaufen.com\/it\/wp-json\/wp\/v2\/media\/1642"}],"wp:attachment":[{"href":"https:\/\/kokaindrogekaufen.com\/it\/wp-json\/wp\/v2\/media?parent=1612"}],"wp:term":[{"taxonomy":"product_brand","embeddable":true,"href":"https:\/\/kokaindrogekaufen.com\/it\/wp-json\/wp\/v2\/product_brand?post=1612"},{"taxonomy":"product_cat","embeddable":true,"href":"https:\/\/kokaindrogekaufen.com\/it\/wp-json\/wp\/v2\/product_cat?post=1612"},{"taxonomy":"product_tag","embeddable":true,"href":"https:\/\/kokaindrogekaufen.com\/it\/wp-json\/wp\/v2\/product_tag?post=1612"}],"curies":[{"name":"wp","href":"https:\/\/api.w.org\/{rel}","templated":true}]}}