{"id":1618,"date":"2023-06-27T19:20:11","date_gmt":"2023-06-27T18:20:11","guid":{"rendered":"https:\/\/kokaindrogekaufen.com\/?post_type=product&#038;p=1618"},"modified":"2024-12-06T07:26:44","modified_gmt":"2024-12-06T07:26:44","slug":"5f-mdmb-2201-zu-verkaufen","status":"publish","type":"product","link":"https:\/\/kokaindrogekaufen.com\/it\/product\/5f-mdmb-2201-zu-verkaufen\/","title":{"rendered":"PER VENDERE 5F-MDMB-2201"},"content":{"rendered":"<h2>PER VENDERE 5F-MDMB-2201<\/h2>\n<p>La prima cosa da ricordare \u00e8 che abbiamo di alta qualit\u00e0 5F-MDMB-2201 PER la VENDITA a prezzi molto bassi. Mi hanno aiutato attraverso l&#039;interazione e crypto, non ero al lavoro, mi ha aiutato a ottenere Bitcoins, e tu eri l\u00ec con me attraverso il processo di acquisto per 5f-mdmb-2201 a basso costo delle aree.5F-MDMB-2201 \u00e8 noto che un potente Agonista CB1, ma non \u00e8 chiaro se c&#039;\u00e8 una forte selettivit\u00e0 per CB1, di fatto o, se \u00e8 in alcun modo specifico.<\/p>\n<p>4F-BCA \u00e8 un&#039;altra droga sintetica con un cannabinoidi disposizione. La droga \u00e8 il giallo e il 99,6 % puro. Nel liscio e asciutto, la Persona deve tenere il passo con il prodotto. Il farmaco \u00e8 quasi identica a quella di effetto per la 4adb e 5 ADB. \u00c8 possibile che 5F-MDMB-2201 cade al di sotto di un altro tipo di &#034;copertura divieti&#034; per cannabinoide sintetico dal Indazole-tipo. 5F-MDMB-2201 PER LA VENDITA<\/p>\n<p>Studi preclinici suggeriscono che 5F-MDMBPICA si lega al Recettore CB1 come un Agonista effetto. Non c&#039;\u00e8 stampato pareri sulla sicurezza di 5FMDMB-PICA per uso umano. Potrebbe anche essere usato come un campione della sostanza proibita considerato, e, come tali, sono limitate. A questo punto, numerosi test sar\u00e0 richiesto. 5F-MDMB-2201 PER LA VENDITA<\/p>\n<h3>5F-MDMB-2201 ONLINE ACQUISTARE:<\/h3>\n<p>Dal 5F-MDMB-2201 \u00e8 cos\u00ec di nuovo sul mercato, poco \u00e8 conosciuto circa gli effetti di questa sostanza sintetica sul corpo umano \u00e8 noto per essere. Siamo sempre alla ricerca di nuove opportunit\u00e0 per espandere il nostro business in tutto il paese. Pertanto, noi di solito ottenere quando abbiamo un numero crescente di richieste per il nostro inventario. Noi store, e per il sostegno alla ricerca per i migliori prodotti di qualit\u00e0 al giusto tempo. PER VENDERE 5F-MDMB-2201<\/p>\n<p>5F-MDMB-2201 \u00e8 collegato con altri cannabinoidi, secondo la ricerca in logica strutture di ricerca. Se la qualit\u00e0, nonch\u00e9 la composizione della sostanza chimica che saranno oggetto di studio di questa connessione. \u00c8 possibile attivare il Sistema dopaminergico, che porta ad un aumento dei livelli di dopamina. Assicurarsi che siete eccezionali, prima di presentare la domanda. 5F-MDMB-2201 PER LA VENDITA<\/p>\n<p>Dovuta alla ricerca di sostanze, \u00e8 necessario un pugno capacit\u00e0 di trattenere l&#039;area perfettamente. Potrebbe essere illegale per inviare illegale sali da bagno, in modo da assicurarsi che si sono verificati 5f-mdmb-2201 legalit\u00e0 nel quartiere in cui si vive. Al fine di rendere l&#039;esperienza migliore, la richiesta di un legale di sostanze di sintesi dal mondo reale, i produttori di medicinali in fase di sperimentazione. PER VENDERE 5F-MDMB-2201<\/p>\n<h4>5F-MDMB-2201 PER LA VENDITA ONLINE;<\/h4>\n<p>I metodi elencati di seguito sono stati approvati da un business pericoloso. Per avere pi\u00f9 vantaggiosa per la raccolta, si consiglia di leggere uno studio del reale giudizi del produttore di mescalina.5f mdmb 2201 \u00e8 di solito una sostanza che si pu\u00f2 beneficiare in modo esplicito nella loro semplicit\u00e0 e la sicurezza del Mondo di loro. Si \u00e8 presentato nella sua Forma naturale, in un profondo giallo vetro come struttura. 5F-MDMB-2201 PER LA VENDITA<\/p>\n<p>Come risultato, \u00e8 possibile acquistare 5f-mdmb-2201 online, senza la paura di essere tradito. Abbiamo pi\u00f9 Aggiornamenti nel mezzo dell&#039;avvicinarsi di un tempo. Attualmente, circa il 90% dei Trasferimenti sar\u00e0 pagato immediatamente; \u00e8 necessario essere consapevoli, tuttavia, che ci sono molte istituzioni finanziarie che carica il Trasferimento dei fondi per qualsiasi numero di cariche. PER VENDERE 5F-MDMB-2201<\/p>\n<p>Pu\u00f2 essere che il Sito \u00e8 temporaneamente non disponibile o la connessione verr\u00e0 interrotta temporaneamente. Noi ammiriamo la vostra persistenza. Io uso 5f-mdmb-2201 in dosi diverse per diversi mesi. Oggi ho fatto un buon affare con E-Liquido. Ho gesticolare molto e sono lento, quando sono sdraiata. PER VENDERE 5F-MDMB-2201<\/p>\n<h4>INOLTRE:<\/h4>\n<p>Mi capita spesso di avere le voglie, e l&#039;effetto di ritardo dura circa 8 ore. In generale, \u00e8 molto forte e continua per un tempo molto lungo. Europa cresciuti conveyancers garantire il 100% di sicurezza di Trasporto e di trasporto e protegge la tua privacy, prima della regolazione. Abbiamo un rivenditore Remailer in Europa, pu\u00f2 supportare anche noi nel appropriata e tempestiva consegna dei nostri prodotti, e abbiamo i titoli per il Rilascio. PER VENDERE 5F-MDMB-2201<\/p>\n<p>Che cosa \u00e8 5f-MDMB-2201, e la cosa pi\u00f9 terribile risultati di 5f-MDMB-2201, e 5f sono-MDMB-2201 disponibili per l&#039;acquisto, i farmaceutici supportato 5f in Generale, ma con un incredibilmente notevole grado di delusione. Questo \u00e8 dovuto al fatto che ha una probabilit\u00e0 molto alta di essere lisate MMB idro, o solo in MMB anche dividere. 5F-MDMB-2201 PER LA VENDITA<\/p>\n<p>\u00c8 illegale per il trasporto illegale di risorse 5F - MDMB - 2201, in modo da assicurarsi che avete effettuato la scansione del composto di sostanze, il diritto di rimanere legalmente nel loro territorio. Per avere la migliore esperienza possibile acquistare questo prodotto in una vera e propria Recensione sintetica produttore. Store in real RC siti Internet. PER VENDERE 5F-MDMB-2201<\/p>\n<p>Also, nach ein paar deutlich mehr Erfahrungen, entdeckte ich, dass die Ergebnisse f\u00fcr ein paar Stunden fortgesetzt, wie diese, aber ich war nicht sicher, was ich sah. Ich habe einen irrelevanten Grad von mdmb-2201 auf dem Papier geschnitten und festgestellt, nur ein paar Tage nach dem Gebrauch. Wir bekr\u00e4ftigen, dass die Betrachtung der echten Verk\u00e4ufermeinungen von K\u00fcbelsalzen Ihnen die beste Neigung geben wird.5F-MDMB-2201 ist daf\u00fcr bekannt, ein wirklich effektiver CB1-Agonist zu sein. 5F-MDMB-2201 ZU VERKAUFEN<\/p>","protected":false},"excerpt":{"rendered":"<p>5F-MDMB-2201 ZU VERKAUFEN Das erste, was zu erinnern ist, dass wir hochwertige 5F-MDMB-2201 FOR SALE zu sehr niedrigen Preisen haben. Sie halfen mir durch die Interaktion und Krypto, die ich nicht in der Lage war, zu arbeiten, sie halfen mir, Bitcoins zu bekommen, und sie waren dort mit mir alle durch das Kaufverfahren f\u00fcr 5f-mdmb-2201 zu niedrigen Kosten Bereichen.5F-MDMB-2201 ist bekannt, dass ein sehr leistungsf\u00e4higes CB1 Agonist, aber es ist unklar, ob es eine starke Selektivit\u00e4t f\u00fcr CB1 hat, oder in der Tat, ob es in irgendeiner Weise spezifisch ist. 4F-BCA ist ein weiterer synthetischer Wirkstoff mit einer cannabinoiden Anordnung.\u2026<\/p>","protected":false},"featured_media":1643,"comment_status":"open","ping_status":"closed","template":"","meta":{"content-type":""},"product_brand":[],"product_cat":[163],"product_tag":[],"class_list":{"0":"post-1618","1":"product","2":"type-product","3":"status-publish","4":"has-post-thumbnail","6":"product_cat-forschung-chemikalien","8":"first","9":"instock","10":"shipping-taxable","11":"purchasable","12":"product-type-variable"},"_links":{"self":[{"href":"https:\/\/kokaindrogekaufen.com\/it\/wp-json\/wp\/v2\/product\/1618"}],"collection":[{"href":"https:\/\/kokaindrogekaufen.com\/it\/wp-json\/wp\/v2\/product"}],"about":[{"href":"https:\/\/kokaindrogekaufen.com\/it\/wp-json\/wp\/v2\/types\/product"}],"replies":[{"embeddable":true,"href":"https:\/\/kokaindrogekaufen.com\/it\/wp-json\/wp\/v2\/comments?post=1618"}],"wp:featuredmedia":[{"embeddable":true,"href":"https:\/\/kokaindrogekaufen.com\/it\/wp-json\/wp\/v2\/media\/1643"}],"wp:attachment":[{"href":"https:\/\/kokaindrogekaufen.com\/it\/wp-json\/wp\/v2\/media?parent=1618"}],"wp:term":[{"taxonomy":"product_brand","embeddable":true,"href":"https:\/\/kokaindrogekaufen.com\/it\/wp-json\/wp\/v2\/product_brand?post=1618"},{"taxonomy":"product_cat","embeddable":true,"href":"https:\/\/kokaindrogekaufen.com\/it\/wp-json\/wp\/v2\/product_cat?post=1618"},{"taxonomy":"product_tag","embeddable":true,"href":"https:\/\/kokaindrogekaufen.com\/it\/wp-json\/wp\/v2\/product_tag?post=1618"}],"curies":[{"name":"wp","href":"https:\/\/api.w.org\/{rel}","templated":true}]}}