{"id":1625,"date":"2023-06-27T19:20:11","date_gmt":"2023-06-27T18:20:11","guid":{"rendered":"https:\/\/kokaindrogekaufen.com\/?post_type=product&#038;p=1625"},"modified":"2024-12-06T07:29:26","modified_gmt":"2024-12-06T07:29:26","slug":"ab-fubinaca-zu-verkaufen","status":"publish","type":"product","link":"https:\/\/kokaindrogekaufen.com\/it\/product\/ab-fubinaca-zu-verkaufen\/","title":{"rendered":"VENDERE AB-FUBINACA"},"content":{"rendered":"<h2>VENDERE AB-FUBINACA<\/h2>\n<p>Dobbiamo VENDERE-FUBINACA, l&#039;ultima droga sintetica che pu\u00f2 servire come un certificato e davvero efficace Alternativa alla Cannabis. Mentre la produzione e la vendita di Cannabis nella maggior parte dei paesi del mondo sono illegali, non \u00e8 soggetto a FUBINACA queste restrizioni. La droga sintetica, AB-FUBINACA \u00e8 legale e si pu\u00f2 acquistare direttamente da Internet.<\/p>\n<p>RC prodotti Chimici \u00e8 stata fondata in Cina, dove abbiamo un modernissimo impianto di sintesi. Siamo stati in grado di sintetizzare qualsiasi composto chimico, e i nostri esperti hanno sviluppato un metodo per ottenere AB-FUBINACA con una purezza del 100% circa. AB-FUBINACA, tuttavia, \u00e8 legale possedere, che \u00e8 il motivo per cui \u00e8 stato a lungo utilizzato. AB-FUBINACA PER LA VENDITA<\/p>\n<p>Occasionalmente, come una droga sintetica. Chiaramente, \u00e8 estremamente potente, e le altre persone che preferiscono per la progettazione di farmaci che hanno consumata nell&#039;ultimo tempo. \u00c8 stato trovato che AB-FUBINACA Generale effetti collaterali della medicina tradizionale fa. AB-FUBINACA non \u00e8 praticamente adatto per il consumo umano. \u00c8 commercializzato in qualche modo, e non deve essere utilizzato in vivo gli usi. Si tratta di un&#039;esplorazione della chimica deve essere utilizzato solo da professionisti del settore, in forum o in un ambiente di laboratorio utilizzate. VENDERE AB-FUBINACA<\/p>\n<p>Forniamo di alta qualit\u00e0 di esplorazione di prodotti chimici in tutto il mondo. I nostri prodotti provengono da importanti laboratori, negli Stati Uniti d&#039;America, cos\u00ec si pu\u00f2 essere sicuri che avete acquistato prodotti chimici nella loro Forma pi\u00f9 pura e sono in grado di ottenere i migliori risultati. Utilizziamo le pi\u00f9 recenti conoscenze scientifiche, al fine di offrire il prezzo pi\u00f9 basso per l&#039;industria, in studi chimici. AB-FUBINACA PER LA VENDITA<\/p>\n<h3>AB-FUBINACA ONLINE, ACQUISTARE<\/h3>\n<p>La collaborazione con fornitori affidabili di studio sostanze garantisce risultati eccellenti nei loro esperimenti e studi. La valutazione di un significativo e reale catena di azione (PCR) \u00e8 stato effettuato cinque volte in un ratto cuori e fegati. njectorn \u0435\u043e-nflammatorn \u0435\u0435 hever e pro-nflammatorn \u0435 \u0435 nflammatorn In uno tudio, acuta AB FUBINACA prodotto neurologcal in n maschio topi ICR come pontaneou e trattamento indurre spasmo, iperreflessia, mioclono, effetto modificato enormotor e Aggressivit\u00e0. AB-FUBINACA PER LA VENDITA<\/p>\n<p>AB-FUBINACA non \u00e8 stato testato sulla sua capacit\u00e0 di abortire spontaneamente trigger in animali, e non \u00e8 stato testato su esseri umani. Stomaco muscolare CHMINACA \u00e8 simile a AB-FUBINACA, un cicloesil gruppo, un Quattro-fluoro-fenil gruppo \u00e8 stato sostituito. Fisiche e Tossicologiche del composto non sono ancora noti. AB-FUBINACA PER LA VENDITA<\/p>\n<p>L&#039;articolo \u00e8 stato alla ricerca e fini scientifici consegnato. AB-FUBINACA-originale preparazione \u00e8 approvato, e si pu\u00f2 acquistare direttamente da Internet. RC sostanze Chimiche sono in Cina, dove abbiamo stabilito la nostra condizione di artigianato combinazione di office pu\u00f2 essere trovato. Siamo in grado di combinare qualsiasi sostanza, mescola, e i nostri esperti hanno messo a punto un metodo per ottenere AB-FUBINACA con un immaculateness livello di quasi il 100%. VENDERE AB-FUBINACA<\/p>\n<h4>AB-FUBINACA PER LA VENDITA ONLINE:<\/h4>\n<p>Inoltre, SCs, sono stati sequestrati in modo efficace, se fossero controllati da Svapo o Infusione intraperitoneale, come all&#039;interno di esseri viventi attraverso l&#039;osservazione di velocit\u00e0, temperatura, e la farmacocinetica confermato. Attraverso una miscela di anti-corpo approccio, ha insegnato anche noi sinergica risultati, allo stesso tempo, rozzo due farmaco classi. AB-FUBINACA PER LA VENDITA<\/p>\n<p>I pericoli e i vantaggi a lungo termine dello sporting AB-FUBINACA uso non sembra essere in qualsiasi logica studiata, e l&#039;esatto effetto negativo \u00e8 nuovo. Questo \u00e8 dovuto al fatto che AB-FUBINACA buono come non c&#039;\u00e8 esperienza con l&#039;uso del popolo. Narrativa conferma degli individui che hanno cercato FUBINACA in locale gruppo di persone, il che suggerisce che non sembra mai essere negativo Ben-essere e Benessere risultati, la Ricerca di un poco di questo farmaco nel piccolo della diretta porzioni da solo e usarlo con parsimonia accreditato (anche se nulla \u00e8 di solito per garantire la completa). AB-FUBINACA PER LA VENDITA<\/p>\n<p>Nel complesso, la nostra indagine fornisce un&#039;ampia base per l&#039;opportunit\u00e0 di SC-vaccinazione. Interazione, e l&#039;orientamento sessuale sono frizioni che hanno un significativo impatto emotivo risultati, farmacologici e Tossicologici risposte ai rifiuti. Gli uomini consumano pi\u00f9 probabilit\u00e0 rispetto alle donne di qualsiasi tipo di droghe illegali e di critica o fatale di intossicazione in una sconvolgente crisi reparti. PER VENDERE FUBINACA ragazze, tuttavia, il rischio di sviluppare un disturbo da uso di sostanze, la stessa che per gli uomini, e possono essere pi\u00f9 sensibili della Brama e la ricaduta \u00e8. Clinica e gli studi preclinici hanno dimostrato che gli uomini e le donne differiscono, subito dopo la somministrazione di ricette tradizionali per l&#039;abuso di farmaci \u00e8 fondamentale. AB-FUBINACA PER LA VENDITA<\/p>\n<p>Questa Situazione \u00e8 stata raffinata, molto di recente, come il tirannico visual fascino delle nuove sostanze psicoattive (NPS) appare come Alternative alle droghe controllate. Tuttavia, nonostante in fase di aggiornamento in seguito allo sviluppo di nuove sostanze, l&#039;elenco dei Medici raccomandato droghe controllate costantemente. VENDERE AB-FUBINACA<\/p>\n<p>La modalit\u00e0 di azione di queste sostanze e dei loro effetti dannosi su persone e oggetti simili, che possono variare non solo in quantit\u00e0, ma anche nel modo di materiale aggiunto, poco \u00e8 noto. In tempi recenti falso cannabinoidi in Europa sono stati associati con volatili e gravi condizioni di rumore, e nonostante il campo di applicazione delle nuove misure in questo settore, in avanti, per descrivere un Problema di strategia in materia di droga per introdurre elementi. AB-FUBINACA PER LA VENDITA<\/p>\n<p>La muscolatura addominale FUBINACA \u00e8 stato recentemente scoperto, ed \u00e8 un composto sintetico che potrebbero riempire un ricambio Standard per varie puro Cannabis positivo. Tuttavia, come gi\u00e0 accennato, Standard di Cannabis illegale in una serie incredibile di paesi in tutto il mondo, ovunque nel mondo. VENDERE AB-FUBINACA<\/p>\n<p>Im Juni 2018 wurde eine \u201eUntersuchungsverbindung\u201c mit der Bezeichnung \u201eABFUB7AICA\u201c im Internet entdeckt und als 5FABP7AICA identifiziert, das einfache 7-Azaindol von 5FABPINACA. Wir pr\u00e4sentieren Daten \u00fcber die zugrundeliegende Darstellung, die optimalen Marker f\u00fcr die Verwendung im Urin und die beginnenden pharmakokinetischen Feinheiten darunter. Wegen der hohen Reinheit des Medikaments sollte der K\u00e4ufer es nur in winzigen Dosen einnehmen. AB-FUBINACA ZUM VERKAUF<\/p>\n<h5>INOLTRE:<\/h5>\n<p>Die durchschnittliche Messung von AB-FUBINACA ist in Milligramm, und eine Ber\u00fchrung von 20 Milligramm AB-FUBINACA wird eine umfassende sichtbare und h\u00f6rbare Sensation bieten. Zur Darstellung der Zusammensetzung wurden die Atomschall-Spektroskopie, die Brennstoff-Chromatographie-Massenspektrometrie, die Infrarot- und die Raman-Spektroskopie eingesetzt. AB-FUBINACA ZUM VERKAUF<\/p>\n<p>Diese synthetischen Substanzen sind deutlich st\u00e4rker als reines Cannabis und haben sich als breitere Agonisten f\u00fcr Cannabinoidrezeptoren erwiesen. Es ist m\u00f6glich, dass einige von ihnen nicht nur unglaublich stark sind, sondern auch eine verl\u00e4ngerte Lebensdauer von 50 % haben, was eine kontinuierliche psychoaktive Wirkung erm\u00f6glicht. Die Wirkung von Cannabis wird durch den Bauchmuskel CHMINACA erzeugt. AB-FUBINACA ZU VERKAUFEN<\/p>\n<p>Pfizer hat das Medikament 2009 als starkes Schmerzmittel entwickelt, aber es wurde noch nie beim Menschen eingesetzt. Dies ist ein Programm I Substanz, die derzeit in den Vereinigten Staaten und bietet eine Bewertung der aktuellen Schreiben \u00fcber die F\u00f6rderung der gef\u00e4lschten Cannabinoide als Substanzen des Missbrauchs, sp\u00e4ten Beispielen von Misshandlung, sowie ihre rechtliche Position, und Verbindung Ordnung. AB-FUBINACA ZUM VERKAUF<\/p>\n<p>&nbsp;<\/p>","protected":false},"excerpt":{"rendered":"<p>AB-FUBINACA ZU VERKAUFEN Wir haben AB-FUBINACA ZU VERKAUFEN, die neueste synthetische Droge, die als zugelassene und wirklich erfolgreiche Alternative zu Cannabis dienen kann. W\u00e4hrend die Herstellung und der Verkauf von Cannabis in den meisten L\u00e4ndern der Welt illegal sind, unterliegt AB-FUBINACA nicht diesen Beschr\u00e4nkungen. Die synthetische Droge AB-FUBINACA ist legal, und man kann sie direkt im Internet kaufen. RC Chemicals wurde in China gegr\u00fcndet, wo wir \u00fcber eine hochmoderne Syntheseanlage verf\u00fcgen. Wir waren in der Lage, jede chemische Verbindung zu synthetisieren, und unsere Experten haben eine Methode entwickelt, um AB-FUBINACA mit einem Reinheitsgrad von etwa 100 Prozent zu erhalten. AB-FUBINACA\u2026<\/p>","protected":false},"featured_media":1644,"comment_status":"open","ping_status":"closed","template":"","meta":{"content-type":""},"product_brand":[],"product_cat":[163],"product_tag":[],"class_list":{"0":"post-1625","1":"product","2":"type-product","3":"status-publish","4":"has-post-thumbnail","6":"product_cat-forschung-chemikalien","8":"first","9":"instock","10":"shipping-taxable","11":"purchasable","12":"product-type-variable"},"_links":{"self":[{"href":"https:\/\/kokaindrogekaufen.com\/it\/wp-json\/wp\/v2\/product\/1625"}],"collection":[{"href":"https:\/\/kokaindrogekaufen.com\/it\/wp-json\/wp\/v2\/product"}],"about":[{"href":"https:\/\/kokaindrogekaufen.com\/it\/wp-json\/wp\/v2\/types\/product"}],"replies":[{"embeddable":true,"href":"https:\/\/kokaindrogekaufen.com\/it\/wp-json\/wp\/v2\/comments?post=1625"}],"wp:featuredmedia":[{"embeddable":true,"href":"https:\/\/kokaindrogekaufen.com\/it\/wp-json\/wp\/v2\/media\/1644"}],"wp:attachment":[{"href":"https:\/\/kokaindrogekaufen.com\/it\/wp-json\/wp\/v2\/media?parent=1625"}],"wp:term":[{"taxonomy":"product_brand","embeddable":true,"href":"https:\/\/kokaindrogekaufen.com\/it\/wp-json\/wp\/v2\/product_brand?post=1625"},{"taxonomy":"product_cat","embeddable":true,"href":"https:\/\/kokaindrogekaufen.com\/it\/wp-json\/wp\/v2\/product_cat?post=1625"},{"taxonomy":"product_tag","embeddable":true,"href":"https:\/\/kokaindrogekaufen.com\/it\/wp-json\/wp\/v2\/product_tag?post=1625"}],"curies":[{"name":"wp","href":"https:\/\/api.w.org\/{rel}","templated":true}]}}