{"id":1632,"date":"2023-06-27T19:20:12","date_gmt":"2023-06-27T18:20:12","guid":{"rendered":"https:\/\/kokaindrogekaufen.com\/?post_type=product&#038;p=1632"},"modified":"2024-12-06T07:31:59","modified_gmt":"2024-12-06T07:31:59","slug":"alpha-pvp-flakka-zu-verkaufen","status":"publish","type":"product","link":"https:\/\/kokaindrogekaufen.com\/it\/product\/alpha-pvp-flakka-zu-verkaufen\/","title":{"rendered":"ALFA-VENDITA PVP (FLAKKA)"},"content":{"rendered":"<h2>ALFA-VENDITA PVP:<\/h2>\n<p>Abbiamo Alpha-PVP per la vendita a prezzi molto ragionevoli, proprio come qualsiasi altro farmaco. Alfa-PVP \u00e8 un membro della pi\u00f9 ben nota classe di medici esperti, e viene utilizzato per una vasta gamma di scopi. Il motivo principale per il suo appello \u00e8 il modo in cui la sua elevata intensit\u00e0 e di rapido effetto. \u00c8 simile ad altri Energizer, agendo direttamente sul sistema nervoso Centrale.<\/p>\n<p>Alfa-PVP \u00e8 una Versione pi\u00f9 mite di cocaina. Si scioglie rapidamente quando il cliente si mette sotto la lingua, ma lui o lei pu\u00f2 regolare per un incontro. Il build-up di Euforia, di solito pi\u00f9 a lungo, ma, se non utilizzato, dovrebbe essere l\u00ec in 30 minuti. In relazione all&#039;uccisione, sarete voi a determinare che l&#039;impulso \u00e8 pi\u00f9 pronunciato. Alfa-vendita PVP<\/p>\n<p>Allo stesso tempo, si pu\u00f2 perdere il Desiderio di consumare acqua. Il rumore inizia gradualmente a circa 30 minuti dopo l&#039;ingestione. Il torpore mentre la lingua \u00e8 seguita dall&#039;uso di un dolce aumento della pressione del sangue, e non \u00e8 sicuramente un bisogno di Bere dell&#039;acqua. Dopo circa 45 minuti di prendere una Stimolazione dolce \u00e8 sentire, l&#039;esercizio del trailer pigro. Alfa-PVP per la vendita<\/p>\n<p>Ognuno degli effetti dura solo tre ore, ed \u00e8 improbabile che il cliente vorrebbe prendere un&#039;altra dose. L&#039;elevata sensazione che si prova quando si mettere le risorse in Alfa \u2013 PVP e utilizzo non durer\u00e0 a lungo. Alcuni clienti affermano che il consumo di una pietra preziosa gamma non Fumatori, camera superior, perch\u00e9 ammorbidire i loro nasi. Alfa-vendita PVP<\/p>\n<h3>ALFA-PVP ONLINE ACQUISTARE:<\/h3>\n<p>In Generale, l&#039;Insufflazione significa che una Persona che lavora con questo per lungo tempo un entusiasmante esperienza. \u00c8 difficile valutare la sua efficacia, perch\u00e9 alcune persone sono progressivamente interessato, al punto che godono di questa strategia. Si comincia ad agire non appena si raggiunge il naso dell&#039;acquirente. Il fiore all&#039;occhiello dell&#039;alta sensazione \u00e8 raggiunto entro 10 minuti dall&#039;assunzione. Alfa-PVP per la vendita<\/p>\n<p>Alfa-PVP psichedelici sono pronto a combinare effetti come esca, estasiante tilt, Anti-ansie e rilassarsi. Inoltre, il tuo avversario \u00e8 il solito utilizzare per l&#039;ottenimento di una barca cos\u00ec Chiara come si. Un sacco di persone mettere un ammortizzatore della guerra modulo di controllo-Distruttore, etc. su un inutilizzati barca, al fine di ottenere un vantaggio rispetto ad un ignaro avversario, o si pu\u00f2 esca con una barca &#034;&#034;, e sembra di essere fragile come un Airone), ma per il PVP \u00e8 adatto. Alfa-vendita PVP<\/p>\n<p>L&#039;acquirente, il Flakka-benzodiazepine negli Stati Uniti, come un metodo di trattamento per acquisire come Benzodiazepine sono ampiamente utilizzati e sono raccomandati. Negli Stati Uniti nootropi servire come un ottimo sale da bagno con intellettuale effetti. L&#039;uso di nootropi porta ad un incremento della capacit\u00e0 di innovazione e il miglioramento della memoria. Alfa-PVP per la vendita<\/p>\n<p>Dopo circa 45 minuti di consumo, una leggera eccitazione \u00e8 percepito che il cliente pu\u00f2 prendere solo pigro vero. Questo \u00e8 stato scoperto a met\u00e0 degli anni 1960, insieme con il 1\/trimestre intensit\u00e0 somma in connessione con l&#039;MDPV. I risultati sono pressoch\u00e9 uguali. Alfa-PVP \u00e8 trovato spesso in bianco e pietre preziose. Tutti gli effetti durano solo 3 ore, ed \u00e8 improbabile che il cliente vorrebbe prendere un&#039;altra Parte di s\u00e9. Alfa-vendita PVP<\/p>\n<h4>PER VENDERE ALFA-PVP ONLINE:<\/h4>\n<p>-Il PVP \u00e8 sintetizzato da Pyrovalerone e anche il semplice chetone di Prolintan. Esso \u00e8 spesso usato come una droga ricreativa \u00e8 classificato, secondo la Food and Drug Administration per la Sicurezza e l&#039;Innovazione Agire come una Pianificazione di droga. L&#039;effetto pi\u00f9 importante di questo farmaco \u00e8 che si lavora sulla capacit\u00e0 di innovazione dei clienti. Tra i vari risultati, un&#039;estrema sensazione di felicit\u00e0 e di un alto livello di energia. Il corpo del rimorchio si rilassa con nessun desiderio per il cibo. Alfa-PVP per la vendita<\/p>\n<p>-PVP pu\u00f2 portare, come altri farmaci simili, uno stato causa, come un &#034;tonificante rush&#034; \u00e8 noto, l&#039;Iperstimolazione, nevrosi e deliri, che comprende il comportamento aggressivo e l&#039;autolesionismo. Il farmaco \u00e8 ancora associato con la morte di auto-distruzione, e di insufficienza cardiaca in collegamento. Si pu\u00f2 anche aumentare il Generale interno del bilancio di calore pericoloso, che pu\u00f2 portare a danni renali o del guasto. Alfa-PVP per la vendita<\/p>\n<p>Il PVP \u00e8 spesso visto come un davvero rigenerante e fiery in termini di impatto sull&#039;effettiva di energia elettrica di fissazione dell&#039;Individuo. Questo consente per le attivit\u00e0 come il Lavoro, la Salita, e Spostare, ma \u00e8 anche possibile sedersi davvero semplice energia stazionaria e occupato con il lavoro superfluo. L&#039;euforia di solito richiede un certo tempo per ottenere l&#039;uso, ma dovrebbe avvenire entro trenta minuti di ingestione. Alfa-vendita PVP<\/p>\n<h5>ALFA-VENDITA PVP NEL MONDO:<\/h5>\n<p>Dopo l&#039;uccisione, troverete che il sistema circolatorio ceppo aumentata gradualmente. \u00c8 brutto e storie che sono grandi come di alimentazione dei supporti, e certamente lo strano immediatezza che \u00e8 associato con l&#039;affermazione che le grandi dosi di Alfa-PVP preso. Indipendentemente dalla modalit\u00e0 extra dosaggi, le tariffe, semplicemente produttivo campionato individuale incontri sono difficili da trovare. Alfa-vendita PVP<\/p>\n<p>Allo stesso tempo si sbarazzarsi della Domanda di acqua potabile. Grazie alla sua capacit\u00e0 di espandere l&#039;alunno, pu\u00f2 PVP risultato in aree che sono pi\u00f9 luminosi. Distribuzione di poteri e responsabilit\u00e0 ai diversi livelli dell&#039;Ufficio di presidenza, UN PVP, pu\u00f2 causare un rapido e spontaneo movimenti del bulbo oculare, causando visione offuscata, perdita temporanea di Concentrazione porta.<\/p>\n<p>Artificiale Catinone \u00e8 coinvolgente, e ci possono essere sintomi di astinenza come nervosismo, Tremori, la Paranoia, la malinconia e i disturbi del sonno si verificano. I ricercatori hanno scoperto che i ratti sono un fanatico Flakka, e una leva viene premuta al farmaco negli animali, nel modo pi\u00f9 coerente possibile amministrare. Questo \u00e8 indicato come Nistagmo. Alfa-vendita PVP<\/p>\n<p>Si ritiene che Flakka rende la temperatura corporea di circa 104 gradi Celsius, se non aumentata. Particolarmente alta la temperatura del corpo pu\u00f2 avere gravi conseguenze, tra cui danni renali o il fallimento, e, in alcuni casi, la morte. \u00c8 importante per evitare la disidratazione, soprattutto se si sta ballando in un ambiente caldo, ma il rischio di intossicazione da acqua \u00e8 non solo a causa della assunzione. Alfa-vendita PVP<\/p>\n<h5>INOLTRE:<\/h5>\n<p>Pertanto, i consumatori saranno invitati a SORSEGGIARE la vostra acqua potabile facile e per assicurarsi che la vostra acqua potabile. I Catinoni sintetici appartengono a una classe di farmaci chiamati &#034;nuove sostanze psicoattive&#034;, conosciuto e le autorit\u00e0 sanitarie irritare (NPS). NPS sono regolamentate psicoattive (che alterano la mente) le sostanze, che solo di recente sono venuti sul mercato e l&#039;impatto delle droghe illecite per imitare, che pu\u00f2 portare i passanti sgradevole Fede. Alfa-vendita PVP<\/p>\n<p>\u00c8 noto che NBOMs spasmo pu\u00f2 causare crisi epilettiche, e gli stimolanti possono aumentare questo rischio. L&#039;evidenziazione pu\u00f2 durare da 3 ore a 5 ore, ma molti utenti segnalano che il ritorno all&#039;inizio pu\u00f2 essere difficile e graduale. Come risultato, alcune persone sono troppo presto per un &#034;Ri-dose&#034; e a consumare di pi\u00f9 di quanto previsto, con conseguenze negative. Alfa-vendita PVP<\/p>\n<p>Catinoni, MDMC e alfa-PVP attualmente hanno il Vantaggio di non riconosciuto terapeutico e hanno un livello eccezionalmente alto rischio di dipendenza, abuso e il traffico illecito di droga, nonch\u00e9 un significativo profilo di tossicit\u00e0, che comprende le norme del Nuovo programma. Agenda quattro e Allegato D sono senza dubbio inaccettabile. Alfa-PVP per la vendita<\/p>\n<h6>Di PI\u00d9:<\/h6>\n<p>Prendendo Flakka \u00e8 gi\u00e0 pericoloso. Il fatto che Flakka non \u00e8 regolamentata nel Main, ma aumenta il rischio. Il sistema di produzione non \u00e8 ben controllata, e gli ingredienti possono variare in modo significativo tra i produttori. Alfa-vendita PVP<\/p>\n<p>&nbsp;<\/p>","protected":false},"excerpt":{"rendered":"<p>ALPHA-PVP ZU VERKAUFEN: Wir haben Alpha-PVP zum Verkauf zu sehr g\u00fcnstigen Preisen, genau wie jedes andere Medikament. Alpha-PVP ist ein Mitglied der bekanntesten Klasse von Experten medizinische, und es ist f\u00fcr eine breite Palette von Zwecken verwendet. Der Hauptgrund f\u00fcr seine Anziehungskraft ist seine hohe Intensit\u00e4t und seine schnelle Wirkungsweise. Es wirkt \u00e4hnlich wie andere Energizer, indem es direkt auf das zentrale Nervensystem wirkt. Alpha-PVP ist eine mildere Version von Kokain. Es l\u00f6st sich schnell auf, wenn der Kunde es unter die Zunge legt, aber er oder sie kann sich auf eine t\u00f6dliche Begegnung einstellen. Der Aufbau von Elation dauert\u2026<\/p>","protected":false},"featured_media":1645,"comment_status":"open","ping_status":"closed","template":"","meta":{"content-type":""},"product_brand":[],"product_cat":[163],"product_tag":[],"class_list":{"0":"post-1632","1":"product","2":"type-product","3":"status-publish","4":"has-post-thumbnail","6":"product_cat-forschung-chemikalien","8":"first","9":"instock","10":"shipping-taxable","11":"purchasable","12":"product-type-variable"},"_links":{"self":[{"href":"https:\/\/kokaindrogekaufen.com\/it\/wp-json\/wp\/v2\/product\/1632"}],"collection":[{"href":"https:\/\/kokaindrogekaufen.com\/it\/wp-json\/wp\/v2\/product"}],"about":[{"href":"https:\/\/kokaindrogekaufen.com\/it\/wp-json\/wp\/v2\/types\/product"}],"replies":[{"embeddable":true,"href":"https:\/\/kokaindrogekaufen.com\/it\/wp-json\/wp\/v2\/comments?post=1632"}],"wp:featuredmedia":[{"embeddable":true,"href":"https:\/\/kokaindrogekaufen.com\/it\/wp-json\/wp\/v2\/media\/1645"}],"wp:attachment":[{"href":"https:\/\/kokaindrogekaufen.com\/it\/wp-json\/wp\/v2\/media?parent=1632"}],"wp:term":[{"taxonomy":"product_brand","embeddable":true,"href":"https:\/\/kokaindrogekaufen.com\/it\/wp-json\/wp\/v2\/product_brand?post=1632"},{"taxonomy":"product_cat","embeddable":true,"href":"https:\/\/kokaindrogekaufen.com\/it\/wp-json\/wp\/v2\/product_cat?post=1632"},{"taxonomy":"product_tag","embeddable":true,"href":"https:\/\/kokaindrogekaufen.com\/it\/wp-json\/wp\/v2\/product_tag?post=1632"}],"curies":[{"name":"wp","href":"https:\/\/api.w.org\/{rel}","templated":true}]}}