{"id":1639,"date":"2023-06-27T19:20:12","date_gmt":"2023-06-27T18:20:12","guid":{"rendered":"https:\/\/kokaindrogekaufen.com\/?post_type=product&#038;p=1639"},"modified":"2023-08-07T08:27:05","modified_gmt":"2023-08-07T07:27:05","slug":"anesket-online-kaufen","status":"publish","type":"product","link":"https:\/\/kokaindrogekaufen.com\/it\/product\/anesket-online-kaufen\/","title":{"rendered":"ANESKET ACQUISTARE ONLINE"},"content":{"rendered":"<h2>ANESKET ACQUISTARE ONLINE<\/h2>\n<p>Da questo momento, si pu\u00f2 acquistare Anesket Online con o senza prescrizione medica. Nel momento in cui qualcuno Anesket grugniti, si verificher\u00e0 un caratteristico rumore, come di ingestione di che aggiunge di inclinazione concepibile e migliorato glutine-pericolo I grugniti di Anesket un pesante calma rapida insorgenza, rischioso effetti del farmaco. Questo farmaco pu\u00f2 influenzare la loro innovazione o le loro reazioni.<\/p>\n<p>Probabilmente non sar\u00e0 permesso di vivere senza l&#039;aiuto di nessuno, che in base alla loro attivit\u00e0 o del sistema di trattamento. Non Guidare o lavorare con dispositivi per circa 24 ore. Al momento, se si hanno procurato Anesket. Inoltre, questo tipo di applicazione pu\u00f2 provocare notevoli danni al naso sezioni.<\/p>\n<p>Anesket Infusione \u00e8 professionalmente prescritto ricetta che da soli o insieme ad altri farmaci utilizzati per l&#039;assenza della coscienza, e attraverso un intervento chirurgico o forse un trattamento clinico. Anesket Liquido crea un&#039;inaspettata generosit\u00e0 che dura circa 60 minuti. Si Anesket inizia incidentali effetti di 2 a 5 minuti, una volta che la Dose \u00e8 stata fumato o ingerito. Anesket acquistare online<\/p>\n<p>Dati dalla quantit\u00e0 insignificante di persone in aperta sul conto di, il potenziale clinico preliminari suggeriscono che Anesket potrebbe essere con la guarigione di inaudito, di fascine e ruvida inclinazioni utile. Indipendentemente dal campo di misura \u00e8 molto diverso ed \u00e8 una notevole dose non \u00e8 stata stabilita. Anesket non \u00e8 glutine-generalmente fatale, nonostante, non si pu\u00f2 sostenere in modo significativo danno i vostri clienti, e grugnito ketamina glutine-modo. Anesket acquistare online<\/p>\n<h4>ANESKET PER LA VENDITA:<\/h4>\n<p>Per la ragione che i grugniti del farmaco permette, con lo spirito pi\u00f9 veloce, che pu\u00f2 portare ad un aumento del rumore, ma un buon numero di sopraffare controllata dal cervello fisiologico tecniche. Durante un Eccesso di, il cliente ne risentiranno pi\u00f9 probabile che dimentichi e, senza dubbio, il mistero di sleepy respirazione superficiale 2. Comprare Anesket Online<\/p>\n<p>Anche se alcuni la conferma dell&#039;aviazione per la sicurezza stradale potrebbe solo soffocamento, a causa della forte della laringe e della faringe riflessi, e la Domanda derivano, Insieme con l&#039;Infusione di Anesket hydrochloride potrebbe essere presentato. Anesket hydrochloride Infusione non \u00e8 veloce per le persone che non hanno seguito la Zero-Titoli per ogni Hamburger. Anesket acquistare online<\/p>\n<p>La tossicit\u00e0 del fegato di Anesket include anche i valori, i dosaggi, e ripetere un preavviso di organizzazione. In una riunione di una persistente percentuale significativa di Anesket clienti, \u00e8 stato segnalato all&#039;individuo danni al fegato si verifica per la maggior parte, circa il 10%. Anesket \u00e8 introdotto, in Generale, un&#039;Infusione di questi sono l&#039;organizzazione del normale sedativo, nella manutenzione del vostro itinerario di volo e durante l&#039;organizzazione del respiro all&#039;interno della compagnia di esperti di salute, clinica di emergenza, o di impostazione. Anesket acquistare online<\/p>\n<h4>ANESKET ONLINE EUROPE BUY:<\/h4>\n<p>In degrado, questo Anesket un farmaco approvato \u00e8 in regola. Tuttavia, siamo in grado di fornire con o senza soluzione di Acquisire Anesket con o senza cura). L&#039;eccesso di montaggio, Questo \u00e8 davvero per la dichiarazione di cui abbiamo bisogno per aiutare il malessere di tutto il mondo. Anesket \u00e8 un farmaco utilizzato nell&#039;essere umano e una creatura attivit\u00e0 di grigiore e di sedazione incoraggiare, senza compromettere la respirazione e l&#039;ipertensione 1. Anesket acquistare online<\/p>\n<p>Anesket \u00e8 un dissoziatives sedativo, ed era sempre pi\u00f9 droga come un Festival, soprattutto sulla base della ritirata, da sogno, ci sono utilizzati. Anesket Infusione \u00e8 un medico raccomandato ricetta senza chiunque altro o in aggiunta ad altri farmaci per la perdita di coscienza prima e da attivit\u00e0, o anche un trattamento clinico. Anesket acquistare online<\/p>\n<p>Inoltre, vi possiamo garantire un veloce, sicuro e vigile di Trasporto e il trasporto al cento per cento. Anche significativo. A parte il fatto che nessun dato specifico, il cliente sar\u00e0 rivelato dal bundle affare. Inoltre, per essere lungo queste linee, di prodotti per la sicurezza e la privacy, continuano a essere la pi\u00f9 importante. lungo. Anesket \u00e8 artificialmente, in contrasto con i barbiturici e Diazepam perch\u00e9 la promozione dello sviluppo. Comprare Anesket Online<\/p>\n<h5>INOLTRE:<\/h5>\n<p>Successivamente, questo non dovrebbe essere consolidato in esattamente lo stesso ago o l&#039;impianto di liquido. Anesket \u00e8 infuso per via endovenosa dritto in una massa o vena. Riceverai questo Infusione in un centro o di una clinica specializzata. La respirazione, la pressione arteriosa, infarto design, e di altri importanti indicatori sono suscettibili di essere osservato diligentemente, mentre si sono Anesket determinato. Anesket acquistare online<\/p>\n<p>Anesket polvere non deve essere utilizzato senza l&#039;aiuto di qualcun altro o insieme con altri regolamenti per dare una mancanza di consapevolezza molto prima, e da operazioni, o forse di un sistema di cure mediche. Ha un posto in un gruppo di farmaci di cui all&#039;normale un sedativo. Anesket \u00e8 un farmaco che \u00e8 supportato dalla maggior parte dei paesi, e ovunque applicabile. I nostri materiali provengono direttamente dal produttore. Comprare Anesket Online<\/p>\n<p>Questo \u00e8 un laboratorio di comando, cos\u00ec che possiamo vivere sotto il marchio di Anesket diversi. Circolatorio ceppo e il battito cardiaco sono regolarmente aumentata dall&#039;ingestione di Anesket cloridrato da sola. In ogni caso, ipotensione e bradicardia sono stati notati. Aritmia \u00e8 anche verificato. Inoltre, i costi sono, di valore, discutibile. Anesket acquistare online<\/p>","protected":false},"excerpt":{"rendered":"<p>ANESKET ONLINE KAUFEN Bis zu diesem Zeitpunkt k\u00f6nnen Sie Anesket Online mit oder ohne Rezept kaufen. An dem Punkt, wenn jemand grunzt Anesket, werden sie arbeiten Erfahrung eine unverwechselbare Rausch, als sie es geschluckt bekommen w\u00fcrde, die sowohl von denen f\u00fcgt hinzu, Neigung denkbar und verbessert Glut Gefahr. Das Grunzen von Anesket gibt eine schwere Beruhigung der schnell beginnenden, riskanten Medikationauswirkungen. Dieses Medikament kann m\u00f6glicherweise Ihre Innovationskraft oder Ihre Reaktionen beeinflussen. Sie werden wahrscheinlich nicht erlaubt, ohne Hilfe von irgendjemandem zu wohnen, der nach Ihrer T\u00e4tigkeit oder Behandlungssystem angemessen ist. Verzichten Sie auf das Fahren oder die Arbeit mit Ger\u00e4ten\u2026<\/p>","protected":false},"featured_media":1646,"comment_status":"open","ping_status":"closed","template":"","meta":{"content-type":""},"product_brand":[],"product_cat":[163],"product_tag":[],"class_list":{"0":"post-1639","1":"product","2":"type-product","3":"status-publish","4":"has-post-thumbnail","6":"product_cat-forschung-chemikalien","8":"first","9":"instock","10":"shipping-taxable","11":"purchasable","12":"product-type-variable"},"_links":{"self":[{"href":"https:\/\/kokaindrogekaufen.com\/it\/wp-json\/wp\/v2\/product\/1639"}],"collection":[{"href":"https:\/\/kokaindrogekaufen.com\/it\/wp-json\/wp\/v2\/product"}],"about":[{"href":"https:\/\/kokaindrogekaufen.com\/it\/wp-json\/wp\/v2\/types\/product"}],"replies":[{"embeddable":true,"href":"https:\/\/kokaindrogekaufen.com\/it\/wp-json\/wp\/v2\/comments?post=1639"}],"wp:featuredmedia":[{"embeddable":true,"href":"https:\/\/kokaindrogekaufen.com\/it\/wp-json\/wp\/v2\/media\/1646"}],"wp:attachment":[{"href":"https:\/\/kokaindrogekaufen.com\/it\/wp-json\/wp\/v2\/media?parent=1639"}],"wp:term":[{"taxonomy":"product_brand","embeddable":true,"href":"https:\/\/kokaindrogekaufen.com\/it\/wp-json\/wp\/v2\/product_brand?post=1639"},{"taxonomy":"product_cat","embeddable":true,"href":"https:\/\/kokaindrogekaufen.com\/it\/wp-json\/wp\/v2\/product_cat?post=1639"},{"taxonomy":"product_tag","embeddable":true,"href":"https:\/\/kokaindrogekaufen.com\/it\/wp-json\/wp\/v2\/product_tag?post=1639"}],"curies":[{"name":"wp","href":"https:\/\/api.w.org\/{rel}","templated":true}]}}