{"id":1650,"date":"2023-06-27T19:20:22","date_gmt":"2023-06-27T18:20:22","guid":{"rendered":"https:\/\/kokaindrogekaufen.com\/?post_type=product&#038;p=1650"},"modified":"2024-12-06T07:35:03","modified_gmt":"2024-12-06T07:35:03","slug":"ethycathinon-online-kaufen","status":"publish","type":"product","link":"https:\/\/kokaindrogekaufen.com\/it\/product\/ethycathinon-online-kaufen\/","title":{"rendered":"ETHYCATHINON ACQUISTARE ONLINE"},"content":{"rendered":"<h2>ETHYCATHINON ACQUISTARE ONLINE<\/h2>\n<p>\u00c8 inoltre possibile acquistare Ethycathinon online a prezzi molto bassi. Questo sale da bagno del Catinone analogico potrebbe essere un metabolita urinario di N-Ethycathinon. N-etil catinone, noto anche come etilico acido propionico o ETH-CAT, \u00e8 un Catinone sintetico e stimolante che \u00e8 spesso incluso in sale da bagno miscele, e alcune pillole.<\/p>\n<p>Il pieno impatto del CSA e relativi regolamenti di attuazione, come la reclusione, civile e di sanzioni amministrative, multe e controlli amministrativi dell&#039;elenco I sostanze sono trasferito attraverso l&#039;acquisto di fabbricazione, la distribuzione, la detenzione, l&#039;importazione e l&#039;esportazione di questo artificiale Cathinons. Significativamente, diversi studi sulla farmacocinetica o farmaco sono state svolte delle dinamiche di ciclico sostituito il Catinone.<\/p>\n<p>Il catinone derivati sono simpaticomimetici con effetti a quelli dell&#039;anfetamina derivati \u00e8 paragonabile alle osservazioni da parte dei clienti, che \u00e8 venuto con il sospetto di mefedrone tossicit\u00e0 in contatto. In Svezia, la pi\u00f9 importante dal punto di vista tossicologico caso confermato di morte, che \u00e8 specificamente con l&#039;uso di mefedrone nel contesto, \u00e8 stato registrato nell&#039;anno 2012. Ethycathinon acquistare online<\/p>\n<p>Ethycathinone Negozio farmaceutica di specialit\u00e0 azienda che si \u00e8 specializzata in alta qualit\u00e0 Catinoni in cristallo e in polvere, che sono disponibili in tutto il mondo. Le nostre soluzioni sono clinicamente testati per la loro purezza, che sottolinea il nostro impegno a fornire soluzioni per insoddisfatta, salute e tempo libero. Questo bibliometrici analisi ha rivelato nuove funzionalit\u00e0 di ricerca il fascino del Catinone, in particolare, il farmaco di sintesi di sintesi. Ethycathinon acquistare online<\/p>\n<h3>PER VENDERE ETILICO CATINONE:<\/h3>\n<p>Come risultato, le regole devono essere aggiornati avere confini chiari per l&#039;occasionale assistenza medica e l&#039;illegale il consumo di imposta. Siamo uno dei pi\u00f9 partner di successo, e un rapido rapporto con i vari produttori e fornitori di tutto il mondo. Recentemente abbiamo introdotto un di alta qualit\u00e0, le recensioni, perch\u00e9 i nostri clienti apprezzano la qualit\u00e0. Ethycathinon acquistare online<\/p>\n<p>Qualcosa di simile a noi, sar\u00e0 accettato dopo l&#039;acquisto delle Merci, in larga misura. La paura-e di indurre effetti di messa a fuoco di stimolanti aumenta la probabilit\u00e0 che presumibilmente sgradevole Riccioli. A causa dell&#039;effetto stimolante delle sostanze psichedeliche, la combinazione \u00e8 in gran parte inutile. Etilico catinone, da sola, produce un forte impatto emotivo euforia, e sensazioni di piacere che sono suscettibili di essere il risultato diretto della Serotonina e di Dopamina. Ethycathinon acquistare online<\/p>\n<p>In contrasto con l&#039;etere catinone Ethcathinon non \u00e8, tuttavia, considerato in Generale come un Profarmaco, poich\u00e9 (come Tramadol, codeina, e MDMA) pu\u00f2 anche essere solo attivo, ci\u00f2 che esclude dal raggruppamento da molti dei pi\u00f9 definizioni rigorose. In confronto all&#039;MDMA i suoi effetti sono pi\u00f9 simile all&#039;euforia dell&#039;anfetamina e mefedrone. Perch\u00e9 etere catinone sembra essere inattivo Profarmaco che viene solo dopo ulteriori metabolismo Ethcathinon attivo. Ethycathinon acquistare online<\/p>\n<p>Pertanto, il presupposto \u00e8 che Ethcathinon \u00e8 anche dealkyliert N -, se \u00e8 consumato per il Catinone. Bk-MDEA agisce come la cocaina come un non-selettivo Inibitore di mono-amine-Assorbimento e indotta, allo stesso tempo, la distribuzione della Serotonina come l&#039;MDMA. Molte persone hanno scoperto che si tratta di un efficace ricambio per Ethycathinon. Ethycathinon acquistare online<\/p>\n<h4>ETHYCATHINON BUY ONLINE EUROPE:<\/h4>\n<p>\u00c8 stato descritto che Ethycathinon non \u00e8 solo utilizzato per scopi ricreativi, come si arriva a confronto di altri stimolanti, solo un minimo di euforia, mentre a breve durata di azione, compulsivo Redosing pu\u00f2 promuovere. Miscele con le seguenti sostanze possono causare pericolose alti livelli di Serotonina. La sindrome da Serotonina richiede l&#039;attenzione medica immediata ed \u00e8 fatale se non trattata. Ethycathinon acquistare online<\/p>\n<p>Ethycathinon per la vendita, da non confondere con etilene, potrebbe essere una nuova droga con propriet\u00e0 stimolanti, che \u00e8 stato scoperto nel 1960. Si tratta di un farmaco che madre natura \u00e8 stimolato ad aumentare il potere dello spirito umano, e a causa euforia. Uomini e donne consumano Ethycathinon farmaci in prima linea per vari medici e a scopo ricreativo. Irina Majumder presso l&#039;Universit\u00e0 di Adelaide ha scritto questo lavoro. Ethycathinon acquistare online<\/p>\n<p>Dal Ethycathinone \u00e8 un forte Agonista della moneta recettore, pu\u00f2 essere utilizzato il composto chimico Ethylone professionali studi medici come Supplemento dietetico per la perdita di peso. Comprare Ethycathinone \u00e8 il nome per i Composti chimici bk-EBDB e N-etil butylone. Inoltre, il farmaco \u00e8 conosciuto sotto diversi nomi, perch\u00e9 \u00e8 una droga attraente per i consumatori che vogliono utilizzare nel tempo libero. Ethycathinon acquistare online<\/p>\n<p>L&#039;organizzazione ha decenni di esperienza nella lotta contro questi Composti chimici, quindi non \u00e8 sorprendente che Ethycathinone \u00e8 diventato per la vendita nel corso degli anni di essere un nome di fiducia nel settore. Dietil catinone sembra essere un Profarmaco inattivo, che viene attivato solo dopo aver metabolizzato Ethcathinon.<\/p>\n<h4>ETHYCATHINON ONLINE IN EUROPA ACQUISTARE:<\/h4>\n<p>Pertanto, il presupposto \u00e8 che Ethcathinon dovrebbe essere dealkyliert al consumatore in modo pi\u00f9 attivo della droga del Catinone, N -, che pu\u00f2 essere in una posizione molto migliore per stimolare il rilascio di Dopamina affidabile. Il nostro principale obiettivo \u00e8 quello di fornire un servizio all&#039;ingrosso di offrire, e distribuiamo Composti chimici, prodotti chimici, medicinali Cannabinoidi miscele a base di erbe e di elevata purezza chimica e farmaceutica e la consegna. Ethycathinon acquistare online<\/p>\n<p>I Composti chimici bk-EBDB e N-Ethylbutylon sono Ethycathinon noto. Perch\u00e9 \u00e8 un meraviglioso droga, dove un utente tenta di utilizzare ulteriori informazioni per le applicazioni di Hobby, Ethycathinon droga anche tanti nomi di luogo. L&#039;organizzazione pu\u00f2 inviare questi prodotti chimici di ricerca in tutto il mondo, in modo che gli esperti possono ora contare, che si arriva in tempo, non importa dove sono impostati i loro laboratori.<\/p>\n<h5>Di PI\u00d9:<\/h5>\n<p>Dal Ethcathinon sembra essere un Profarmaco inattivo e eccitato fino a quando, subito dopo l&#039;ulteriore metabolismo Ethcathinon \u00e8, c&#039;\u00e8 sempre la presunzione che Ethcathinon \u00e8 dealkyliert quando utilizzato nella maggior parte dei casi, N. farmaco attivo del Catinone, che pu\u00f2 certamente stimolare molto pi\u00f9 affidabile, il rilascio di dopamina.<\/p>","protected":false},"excerpt":{"rendered":"<p>ETHYCATHINON ONLINE KAUFEN Ebenso k\u00f6nnen Sie Ethycathinon online zu sehr niedrigen Preisen kaufen. Dieses Badesalz-Cathinon-Analogon k\u00f6nnte der Urin-Metabolit von N-Ethycathinon sein. N-Ethylcathinon, auch bekannt als Ethylpropion oder ETH-CAT, ist ein synthetisches Cathinon und Stimulans, das h\u00e4ufig in Badesalzmischungen und einigen Pillen enthalten ist. Die vollen Auswirkungen des CSA und seiner Durchf\u00fchrungsbestimmungen, wie Haftstrafen, zivil- und verwaltungsrechtliche Strafen, Bu\u00dfgelder und beh\u00f6rdliche Kontrollen von Stoffen der Liste I, werden durch diesen Kauf auf die Herstellung, den Vertrieb, den Besitz, die Einfuhr und die Ausfuhr dieses k\u00fcnstlichen Cathinons \u00fcbertragen. Bezeichnenderweise wurden mehrere formale Studien zur Pharmakokinetik oder Pharmakodynamik von zyklisch substituiertem Cathinon durchgef\u00fchrt.\u2026<\/p>","protected":false},"featured_media":1677,"comment_status":"open","ping_status":"closed","template":"","meta":{"content-type":""},"product_brand":[],"product_cat":[163],"product_tag":[],"class_list":{"0":"post-1650","1":"product","2":"type-product","3":"status-publish","4":"has-post-thumbnail","6":"product_cat-forschung-chemikalien","8":"first","9":"instock","10":"shipping-taxable","11":"purchasable","12":"product-type-variable"},"_links":{"self":[{"href":"https:\/\/kokaindrogekaufen.com\/it\/wp-json\/wp\/v2\/product\/1650"}],"collection":[{"href":"https:\/\/kokaindrogekaufen.com\/it\/wp-json\/wp\/v2\/product"}],"about":[{"href":"https:\/\/kokaindrogekaufen.com\/it\/wp-json\/wp\/v2\/types\/product"}],"replies":[{"embeddable":true,"href":"https:\/\/kokaindrogekaufen.com\/it\/wp-json\/wp\/v2\/comments?post=1650"}],"wp:featuredmedia":[{"embeddable":true,"href":"https:\/\/kokaindrogekaufen.com\/it\/wp-json\/wp\/v2\/media\/1677"}],"wp:attachment":[{"href":"https:\/\/kokaindrogekaufen.com\/it\/wp-json\/wp\/v2\/media?parent=1650"}],"wp:term":[{"taxonomy":"product_brand","embeddable":true,"href":"https:\/\/kokaindrogekaufen.com\/it\/wp-json\/wp\/v2\/product_brand?post=1650"},{"taxonomy":"product_cat","embeddable":true,"href":"https:\/\/kokaindrogekaufen.com\/it\/wp-json\/wp\/v2\/product_cat?post=1650"},{"taxonomy":"product_tag","embeddable":true,"href":"https:\/\/kokaindrogekaufen.com\/it\/wp-json\/wp\/v2\/product_tag?post=1650"}],"curies":[{"name":"wp","href":"https:\/\/api.w.org\/{rel}","templated":true}]}}