{"id":1659,"date":"2023-06-27T19:20:23","date_gmt":"2023-06-27T18:20:23","guid":{"rendered":"https:\/\/kokaindrogekaufen.com\/?post_type=product&#038;p=1659"},"modified":"2024-11-15T06:09:39","modified_gmt":"2024-11-15T06:09:39","slug":"nembutal-online-kaufen","status":"publish","type":"product","link":"https:\/\/kokaindrogekaufen.com\/it\/product\/nembutal-online-kaufen\/","title":{"rendered":"NEMBUTAL ACQUISTARE ONLINE"},"content":{"rendered":"<h2>NEMBUTAL ACQUISTARE ONLINE<\/h2>\n<p>Qua e l\u00e0, Acquistare Nembutal Online, in 24 ore, negli Stati Uniti. Nembutal Polvere \u00e8 il Design Inquadratura e foto personalizzata e solo le persone con una soluzione dovrebbe davvero prendere vantaggio di esso. Il farmaco deve essere impartito a malapena qualsiasi punto che molti altri individui utilizzando un Retaggio della gestione di farmaci o l&#039;inclinazione. Fino ad ora, questo specialista \u00e8 famoso perch\u00e9 \u00e8 stato incredibile condizioni fecondo nella gestione di problemi di sonno o ansia. Nelle occasioni precedenti, \u00e8 stato con la lotta il Resto deve essere noto.<\/p>\n<p>A causa della realt\u00e0 quindi, a questo punto, la maggior parte dei paesi \u00e8 vietato e soppressa sonno integratori, le attivit\u00e0 sono attualmente molto straordinaria. In ogni caso, un sacco di destinazioni in tutto il mondo, attualmente Nembutal in Polvere. Tuttavia, si deve sapere che il Nembutal in Polvere a qualcosa di micidiale in Abbondanza. Di solito \u00e8 utilizzato da persone auto-distruzione, o l&#039;eutanasia. Nembutal acquistare online<\/p>\n<p>Il farmaco \u00e8 stato percepito come negli anni &#039; 60 per il Monitoraggio della deprivazione di sonno \u00e8 pi\u00f9 comoda. Ottenere il Nembutal Polvere nel mondo di oggi non \u00e8 tanto facile come ha usato essere. La maggior parte dei mondiale di droga nei paesi proposti per essere utilizzato in modo Nembutal di ripristino in polvere alla rinfusa. Tutti in tutto, ha preso le et\u00e0, soprattutto enorme, perch\u00e9 altri stupefacenti e del rumore, medico prescritto farmaci con meno effetti collaterali indesiderati Nembutal polvere hanno sostituito. Nembutal acquistare online<\/p>\n<h3>NEMBUTAL ONLINE EUROPE BUY:<\/h3>\n<p>Terapeutico esperti, inoltre, non utilizzare per il trattamento di crisi epilettiche e per una variet\u00e0 di applicazioni registrati qui. L&#039;uso concomitante di Barbiturici con altri focale turbato metodologia depressivi rimedi devono essere utilizzati con attenzione, come il sub-prendere una quantit\u00e0 eccessiva di sedazione, l&#039;inerzia, cos\u00ec come in situazioni estreme, in uno stato di trance, e la perdita della vita per essere in grado di lasciare. Comprare Nembutal Online<\/p>\n<p>Nembutal Polvere rende l&#039;inizio di elementi amministrativi significativamente meno incredibile. Non \u00e8 necessario utilizzare prodotti chimici di controllo delle nascite approcci, come il preservativo, durante l&#039;applicazione di Pentobarbital, al fine di garantire che non si rimane incinta. Nembutal polvere contiene una tonalit\u00e0 bianca, e un forte gusto, che includono l&#039;utilizzo di nemici di emetici per prevenire il vomito se per via orale visualizzata una significativa dosi. Comprare Nembutal Online<\/p>\n<p>Siamo veramente nella Nembutal Polvere di Business, per alcuni anni, a questo punto, e ottenere che cosa esattamente avete bisogno per un cliente. Abbiamo anche vari barbiturici tatto ovunque. L&#039;acquisizione di Nembutal polvere di noi \u00e8 completamente solo davanti a pochi altri. Nembutal polvere contiene argilla bianca e duro di carattere, e di evitare l&#039;uso dei nemici di emetici rigurgitare se per via orale alla maggiore richiesta di misure introdotte. Comprare Nembutal Online<\/p>\n<h6>NEMBUTAL PER LA VENDITA:<\/h6>\n<p>Verso di noi e guadagnare di pi\u00f9. Stare lontano da tutti i Cocktail, se si prende il Nembutal in polvere per il trattamento, tranne che si pu\u00f2 raggiungere per completare la vostra vita. L&#039;alcol aumenta gli effetti di Nembutal polvere. Prendendo troppo di solito \u00e8 pericoloso. Ti rendi conto che si potrebbe avere un sacco di prese, se si nota gonfiore estesa, molli o senza vita il sentimento di inadeguatezza a fare la pip\u00ec, per un totale di meno di esso, lento o veloce della frequenza cardiaca, senso di svenimento, debolezza battito cardiaco e sonno la respirazione. Nembutal acquistare online<\/p>\n<p>Si tratta di un affidabile barbiturici per la intenzionale di sterminio, si trasmette un tranquillo e privo di problemi, come la perdita di esistenza, praticamente senza delusioni nel grado pi\u00f9 piccolo. A parte questo, c&#039;\u00e8 un racconto apparentemente apatico o straziante passaggi con il Nembutal le riserve di disciplina, Questo potrebbe essere dovuto a errata organizzazione del corrispondente dosaggio. Nembutal acquistare online<\/p>\n<p>Nembutal polvere, i Barbiturici sono non-selettivo focale inquieto metodo di antidepressivi, che sono utilizzati in gran parte come un sedativo ipnotici, e Anticonvulsante nel sub-ipnotico dosi. Nembutal Polvere \u00e8 la necessit\u00e0 per l&#039;inquadratura e la formazione personalizzata, e solo quelli con una cura, per utilizzarlo. A prescindere dal caso, sei un brillante nuova, o pu\u00f2 essere un cliente abituale, si sono schierati a voi. Nembutal acquistare online<\/p>\n<h5>NEMBUTAL ONLINE USA ACQUISTARE :<\/h5>\n<p>Per una clientela che non sono educati in termini di barbiturici, abbiamo uno staff di esperti e Master gli agenti di una strategia complessiva per l&#039;acquisto e l&#039;utilizzo di farmaci manualmente. Si dovrebbe ottenere l&#039;auto-distruzione di aggiunte la gelatina contenitori, assicurarsi che ciascuno dei casi prendere. La spiegazione primaria \u00e8 quello di pensare al vostro Assimilazione accelerare, che si dovrebbe avere altro per evitare che, come parte del vostro addome lega. Comprare Nembutal Online<\/p>\n<p>Qui ci sono molti sondaggi di persone che hanno proficuamente acquisito il Nembutal Polvere, e le altre persone che non hanno. Acquistare a buon Negli ultimi anni, come conseguenza dell&#039;Espansione della quantit\u00e0 di persone preoccupato Nembutal polvere dal Messico, gli specialisti hanno impostato le loro linee guida, l&#039;acquisto pi\u00f9 difficile Nembutal polvere \u00e8 prevista in Messico. Nembutal acquistare online<\/p>\n<p>Normalerweise stellen Sie sicher, dass Sie in einem Raum, dass ein geliebter nur ein oder eine Person, die m\u00f6glicherweise Vorsicht Autorit\u00e4t kann nicht in ein paar Stunden gehen, wenn es eine St\u00f6rung kann m\u00f6glicherweise zu einer Bombe Selbstzerst\u00f6rung bem\u00fchen. Nach Untersuchungen \u00fcber Spezies, das Fenster der Schw\u00e4che zu diesen Sorten gilt als zu \u00d6ffnungen w\u00e4hrend des dritten Trimesters des Wachstums in der, um mit, eine erhebliche Anzahl eine lange Zeit des Lebens beginnen, kann jedoch bis etwa drei\u00dfig Jahre alt genug in Menschen strecken. Kaufen Nembutal Online<\/p>\n<p>Phenobarbital Powder wird weiterhin angezeigt, um die Halbwertszeit von Doxycyclin f\u00fcr so lange Zeit wie zwei Monate nach Barbiturat Behandlung gestoppt wird abzuk\u00fcrzen. Dieser Rahmen ist h\u00f6chstwahrscheinlich durch die Annahme von hepatischen mikrosomalen Verbindungen, die das antimikrobielle verarbeiten. Da es wirklich einfach war, zu viel Nembutal-Pulver einzunehmen (egal ob zuf\u00e4llig oder absichtlich), wurde es so gut wie \u00fcberall aus dem Handel genommen und durch sicherere Schlafmittel ersetzt. Nembutal online kaufen<\/p>\n<h4>NEMBUTAL ONLINE ZU VERKAUFEN:<\/h4>\n<p>Nembutal la Polvere \u00e8 stata rimossa nel 1998, l&#039;Australiano raccomandato Piano. Il farmaco dovrebbe essere comunicate ad altre persone, soprattutto le persone con una storia di abuso di droga o dipendenza. Il farmaco \u00e8 ancora in alcuni paesi di tutto il mondo, in linea di principio, l&#039;eutanasia di creature ammessi. Nembutal acquistare online<\/p>\n<p>In Forschungseinrichtungen wird das Medikament ausschlie\u00dflich zur therapeutischen Abkl\u00e4rung eingesetzt, zum Beispiel zur Sedierung und Beruhigung. Nembutal Powder k\u00f6nnte auf Framing und gewohnheitsbildende und Einzelpersonen und nicht nutzen ein Heilmittel darf es nicht beschaffen. So sollten Sie nicht Nembutal Puder zu anderen besonders weitergeben, wenn sie einen Satz des Mittelmissbrauchs haben. Alle Barbiturs\u00e4urepr\u00e4parate haben unbequeme Nebeneffekte. Kaufen Sie Nembutal Online<\/p>\n<p>Einige k\u00f6nnen moderat sein, w\u00e4hrend andere kritisch sind. Wahrscheinlich ist die weiteste und breite Wirkung von Barbituraten Neigung. F\u00fcr den Fall, dass Sie die Einnahme von Nembutal Pulver f\u00fcr eine umfangreiche, k\u00f6nnen Sie aller Wahrscheinlichkeit nach sicher Entzug Zeichen und Anzeichen jedes Mal, wenn Sie aufh\u00f6ren, die Nutzung dieser Droge. Holen Sie sich erschreckende Krise kompetente klinische Unterst\u00fctzung auf gut Gl\u00fcck, dass Sie akzeptieren, sie haben eine unangemessene Ma\u00dfnahme dieser Medikamente. Kaufen Sie Nembutal Online<\/p>\n<h5>INOLTRE:<\/h5>\n<p>Die Einnahme von zu viel Nembutal-Pulver k\u00f6nnte au\u00dfergew\u00f6hnlich sein. Sie erkennen, dass Sie zu viel eingenommen haben k\u00f6nnten, wenn Sie ausgedehnte Studien, schlaffe oder kraftlose Neigung, ungen\u00fcgendes Pinkeln oder bedeutend weniger davon, schl\u00e4frig oder schnelles koronares Herzniveau, ohnm\u00e4chtig, schwachen Herzschlag, und langsame Atmung bemerken. Nembutal online kaufen<\/p>\n<p>&nbsp;<\/p>","protected":false},"excerpt":{"rendered":"<p>NEMBUTAL ONLINE KAUFEN Hier und da, Buy Nembutal Online innerhalb von 24 Stunden in den USA. Nembutal Powder ist Design Framing und gewohnheitsbildende und nur Menschen mit einer L\u00f6sung sollte wirklich nutzen es. Die Medikation sollte kaum an irgendeinem Punkt zu den zahlreichen anderen besonders Einzelpersonen vermittelt werden, indem man eine Legacy der handhabenden Medikationen oder der Neigung verwendet. Bis jetzt war dieser Spezialist ber\u00fchmt, weil es unglaublich fruchtbar bei der Bew\u00e4ltigung von Ruheproblemen oder Angstzust\u00e4nden war. Bei vergangenen Gelegenheiten wurde es mit Kampf Rest N\u00f6te bekannt. Aufgrund der Realit\u00e4t dann, an diesem Punkt, die meisten L\u00e4nder haben verboten und\u2026<\/p>","protected":false},"featured_media":1678,"comment_status":"open","ping_status":"closed","template":"","meta":{"content-type":""},"product_brand":[],"product_cat":[163],"product_tag":[],"class_list":{"0":"post-1659","1":"product","2":"type-product","3":"status-publish","4":"has-post-thumbnail","6":"product_cat-forschung-chemikalien","8":"first","9":"instock","10":"shipping-taxable","11":"purchasable","12":"product-type-variable"},"_links":{"self":[{"href":"https:\/\/kokaindrogekaufen.com\/it\/wp-json\/wp\/v2\/product\/1659"}],"collection":[{"href":"https:\/\/kokaindrogekaufen.com\/it\/wp-json\/wp\/v2\/product"}],"about":[{"href":"https:\/\/kokaindrogekaufen.com\/it\/wp-json\/wp\/v2\/types\/product"}],"replies":[{"embeddable":true,"href":"https:\/\/kokaindrogekaufen.com\/it\/wp-json\/wp\/v2\/comments?post=1659"}],"wp:featuredmedia":[{"embeddable":true,"href":"https:\/\/kokaindrogekaufen.com\/it\/wp-json\/wp\/v2\/media\/1678"}],"wp:attachment":[{"href":"https:\/\/kokaindrogekaufen.com\/it\/wp-json\/wp\/v2\/media?parent=1659"}],"wp:term":[{"taxonomy":"product_brand","embeddable":true,"href":"https:\/\/kokaindrogekaufen.com\/it\/wp-json\/wp\/v2\/product_brand?post=1659"},{"taxonomy":"product_cat","embeddable":true,"href":"https:\/\/kokaindrogekaufen.com\/it\/wp-json\/wp\/v2\/product_cat?post=1659"},{"taxonomy":"product_tag","embeddable":true,"href":"https:\/\/kokaindrogekaufen.com\/it\/wp-json\/wp\/v2\/product_tag?post=1659"}],"curies":[{"name":"wp","href":"https:\/\/api.w.org\/{rel}","templated":true}]}}