{"id":1665,"date":"2023-06-27T19:20:23","date_gmt":"2023-06-27T18:20:23","guid":{"rendered":"https:\/\/kokaindrogekaufen.com\/?post_type=product&#038;p=1665"},"modified":"2023-08-07T08:26:44","modified_gmt":"2023-08-07T07:26:44","slug":"pseudoephedrin-online-kaufen","status":"publish","type":"product","link":"https:\/\/kokaindrogekaufen.com\/it\/product\/pseudoephedrin-online-kaufen\/","title":{"rendered":"PSEUDO EFEDRINA ACQUISTARE ONLINE"},"content":{"rendered":"<h2>PSEUDO EFEDRINA ACQUISTARE ONLINE<\/h2>\n<p>In prima linea pseudo-efedrina acquista Online a prezzi molto bassi. Efedrina HCL pu\u00f2 essere escreto nel latte materno e il Bambino dal male. L&#039;uso di efedrina HCL senza previa consultazione con il vostro medico. Se si sta allattando un bambino. Rimedi contro il raffreddore contenenti pseudoefedrina, sono disponibili solo in cassa. Soluzioni che contengono solo la pseudoefedrina come sostanza attiva, devono essere tenuti dietro la farmacia contatore.<\/p>\n<p>La pseudoefedrina \u00e8 disponibile in una vasta gamma di marchi e forme. Si prega di leggere le raccomandazioni di dosaggio per ogni prodotto con cautela a causa della pseudoefedrina contenuto, a seconda del prodotto e la soluzione sono diverse. Non prendere pi\u00f9 la pseudoefedrina di quanto raccomandato. I prodotti che contengono pseudoefedrina, altre medicine, devono essere conservati in armadi, ma solo in farmacia vende quando un farmacista \u00e8 presente.<\/p>\n<p>La gente ha bisogno di essere in grado di mostrare una forma di identificazione fotografica per l&#039;acquisto di efedrina contenenti prodotti e la quantit\u00e0 di pseudoefedrina, che pu\u00f2 essere acquistato, \u00e8 vietato. Inoltre, i negozi, alcuni acquirenti bisogno di memorizzare le informazioni per almeno due anni. Andate al vostro Consulente medico.<\/p>\n<p>Se fenilefrina non alleviare i sintomi, si pu\u00f2 provare due o tre ore dopo l&#039;ultima dose di pseudoefedrina. Fuori di preoccupazione che, di conseguenza, l&#039;utilizzo legale del farmaco potrebbe essere limitato, provato la lobby dei produttori di farmaci non soggetti a prescrizione, per portare la legislazione, caso, e ha preso tutti i Composti chimici che sono stati approvati come prodotto finale sotto la vostra politica, tra cui Sudafed. Pseudo efedrina acquistare online<\/p>\n<h3>PSEUDO EFEDRINA PER LA VENDITA:<\/h3>\n<p>Non c&#039;\u00e8 scientifica differenza in azione decongestionante. Tuttavia, la vasocostrizione colpisce i vasi sanguigni del naso e dei seni paranasali e il naso. Non appena l&#039;EPS \u00e8 legato alla resina in addolcitore d&#039;acqua, pu\u00f2 essere utilizzato con qualsiasi miscela di solventi svuotata, come lungo come gli ioni di make up per una parte significativa dell&#039;acqua. solvente. Pseudo efedrina acquistare online<\/p>\n<p>La pseudoefedrina \u00e8 un efedrina-Diastereoisomero, leggermente ridotti di metanfetamine, o viene ossidato a Metcatinone pu\u00f2 essere. Risciacquo con acqua distillata, poi con Metanolo e poi con acqua distillata ha sempre dimostrato di essere efficaci. La resina dovrebbe assomigliare a questo. Il farmaco \u00e8 generalmente utile nel trattamento della congestione nasale a causa di reazioni allergiche o di una tipica freddo. Pseudo efedrina acquistare online<\/p>\n<p>Pseudoefedrina pu\u00f2 essere utilizzato anche per il trattamento della congestione nasale, sinusite, e la tensione utilizzata. Pseudoefedrina opere di alfa-adrenergici sono stimolati nelle fosse nasali e dei seni paranasali rivestimenti, che restringono i vasi sanguigni, drenare il Liquido dai vasi sanguigni, e l&#039;infiammazione \u00e8 ridotta ridotta. Pseudo efedrina acquistare online<\/p>\n<p>Efedrina HCL pu\u00f2 essere escreto nel latte materno e il bambino per nuocere. Non uso di efedrina HCL senza prima consultare il medico. Se si sta allattando un bambino. Aiuta ad alleviare i blocchi nel naso e nei seni paranasali. Questi farmaci da prescrizione sono anche decongestionanti nasali. Che brevemente utilizzato per alleviare la costipazione e la pressione nei seni e dei passaggi nasali a causa di raffreddori, febbre da fieno o altri sintomi di Allergia. Pseudo efedrina acquistare online<\/p>\n<h4>PSEUDO EFEDRINA ACQUISTA ONLINE USA:<\/h4>\n<p>Check out questo confronto tra la pseudoefedrina e fenilefrina, per rendere pi\u00f9 facile Respirare. Questi farmaci da prescrizione sono anche decongestionanti nasali. Essi sono utilizzati per un breve periodo di tempo per alleviare il raffreddore, febbre da fieno o altre Allergie sintomi causati dall&#039;ostruzione dei seni paranasali e il passaggio nasale. Pseudo efedrina acquistare online<\/p>\n<p>Anche se la pseudoefedrina si verifica come un Alcaloide naturale in alcune specie di piante (per esempio, come costituente di estratti da come Ma Huang, noto Efedra-tipo, in cui non si verifica con altri efedrina isomeri), la stragrande maggioranza dei fini industriali-prodotti pseudo-efedrina dalla fermentazione del lievito di Destrosio in presenza di benzaldeide. Pseudo efedrina acquistare online<\/p>\n<p>Specializzata ceppi di lievito (di solito Candida o Saccharomyces cerevisiae) per essere inclusi in grandi vasi, acqua potabile, glucosio, e l&#039;enzima piruvato Decarbossilasi. Efedrina Hcl polvere \u00e8 utilizzato per il trattamento a breve termine dei sintomi di Asma bronchiale come la mancanza di respiro, senso di oppressione al petto e respiro affannoso. Pseudo efedrina acquistare online<\/p>\n<h5>\u00c8 POSSIBILE ACQUISTARE PSEUDOEPHEDRINE ONLINE IN AUSTRALIA:<\/h5>\n<p>La pseudoefedrina \u00e8 escreto nel latte materno. Si dovrebbe discutere prima di allattare i rischi e Benefici con il vostro medico. Altre malattie possono beneficiare di efedrina, come il medico determina. Prima di efedrina in polvere per il trattamento di problemi respiratori, asma bronchiale e nasale gonfiore\/blocchi \u00e8 stato utilizzato a causa di raffreddori o reazioni allergiche. Pseudo efedrina acquistare online<\/p>\n<p>Pseudo efedrina in polvere \u00e8 una prescrizione di farmaci per il sollievo di difficolt\u00e0 nella respirazione, \u00e8 negli Stati Uniti disponibile sul nostro Sito web. Un Massimo di tre volte l&#039;25 mg di efedrina HCL al giorno \u00e8 raccomandato per la rimozione di un grasso di successo. Una dose elevata \u00e8 semplicemente non \u00e8 consigliabile, perch\u00e9 \u00e8 superiore. Pseudo efedrina acquistare online<\/p>\n<p>Bruciare i grassi richiede uno Spot o pu\u00f2 portare ad alcuni effetti collaterali spiacevoli. L&#039;uso di pseudo-efedrina HCL ha una vasta gamma di effetti medico. Pi\u00f9 comunemente \u00e8 usato come un broncodilatatore per il trattamento di Asma bronchiale sintomi come mancanza di respiro, respiro sibilante, tosse e senso di oppressione al petto. E &#039; stato anche utilizzato con vari gradi di successo per il trattamento di ipotensione e blocco nasale. Pseudo efedrina acquistare online<\/p>\n<p>La durata pu\u00f2 essere estesa di questa offerta a un massimo di dodici mesi; in caso contrario, si pu\u00f2 avere a lungo termine ingestione di conseguenze negative. Anche se efedrina HCL non \u00e8 una soluzione a lungo termine per perdere peso in eccesso, \u00e8 l&#039;ideale per l&#039;inizio di un programma di dieta, se siete molto affamati. Culturisti uso di efedrina HCL per circa 6 a 8 mesi prima di una gara come pre-agonistici dieta, in modo che pseudo-efedrina HCL per la vendita. Pseudo efedrina acquistare online<\/p>\n<h4>PSEUDO EFEDRINA POLVERE, ACQUISTARE ONLINE:<\/h4>\n<p>Pseudoefedrina appartiene a una classe di farmaci chiamati Decongestionanti nasali noto. Questi farmaci rilassano i muscoli per le vie respiratorie e la cavit\u00e0 nasale, in modo che possa circolare l&#039;aria. Di superiore alla dose consigliata, soprattutto nelle donne, non \u00e8 raccomandato, poich\u00e9 la preparazione \u00e8 cos\u00ec incompatibile rispetto agli uomini. Per efedrina Hcl e altri farmaci di marca \u00e8 utilizzato in regola, un equivalente generico prodotto che \u00e8 molto pi\u00f9 conveniente. Pseudo efedrina acquistare online<\/p>\n<p>Efedrina Hcl polvere \u00e8 pi\u00f9 probabile che uno dei quattro componenti energetiche di efedra erba. \u00c8 grasso pu\u00f2 causare il deterioramento, un aumento della quantit\u00e0 di grasso, che si distingue per la benzina, cos\u00ec come il consumo di calore aumenta. E &#039; stato portato in connessione con questo, aumenta il tasso di metabolismo nell&#039;uomo fino al 5%. Per il sollievo di costipazione, pseudo-efedrina \u00e8 un modo sicuro ed efficace principio attivo contenuto nel pi\u00f9 freddo, Allergia e i farmaci del seno.<\/p>\n<p>Obwohl diese Medikamente jedes Jahr von \u00fcber achtzehn Millionen amerikanischen Familien eingenommen werden, kann PSE auch bei der illegalen Herstellung von Methamphetamin verwendet werden. In The Sun ist Pseudoephedrin HCl eine synthetische Version von Ephedrin. Auch hier gilt, dass Ephedra-Extrakt und Ephedrin-Alkaloide auf nat\u00fcrliche Weise in Pflanzen produziert werden, w\u00e4hrend Ephedrin-HCl in einem Labor hergestellt wird. Pseudoephedrin online kaufen<\/p>\n<h4>Di PI\u00d9:<\/h4>\n<p>Ganz zu schweigen davon, dass Pseudoephedrin HCL eine Reihe von medizinischen Anwendungen hat. Pseudoephedrin, auch bekannt als Pseudoephedrinhydrochlorid, ist ein abschwellendes Mittel, das bei einer Erk\u00e4ltung oder verstopften Nase die Nase und die Nebenh\u00f6hlen befreit. Pseudoephedrin online kaufen<\/p>\n<p>Wenn Sie allergisch gegen Pseudoephedrin sind, informieren Sie Ihren Arzt oder Apotheker, bevor Sie es verwenden. Wenn Sie andere Allergien haben, teilen Sie uns dies bitte mit. more info Informieren Sie Ihren Arzt, wenn Sie bereits unerw\u00fcnschte Reaktionen auf andere Sympathomimetika (einschlie\u00dflich Ephedrin und Phenylephrin) hatten. Ihre Dosierung wird durch Ihr Alter, Ihren Gesundheitszustand und Ihre Reaktion auf das Verfahren bestimmt. Pseudoephedrin online kaufen<\/p>\n<p>Erh\u00f6hen Sie Ihre Dosis nicht und nehmen Sie dieses Medikament nicht h\u00e4ufiger als vorgeschrieben. Verwenden Sie nicht mehr von diesem Medikament, als f\u00fcr Ihr Alter empfohlen wird. Pseudoephedrin wird verwendet, um bronchiale Asthmasymptome wie Kurzatmigkeit, Engegef\u00fchl in der Brust, Kurzatmigkeit und Keuchen zu behandeln.<\/p>","protected":false},"excerpt":{"rendered":"<p>PSEUDOEPHEDRIN ONLINE KAUFEN In erster Linie kaufen Pseudoephedrin Online zu sehr niedrigen Preisen. Pseudoephedrin HCL kann in die Muttermilch \u00fcbergehen und dem Baby schaden. Verwenden Sie Pseudoephedrin HCL nicht ohne vorherige R\u00fccksprache mit Ihrem Arzt. Wenn Sie ein Kind stillen. Erk\u00e4ltungsmittel, die Pseudoephedrin enthalten, sind nur an der Kasse erh\u00e4ltlich. L\u00f6sungen, die nur Pseudoephedrin als arzneilich wirksamen Bestandteil enthalten, sollten hinter dem Apothekentresen aufbewahrt werden. Pseudoephedrin gibt es in einer Vielzahl von Marken und Formen. Bitte lesen Sie die Dosierungsempfehlungen f\u00fcr jedes Produkt sorgf\u00e4ltig durch, da der Pseudoephedrin-Gehalt je nach Produkt und L\u00f6sung unterschiedlich sein kann. Nehmen Sie nicht mehr\u2026<\/p>","protected":false},"featured_media":1679,"comment_status":"open","ping_status":"closed","template":"","meta":{"content-type":""},"product_brand":[],"product_cat":[163],"product_tag":[],"class_list":{"0":"post-1665","1":"product","2":"type-product","3":"status-publish","4":"has-post-thumbnail","6":"product_cat-forschung-chemikalien","8":"first","9":"instock","10":"shipping-taxable","11":"purchasable","12":"product-type-variable"},"_links":{"self":[{"href":"https:\/\/kokaindrogekaufen.com\/it\/wp-json\/wp\/v2\/product\/1665"}],"collection":[{"href":"https:\/\/kokaindrogekaufen.com\/it\/wp-json\/wp\/v2\/product"}],"about":[{"href":"https:\/\/kokaindrogekaufen.com\/it\/wp-json\/wp\/v2\/types\/product"}],"replies":[{"embeddable":true,"href":"https:\/\/kokaindrogekaufen.com\/it\/wp-json\/wp\/v2\/comments?post=1665"}],"wp:featuredmedia":[{"embeddable":true,"href":"https:\/\/kokaindrogekaufen.com\/it\/wp-json\/wp\/v2\/media\/1679"}],"wp:attachment":[{"href":"https:\/\/kokaindrogekaufen.com\/it\/wp-json\/wp\/v2\/media?parent=1665"}],"wp:term":[{"taxonomy":"product_brand","embeddable":true,"href":"https:\/\/kokaindrogekaufen.com\/it\/wp-json\/wp\/v2\/product_brand?post=1665"},{"taxonomy":"product_cat","embeddable":true,"href":"https:\/\/kokaindrogekaufen.com\/it\/wp-json\/wp\/v2\/product_cat?post=1665"},{"taxonomy":"product_tag","embeddable":true,"href":"https:\/\/kokaindrogekaufen.com\/it\/wp-json\/wp\/v2\/product_tag?post=1665"}],"curies":[{"name":"wp","href":"https:\/\/api.w.org\/{rel}","templated":true}]}}