{"id":1671,"date":"2023-06-27T19:20:24","date_gmt":"2023-06-27T18:20:24","guid":{"rendered":"https:\/\/kokaindrogekaufen.com\/?post_type=product&#038;p=1671"},"modified":"2023-08-07T08:26:22","modified_gmt":"2023-08-07T07:26:22","slug":"thc-vape-saft-online-kaufen","status":"publish","type":"product","link":"https:\/\/kokaindrogekaufen.com\/it\/product\/thc-vape-saft-online-kaufen\/","title":{"rendered":"THC VAPE SUCCO-ACQUISTA ONLINE"},"content":{"rendered":"<h2>THC VAPE SUCCO-ACQUISTA ONLINE<\/h2>\n<p>Immediatamente, Acquistare Thc Vape succo online entro 24 ore. THC Vape succo potrebbe avere un lungo rack di vita regolare, quando la strada di un possibile set. Meno difficile approccio per il punto vendita di vostro THC Vape il succo in un bicchiere, se concepibile pioggia nascondersi. L&#039;apertura pu\u00f2 corrompere sensibili o decomporre il supporto si fonde con il THC vape succo \u00e8 situato. Vape Squeeze in precedenza volato in scena di E-sigarette, di liquidazione conosciuto come un ricambio continuo con le sigarette.<\/p>\n<p>Per salvare questo scopo, le persone che conoscono, di solito il termine &#034;Vape succo&#034;. Non \u00e8 solo il THC Vape Succo di frutta, ma, come abbiamo visto, una vasta gamma di possibili risultati che possono essere di interesse a voi. THC Vape il Succo di Internet di vendita al dettaglio facciate e legale dispensari in tutto il paese. Di buon brodo \u00e8 stato testato per qualche tempo, due singole, ormai abbastanza laboratori in modo indipendente per confermare la sua eccellente qualit\u00e0, precisione, i dati relativi ai pesticidi, importanti elementi metallici e solventi.<\/p>\n<p>Sarete felici di capire che sollievo temporaneo, di pesticidi e di critica in acciaio senza il costo. La semplicit\u00e0 rimane tra i migliori, e ci incontriamo, come una regola, Superiore-cuscinetti di routine esigenze. Tenere questo in mente: Aggiungere terpeni, o il Resto delle battute sono significativamente meno, nel Complesso, l&#039;energia. Siamo inclini ad andare per la loro pi\u00f9 radicato, ma alcuni possono, forse, bisogno di molto pi\u00f9 carattere.<\/p>\n<h3>THC VAPE SUCCO DI FRUTTA PER LA VENDITA:<\/h3>\n<p>Liqudizer sono in aggiunta a quanto brillante Sono per le persone che non si avvicinano normale distillato. Per le persone che hanno, sar\u00e0 migliorata normale distillato regolarmente forte. In ogni caso, andremo sopra la base delle decisioni di succo di E a casa, senza la preparazione di fronte a noi e la Animazione fotogramma per buona misura per i pi\u00f9 Piccoli tra di loro. Thc Vape Succo di comprare online<\/p>\n<p>Venite a godere di Svapo, si dovrebbe trovare un negozio sul web, o anche di un business nella vostra zona che vi dar\u00e0 una prudente trasporto offre. Attento consegna a domicilio pu\u00f2 essere garantita con un paio di Online-Vape punti vendita; non \u00e8 necessario ridurre la vostra vaping, poich\u00e9 si ignora il THC vape succo di frutta. Cos\u00ec si potrebbe bisogno di qualche vuoto di vetro Contagocce Contenitore di plastica o unicorno pensiero bottiglie con sicurezza per bambini coperture in luogo. Thc Vape Succo di comprare online<\/p>\n<p>Si avr\u00e0 probabilmente bisogno di un po di guanti in lattice per proteggere le mani. Potrai anche essere ruvida pensieri hanno bisogno di aghi per una stima accurata, anche se si pu\u00f2 usare il conto gocce di approccio, se si desidera. Un&#039;incredibile combinazione di tutte le normali Parti e concentrati, mix, per sostenere la vostra Vaping esperienza di lavoro per tutti. Contiene quantit\u00e0 di glicole propilenico, liquori, aromi artificiali, Diacetile o acetil-propanolo, e non ha alcun tipo di diluenti di qualsiasi tipo. Thc Vape Succo di frutta online<\/p>\n<h4>THC VAPE SUCCO DI COMPRARE ONLINE EUROPA:<\/h4>\n<p>La legittimit\u00e0 di THC E-Squeeze \u00e8 in gran parte controllato dal loro luogo di residenza. Nel caso In cui si vive a condizione che il luogo di relax Maryjane come Colorado, California, Washington e Oregon \u00e8 stato approvato, non hanno problemi, il legale di THC Vape succo nella vostra farmacia nelle vicinanze della pista. THC Vape Olio pu\u00f2 essere un liquido punto focale della Cannabis composto di flavonoidi, terpeni e cannabinoidi, che vengono rimossi a fine contemporanea Maryjane-gemme. Thc Vape Succo di comprare online<\/p>\n<p>L&#039;estrazione prevede l&#039;uso di alcool o di anidride carbonica, con conseguente un prodotto solido \u00e8 formato, l&#039;uomo nell&#039;evaporatore pu\u00f2 dare. Ci sono anche Cannabis arricchita di Vape succhi di frutta che non contengono THC o CBD, si possono ottenere per aiutare nella produzione di THC Vape Olio, che potrebbe quindi, a questo punto, ipoteticamente, davvero, \u00e8 come l&#039;Erba guarda, se vaporizzarlo. In caso contrario, \u00e8 possibile scegliere un altro sapore e-liquido come un gelato di vaniglia o di cannella in Coppa, o di mirtillo per creare la tua e-liquido, scoprirete una Marea di gusto decisioni per vape succhi di frutta, come, praticamente ogni gusto possibile. Thc Vape succo di comprare online<\/p>\n<p>THC Vape Succo \u00e8 tipicamente concentrarsi modo, un liquido di Cannabis e i cannabinoidi, terpeni e flavonoidi che contiene, che erano lontani da oggi la cannabis fiore bundle. THC-gratis Vape succhi di frutta sono regolarmente su Internet o specializzate Vaping negozi disponibili. THC Vape succo di frutta o THC Vape Olio sono fluidi che vengono tenuti in Vape Penne che producono il fumo senza l&#039;aiuto di qualcun altro. Thc Vape Succo di comprare online<\/p>\n<h5>INOLTRE:<\/h5>\n<p>Dipende dalla Volont\u00e0 della Persona. Reale THC Vape succo \u00e8 costituito di acqua, spezie cena di qualit\u00e0, un&#039;Alternativa alla nicotina o senza nicotina e glicole propilenico PG o glicerina vegetale VG. Vuoi per vaporizzare la tua erba come Alternativa al Fumo di sigaretta? \u00c8 necessario disporre di almeno due cose: un Vape Penna, oltre ad alcuni THC Vape succo di frutta. Thc Vape Succo di comprare online<\/p>\n<p>Das Destillat ist h\u00e4ufig d\u00fcnn eine betr\u00e4chtliche Menge, die sehr gut explizit aus einer legitimen Patrone verdampft werden k\u00f6nnte. Sie werden die M\u00f6glichkeit haben, Terpene in Ihr Destillat zu konsolidieren, um den Geschmack zu verschmelzen. F\u00fcr den Fall, dass Sie ab jetzt Destillat, das nicht \u00fcberm\u00e4\u00dfig dick ist, vermeiden Sie diese Daten und gewinnen zu topping off. Sie m\u00fcssen nur eine entbehrliche THC Vape Pen oder eine digitale Zigarette zu kaufen, um mit wenig Aufmerksamkeit zu zahlen, was Saft Sie brauchen. Thc Vape-Saft online kaufen<\/p>\n<p>Wenn Sie einen nachf\u00fcllbaren Vape Pen kaufen, m\u00fcssen Sie nicht einfach einen THC-Saft f\u00fcr E-Zigaretten kaufen; alles befindet sich im Inneren des Ger\u00e4ts: Sie dampfen einfach und werfen es weg, wenn es leer ist. Andererseits sollten die nachf\u00fcllbaren Vape Pens (wie ihr Name schon sagt) mit der digitalen Zigarettenfl\u00fcssigkeit gef\u00fcllt sein. Thc Vape Juice online kaufen<\/p>","protected":false},"excerpt":{"rendered":"<p>THC VAPE SAFT ONLINE KAUFEN Sofort, Kaufen Thc Vape Saft online innerhalb von 24 Stunden. THC Vape Saft k\u00f6nnte ein langes Gestell des regelm\u00e4\u00dfigen Lebens haben, wenn weg lebensf\u00e4hig gesetzt. Die am wenigsten schwierige Ansatz zu Einzelhandel Lage Ihre THC Vape Saft ist in einem Glasfach, wenn denkbar tr\u00fcb in verbergen. Offenheit zu empfindlich kann korrumpieren oder zersetzen die unterst\u00fctzenden Mischungen in THC vape Saft gelegen. Vape Squeeze zuvor flog auf die Szene, wenn E-Zigaretten gewickelt bis bekannt als Ersatz mit kontinuierlichen Zigaretten. Zu diesem Zweck speichern die Personen, die sich auskennen, normalerweise den Begriff &#8222;Vape-Saft&#8220;. Es gibt nicht nur\u2026<\/p>","protected":false},"featured_media":1680,"comment_status":"open","ping_status":"closed","template":"","meta":{"content-type":""},"product_brand":[],"product_cat":[163],"product_tag":[],"class_list":{"0":"post-1671","1":"product","2":"type-product","3":"status-publish","4":"has-post-thumbnail","6":"product_cat-forschung-chemikalien","8":"first","9":"instock","10":"shipping-taxable","11":"purchasable","12":"product-type-variable"},"_links":{"self":[{"href":"https:\/\/kokaindrogekaufen.com\/it\/wp-json\/wp\/v2\/product\/1671"}],"collection":[{"href":"https:\/\/kokaindrogekaufen.com\/it\/wp-json\/wp\/v2\/product"}],"about":[{"href":"https:\/\/kokaindrogekaufen.com\/it\/wp-json\/wp\/v2\/types\/product"}],"replies":[{"embeddable":true,"href":"https:\/\/kokaindrogekaufen.com\/it\/wp-json\/wp\/v2\/comments?post=1671"}],"wp:featuredmedia":[{"embeddable":true,"href":"https:\/\/kokaindrogekaufen.com\/it\/wp-json\/wp\/v2\/media\/1680"}],"wp:attachment":[{"href":"https:\/\/kokaindrogekaufen.com\/it\/wp-json\/wp\/v2\/media?parent=1671"}],"wp:term":[{"taxonomy":"product_brand","embeddable":true,"href":"https:\/\/kokaindrogekaufen.com\/it\/wp-json\/wp\/v2\/product_brand?post=1671"},{"taxonomy":"product_cat","embeddable":true,"href":"https:\/\/kokaindrogekaufen.com\/it\/wp-json\/wp\/v2\/product_cat?post=1671"},{"taxonomy":"product_tag","embeddable":true,"href":"https:\/\/kokaindrogekaufen.com\/it\/wp-json\/wp\/v2\/product_tag?post=1671"}],"curies":[{"name":"wp","href":"https:\/\/api.w.org\/{rel}","templated":true}]}}