{"id":1681,"date":"2023-06-27T19:20:31","date_gmt":"2023-06-27T18:20:31","guid":{"rendered":"https:\/\/kokaindrogekaufen.com\/?post_type=product&#038;p=1681"},"modified":"2024-03-21T20:33:47","modified_gmt":"2024-03-21T20:33:47","slug":"cbd-isolat-zu-verkaufen","status":"publish","type":"product","link":"https:\/\/kokaindrogekaufen.com\/it\/product\/cbd-isolat-zu-verkaufen\/","title":{"rendered":"CBD ISOLARE VENDERE"},"content":{"rendered":"<h2>CBD ISOLARE PER LA VENDITA:<\/h2>\n<p>Di PI\u00d9:<\/p>\n<p>CBD in grado di isolare bene con unguenti e altri prodotti di cura della pelle e arrangiamenti, mixing, e arricchito con il potere di canapa. Dopo la completa digestione del vostro CBD pu\u00f2 essere dispersi e utilizzato infundierter di nettare o di Agave per Affinare il caff\u00e8 Espresso e t\u00e8, prodotti biologici, ciotole, o cereali, o di Avocado, pane Tostato per un sano, di CBD-powered per Iniziare la giornata.<\/p>\n<p>Le possibilit\u00e0 sono diverse e variano, perch\u00e9 appartengono a voi. CBD isolare sta godendo di crescente popolarit\u00e0 tra le persone che sono in cerca di un&#039;alternativa opzioni di trattamento per la loro quotidiana di salute e Benessere problemi. Molti clienti sono costantemente alla ricerca di nuovi Modi per integrare la loro salute e dei sistemi di welfare, perch\u00e9 \u00e8 cos\u00ec adattabile e noioso risultati.CBD isolare per la vendita<\/p>\n<p>Il ciclo ha inizio con una raffinata l&#039;estrazione dell&#039;Etanolo quadro, le solide prestazioni di alta qualit\u00e0 CBD non raffinato olio \u00e8 ottenuto. Abbiamo quindi, a questo punto, selezionare questo olio non raffinato e tutta la storia dell&#039;atomica di raffinazione, il Top-qualit\u00e0 CBD distillato cosa che noi, a questo punto, di prendere forma nel nostro distacco con l&#039;uso di un piccolo, un piccolo metodologia, l&#039;enorme quantit\u00e0 di CBD staccare spesso lo Screening di pi\u00f9 di quasi il 100% vera.CBD isolare per la vendita<\/p>\n<h3>CBD ISOLARE ONLINE ACQUISTARE:<\/h3>\n<p>Se l&#039;effetto \u00e8 limitato, aumentare la dose di 10 mg, nei prossimi giorni, e di valutare l&#039;effetto di nuovo. Se l&#039;effetto del CBD \u00e8 troppo forte, ridurre la dose fino a che non hanno trovato una discreta quantit\u00e0 di lavoro per voi. Perch\u00e9 non tutti i CBD elementi e gli ordini sono soggetti alle stesse regole, si dovrebbe fare l&#039;acquisto Online di CBD Sono state estrema attenzione cercando correttamente testato assembly con una solida reputazione.<\/p>\n<p>Ora che sapete che cosa \u00e8 CBD di separazione, si potrebbe chiedere, che cosa sono i benefici dell&#039;assunzione di CBD. A seconda della strategia, i seguenti prodotti sono enormi CBD-pietre preziose, o una straordinaria polvere bianca, simile a zucchero a velo. Nonostante la possibilit\u00e0 di una piccola quantit\u00e0 di ciliegia sapore, nessuno dei due CBD-tipi devono avere una certa profumo o di stile. CBD isolare per la vendita<\/p>\n<p>Si pu\u00f2, tuttavia, non per il suo semplice aspetto ingannare \u2013 non c&#039;\u00e8 una Pletora di ragioni per CBD isolare, e ispirare tutti di che cosa ha da offrire. Oltre alla salute e al Benessere dei problemi, l&#039;Evaporazione di CBD \u00e8 una cucina completamente biodisponibile metodo per consumare CBD. Si tratta di un modo fantastico per utilizzare CBD, se si soffre di stress, lo Stress, il nervosismo, o di miseria.<\/p>\n<p>I diversi usi ed applicazioni per questo CBD polvere sono praticamente illimitate, e la sua capacit\u00e0 di adattamento \u00e8 incomparabile. Allo stesso modo, si ha il completo controllo sulla quantit\u00e0 di CBD in ogni servizio, ogni volta che si crea un CBD formula incluso. Partire con lo stesso Olio di CBD che \u00e8 in tutto e per Aaronay ltd CBD prodotti disponibili, lontano cere il RSHO CBD isolare-tecnica di finitura, l&#039;insieme di Oli vegetali contenuti, Clorofilla e altri cannabinoidi, e di pi\u00f9 dal nostro olio di canapa, in modo che quasi puro al 100% CBD rimane come una polvere traslucida.<\/p>\n<h4>CBD ISOLARE PER LA VENDITA ONLINE:<\/h4>\n<p>A prescindere dal fatto che il THC non viene rilevato nel test di droga, potrebbe non essere sicuro se sono risultato positivo. Se si stanno facendo un eccellente lavoro di droga e di richiesta di prova, questo \u00e8 il modo pi\u00f9 semplice per evitare un potenziale conflitto con la societ\u00e0. CBD-pietre preziose sono particolarmente importanti perch\u00e9 hanno un notevole profumo o il sapore. CBD isolare per la vendita<\/p>\n<p>Questo \u00e8 tipico. Lo svantaggio di Oli e concentrati con un forte, naturale, di nocciola di sapori, e i terpeni, che gli conferiscono un incredibile sapore unico. Gli isolati sono un ottimo sostituto per Oli e pastiglie per coloro che non amano l&#039;odore e lo stile. CBD isolati sono l&#039;ideale per le persone che hanno una reazione avversa ad altri cannabinoidi, ma, tuttavia, CBD per il trattamento della loro sofferenza, vuole provare. CBD isolare per la vendita<\/p>\n<p>Die Zusammenarbeit von CBD mit der Endocannabinoid-Technik und anderen Signalisierungsstrategien im Gehirn kann darauf hindeuten, dass es eine ausgezeichnete Behandlungsstrategie f\u00fcr neurologische Probleme ist. CBD-Isolat-Pulver ist ideal zum Kochen, zum Einr\u00fchren in Smoothies und Getr\u00e4nke oder einfach zur oralen Einnahme. Betrachten Sie es als ein hochkonzentriertes CBD-Produkt. Es sollte verwendet werden, um eine ausgewogene Dosis CBD in eine Vielzahl von Produkten, L\u00f6sungen und Lebensmitteln einzubringen. Das CBD-\u00d6l wird in die Fl\u00fcssigkeit getaucht und dann w\u00e4hrend der Winterbehandlung auf eine Temperatur unter Null gebracht. CBD-Isolat zum Verkauf<\/p>\n<p>Da CBD-Isolat \u00f6ll\u00f6slich ist, kann es (wie alle Cannabinoide) einfach in eine Produktformulierung eingearbeitet werden. Es l\u00e4sst sich leicht zu \u00d6l schmelzen und mit einer Produktformulierung auf \u00d6lbasis kombinieren. CBD-Isolat ist ein CBD-Produkt, bei dem alle anderen Cannabinoide, Terpene und Flavonoide entfernt wurden, so dass nur reines, unverf\u00e4lschtes CBD-\u00d6l \u00fcbrig bleibt. Es ist die nat\u00fcrlichste Art, CBD-\u00d6l zu erhalten.CBD-Isolat zu verkaufen<\/p>\n<h4>BULK-CBD-ISOLAT ZUM VERKAUF:<\/h4>\n<p>Wenn das CBD-Isolat als Erg\u00e4nzung in einer trinkwasserabh\u00e4ngigen Formulierung verwendet werden soll, muss es zun\u00e4chst in einer wasserl\u00f6slichen CBD-Sorte aufgel\u00f6st werden, bevor es einer Mischung aus anderen wasserl\u00f6slichen Komponenten hinzugef\u00fcgt wird. In dieser Phase werden alle restlichen Verunreinigungen und extremen Bestandteile aus den beiden vorangegangenen Phasen entfernt. Das CBDA-\u00d6l wird dann erhitzt, um es in eine CBD-Konzentration umzuwandeln, und zwar durch einen Prozess, der als Decarboxylierung bekannt ist.<\/p>\n<p>Hergestellt in einer nussverarbeitenden Fabrik. Wenn Ihnen empfohlen wird, Grapefruit zu meiden, konsultieren Sie Ihren medizinischen Betreuer, bevor Sie es verwenden. Wenn Nebenwirkungen auftreten, stellen Sie die Einnahme ein. Wenn das Siegel gebrochen ist, kann es nicht verwendet werden. CBD Wholesale, unser Familienunternehmen, ist auf die Produktion von CBD-reichen Bl\u00fcten sowie die Herstellung und den Vertrieb von Hanfprodukten spezialisiert. Wir verwalten die gesamte Wertsch\u00f6pfungskette. Wir kontrollieren den gesamten Prozess, von der Genetik bis zur Endverpackung, um qualitativ hochwertige Produkte und Dienstleistungen zu gew\u00e4hrleisten.CBD Isolat zum Verkauf<\/p>\n<p>Endocannabinoide stimulieren verschiedene Neurorezeptoren in unserem K\u00f6rper und regulieren die Produktion von Hormonen und Proteinen, die unser Immunsystem und unsere Organe, unsere Gedanken und unsere Vorstellungskraft regulieren. Mescalinenearme CBD Isolat wurde zum dritten Mal in verschiedenen Umgebungen getestet, um die Abwesenheit von Schwermetallen, Pestiziden, L\u00f6sungsmittelr\u00fcckst\u00e4nden, Mykotoxinen und anderen Verunreinigungen sicherzustellen. CBD-Isolat zu verkaufen<\/p>\n<h5>Di PI\u00d9:<\/h5>\n<p>Endocannabinoide stimulieren verschiedene Neurorezeptoren in unserem K\u00f6rper und regulieren die Produktion von Hormonen und Proteinen, die unser Immunsystem, unsere Organe, unsere Gedanken und unsere Vorstellungskraft regulieren. aaronay CBD Isolate wurde zum dritten Mal in verschiedenen Umgebungen getestet, um sicherzustellen, dass keine Schwermetalle, Pestizide, L\u00f6sungsmittelr\u00fcckst\u00e4nde, Mykotoxine und andere Verunreinigungen vorhanden sind. CBD Isolat zum Verkauf<\/p>\n<p>Sie k\u00f6nnen es auch in Ihr Essen mischen, w\u00e4hrend es gekocht wird, oder es in Ihren Getr\u00e4nken aufl\u00f6sen. CBD2-Rezeptoren finden sich \u00fcberall im Immunsystem und in den Prozessen, aber CBD-\u00d6l hat keine Wirkung auf einen der Rezeptoren, wie es THC hat. Im Gegenteil, es veranlasst den menschlichen K\u00f6rper, viel mehr nat\u00fcrliche Endocannabinoide zu produzieren, die bereits in Ihrem System vorhanden sind.<\/p>","protected":false},"excerpt":{"rendered":"<p>CBD ISOLAT ZU VERKAUFEN: Als Ergebnis haben wir reines CBD-Isolat zum Verkauf in der ganzen Welt. Weil sie CBD mit so vielen verschiedenen Bestandteilen kombinieren, kann es schwieriger sein, die passende Portion mit einer breiten Palette von CBD-Best\u00e4nden zu w\u00e4hlen. Da es sich bei Disengages einfach um CBD handelt, ist die Dosierung umso offensichtlicher. Die Makellosigkeit von CBD-Disengage gibt Ihnen die Freiheit, andere CBD-Produkte, wie Farben und Topicals, ohne jegliche Vorbereitung herzustellen. CBD-Isolat zum Verkauf CBD-Isolat l\u00e4sst sich gut mit Salben und anderen Hautpflegeprodukten und -arrangements mischen und bereichert diese mit der Kraft des Hanfs. Nach dem vollst\u00e4ndigen Aufschluss kann\u2026<\/p>","protected":false},"featured_media":1711,"comment_status":"open","ping_status":"closed","template":"","meta":{"content-type":""},"product_brand":[],"product_cat":[163],"product_tag":[],"class_list":{"0":"post-1681","1":"product","2":"type-product","3":"status-publish","4":"has-post-thumbnail","6":"product_cat-forschung-chemikalien","8":"first","9":"instock","10":"shipping-taxable","11":"purchasable","12":"product-type-variable"},"_links":{"self":[{"href":"https:\/\/kokaindrogekaufen.com\/it\/wp-json\/wp\/v2\/product\/1681"}],"collection":[{"href":"https:\/\/kokaindrogekaufen.com\/it\/wp-json\/wp\/v2\/product"}],"about":[{"href":"https:\/\/kokaindrogekaufen.com\/it\/wp-json\/wp\/v2\/types\/product"}],"replies":[{"embeddable":true,"href":"https:\/\/kokaindrogekaufen.com\/it\/wp-json\/wp\/v2\/comments?post=1681"}],"wp:featuredmedia":[{"embeddable":true,"href":"https:\/\/kokaindrogekaufen.com\/it\/wp-json\/wp\/v2\/media\/1711"}],"wp:attachment":[{"href":"https:\/\/kokaindrogekaufen.com\/it\/wp-json\/wp\/v2\/media?parent=1681"}],"wp:term":[{"taxonomy":"product_brand","embeddable":true,"href":"https:\/\/kokaindrogekaufen.com\/it\/wp-json\/wp\/v2\/product_brand?post=1681"},{"taxonomy":"product_cat","embeddable":true,"href":"https:\/\/kokaindrogekaufen.com\/it\/wp-json\/wp\/v2\/product_cat?post=1681"},{"taxonomy":"product_tag","embeddable":true,"href":"https:\/\/kokaindrogekaufen.com\/it\/wp-json\/wp\/v2\/product_tag?post=1681"}],"curies":[{"name":"wp","href":"https:\/\/api.w.org\/{rel}","templated":true}]}}