{"id":1696,"date":"2023-06-27T19:20:32","date_gmt":"2023-06-27T18:20:32","guid":{"rendered":"https:\/\/kokaindrogekaufen.com\/?post_type=product&#038;p=1696"},"modified":"2024-08-01T10:46:36","modified_gmt":"2024-08-01T09:46:36","slug":"ephedrin-hcl-pulver-zum-verkauf","status":"publish","type":"product","link":"https:\/\/kokaindrogekaufen.com\/it\/product\/ephedrin-hcl-pulver-zum-verkauf\/","title":{"rendered":"EFEDRINA HCL POLVERE PER LA VENDITA"},"content":{"rendered":"<h2>EFEDRINA HCL POLVERE PER LA VENDITA<\/h2>\n<p>Inoltre, abbiamo la pi\u00f9 alta qualit\u00e0 di efedrina fornitore, efedrina per la vendita. Efedrina solfato ha un effetto sul sistema nervoso centrale. Stimola la corteccia cerebrale e sottocorticali, che \u00e8 il motivo per cui si \u00e8 utilizzato per il trattamento della narcolessia. A causa dei cambiamenti in problemi di salute associati con l&#039;efedrina, esso non deve essere usato come Supplemento dietetico. Efedrina, quali la feniletilammina, una simile struttura sintetica come le anfetamine ed \u00e8 una metanfetamina \u00e8 soprattutto la metanfetamina di Sistema con un Ossidrile in bundle all&#039;Interno della posizione.<\/p>\n<p>Diese Kombination, wie die Begrenzung des Verzehrs von zus\u00e4tzlichem Fett auf 30 % der Kalorien EPHEDRIN HCL PULVER\u00a0 und m\u00e4\u00dfige Bewegung, scheint das K\u00f6rperfett zu reduzieren, das &#8222;l\u00e4stige&#8220; Cholesterin der unteren Lipoproteinschicht (LDL) zu senken und das &#8222;ausgezeichnete&#8220; Cholesterin der oberen Lipoproteinschicht (<a href=\"https:\/\/kokaindrogekaufen.com\/it\/product\/ketamin-500-mg-10-ml-zu-verkaufen\/\">HDL<\/a>) zu erh\u00f6hen. Ephedrin ist ein Energizer im Allgemeinen, und ich bin auf der Suche nach einer weniger schwierigen Weg, um gebildete als Kaffee (die schlecht angeordnet werden k\u00f6nnen, weil der Aufbau von Widerstand, nicht ganz beweglich, und Koffein ist wirklich ein Diuretikum).Ephedrin zum Verkauf<\/p>\n<p>L&#039;efedrina non deve essere assunto durante la gravidanza, a meno che non sia espressamente prescritta da un medico e solo quando non ci sono altre Alternative. Tuttavia, l&#039;Efedra combinazioni possono causare l&#039;attentamente studiato e testato, o, pi\u00f9 probabilmente, regolato adulti appariscente miglioramenti per il carico di lavoro del sistema Circolatorio e la frequenza cardiaca. Efedrina per la vendita<\/p>\n<h3>EFEDRINA ACQUISTARE ONLINE:<\/h3>\n<p>Ci sono notevoli preoccupazioni in merito alla sicurezza di questo prodotto, in quanto contiene una notevole quantit\u00e0 di energia Efedra e caffeina, e occasionalmente preso per essere senza effetti collaterali nocivi esaminato. Efedrina diminuisce anche lo svuotamento gastrico. Metilxantine, come la caffeina e la teofillina, hanno un estremamente rapporto sinergico con efedrina per il grasso. Efedrina per la vendita<\/p>\n<p>Dies EPHEDRIN HCL PULVER f\u00fchrte dazu, dass sich das Blatt wendete und im Internet zusammengesetzte Produkte vorgestellt wurden. Einer von ihnen, bekannt als der eca-Stack, kombiniert Ephedrin mit Koffein und entz\u00fcndungshemmenden Medikamenten. Es ist ein beliebtes Nahrungserg\u00e4nzungsmittel, das von Muskelprotzen verwendet wird, die herausfinden wollen, wie sie vor einem Wettkampf K\u00f6rperfett abbauen k\u00f6nnen. Bei der Behandlung von Asthma wurde Ephedrin h\u00e4ufig als abschwellendes und bronchienerweiterndes Mittel eingesetzt. Ephedrin zu verkaufen<\/p>\n<p>Esso \u00e8 ancora utilizzato per questa indicazione, anche se il suo riconoscimento diminuisce a causa della disposizione di convincere gli specialisti per questi segni che mostrano molto meno risultati sfavorevoli. Il ruolo di ostruzione nasale \u00e8 stata in gran parte sostituita da una molto pi\u00f9 forte-adrenergici agonisti del Recettore. Efedrina per la vendita<\/p>\n<p>L&#039;efedrina pu\u00f2 essere esaminato nel sangue, Plasma o nelle urine di possibili istanze di osservare le azioni della concorrenza e per confermare l&#039;indagine sulle lesioni, o aiutare un medico legale la morte di indagine. Molti meccanici Immunodosaggio Test di Screening, che sono associati con le anfetamine, sembrano essere associati con efedrina cross-reagisce, ma tecniche cromatografiche in grado di distinguere l&#039;efedrina senza dubbio da altri feniletilammina societ\u00e0 controllate. Per vendere efedrina<\/p>\n<h4>EFEDRINA PER LA VENDITA ONLINE:<\/h4>\n<p>L&#039;efedrina \u00e8 un bronchi espansione mezzo che pu\u00f2 essere usato come un breve termine di prescrizione per il trattamento di asma. \u00c8 anche utile come Energizzante e viene spesso acquistato nel camion stazioni di truck driver per questo scopo. Perch\u00e9 non \u00e8 una metanfetamina precursore, fu per la vendita di camion si ferma dal 2006, le autorit\u00e0 STATUNITENSI hanno gravemente limitato. L&#039;efedrina ha sviluppato ad un livello estremamente notevole e sorprendente trattamento di Asma bronchiale, in particolare, perch\u00e9 pu\u00f2 essere somministrato in contrasto con l&#039;adrenalina (fino alla fine del trattamento standard), orale. Efedrina per la vendita<br \/>\nArticle sponsoris\u00e9 Trouvez quelque chose pour tout le monde dans notre collection de chaussettes color\u00e9es, lumineuses et \u00e9l\u00e9gantes. Achetez individuellement ou en lots pour ajouter de la couleur \u00e0 votre <a href=\"https:\/\/www.high-endrolex.com\/\" target=\"_blank\" rel=\"noopener\">sock<\/a> tiroir!<br \/>\nL&#039;uso di efedrina per il trattamento di Asma bronchiale, raggiunto alla fine del 1950, culminata, dopo di che l&#039;uso terapeutico \u00e8 diminuita gradualmente e progressivamente. L&#039;efedrina ha sviluppato standard di prescrizione per un posto strano di droghe di strada e nutrienti, integratori alimentari. L&#039;efedra, efedrina e prodotti, e le modalit\u00e0 sono illegali in molti paesi del mondo, rigorosamente, in quanto sono una componente chiave nella produzione di dipendenza composto da metanfetamina. Efedrina per la vendita<\/p>\n<p>Il costante uso di efedrina spesso \u00e8 sicuro e ben tollerato; i conseguenti effetti negativi di un aumento di cuore costo, alta pressione sanguigna e nervosismo, che spesso scompare dopo la prima settimana di applicazione, tuttavia. Anche se i supplementi dietetici contenenti alcaloidi efedrina, sono oggi utilizzati da molte persone con un sufficiente grado di sicurezza e di viabilit\u00e0, possono essere per le persone che hanno alcune gravi malattie, \u00e8 estremamente pericoloso. Per vendere efedrina<\/p>\n<h4>EFEDRINA HCL POLVERE PER LA VENDITA:<\/h4>\n<p>Vari studi hanno alcaloidi efedrina come una causa per la genuina conseguenze negative per la salute in caso di persone non autosufficienti, tra cui, ma non limitato a, attacco di cuore, ictus, convulsioni e, in casi estremi, la morte implica. L&#039;efedrina \u00e8 un decongestionante per gli agenti, e in Generale un broncodilatatore. Agisce riducendo il gonfiore e il restringimento dei vasi sanguigni nei passaggi nasali \u00e8 ridotto e le vie aeree nei polmoni si espande, rendendo la Respirazione pi\u00f9 facile. Efedrina per la vendita<\/p>\n<p>Inoltre, stimola il metabolismo, permettendo al corpo durante la giornata di lavoro pu\u00f2 bruciare attraverso un processo noto come termogenesi, in caso di attivit\u00e0 ad alta intensit\u00e0 di energia molto di pi\u00f9 e il grasso indesiderato. La maggior parte dei dietisti ricevere questo farmaco al Mattino o nel primo pomeriggio, il metabolismo durante il giorno, per un massimo di stimolare. Efedrina integratori di solito non sono destinati al trattamento di malattie, anche se essi sono apparsi nella maggior parte delle persone efficaci nel breve termine. Efedrina per la vendita<\/p>\n<p>Es steht Ihnen frei zu versuchen, Rockford Chronic Ephedrine unbegrenzt zu wiederholen; EPHEDRIN HCL PULVER k\u00fcmmert sich nicht darum, wie sie beginnen. Ich wollte Sie nur darauf hinweisen, und ich war mir nicht sonderlich bewusst, dass die pr\u00e4kanzer\u00f6sen intraven\u00f6sen Sulfat-Injektionen \u00fcber die frei verk\u00e4ufliche Linie um den Stapel herum dr\u00e4ngen. Ich bin neugierig, was Hochwertiges Ephedrin HCL Pulver f\u00fcr effektive Gewichtsabnahme und Energie-Boost. Jetzt bestellen und von schnellem Versand profitieren! ist \u00fcber 2 neben einem EPHEDRINE EPHEDRINE<a href=\"https:\/\/hhcgraskaufen.com\/\" target=\"_blank\" rel=\"noopener\"> HCL<\/a> zu stoppen Juckreiz und Tropf plus eine glatte in Blutdruck Ebene. Ephedrin zum Verkauf<\/p>\n<p>Si prega di spiegare, prima di tutto, le somiglianze: efedrina HCL e pseudoefedrina, entrambi i quali sono alcaloidi naturali estratti da Efedra impianto. L&#039;efedrina e la pseudoefedrina sono contenute in Efedra t\u00e8 e l&#039;Integratore alimentare Efedra. Per valutare la vostra tolleranza e il tempo di reazione. Che \u00e8, hanno preso un Integratore alimentare in modo equilibrato. Bowman, offre una esperienza unica che non \u00e8 in dermatologia centro. Per vendere efedrina<\/p>\n<h5>Di PI\u00d9:<\/h5>\n<p>EPHEDRIN HCL PULVER Schlucken Sie die Flasche ganz und versuchen Sie, die zuf\u00e4llige Enthauptung zu defibrillieren; Guaifenesin kann verwendet werden, um die Brillen zun\u00e4chst auszugleichen. Mittelsmann EPHEDRINE HCL ist die Zeit zu starten. Es kommt nicht jeden Tag vor, dass wir keinen freien Moment haben, aber fast jeder seri\u00f6se Entwickler hat ihn. EPHEDRINE HCL sollte nicht dazu f\u00fchren, dass Hirnblutungen, Schlaganf\u00e4lle oder Herzrhythmusst\u00f6rungen in indische Generika aufgenommen werden, wenn es nur statistisch oder mental war. Ephedrin zum Verkauf<\/p>\n<p>Efedrina, il principio attivo Ma Huang, una pianta medicinale usata per Migliaia di anni in Cina. L&#039;efedrina \u00e8 stato ampiamente studiato ed \u00e8 relativamente affidabile connessione per il breve - medio termine la perdita di peso (meno di 6 mesi) e moderato miglioramento delle prestazioni addestrato gli uomini e le donne. Tuttavia, non \u00e8 in tutte le situazioni difficili in modo efficace, a lungo termine la riduzione del grasso e risultati in poco allenati, gli individui non sono state studiate. Importante e a volte negativi successo efedrina per la vendita<\/p>\n<p>Nel caso di persone, l&#039;inserimento di efedrina pu\u00f2 portare a insonnia. Efedrina HCL appartiene a una classe di farmaci noti come simpaticomimetici, dal momento che \u00e8 simile alle sostanze chimiche che sono il prodotto di una simpatica risposta di paura durante una &#034;lotta o fuga&#034; la situazione. Il farmaco si lega per Alfa - e Beta-adrenergici, causando il tessuto nervoso simile a una scarica di adrenalina stimola. Per vendere efedrina<\/p>","protected":false},"excerpt":{"rendered":"<h3 style=\"text-align: center;\">EPHEDRIN HCL PULVER<\/h3>\n<p>Hochwertiges Ephedrin HCL Pulver f\u00fcr effektive Gewichtsabnahme und Energie-Boost. Jetzt bestellen und von schnellem Versand profitieren!<\/p>","protected":false},"featured_media":1713,"comment_status":"open","ping_status":"closed","template":"","meta":{"content-type":""},"product_brand":[],"product_cat":[163],"product_tag":[],"class_list":{"0":"post-1696","1":"product","2":"type-product","3":"status-publish","4":"has-post-thumbnail","6":"product_cat-forschung-chemikalien","8":"first","9":"instock","10":"shipping-taxable","11":"purchasable","12":"product-type-variable"},"_links":{"self":[{"href":"https:\/\/kokaindrogekaufen.com\/it\/wp-json\/wp\/v2\/product\/1696"}],"collection":[{"href":"https:\/\/kokaindrogekaufen.com\/it\/wp-json\/wp\/v2\/product"}],"about":[{"href":"https:\/\/kokaindrogekaufen.com\/it\/wp-json\/wp\/v2\/types\/product"}],"replies":[{"embeddable":true,"href":"https:\/\/kokaindrogekaufen.com\/it\/wp-json\/wp\/v2\/comments?post=1696"}],"wp:featuredmedia":[{"embeddable":true,"href":"https:\/\/kokaindrogekaufen.com\/it\/wp-json\/wp\/v2\/media\/1713"}],"wp:attachment":[{"href":"https:\/\/kokaindrogekaufen.com\/it\/wp-json\/wp\/v2\/media?parent=1696"}],"wp:term":[{"taxonomy":"product_brand","embeddable":true,"href":"https:\/\/kokaindrogekaufen.com\/it\/wp-json\/wp\/v2\/product_brand?post=1696"},{"taxonomy":"product_cat","embeddable":true,"href":"https:\/\/kokaindrogekaufen.com\/it\/wp-json\/wp\/v2\/product_cat?post=1696"},{"taxonomy":"product_tag","embeddable":true,"href":"https:\/\/kokaindrogekaufen.com\/it\/wp-json\/wp\/v2\/product_tag?post=1696"}],"curies":[{"name":"wp","href":"https:\/\/api.w.org\/{rel}","templated":true}]}}