{"id":1703,"date":"2023-06-27T19:20:33","date_gmt":"2023-06-27T18:20:33","guid":{"rendered":"https:\/\/kokaindrogekaufen.com\/?post_type=product&#038;p=1703"},"modified":"2024-08-01T10:15:12","modified_gmt":"2024-08-01T09:15:12","slug":"etizolam-pulver-zum-verkauf","status":"publish","type":"product","link":"https:\/\/kokaindrogekaufen.com\/it\/product\/etizolam-pulver-zum-verkauf\/","title":{"rendered":"ETIZOLAM HA IN POLVERE PER LA VENDITA"},"content":{"rendered":"<h2>ETIZOLAM HA IN POLVERE PER LA VENDITA<\/h2>\n<p>Von Nord- bis S\u00fcdamerika, Europa bis Asien, haben wir wirklich hochwertige, reine <a href=\"https:\/\/kokaindrogekaufen.com\/it\/kokain-preis\/\">Etizolam<\/a> zum Verkauf. Etizolam ist gedacht, um Antidepressiva, gegen Stress und Angst, und insgesamt Gleichgewicht Ergebnisse in der Organisation zu erreichen und wurde f\u00fcr den medizinischen Einsatz in dieser Situation auch genehmigt. Obgleich die Medikation craving Verbesserung verursachen kann, erscheint dieser Effekt nicht in allen K\u00e4ufern.<\/p>\n<p>Quando la gente annunciare il decadimento di etizolam ha, non dovrebbe essere un Problema di calore, per aiutare, per rompere, e per portare la polvere in una percezione di una quantit\u00e0 di liquido, e agitare vigorosamente dovrebbe essere incredibile il lavoro dopo qualche tempo. Un milligrammo di etizolam ha ha un effetto simile a dieci milligrammi di Valium (Diazepam). Etizolam ha non pu\u00f2 essere utilizzato come una benzodiazepina, \u00e8 stato visto come una sostanza presente nel sistema, che \u00e8 caratterizzata da un tiofene anello, e non da un anello di benzene. Per vendere etizolam ha<\/p>\n<p>Poich\u00e9 la maggior parte dei paesi del mondo benzodiazepina-non per divieto farmaceutici di questo farmaco in quasi tutti i paesi del mondo, \u00e8 legale. \u00c8 legale in tutto il mondo! \u00c8 ansiolitici, sedativi, ipnotici, amnesico e propriet\u00e0 rilassanti, simile alla sua sorella composto Alprazolam e di altre benzodiazepine ha. Uno studio di etizolam ha utilizzato, ha dimostrato che ha eliminato acustico riflessioni Schizofrenici completo. Per vendere etizolam ha<\/p>\n<h4>ETIZOLAM HA ACQUISTARE ONLINE:<\/h4>\n<p>Von Etizolam Pulver den \u00dcberlegungen, Etizolam ist k\u00fcnstlich mit Benzodiazepinen wahrgenommen und Kapazit\u00e4ten durch eine Beh\u00f6rde GABA-Rezeptor. Etizolam-Pulver wird in der Regel nicht verwendet. Stress und Nervosit\u00e4t sind normalerweise nicht unangenehm, aber es gibt eine Vielzahl von Angsterkrankungen. Nervosit\u00e4t Fragen sind eine Gruppe von psychischen Erkrankungen, die verwirrend und erstaunlich Druck, Spannung und Angst verursachen. Etizolam zum Verkauf<\/p>\n<p>Etizolam ist das gef\u00e4hrlichste Stressmedikament, das sich in Etizolam Pulver verwandeln kann. Es ist das beste System f\u00fcr Anf\u00e4lle und Hoffnungslosigkeit, und es wird sofort beginnen, um Ihnen ein Gef\u00fchl der Ruhe und Gelassenheit. Es kann auch zur Behandlung von Schlaflosigkeit und anderen Schlafst\u00f6rungen eingesetzt werden. Wenn Sie mit einer schwierigen Situation bei der Arbeit konfrontiert sind, vor einer Pr\u00fcfung stehen oder eine kritische Entscheidung treffen m\u00fcssen, erlebt jeder Mensch irgendwann Stress, und genau da k\u00f6nnen Etizolam Tabletten helfen. Etizolam zum Verkauf<\/p>\n<p>Le miscele sono una selezione di alcuni dei pi\u00f9 percepita indagine di miscele sintetiche, che \u00e8 stato intorno per alcuni anni. Perch\u00e9 \u00e8 stato intorno per un lungo periodo di tempo, sono spesso associati con la &#034;Vecchia Scuola&#034; RCs in connessione. Si \u00e8 anche detto che la gente dovrebbe usare il farmaco per scopi ricreativi, perch\u00e9 ha effetti come interiore di auto-espansione, energico camouflage e un senso di costrizione. Per vendere etizolam ha<\/p>\n<h4>ETIZOLAM HA PER LA VENDITA ONLINE:<\/h4>\n<p>Menschen ETIZOLAM PULVER haben es auch f\u00fcr Freizeitbesch\u00e4ftigungen verwendet. Dieser Artikel ist f\u00fcr Mess- und Testprogramme bestimmt. Es ist als Thieno-Diazepin klassifiziert und wurde speziell entwickelt, um die Benzodiazepin-Gesetzgebung zu umgehen. Etizolam hat die gleiche Wirkung wie Alprazolam. Der erweiterte Teil kann eine breite Palette von Ergebnissen verursachen, aber es kann auch ung\u00fcnstige Nebeneffekte haben, die Dinge wie extremen Unfug oder Tod in echten Bedingungen einschlie\u00dfen. Etizolam zum Verkauf<\/p>\n<p>Etizolam ha in polvere, noto anche come Etilaam, o Etizest \u00e8 semplice tieno benzodiazepine ed \u00e8 un depressivo connessione, l&#039;Anti-Stretch, Anti-Stress e di Massa causato allentamento effetti con quelli di benzodiazepine comparabili. Si tratta di una ricerca ben noti di sostanza, che si presenta sotto Forma di pillole, polveri, o opzioni. Etizolam ha per la vendita<\/p>\n<p>Etizolam ha in polvere \u00e8 realizzato con il 99,8% di pura etizolam ha. Si tratta di un inodore come il vetro di composti insolubili in acqua, ma non leggermente solubile in Etanolo. Nel frattempo, serve come solvente di Cloroformio e metanolo trattamenti. Nonostante il fatto che \u00e8 ancora considerato come una prescrizione solo, non controlla ne approva la legittimit\u00e0 di etizolam ha, negli Stati Uniti, o limitata, in quanto deve essere prescritto da un installatore specializzato. Per vendere etizolam ha<\/p>\n<h5>INOLTRE :<\/h5>\n<p>Die pulverisierte Etizolam Portion wird h\u00e4ufig empfohlen, nicht mehr als 1mg pro Portion zu sein. Es wirkt, indem es den Geist des Individuums beruhigt, indem es auf die Benzodiazepin-Seite der GABA-Rezeptoren des Gro\u00dfhirns wirkt. Etizolam wurde mit <a href=\"https:\/\/kaufenxanax.com\/\" target=\"_blank\" rel=\"noopener\">Alprazolam<\/a> und Bromazepam bei der Behandlung der generalisierten Angstst\u00f6rung verglichen. Etizolam zu verkaufen<\/p>\n<p>Etizolam ha altri due Medici, farmaci consigliati superato nello studio preliminare, in relazione all&#039;effetto stimolante. Se il blu comunit\u00e0 \u00e8 disciolti in liquidi chiari, il colore diventa blu. Il colore blu, tuttavia, pu\u00f2 diventare sfocata quando l&#039;assunzione di liquidi con un colore pi\u00f9 scuro. Il colore blu non \u00e8 andando a essere in via non esclusiva Rohypnol varianti. Etizolam ha per la vendita<\/p>\n<p>In genere si riferisce alla lunghezza totale di cui ha contribuito l&#039;effetto della sostanza, nonch\u00e9 l&#039;importo totale che si \u00e8 bruciato in un dato periodo di tempo. Questo farmaco \u00e8 generalmente pensato per essere per la riduzione dello stress e la memoria del movimento sono utilizzati. Le persone utilizzano in genere il farmaco a scopo di Relax, perch\u00e9 possono causare effetti collaterali come gonfiore. Etizolam ha per la vendita<\/p>","protected":false},"excerpt":{"rendered":"<h4 style=\"text-align: center;\">ETIZOLAM PULVER<\/h4>\n<h4 style=\"text-align: center;\"><\/h4>\n<p>&nbsp;<\/p>","protected":false},"featured_media":1714,"comment_status":"open","ping_status":"closed","template":"","meta":{"content-type":""},"product_brand":[],"product_cat":[163],"product_tag":[],"class_list":{"0":"post-1703","1":"product","2":"type-product","3":"status-publish","4":"has-post-thumbnail","6":"product_cat-forschung-chemikalien","8":"first","9":"instock","10":"shipping-taxable","11":"purchasable","12":"product-type-variable"},"_links":{"self":[{"href":"https:\/\/kokaindrogekaufen.com\/it\/wp-json\/wp\/v2\/product\/1703"}],"collection":[{"href":"https:\/\/kokaindrogekaufen.com\/it\/wp-json\/wp\/v2\/product"}],"about":[{"href":"https:\/\/kokaindrogekaufen.com\/it\/wp-json\/wp\/v2\/types\/product"}],"replies":[{"embeddable":true,"href":"https:\/\/kokaindrogekaufen.com\/it\/wp-json\/wp\/v2\/comments?post=1703"}],"wp:featuredmedia":[{"embeddable":true,"href":"https:\/\/kokaindrogekaufen.com\/it\/wp-json\/wp\/v2\/media\/1714"}],"wp:attachment":[{"href":"https:\/\/kokaindrogekaufen.com\/it\/wp-json\/wp\/v2\/media?parent=1703"}],"wp:term":[{"taxonomy":"product_brand","embeddable":true,"href":"https:\/\/kokaindrogekaufen.com\/it\/wp-json\/wp\/v2\/product_brand?post=1703"},{"taxonomy":"product_cat","embeddable":true,"href":"https:\/\/kokaindrogekaufen.com\/it\/wp-json\/wp\/v2\/product_cat?post=1703"},{"taxonomy":"product_tag","embeddable":true,"href":"https:\/\/kokaindrogekaufen.com\/it\/wp-json\/wp\/v2\/product_tag?post=1703"}],"curies":[{"name":"wp","href":"https:\/\/api.w.org\/{rel}","templated":true}]}}