{"id":1709,"date":"2023-06-27T19:20:33","date_gmt":"2023-06-27T18:20:33","guid":{"rendered":"https:\/\/kokaindrogekaufen.com\/?post_type=product&#038;p=1709"},"modified":"2024-11-07T19:51:27","modified_gmt":"2024-11-07T19:51:27","slug":"ketaminpulver-zum-verkauf","status":"publish","type":"product","link":"https:\/\/kokaindrogekaufen.com\/it\/product\/ketaminpulver-zum-verkauf\/","title":{"rendered":"KETAMINA IN POLVERE PER LA VENDITA"},"content":{"rendered":"<h2>KETAMINA IN POLVERE PER LA VENDITA<\/h2>\n<p>Und nicht nur das: Wir haben auch hochwertiges Ketaminpulver zu verkaufen, und zwar fast zum Nulltarif. Ketamin pulver kann die Empfindungen im K\u00f6rper einschr\u00e4nken, so dass man sich wie abgesch\u00f6pft oder abgesondert f\u00fchlt, weil die Einsicht und der Rahmen isoliert sind, so dass viele Menschen nicht in der Lage sind, ihre Gef\u00fchle zu \u00e4ndern. Das weithin erh\u00e4ltliche Ketamin-HCL-Pulver ist ein h\u00e4ufig verwendetes dissoziatives Beruhigungsmittel bei Krampfanf\u00e4llen. Ketamin pulver zum Verkauf<\/p>\n<p>Questo \u00e8 spesso associato con la visione della morte e viene comunemente indicato come &#034;voce del K-hole&#034;. Se si sta cercando di trovare qualcuno per Ketaset, hanno la schiena diritta per le proprie cose, o re-circostanze di ripristinare, se possibile, per risolvere questo Problema. Per l&#039;immediata assistenza clinica, chiamare il 911.Ketamina in polvere per la vendita<\/p>\n<p>Allein aus diesen Zusammenstellungen lassen sich einige allgemeine Regeln f\u00fcr die Auswahl eines Fahrzeugs oder Lastwagens im Hinblick auf Hautprobleme und die Anwendungsstelle ableiten. Bei der Kombination von Wirkstoffen in einer Basis sollten die dermato-biopharmazeutischen Positionen des gesamten Ger\u00fcsts (Arzneimittel + Vehikel oder Vehikel) ber\u00fccksichtigt werden. Je nach Art und Dauer der Technik kann jedoch etwas mehr Diazepam erforderlich sein. Ketamin pulver zum Verkauf<\/p>\n<p>La Situazione attuale del paziente, cos\u00ec come le varie parti. Se si dispone di uno qualsiasi dei punti sopra citati, \u00e8 ovvio che vi sono pi\u00f9 probabilit\u00e0 di soffrire di una lesione del nervo o la degenerazione del Nervo. Questa debilitante condizione \u00e8 di solito causata da un&#039;anomala livello di glucosio, si riferisce ogni anno, un paio di milioni di Americani. Ketamina in polvere per la vendita<\/p>\n<h3>KETAMINA IN POLVERE ONLINE ACQUISTARE:<\/h3>\n<p>Diese Strategie der Erhaltungsdosierung kann die Rate der psychischen Anzeichen w\u00e4hrend des Anstiegs verringern, insbesondere die wunscherf\u00fcllenden Einsichten und den Beginn des Wahnsinns. Ketaminpulver wird als &#8222;dissoziatives Beruhigungsmittel&#8220; eingestuft und wird als Beruhigungsmittel in Pulver- oder Fl\u00fcssigform vor allem bei Tieren eingesetzt. Es kann infundiert, in Getr\u00e4nken verbrannt, gegrunzt oder in Joints oder Zigaretten gemischt werden. Ketamin pulver wurde 1999 in die Liste der kontrollierten Substanzen in den USA aufgenommen.Ketaminpulver zum Verkauf<\/p>\n<p>Antidolorifici come l&#039;ossicodone o Paracetamolo essere usato per trattare il dolore da lieve a moderata, e pu\u00f2 anche essere usato per ridurre la temperatura, se la febbre si verifica. Simile ad altri Standard sedativi, la risposta individuale ai Ketamina cloridrato polvere varia, a seconda del dosaggio, corso di trattamento, e l&#039;et\u00e0 del paziente, una dichiarazione che qualcosa pu\u00f2 non essere preso come tale. Ketamina in polvere per la vendita<\/p>\n<p>Il farmaco deve essere regolata per le esigenze dei singoli titolato. Tuttavia, scheletrico massa dovrebbe essere allentato senza attenzione. Inoltre, per lunghi periodi di metodi. Prima di andare all&#039;Assemblea di normale sedativo. A causa dell&#039;Impianto di Ketamina cloridrato. E &#039; davvero \u00e8 stato dimostrato che il supporto a bassa potenza amministratore. fatturazione kicherndes di Gas che si sta Cercando una competente attenzione clinica. Ketamina in polvere per la vendita<\/p>\n<p>Questo \u00e8 spesso associato con la visione della morte, e colloquialmente come &#034;K-hole&#034;, significa andare. Per aggirare questo Problema, quando si tenta di trovare qualcuno per Ketaset, hanno la schiena diritta per le proprie cose, o il recupero delle circostanze, se possibile. Per l&#039;immediato clinica di aiuto.Per vendere ketamina in polvere<\/p>\n<h3>KETAMINA IN POLVERE PER LA VENDITA ONLINE:<\/h3>\n<p>Ketaminpulver hat eine intraven\u00f6se Halbwertszeit von 10 bis 15 Minuten und eine zugrunde liegende Schr\u00e4glage (Alpha-Segment) von etwa 45 Minuten. Dieser erste Schritt ist klinisch mit der sedierenden Wirkung des Medikaments verbunden. Der sedierende Verlauf gipfelt in einer Umstrukturierung des ZNS zu einem gem\u00e4chlicheren, angepassten Randgewebe und einer hepatischen Biotransformation zu einem Metaboliten. <a href=\"https:\/\/kokaindrogekaufen.com\/it\/product\/ketamin-kristall-zu-verkaufen\/\">Ketaminpulver<\/a> zum Verkauf<\/p>\n<p>Pu\u00f2 anche essere utilizzato come una via endovenosa narcotici antidolorifici per il trattamento di qualsiasi tipo di definizione di dolore, in particolare dolore neuropatico, pu\u00f2 essere utilizzato. Si ha l&#039;ulteriore vantaggio che affinare la colonna Vertebrale o sintomi del risveglio saldi, connesso con il precedente sofferenza. In queste posizioni, il psicotrope, gli effetti collaterali sono molto meno evidente e benzodiazepine hanno un controllo molto buono. Ketamina in polvere per la vendita<\/p>\n<p>Ketamina in polvere \u00e8 senza dubbio un antidolorifico che funziona meglio in combinazione con una bassa dose di un narcotico, perch\u00e9 non solo allevia il dolore per una soddisfacente di soccorso necessari dosaggi sono molto pi\u00f9 alti e piombo per la sola applicazione piuttosto confuso effetti collaterali possono essere. Ketamina in polvere ha un effetto desensibilizzante. Ketamina in polvere per la vendita<\/p>\n<p>Ulteriori informazioni saranno utilizzate per garantire che si ottiene a fronte di un ambulatorio medico e riposare a sufficienza. Ketamina in polvere per la vendita \u00e8 un farmaco che viene spesso utilizzato per l&#039;induzione e il mantenimento dell&#039;anestesia. Altri farmaci possono attenuare questi sintomi sono di solito in modo che \u00e8 possibile utilizzare ketamina continuare a imparare senza questi spiacevoli effetti collaterali. La durata dell&#039;effetto di ketamina dipende dal dosaggio e tipo di amministrazione. Per vendere ketamina in polvere<\/p>\n<h4>PER VENDERE KETAMINA:<\/h4>\n<p>A dosi pi\u00f9 elevate, gli effetti sono pi\u00f9 intensi, e il paziente riferisce una piena e categorico separazione del corpo. Gli effetti sono stati descritti, come se avessero avuto un chiuso di morte, e sono stati descritti durante il trattamento di Stress e ansia con K-Cap\u201c, ketamina in polvere. L&#039;effetto di un&#039;iniezione intramuscolare spesso si verifica in quattro minuti, e la durata pu\u00f2 essere tra i venti e quindici ore. Ketamina in polvere per la vendita<\/p>\n<p>L&#039;anestetico che viene definito come un Particolare K, Enorme K e la Vitamina K, mettere le vittime in uno stato di trance, e riduce il dolore. Ketamina in polvere \u00e8 un prodotto come un liquido iniettabile con ketamina. Il nostro ketamina HCl polvere pura al 99,9%, in quanto proviene da un moderno laboratorio. Come con tutti i farmaci, il consumo di allucinazioni di un atteggiamento mentale di una Persona dipende da esso. Ketamina in polvere per la vendita<\/p>\n<p>Anche qui, le allucinazioni sono suscettibili di essere a disagio quando l&#039;utente tenta di sfuggire allo schianto. Sar\u00e0 molto probabilmente dipendono da ci\u00f2 che la ragione si utilizza la ketamina in polvere, e come il vostro dolore \u00e8 la procedura di rispondere. Se ti senti quando l&#039;assunzione di ketamina in polvere senza effetti collaterali negativi, \u00e8 possibile continuare a utilizzarlo. Durante il trattamento, il medico gli operatori sanitari devono adattare la dose. Ogni persona reagisce in modo diverso ai farmaci. Ketamina in polvere per la vendita<\/p>\n<p>Im Folgenden sind einige der negativen Auswirkungen von Ketaminpulver aufgef\u00fchrt, die Ihnen m\u00f6glicherweise nicht bekannt sind. Jede negative Nebenwirkung sollte sofort Ihrem Arzt mitgeteilt werden. Wenn Ketamin missbraucht wird, wird es geschluckt oder zu einem Schnupfpulver verdampft. Da es weder geruchs- noch geschmacksintensiv ist, kann es unbemerkt in Getr\u00e4nke gemischt werden, was zu Ged\u00e4chtnisverlust f\u00fchrt. Ketaminpulver wird zur Sedierung von Patienten vor einer Operation verwendet. Ketaminpulver zum Verkauf<\/p>\n<p>Dadurch werden Reizungen und Schmerzen durch die Methode und einige andere gesundheitsbezogene Studien verhindert. Dar\u00fcber hinaus setzen \u00c4rzte Ketaminpulver auch aus anderen Gr\u00fcnden ein. Ketamin-Pulver zum Verkauf im Internet in das Pulver hilft uns in einer Vielzahl von M\u00f6glichkeiten, einschlie\u00dflich Schmerzmittel, Chirurgie, Fusionstherapie, und Schlachtfeld Unf\u00e4lle, aber wie andere Drogen, ist es h\u00e4ufig missbraucht, aber wenn sie verantwortungsvoll eingesetzt, kann es die gleiche Wirkung wie andere Todesk\u00e4mpfer haben. Ketaminpulver zu verkaufen<\/p>\n<h5>Di PI\u00d9:<\/h5>\n<p>Die Bedeutung von Ketaminpulver kann nicht hoch genug eingesch\u00e4tzt werden. Es wird vor allem zur Behandlung von Krankheiten wie Depressionen und Schmerzen sowie bei Operationen und von Tier\u00e4rzten eingesetzt. <a href=\"https:\/\/thcvapecarts.net\" target=\"_blank\" rel=\"noopener\">Manche<\/a> Menschen missbrauchen Ketamin, weil sie es mit einer Clubdroge wie Molly oder Kokain verwechseln. Die Beschaffung von Ketamin pulver ist also kein Problem mehr. Das Problem wird in diesem Artikel gr\u00f6\u00dftenteils gel\u00f6st: Wissen Sie, welche Dosis Sie nehmen m\u00fcssen und wie Sie sie einfach einnehmen k\u00f6nnen? Ketamin wird in der Regel in Getr\u00e4nken verabreicht oder konsumiert. Ketaminpulver zum Verkauf<\/p>\n<p>Vielleicht noch besorgniserregender ist, dass bei Konsumenten von Ketaminpulver (Ketalar) \u00dcbelkeit auftreten kann. Wenn dies zu Erbrechen f\u00fchrt, kann dies \u00e4u\u00dferst gef\u00e4hrlich sein, da Personen, die sich auf halbem Weg durch eine dissoziierte Verwirrung befinden, h\u00e4ufig auf dem R\u00fccken landen, was eine erhebliche Erstickungsgefahr darstellt. Ebenso setzen viele Menschen Zigaretten an. Der Konsum von Ketamin kann eine Reihe von Nebenwirkungen haben. Diese Wirkungen k\u00f6nnen bei M\u00e4nnern und Frauen \u00fcber 65 Jahren st\u00e4rker ausgepr\u00e4gt sein.<\/p>\n<p>Die Dauer der Wirkung von Ketamin pulver h\u00e4ngt von der Dosierung und der Art der Verabreichung ab. Die Wirkung einer intramuskul\u00e4ren Injektion tritt innerhalb von vier Minuten ein und kann zwischen zwanzig und drei\u00dfig Minuten andauern. Einige Menschen k\u00f6nnen \u00fcberm\u00e4\u00dfig empfindlich auf die Aussagen reagieren. Ihr Facharzt f\u00fcr Schmerztherapie wird mit Ihnen eine der einfachsten M\u00f6glichkeiten besprechen, Ketamin in Betracht zu ziehen. Wenn m\u00f6glich, wird Ketamin pulver oral als fl\u00fcssiges Medikament verabreicht. Die meisten Patienten nehmen Ketamin drei- bis viermal pro Tag ein.<\/p>","protected":false},"excerpt":{"rendered":"<p>KETAMINPULVER ZUM VERKAUF Und nicht nur das: Wir haben auch hochwertiges Ketaminpulver zu verkaufen, und zwar fast zum Nulltarif. Ketamin pulver kann die Empfindungen im K\u00f6rper einschr\u00e4nken, so dass man sich wie abgesch\u00f6pft oder abgesondert f\u00fchlt, weil die Einsicht und der Rahmen isoliert sind, so dass viele Menschen nicht in der Lage sind, ihre Gef\u00fchle zu \u00e4ndern. Das weithin erh\u00e4ltliche Ketamin-HCL-Pulver ist ein h\u00e4ufig verwendetes dissoziatives Beruhigungsmittel bei Krampfanf\u00e4llen. Ketamin pulver zum Verkauf Dies wird h\u00e4ufig mit der Einsicht in den nahen Tod in Verbindung gebracht und wird gemeinhin als &#8222;Eintritt in das K-Loch&#8220; bezeichnet. Wenn Sie versuchen, jemanden auf\u2026<\/p>","protected":false},"featured_media":1715,"comment_status":"open","ping_status":"closed","template":"","meta":{"content-type":""},"product_brand":[],"product_cat":[163],"product_tag":[],"class_list":{"0":"post-1709","1":"product","2":"type-product","3":"status-publish","4":"has-post-thumbnail","6":"product_cat-forschung-chemikalien","8":"first","9":"instock","10":"shipping-taxable","11":"purchasable","12":"product-type-variable"},"_links":{"self":[{"href":"https:\/\/kokaindrogekaufen.com\/it\/wp-json\/wp\/v2\/product\/1709"}],"collection":[{"href":"https:\/\/kokaindrogekaufen.com\/it\/wp-json\/wp\/v2\/product"}],"about":[{"href":"https:\/\/kokaindrogekaufen.com\/it\/wp-json\/wp\/v2\/types\/product"}],"replies":[{"embeddable":true,"href":"https:\/\/kokaindrogekaufen.com\/it\/wp-json\/wp\/v2\/comments?post=1709"}],"wp:featuredmedia":[{"embeddable":true,"href":"https:\/\/kokaindrogekaufen.com\/it\/wp-json\/wp\/v2\/media\/1715"}],"wp:attachment":[{"href":"https:\/\/kokaindrogekaufen.com\/it\/wp-json\/wp\/v2\/media?parent=1709"}],"wp:term":[{"taxonomy":"product_brand","embeddable":true,"href":"https:\/\/kokaindrogekaufen.com\/it\/wp-json\/wp\/v2\/product_brand?post=1709"},{"taxonomy":"product_cat","embeddable":true,"href":"https:\/\/kokaindrogekaufen.com\/it\/wp-json\/wp\/v2\/product_cat?post=1709"},{"taxonomy":"product_tag","embeddable":true,"href":"https:\/\/kokaindrogekaufen.com\/it\/wp-json\/wp\/v2\/product_tag?post=1709"}],"curies":[{"name":"wp","href":"https:\/\/api.w.org\/{rel}","templated":true}]}}