{"id":1729,"date":"2023-06-27T19:20:43","date_gmt":"2023-06-27T18:20:43","guid":{"rendered":"https:\/\/kokaindrogekaufen.com\/?post_type=product&#038;p=1729"},"modified":"2024-07-31T09:14:08","modified_gmt":"2024-07-31T08:14:08","slug":"kaufen-kaliumzyanid-zum-verkauf","status":"publish","type":"product","link":"https:\/\/kokaindrogekaufen.com\/it\/product\/kaufen-kaliumzyanid-zum-verkauf\/","title":{"rendered":"CIANURO DI POTASSIO PER LA VENDITA"},"content":{"rendered":"<h3>CIANURO DI POTASSIO PER LA VENDITA<\/h3>\n<p>Tuttavia, offriamo alta qualit\u00e0, puro cianuro di potassio a prezzi molto convenienti per la vendita. Cianuro di potassio \u00e8 spesso usato in combinazione con la strategia di KCN. Questa pioggia di vetro, come il sale che ha un aspetto simile allo zucchero, \u00e8 un potente solvente dell&#039;acqua potabile. Cianuro di potassio \u00e8 un potente apparato respiratorio inibitori che agiscono su di mitocondriale citocromo-c-Ossidasi e inibisce la fosforilazione ossidativa. Come risultato della digestione anaerobica, che poi arriva ad un acido lattico avvelenamento.<\/p>\n<p>Grave cianuro di lesioni conduce prima ad un rosso scuro o rossastro colorazione della vittima, perch\u00e9 i tessuti non sono in grado di utilizzare l&#039;ossigeno nel sangue. Gli effetti di potassio e di sodio cianuro sono gli stessi, e i sintomi delle lesioni che si verificano di solito entro pochi minuti dopo l&#039;assunzione della sostanza: La Persona \u00e8 oscurato, e la morte del cervello segue alla fine. Il fumo di tabacco contiene cianuro, cos\u00ec come la combustione risultati di contraffazione di prodotti, come le materie plastiche. Cianuro di potassio per la vendita<\/p>\n<p>KALIUMZYANID ZUM VERKAUF Zyanid ist bei der Herstellung von Papier, Stoffen und Kunststoffen sehr beliebt. Es ist derzeit in der Substanz, die intensiviert und wird verwendet, um Fotos zu erstellen. In der Metallurgie werden Zyanidsalze zur Galvanisierung, Metallreinigung und zur Entfernung von Gold aus dem Metall verwendet. W\u00e4hrend dieser Zeit kann der Verunfallte Kr\u00e4mpfe erleiden. Die Zahl der Todesopfer ist auf eine zerebrale Hypoxie zur\u00fcckzuf\u00fchren. Die Beschaffung von Kaliumcyanid ist nahezu unm\u00f6glich, auch wenn es einen Bericht \u00fcber den Verkauf von Kaliumcyanid aus China im Diskussionsforum des Tranquil Tablet Handbook gab. Kaliumcyanid zu verkaufen<\/p>\n<h4>CIANURO DI POTASSIO ACQUISTA ONLINE:<\/h4>\n<p>Significativamente, il cianuro di potassio \u00e8 estremamente tossico. Dall&#039;idrolisi acido, che ha uno sgradevole sapore di mandorle, che \u00e8 prodotta in umido Stallo blu. In generale, non tutti hanno la possibilit\u00e0 di fare questa esperienza. Persone che sono esposti a una piccola quantit\u00e0 di acido cianidrico per inalazione, a pelle per mantenere o mangiare il cibo, l&#039;acido cianidrico contenuti possono imparare in Generale, e in pochi minuti, alcuni dei seguenti sintomi: vertigini, mal di testa, vomito e Nausea, rapida Inalazione, tachicardia, irrequietezza, sensazione di debolezza. Cianuro di potassio per la vendita<\/p>\n<p>Per la cpu cianuro di consumo \u00e8 probabilmente una fantastica, veloce Start-up, che ha un impatto immediato sul viscere, e un crollo inaspettato, un sequestro, o di estrema letargia causato. I danni permanenti causati da ingestione o il Sistema biologico sono un graduale inizio del heren. Cianuro di potassio pillole dose letale (umana) di 200 a 300 mg. La sua tossicit\u00e0 per ingestione, \u00e8 determinata dalla nitidezza dello stomaco, come un corrosivo di cianuro di idrogeno, il micidiale strategia per cianuro dovrebbe rispondere. Cianuro di potassio per la vendita<\/p>\n<p>Non dobbiamo confondere i nostri imballaggi, con una significativa bundling, rendendolo un luogo particolarmente affascinante o che richiede tempo. Sappiamo che la maggior parte dei clienti semplicemente bisogno di un alta qualit\u00e0 di pillole, e il nostro packaging \u00e8 stato progettato in un modo che protegge il vostro investimento. Cianuro di potassio pu\u00f2 essere preparato in progetti a seconda dello scopo di utilizzo in diversi modi. Come organizzazioni affidabili e fornitori di cianuro di potassio, offriamo al 99,8 % puro KCN (cianuro di potassio), che \u00e8 noto per la sua alta redditivit\u00e0 noto. Cianuro di potassio per la vendita<\/p>\n<h4>CIANURO DI POTASSIO PER LA VENDITA ONLINE:<\/h4>\n<p>Wir verf\u00fcgen derzeit \u00fcber ein unbegrenztes Angebot an qualitativ hochwertigem KALIUMZYANID ZUM VERKAUF\u00a0 Kaliumcyanid zum g\u00fcnstigsten Preis. Kaliumcyanid ist wie Natriumcyanid extrem zerst\u00f6rerisch, unbestreitbar giftig und wirkt selbst in kleinsten Mengen schnell. Die Exposition gegen\u00fcber Kaliumcyanid in fester Form kann extrem gef\u00e4hrlich sein, da es langsam giftige Gase in die Luft abgibt, die dann durch Einatmen abget\u00f6tet werden. Kaliumcyanid zum Verkauf<\/p>\n<p>Cianuro di potassio \u00e8 commercialmente preparato dalla reazione di cianuro di idrogeno con un Fl\u00fcssigkur, quando l&#039;acqua \u00e8 rimossa, in modo che sano di cianuro di potassio \u00e8 formata. Il cianuro \u00e8 spesso letale sostanza, che pu\u00f2 essere per il consumo umano fatale. Se si cerca in Internet per cianuro, si pu\u00f2 imparare molto. \u00c8 importante che tutte le Parti sono d&#039;accordo che la loro strategia sta funzionando senza problemi. Cianuro di potassio per la vendita<\/p>\n<p>Cianuro di potassio pillole \u00e8 un massively danneggiare composto che \u00e8 un inibitore della metabolici strategie e, in particolare, la valutazione dei reagenti utilizzati per la rappresentazione dei chemocettori \u00e8 utilizzato. A causa della sua estrema dissoluzione propriet\u00e0, viene utilizzato in galvanica e nell&#039;industria mineraria dell&#039;oro. Inoltre, mettiamo a disposizione dei nostri generosi donatori di cianuro di potassio al prezzo pi\u00f9 basso. Le possibilit\u00e0 del nostro prodotto, sono elencate di seguito. Si tratta di un bianco o vapore, in tessuto trasparente con un leggero profumo di mandorle (conseguenza del Cianuro di particelle). Cianuro di potassio per la vendita<\/p>\n<h4>CIANURO DI POTASSIO IN POLVERE PER LA VENDITA:<\/h4>\n<p>Ha uno spessore di 1. 52 g\/ml, nonostante una temperatura di condensazione di 634. 5 \u00b0C. il cianuro \u00e8 estremamente tossico e deve essere utilizzato solo per un unico, veloce, efficace, semplice, pacifica e l&#039;uccisione utilizzato. Il cianuro \u00e8 anche mortali contenitore o morire tablet noto. Cianuro di potassio \u00e8 altamente tossico e composto, che viene utilizzato per l&#039;esecuzione veloce ed efficace. E &#039; stato utilizzato anche nel settore della pesca, al fine di uccidere i pesci e per uscire dall&#039;acqua, un metodo che \u00e8 oggi, perch\u00e9 riconoscibile costituenti illegale. Cianuro di potassio per la vendita<\/p>\n<p>Un&#039;ulteriore spiegazione per il cianuro di potassio, il ri-uso dell&#039;Oro. Come un esperto scientifico, mi vedo costretto, per il fatto che la prima strategia proposta non comporta alcuna puro di cianuro di potassio. A seconda del numero di reagenti utilizzati, si avr\u00e0 ancora un significativo idrossido di potassio idrossido di colorazione. Un altro obiettivo di cianuro di potassio, il Riciclaggio di Oro e argento da rottami di acciaio, un argomento che sar\u00e0 discusso sulla base della gi\u00e0 citata tossicit\u00e0 di cianuri feroce. Le sue principali applicazioni sono in regolare e naturale miscela, nonch\u00e9 nella produzione di molte sostanze importanti, la plastica ed i farmaci approvati. Cianuro di potassio per la vendita<\/p>\n<p>Ci sono anche diversi studi di cianuro-indotta la morte sono disponibili. Questo pu\u00f2 essere fatto da una connessione stabile (KOH) e una debole Mordenzante (HCN). Si \u00e8 effettivamente utilizzato per l&#039;estrazione di Oro, argento e altri metalli. \u00c8 uno dei cianuro luoghi connessi con la decadenza di ferrocianuro di Potassio, davanti al Castner-tecnologia. Vendere cianuro di potassio<\/p>\n<h4>VENDERE PILLOLE DI CIANURO DI POTASSIO:<\/h4>\n<p>Unstimmigkeiten im Herzen sind h\u00e4ufig. Der fokal beginnende Atemstillstand f\u00fchrt zum Tod. KALIUMZYANID ZUM VERKAUF Blaue Lippen, verminderter Bluthochdruck und<a href=\"https:\/\/lsdkaufen.store\/\" target=\"_blank\" rel=\"noopener\"> Krampfanf\u00e4lle<\/a> sind Anzeichen daf\u00fcr. F\u00fcr den Kunden\/die Zielperson, der\/die keine tats\u00e4chlichen Folgen einer Zyanidvergiftung zeigt, k\u00f6nnen extrem vorsichtige Wahrnehmung, zus\u00e4tzlicher Sauerstoff und starke R\u00fccksichtnahme eine ausreichende Behandlung sein.<\/p>\n<p>Die urspr\u00fcngliche Therapie f\u00fcr die betroffene Person, die k\u00f6rperliche Folgen einer Zyanidvergiftung zeigt, umfasst die Organisation von Behandlungen unter der Leitung eines klinischen Experten, Atem- und Kreislauff\u00fchrung (Sauerstoff und intraven\u00f6se Fl\u00fcssigkeiten), die Einstellung von synthetischen ungleichm\u00e4\u00dfigen Zeichen im Blut und die \u00dcberwachung von Anf\u00e4llen. Dar\u00fcber hinaus findet es Anwendung bei der Kombination von Hydantoinen, die bedeutende gef\u00e4lschte Zwischenprodukte sein k\u00f6nnen, wenn es mit einer Carbonylverbindung wie einem Aldehyd oder Keton in Gegenwart von Ammoniumcarbonat reagiert. Kaliumcyanid zum Verkauf<\/p>\n<p>Die durch Hefe vermittelte Umwandlung von Benzaldehyd in Acetaldehyd ist recht \u00fcberzeugend, da es sich um eine der ersten mechanisch bedeutsamen mikrobiellen Ver\u00e4nderungen handelt, wobei das entstandene Acyloin nun zu d-Ephedrin synthetisiert wird. Kaliumcyanid ist ein hervorragender Inhibitor der Zellatmung, der auf die mitochondriale Cytochrom-c-Oxidase einwirkt und so die oxidative Phosphorylierung hemmt. Kaliumcyanid zum Verkauf<\/p>\n<p>Als Folge des anaeroben Stoffwechsels kommt es dann zu einer Milchs\u00e4urevergiftung. Da das Gewebe den Sauerstoff im Blut nicht verwerten kann, f\u00fchrt eine schwere Zyanidsch\u00e4digung zun\u00e4chst zu einem dunkelroten oder rosigen Aussehen im Inneren des Opfers. Zyanid ist ein Etui, eine H\u00fclse, eine Ampulle oder eine Tablette, die eine t\u00f6dlich gef\u00e4hrliche Verbindung enth\u00e4lt, die beim Verzehr extrem giftiges Blaus\u00e4uregas freisetzt. Kaliumcyanid zu verkaufen<\/p>\n<h5>INOLTRE :<\/h5>\n<p>KALIUMZYANID ZUM VERKAUF Und reagiert, indem es den gesamten K\u00f6rper und seine Sinnesorgane wie den Verstand, das Herz und das fokale Angstprogramm erfasst. Infolgedessen ist die Sauerstoffaufnahme in den Venen des Opfers begrenzt, was zu einem lockeren und ruhigen Tod f\u00fchrt. 27 Weitere Hinweise auf den Herstellungswert sind die hefebedingte Anreicherung von Aldehyd (4a,b) mit fermentativ abgegebenem Acetaldehyd. Kaliumcyanid zum <a href=\"https:\/\/kokaindrogekaufen.com\/it\/product\/ketamin-500-mg-10-ml-zu-verkaufen\/\">Verkauf<\/a><\/p>\n<p>Zusammen mit der Gleichung KCN ist Kaliumcyanid eine Verbindung. Dieses trockene, glasartige Salz, das im Aussehen dem Zucker \u00e4hnelt, l\u00f6st sich schnell in Trinkwasser. Der gr\u00f6\u00dfte Teil von KCN wird im Goldbergbau, bei der normalen Amalgamierung und in der Galvanotechnik verwendet. Zu den kleineren Anwendungen geh\u00f6ren Verzierungen zum \u00dcberziehen und Polieren von Verbindungen. Dadurch wird das Bild freigelegt und verfestigt, so dass es weniger anf\u00e4llig f\u00fcr eine sanfte Behandlung ist. Kaliumcyanid zum Verkauf<\/p>\n<p>Heutige Fotografen, die Platten mit Wasser \u00fcbergie\u00dfen, bevorzugen vielleicht weniger giftige Fixiermittel wie Natriumthiosulfat, aber KCN bleibt beliebt. Kaliumcyanidprodukte Kaliumcyanid hat eine t\u00f6dliche Dosis von 100-300 mg. Seine Toxizit\u00e4t bei der Einnahme wird durch den S\u00e4uregehalt des Magens bestimmt, vor allem weil es mit \u00e4tzenden Stoffen reagieren muss, um Blaus\u00e4ure, die gef\u00e4hrlichste Art von Zyanid, zu bilden. Kaliumcyanid zu verkaufen<\/p>","protected":false},"excerpt":{"rendered":"<p style=\"text-align: center;\">CIANURO DI POTASSIO PER LA VENDITA<\/p>\n<hr \/>\n<p>Kaufen Sie hochwertiges Kaliumzyanid online. Wir bieten sicheren und diskreten Versand weltweit. Bestellen Sie jetzt und erhalten Sie Ihre Lieferung schnell.<\/p>","protected":false},"featured_media":1747,"comment_status":"open","ping_status":"closed","template":"","meta":{"content-type":""},"product_brand":[],"product_cat":[163],"product_tag":[200,201],"class_list":{"0":"post-1729","1":"product","2":"type-product","3":"status-publish","4":"has-post-thumbnail","6":"product_cat-forschung-chemikalien","7":"product_tag-kaufen-kaliumzyanid","8":"product_tag-kaufen-kaliumzyanid-online","10":"first","11":"instock","12":"shipping-taxable","13":"purchasable","14":"product-type-variable"},"_links":{"self":[{"href":"https:\/\/kokaindrogekaufen.com\/it\/wp-json\/wp\/v2\/product\/1729"}],"collection":[{"href":"https:\/\/kokaindrogekaufen.com\/it\/wp-json\/wp\/v2\/product"}],"about":[{"href":"https:\/\/kokaindrogekaufen.com\/it\/wp-json\/wp\/v2\/types\/product"}],"replies":[{"embeddable":true,"href":"https:\/\/kokaindrogekaufen.com\/it\/wp-json\/wp\/v2\/comments?post=1729"}],"wp:featuredmedia":[{"embeddable":true,"href":"https:\/\/kokaindrogekaufen.com\/it\/wp-json\/wp\/v2\/media\/1747"}],"wp:attachment":[{"href":"https:\/\/kokaindrogekaufen.com\/it\/wp-json\/wp\/v2\/media?parent=1729"}],"wp:term":[{"taxonomy":"product_brand","embeddable":true,"href":"https:\/\/kokaindrogekaufen.com\/it\/wp-json\/wp\/v2\/product_brand?post=1729"},{"taxonomy":"product_cat","embeddable":true,"href":"https:\/\/kokaindrogekaufen.com\/it\/wp-json\/wp\/v2\/product_cat?post=1729"},{"taxonomy":"product_tag","embeddable":true,"href":"https:\/\/kokaindrogekaufen.com\/it\/wp-json\/wp\/v2\/product_tag?post=1729"}],"curies":[{"name":"wp","href":"https:\/\/api.w.org\/{rel}","templated":true}]}}