{"id":1735,"date":"2023-06-27T19:20:43","date_gmt":"2023-06-27T18:20:43","guid":{"rendered":"https:\/\/kokaindrogekaufen.com\/?post_type=product&#038;p=1735"},"modified":"2024-07-31T09:08:57","modified_gmt":"2024-07-31T08:08:57","slug":"ketamin-500-mg-10-ml-zu-verkaufen","status":"publish","type":"product","link":"https:\/\/kokaindrogekaufen.com\/it\/product\/ketamin-500-mg-10-ml-zu-verkaufen\/","title":{"rendered":"KETAMINA 500 MG\/ VENDITA 10 ML"},"content":{"rendered":"<h2>KETAMINA 500 MG\/ VENDITA 10 ML<\/h2>\n<p>Tuttavia, Aaronay il principale fornitore di servizi di ketamina, cio\u00e8, acquistabili, la ketamina \u00e8, in tutto il mondo. L&#039;amministrazione di primaria sedativo pu\u00f2 essere ritardata fino a 15 minuti dopo l&#039;Infusione di ketamina, quando il farmaco \u00e8 stato somministrato per via intramuscolare appena inizia a prendere effetto. Ketamina ha dimostrato di essere efficace per eliminare la seducente effetti collaterali di Tiopental. Il forte Superiore \u00e8 anche incluso nella nostra selezione di ketamina infusioni.<\/p>\n<p>\u00c8 quasi sempre una buona idea per iniziare in piccolo e il divertimento elemento di approccio al lavoro. Le due sostanze possono comportare una notevole perdita di coscienza in tutte le aree, accrescendo il grado di invertire gli effetti causati atassia e sonnolenza. Se non si sono messi in stato di recupero, \u00e8 un Rigurgito nell&#039;ignoranza possibile. Ricordate, non si pu\u00f2 pensare di regola, ci\u00f2 che \u00e8 innegabile \u00e8 di pi\u00f9 quando si tratta di farmaci che avete preso, forse, piuttosto che semplicemente di meno. Ketamina per la vendita<\/p>\n<p>Ein KETAMIN 500 MG\u00a0 Kommentar \u00fcber die &#8222;K-\u00d6ffnung.&#8220; ist bekannt f\u00fcr die Herstellung von mehr magere Ergebnisse, die Menschen helfen, sich auf die Therapie Obstruktion Melancholie. Ketamin reduziert Stress, der durch k\u00f6rperliche oder emotionale Traumata verursacht wird, unabh\u00e4ngig davon, ob er dumpf oder intensiv ist. Menschen, die Schilddr\u00fcsenhormone einnehmen, haben bei der Verabreichung von Ketamin ein h\u00f6heres Risiko, Bluthochdruck und Tachykardie zu entwickeln. Ketamin scheint f\u00fcr gelegentliche Anwender relativ sicher zu sein. Bei h\u00e4ufigem Konsum besteht jedoch das potenzielle Langzeitrisiko einer Neurodegeneration. Ketamin zu verkaufen<\/p>\n<h4>LEGALE KETAMINA ONLINE ACQUISTARE:<\/h4>\n<p>In scimmie rhesus in ritardo per via endovenosa accesso al farmaco ha superato (di circa nove o 24 ore) per una persona mentalmente flessibile Morire. Gli effetti possono essere pi\u00f9 veloce con un grugnito come su alcune altre importanti strade sono visti. Il rapido assorbimento di un farmaco direttamente nel sangue, reso possibile dalla mucosa nasale attraverso il respiro affannoso. A causa del rapido aumento della concentrazione nel siero, che \u00e8 causata dal grugniti, pu\u00f2 ketamina, il sangue-cervello a superare la barriera rapidamente. ketamina per la vendita<\/p>\n<p>Der Zweck der Momentum-Pr\u00fcfung war es, die Substanzbilanz und die k\u00f6rperliche \u00c4hnlichkeit von Ketamin zu bestimmen, nachdem eine 50 mg\/mL-Option mit sterilem Wasser f\u00fcr Infusionen auf 10 mg\/mL abgeschw\u00e4cht, in Glasfl\u00e4schchen geb\u00fcndelt und bei Raumtemperatur mit Offenheit f\u00fcr Sanftheit gelagert wurde. Dieses Medikament wird direkt vom Hersteller zu Ihnen nach Hause geliefert. Wir garantieren die Quantit\u00e4t, KETAMIN 500 MG\u00a0 die hohe Qualit\u00e4t und die Lebensf\u00e4higkeit unserer vom Arzt empfohlenen Medikamente. Ketamin zum Verkauf<\/p>\n<p>La ketamina viene offerto ai clienti pi\u00f9 sportivi, di solito in una delle due forme. Della mancanza di sali, di cui all&#039;come una polvere o pietre preziose (di solito come rottami), a prescindere dal multi-dose vials sono presentati per uso umano e veterinario, la prescrizione. La resistenza alle principali effetti della ketamina \u00e8 stato sviluppato per il prolungato e ripetuto utilizzo. Gli individui si aspettano che questi articoli si affacciano in modo dinamico significative dosi per ottenere risultati comparabili. Per vendere ketamina<\/p>\n<h4>PER VENDERE KETAMINA LIQUIDA:<\/h4>\n<p>Dopo di che, ci vogliono circa tre pi\u00f9 volte, in modo che la capacit\u00e0 \u00e8, nel Complesso, per il 50 per cento e 1 \u2013 2 mesi del valore iniziale (senza nemmeno una traccia di consumo). Queste bottiglie potrebbero essere concentrati da 5 mg\/mL e 100 mg\/mL dal fabbricante ad essere raggiunto. Ketamina per la vendita<\/p>\n<p>Parke-Davis si concentra sui casi di involontaria ketamina eccessi, che sono circa dieci volte superiore a quella di un&#039;Operazione importo richiesto (cio\u00e8, quaranta a 100 volte pi\u00f9 sportiva che Serve) &#034;senza evidenti conseguenze a lungo termine&#034;. Se, dopo la somministrazione di Ketamina cloridrato, una gag reflex \u00e8 osservato, pu\u00f2 essere gestito, alcuni la rotta di volo di assicurazione come risultato della vivace della laringe-faringe riflessi. Per vendere ketamina<\/p>\n<p>Dal momento che la Ketamina cloridrato, tuttavia, pu\u00f2 innescare il desiderio, e garantire le riflessioni possono essere ridotti mediante il rafforzamento sedativi e miorilassanti, dovrebbe essere considerata la possibilit\u00e0 di un gol in considerazione. Dosi per 1 a 2 milligrammi per chilogrammo di situazione di grasso generare intenso, stimolante e dissociativi effetti per circa un&#039;ora. Per vendere ketamina<\/p>\n<p>Per le sensazioni di cose come il Drifting, emozioni e risultati visibili. Grandi dosi stimate pu\u00f2 raggiungere la &#034;K-hole&#034;, in cui gli individui di sedazione profonda e come un &#034;out-of-body&#034; o &#034;vicino alla morte&#034; esperienza, a cui sono riferiti. Quando un adeguato scambio respiratorio \u00e8 mantenuto, \u00e8 un flacone di ketamina con il comunemente usato ordinaria e nelle vicinanze di sedativi clinicamente valide. Per vendere ketamina<\/p>\n<h4>KETAMINA PER LA VENDITA ONLINE:<\/h4>\n<p>Questo farmaco pu\u00f2 compromettere il vostro Pensiero intellettuale e la capacit\u00e0 di una Persona interessata, al fine di influire, a spingere per certo. Questa classe di farmaci \u00e8 incluso nell&#039;elenco dei farmaci. In conformit\u00e0 con l&#039;articolo 5-bis del road traffic act del 1988 Direttiva. I pazienti devono essere informati mentre questo medicinale non \u00e8 raccomandato. Dosi superiori a 1 mg\/litro, in Generale, portare a una completa anestesia, con un piccolo aumento di competenze professionali specialistiche e pu\u00f2 richiedere un tempo di recupero pi\u00f9 lungo. Ketamina per la vendita<\/p>\n<p>La perdita di memoria pu\u00f2 verificarsi a dosi pi\u00f9 elevate, con una pi\u00f9 breve durata di azione. Come gi\u00e0 accennato, venosa, l&#039;induzione dell&#039;Anestesia da parte dell&#039;amministrazione di un pieno per via endovenosa o intramuscolare ketamina \u00e8 raggiunta la dose. Negli esseri umani, l&#039;anestetico effetti della ketamina HCL significativamente da quelli di altre sostanze diverse. Dal momento che questo farmaco non causare la pressione sanguigna bassa, o una soppressione di respirazione, \u00e8 molto adatto per l&#039;anestesia nei bambini piccoli e persone con ostruzione respiratoria. Per vendere ketamina<\/p>\n<p>Je nach Art und Zeitpunkt des Eingriffs, der tats\u00e4chlichen k\u00f6rperlichen Lage des Betroffenen und anderen Faktoren kann jedoch etwas mehr Diazepam erforderlich sein. Das Auftreten von psychischen Erscheinungen w\u00e4hrend der Dauer des Auftauchens, insbesondere wunsch\u00e4hnliche Beobachtungen und Aufstiegsdelirium. Wenn das Ketamin tats\u00e4chlich intraven\u00f6s verabreicht wurde und die Hauptan\u00e4sthesie allm\u00e4hlich wirkt, kann die zweite Ketamindosis 5 bis 8 Minuten nach der ersten Dosis erforderlich sein. <a href=\"https:\/\/ketaminkaufenn.com\/\" target=\"_blank\" rel=\"noopener\">Ketamin<\/a> zum Verkauf<\/p>\n<p>Il russare di ketamina conduce a risultati pi\u00f9 rapidi di Rondine. Diversi metodi di assorbimento hanno prezzi diversi, per penetrare nella mente, per portare Beneficio, e il russare \u00e8, in termini di velocit\u00e0 di ricezione del beneficio, non quasi con il Fumo o l&#039;iniezione di paragonabile. la sostanza psicoattiva dei pazienti in cui non Tossicologiche indagine o la documentazione di una sostanza avvelenamento esistiti o sono stati testati dopo la sedazione nel Reparto di emergenza in positivo, sono stati esclusi dall&#039;analisi. Ketamina per la vendita<\/p>\n<h4>KETAMINA IN POLVERE PER LA VENDITA:<\/h4>\n<p>Das KETAMIN 500 MG wichtigste vordefinierte Ergebnis war die Intubation auf der Krisenstation. Die Eigenschaften von Ketamin werden durch seinen Einsatz in der An\u00e4sthesie belegt. Es ist eine brauchbare Option f\u00fcr kurzfristige Verfahren, bei denen keine Muskelentspannung erforderlich ist. Ketamin hat eine andere Wirkung auf das Atmungs- und Kreislaufsystem als andere An\u00e4sthetika. Es hat eine wesentlich geringere Wirkung auf die Atmung als die meisten anderen Narkosemittel. Ketamin zum Verkauf<\/p>\n<p>Machen Sie sich jedoch bewusst, dass es keinen best\u00e4tigten Mechanismus f\u00fcr das &#8222;Erreichen der \u00d6ffnung&#8220; gibt und dass dieser nicht anwendbar sein wird. Entwickeln Sie Ihr Verst\u00e4ndnis f\u00fcr die Droge, bevor Sie beispielsweise gro\u00dfe Dosen erhalten. Diese Menschen mussten den &#8222;Graben&#8220; erreichen. Finden Sie eine Dosis, die f\u00fcr Sie gut funktioniert. KETAMIN 500 MG Bei kleinen Kindern kann Ketamin als alleiniges Narkosemittel f\u00fcr kleinere Behandlungen oder als Einleitungsmedikament in Verbindung mit einem neuromuskul\u00e4ren Blocker und einer trachealen Intubation verwendet werden. Ketamin zum Verkauf<\/p>\n<p>Kleine KETAMIN 500 MG\u00a0 Kinder mit zyanotischen Herzproblemen und neuromuskul\u00e4ren St\u00f6rungen sind besonders geeignete Kandidaten f\u00fcr eine Ketaminan\u00e4sthesie. Obwohl die H\u00e4ufigkeit der Ketaminabh\u00e4ngigkeit nicht bekannt ist, entwickeln viele Menschen, die regelm\u00e4\u00dfig Ketamin konsumieren, eine Ketaminabh\u00e4ngigkeit. Anhand von Tierversuchen l\u00e4sst sich auch das Risiko eines Missbrauchs \u00fcberpr\u00fcfen. Ketamin zu verkaufen<\/p>\n<h5>INOLTRE :<\/h5>\n<p>Der KETAMIN 500 MG\u00a0 unmittelbare Eintritt der Folgen der Insufflationsadh\u00e4renz kann au\u00dferdem das Potenzial f\u00fcr den Freizeitdrogenkonsum erh\u00f6hen. Die kurze Dauer der Folgen beg\u00fcnstigt Essanf\u00e4lle. F\u00fcr das Fr\u00fchjahr 1999 sind auf dem Orange Exhibit Fairgrounds in San Bernardino Rave-Konzerte geplant. Ketamin zum Verkauf<\/p>\n<p>Am ersten Wochenende der Demonstrationen erschoss die Polizei einen <a href=\"https:\/\/kokaindrogekaufen.com\/it\/product\/lsd-kaufen\/\">LSD-abh\u00e4ngigen<\/a> US-Marine. Einige Wochen sp\u00e4ter, Mitte April, unterst\u00fctzte er die Polizei von San Bernardino, indem er die 20 mit der Leitung der Rave-Party betrauten Beamten kurz schulte. Wenn die Ketamin-Fl\u00e4schchendosis mit Diazepam erh\u00f6ht wird, sollten die beiden Medikamente getrennt verabreicht werden. In der Spritze oder Infusionsflasche d\u00fcrfen Ketaminhydrochlorid und Diazepam nicht kombiniert werden. Ketamin zu verkaufen<\/p>","protected":false},"excerpt":{"rendered":"<p style=\"text-align: center;\">KETAMINA 500 MG<\/p>\n<p>Entdecken Sie die Vorteile von KETAMIN 500 MG. Erfahren Sie mehr \u00fcber Anwendung, Dosierung und m\u00f6gliche Nebenwirkungen. Ihre Gesundheit ist wichtig!<\/p>","protected":false},"featured_media":1748,"comment_status":"open","ping_status":"closed","template":"","meta":{"content-type":""},"product_brand":[],"product_cat":[188],"product_tag":[199,198],"class_list":{"0":"post-1735","1":"product","2":"type-product","3":"status-publish","4":"has-post-thumbnail","6":"product_cat-ketamine","7":"product_tag-kaufen-ketamin","8":"product_tag-ketamin-500-mg","10":"first","11":"instock","12":"shipping-taxable","13":"purchasable","14":"product-type-variable"},"_links":{"self":[{"href":"https:\/\/kokaindrogekaufen.com\/it\/wp-json\/wp\/v2\/product\/1735"}],"collection":[{"href":"https:\/\/kokaindrogekaufen.com\/it\/wp-json\/wp\/v2\/product"}],"about":[{"href":"https:\/\/kokaindrogekaufen.com\/it\/wp-json\/wp\/v2\/types\/product"}],"replies":[{"embeddable":true,"href":"https:\/\/kokaindrogekaufen.com\/it\/wp-json\/wp\/v2\/comments?post=1735"}],"wp:featuredmedia":[{"embeddable":true,"href":"https:\/\/kokaindrogekaufen.com\/it\/wp-json\/wp\/v2\/media\/1748"}],"wp:attachment":[{"href":"https:\/\/kokaindrogekaufen.com\/it\/wp-json\/wp\/v2\/media?parent=1735"}],"wp:term":[{"taxonomy":"product_brand","embeddable":true,"href":"https:\/\/kokaindrogekaufen.com\/it\/wp-json\/wp\/v2\/product_brand?post=1735"},{"taxonomy":"product_cat","embeddable":true,"href":"https:\/\/kokaindrogekaufen.com\/it\/wp-json\/wp\/v2\/product_cat?post=1735"},{"taxonomy":"product_tag","embeddable":true,"href":"https:\/\/kokaindrogekaufen.com\/it\/wp-json\/wp\/v2\/product_tag?post=1735"}],"curies":[{"name":"wp","href":"https:\/\/api.w.org\/{rel}","templated":true}]}}