{"id":1741,"date":"2023-06-27T19:20:43","date_gmt":"2023-06-27T18:20:43","guid":{"rendered":"https:\/\/kokaindrogekaufen.com\/?post_type=product&#038;p=1741"},"modified":"2024-07-31T15:38:21","modified_gmt":"2024-07-31T14:38:21","slug":"ketamin-kristall-zu-verkaufen","status":"publish","type":"product","link":"https:\/\/kokaindrogekaufen.com\/it\/product\/ketamin-kristall-zu-verkaufen\/","title":{"rendered":"KETAMINA-VENDERE CRYSTAL"},"content":{"rendered":"<h2><strong>KETAMINA-VENDERE CRYSTAL<\/strong><\/h2>\n<p>Infine, dobbiamo vendere qui a aaronay di alta qualit\u00e0 ketamina Cristallo a prezzi molto convenienti. Se siete affetti da qualsiasi quantit\u00e0 di ketamina, non esitate a utilizzare la Ketamina Cristallo. Finora, ho fatto una decina di ordini, e ogni volta che ho avuto un Problema, ho sentito poche ore dopo di loro, e furono, come regola generale, tutti i problemi che ho avuto, e quasi senza PIp.<\/p>\n<p>Si tratta di una malattia in cui un significativo aumento della tensione sul sistema Circolatorio pu\u00f2 essere fatto male, si pu\u00f2 sempre droxidopa, contattate il vostro medico o la ricchezza specialista di cura Co-op in fretta, se questo tipo di implementazione per voi. Ketamina Crystal \u00e8, senza dubbio, un Antagonista del Recettore NMDA, che la maggior parte delle attivit\u00e0, con l&#039;eccezione del top degli effetti dell&#039;accordo, che \u00e8 ancora oggetto di studio e dibattito. Ketamina Cristallo per la vendita<\/p>\n<p>Questo \u00e8 dovuto al fatto che la ketamina cristallo pu\u00f2 avere gravi effetti collaterali, anche se viene utilizzato sotto la stretta supervisione e il controllo di un medico o veterinario e trattati, e, se utilizzato al di fuori della clinica di un gruppo di persone senza una guida medica e trattati. Ketamina cristallo, pu\u00f2 provocare effetti allucinogeni, che inducono la gente a vedere le cose, sentire, odorare, sentire, o di sentire che non sono in realt\u00e0 o non corrispondono con la realt\u00e0. Ketamina cristallo per la vendita<\/p>\n<p>Ketamina cristallo, tuttavia, \u00e8 ancora una discreta sedativo che viene utilizzato in ospedali, il lavoro dentale ambienti clinici e di ambienti di lavoro con una solida base di sicurezza essenziale. Crisi inattesa, farmaci spesso contengono una breve durata di azione dissoziatives un calmante e stimolante. \u00c8 il proto-tipico di dissociazione nel mezzo, ed \u00e8 spesso usato in sub-sedativo azioni. Prima ho lavorato con pentano-Etere di Ricristallizzazione, e ho scoperto che ho dovuto convertire la ketamina cristallo gemma di nuovo in un Freebase. Ketamina-vendere crystal<\/p>\n<h4>KETAMINA CRISTALLO ONLINE ACQUISTARE:<\/h4>\n<p>Tuttavia, l&#039;articolazione di ricerca &#034;Ricristallizzazione con pentano-Etere mi fa&#034; chiedo. Ketamina cristallo, \u00e8 spesso usato in gravemente ferito in modo di dare l&#039;impressione di sicurezza. Una logica di formazione regola parla per l&#039;uso di ketamina cristallo come dissoziatives stupefacenti in medicina di emergenza. \u00c8 il farmaco di scelta per le persone che sono in un grave shock e ipotensione sono impotenti. Ketamina cristallo per la vendita<\/p>\n<p>Persone con una semplice lesioni alla testa, soffre di un basso circolatorio ceppo, e ketamina \u00e8 minimo, un basso impulso di trigger, e pu\u00f2 evitare in Generale. Ketamina cristallo su strada, per lo pi\u00f9 come una polvere bianca. Il colore bianco \u00e8 in contrasto con il fatto che la polvere bianca, i regolamenti sono spesso mescolato con un paio di altre polveri, in modo da distribuire il farmaco effettivo e un maggiore impatto. Ketamina cristallo per la vendita<\/p>\n<p>Ketamina cristallo \u00e8 senza dubbio un sedativo, ma \u00e8 un particolare tipo di sedativo che viene indicato come il dissoziatives sedativo. Dissociativi sedazione provoca un certo grado di stabilit\u00e0 e di un sentimento di separazione dalla propria Persona e dell&#039;ambiente. Ketamina cristallo si presenta nei bambini come primario reale sedativo per le procedure di minori o come un entry-level specialista in questione, seguito da agenti di blocco neuromuscolare e l&#039;intubazione tracheale, specie negli adolescenti, con zyanotischer malattia coronarica. Ketamina-vendere crystal<\/p>\n<h4>KETAMINA CRISTALLO PER LA VENDITA ONLINE:<\/h4>\n<p>Inoltre, disturbi neuromuscolari offrono una fantastica opportunit\u00e0 per la sedazione con ketamina cristallo. Ketamina cristallo pu\u00f2 essere utilizzato sia in Umana e veterinaria medicina come sedativo. Dissociativi farmaci stimolanti che portano una Persona a notare un distacco dalla realt\u00e0. In primo luogo, il nostro quartiere \u00e8 il pi\u00f9 vero, il pi\u00f9 affidabile e attendibile fonte per l&#039;acquisto di ketamina cristallo. Abbiamo un grande magazzino di ketamina cristallo, pietre preziose disponibili per l&#039;acquisto. Ketamina cristallo per la vendita<\/p>\n<p>Ketamina cristallo \u00e8 prodotto su larga scala in un liquido e strutture stabili (prodotti). Ketamina liquida potrebbe, infine, essere in cristallo e polvere convertito. Ketamina cristallo farmaco \u00e8 in genere da medici professionisti, principalmente, come la sedazione in sinistra \/ grandi. Ketamina cristallo \u00e8 potenzialmente illegale di sostanza, e non siamo convinti che l&#039;uso di questa sostanza in violazione di legge, e non la vedo. Ketamina cristallo per la vendita<\/p>\n<p>Tuttavia, accettiamo che le droghe illegali si verifica, utilizzare e riconoscere che l&#039;introduzione di responsabile di danni per la riduzione dei dati \u00e8 essenziale per mantenere le persone al sicuro. Quantit\u00e0 maggiori possono innegabilmente portare a risultati impressionanti, e l&#039;acquirente dovr\u00e0 spiegare un completo e totale separazione dal corpo. I risultati sono molto simili a quelli descritti da persone, vicino a hai fatto, e ora \u00e8 noto che sono in &#034;K-hole&#034;. Ketamina-vendere crystal<\/p>\n<h4>PER VENDERE KETAMINA:<\/h4>\n<p>Per aiutarvi sulla strada per un legale ketamina cristallo di Infusione, abbiamo legale ketamina cristallo strutture nel nostro catalogo allucinogeno specialisti, a cura di, testato e confermato; mi auguro di trovare quello che \u00e8 giusto per te. Negli ultimi anni, la ketamina sono stati aperti in tutto il paese-crystal-dispositivi di Infusione, i milioni di Americani che soffrono di grave depressione, disturbi bipolari, disturbi d&#039;ansia, disturbo post traumatico da stress (PTSD) e altri disturbi dell&#039;umore, dare una nuova speranza. Ketamina cristallo per la vendita<\/p>\n<p>Ketamina cristallo infusi hanno un tasso di successo del 91% nel miglioramento dei segni o sintomi di depressione, se correttamente e nelle giuste condizioni di somministrazione. Ci sono gli sforzi per rendere la ketamina cristallo terapia per i bisognosi, ai pi\u00f9 abbordabile, ma il costo elevato non solo rappresentano una significativa barriera all&#039;entrata, ma anche aumentare l&#039;uso per coloro che vi partecipano, in modo drammatico. Ketamina cristallo per la vendita<\/p>\n<p>Ketamina cristallo agisce anche sul sistema oppioide. Come il naltrexone, che blocca gli effetti degli oppioidi, bloccati anche gli effetti antidepressivi di ketamina, pu\u00f2 causare il blocco di oppiacei e i risultati correlati. Ketamina cliniche, dove il paziente verr\u00e0 somministrato il farmaco per via endovenosa, \u00e8 stato intorno per decenni per il trattamento del dolore cronico e la depressione. Ora che \u00e8 disponibile come spray nasale disponibile, \u00e8 molto pi\u00f9 facile da gestire. Ketamina-vendere crystal<\/p>\n<h4>PER VENDERE KETAMINA IN POLVERE:<\/h4>\n<p>Il Naloxone, un altro antagonista degli oppiacei, che blocca gli effetti dolorosi di ketamina cristallo nei roditori ha dimostrato che lui fa lo stesso. Ketamina cristallo \u00e8 pi\u00f9 comunemente usato per l&#039;anestesia e per il sollievo del dolore. Una volta nella letteratura medica, un numero di segnalazioni positive sull&#039;effetto di ketamina cristallo, la disperazione \u00e8 apparso, ketamina cristallo utilizzato nelle cliniche per una maggiore portata, e nuove cliniche per la chetamina cristallo derivano. Ketamina cristallo per la vendita<\/p>\n<p>Die Tatsache, dass jeder Mensch ein psychisches Problem hat, bedeutet nicht, dass er seine Autonomie verloren hat. Wir wenden uns auch nicht an Klienten, die m\u00f6glicherweise an einer schweren psychischen Erkrankung leiden und nicht in der Lage sind, eine Entscheidung zu treffen. Racemisches Ketaminkristall ist generisch und preiswert, aber Zeit, Arbeitskraft und Ausbildung im Gesundheitswesen sind wertvoll. Die Betroffenen zahlen nicht f\u00fcr Ketaminkristalle. Ketaminkristall zu verkaufen<\/p>\n<p>Sie kaufen mehr als ein Jahrzehnt professioneller medizinischer F\u00e4higkeiten von einer medizinischen Fachkraft, die im Umgang mit allen klinischen Problemen, die auftreten k\u00f6nnen, erfahren ist. In vielen Kulturen wird Ketaminkristall als Medikament missbraucht. In China wurden Tausende von Ketamin-Kristall-S\u00fcchtigen identifiziert. In Australien ist es illegal. In Belgien gibt es ein Problem mit dem Missbrauch von Ketamin-Kristall. Ketamin-Kristall zu verkaufen<\/p>\n<h5>INOLTRE:<\/h5>\n<p>Die Tatsache, dass Ketamin kein reines Euphoriemittel ist, schr\u00e4nkt seine Verwendung weiterhin ein. Es gibt zahlreiche negative Auswirkungen; die Menschen f\u00fchlen sich anfangs seltsam \u2013 aufgeregt und verwirrt. Bei wiederholter Einnahme entwickelt man jedoch eine Toleranz gegen\u00fcber dem Stoff. Einige Ketaminkristall-Experten warnen vor Kliniken, die mehrere Ketaminkristall-Infusionen auf einmal verlangen, und argumentieren, dass seri\u00f6se Kliniken jeweils nur eine Ketaminkristall-Infusion verlangen sollten. Ketamin-Kristall zu verkaufen<\/p>\n<p>Sie k\u00f6nnen ihre Augen schlie\u00dfen und beruhigende Musik h\u00f6ren, die das Eintauchen in eine dissoziative Reise f\u00f6rdert. W\u00e4hrend der Sitzung bleibt der Patient bei vollem Bewusstsein, kann aber ein angenehmes Schwebegef\u00fchl versp\u00fcren. Wenn eine Person Schmerzen, wie z. B. Angstattacken oder \u00dcbelkeit, versp\u00fcrt, wird ein Arzt anwesend sein, um sie so schnell wie m\u00f6glich zu behandeln. Ketamin-Kristall zu verkaufen<\/p>","protected":false},"excerpt":{"rendered":"<p>KETAMIN-KRISTALL ZU VERKAUFEN Schlie\u00dflich haben wir hier bei aaronay hochwertiges Ketamin Crystal zu sehr g\u00fcnstigen Preisen zu verkaufen. Wenn Sie durch irgendeine Menge von Ketamin beeintr\u00e4chtigt werden, z\u00f6gern Sie nicht, Ketamine Crystal zu verwenden. Bisher habe ich etwa zw\u00f6lf Bestellungen aufgegeben, und wann immer ich ein Problem hatte, h\u00f6rte ich innerhalb weniger Stunden von ihnen, und sie k\u00fcmmerten sich in der Regel um alle Probleme, die ich hatte, und das fast ohne PIp. Es ist eine Krankheit, bei der eine signifikante Erh\u00f6hung der Kreislaufbelastung kann verletzt werden Sie k\u00f6nnen immer droxidopa, um Kontakt mit Ihrem Arzt oder Wohlstand Pflege Spezialist\u2026<\/p>","protected":false},"featured_media":1749,"comment_status":"open","ping_status":"closed","template":"","meta":{"content-type":""},"product_brand":[],"product_cat":[188],"product_tag":[197,196],"class_list":{"0":"post-1741","1":"product","2":"type-product","3":"status-publish","4":"has-post-thumbnail","6":"product_cat-ketamine","7":"product_tag-kaufen-ketamin-kristall","8":"product_tag-ketamin-kristall","10":"first","11":"instock","12":"shipping-taxable","13":"purchasable","14":"product-type-variable"},"_links":{"self":[{"href":"https:\/\/kokaindrogekaufen.com\/it\/wp-json\/wp\/v2\/product\/1741"}],"collection":[{"href":"https:\/\/kokaindrogekaufen.com\/it\/wp-json\/wp\/v2\/product"}],"about":[{"href":"https:\/\/kokaindrogekaufen.com\/it\/wp-json\/wp\/v2\/types\/product"}],"replies":[{"embeddable":true,"href":"https:\/\/kokaindrogekaufen.com\/it\/wp-json\/wp\/v2\/comments?post=1741"}],"wp:featuredmedia":[{"embeddable":true,"href":"https:\/\/kokaindrogekaufen.com\/it\/wp-json\/wp\/v2\/media\/1749"}],"wp:attachment":[{"href":"https:\/\/kokaindrogekaufen.com\/it\/wp-json\/wp\/v2\/media?parent=1741"}],"wp:term":[{"taxonomy":"product_brand","embeddable":true,"href":"https:\/\/kokaindrogekaufen.com\/it\/wp-json\/wp\/v2\/product_brand?post=1741"},{"taxonomy":"product_cat","embeddable":true,"href":"https:\/\/kokaindrogekaufen.com\/it\/wp-json\/wp\/v2\/product_cat?post=1741"},{"taxonomy":"product_tag","embeddable":true,"href":"https:\/\/kokaindrogekaufen.com\/it\/wp-json\/wp\/v2\/product_tag?post=1741"}],"curies":[{"name":"wp","href":"https:\/\/api.w.org\/{rel}","templated":true}]}}