{"id":1752,"date":"2023-06-27T19:20:52","date_gmt":"2023-06-27T18:20:52","guid":{"rendered":"https:\/\/kokaindrogekaufen.com\/?post_type=product&#038;p=1752"},"modified":"2024-07-31T09:02:31","modified_gmt":"2024-07-31T08:02:31","slug":"kaufen_ketamin-flussig-50-mg-10-ml-zu-verkaufen","status":"publish","type":"product","link":"https:\/\/kokaindrogekaufen.com\/it\/product\/kaufen_ketamin-flussig-50-mg-10-ml-zu-verkaufen\/","title":{"rendered":"KETAMINA ACQUISTARE LIQUIDA 50 MG\/VENDITA 10 ML"},"content":{"rendered":"<h2>KETAMINA LIQUIDA 50MG\/PER LA VENDITA DI 10 ML<\/h2>\n<p>Im Allgemeinen verkaufen wir reines Ketamin in fl\u00fcssiger Form zu sehr g\u00fcnstigen Preisen, d. h. Ketamin in fl\u00fcssiger Form zum Verkauf. Wir wurden schnell der weltweit gr\u00f6\u00dfte Lieferant von Ketamin f\u00fcr Forschung und medizinische Zwecke. Infolgedessen haben wir Ketamin fl\u00fcssig zu verkaufen. Ketamin Fl\u00fcssigkeit 50mg\/10 ml schnell erm\u00f6glicht eine anst\u00e4ndige Art und Weise f\u00fcr die Menschen, um ihre Umst\u00e4nde zu beheben, w\u00e4hrend die Aufhebung ihrer Verzweiflung und die Arbeit an ihrer Disposition. Ketamin fl\u00fcssig 50mg\/10 ml Hydrochlorid-Infusion ist mit Sedierung Einsatz nicht lange vor der Organisation von anderen typischen Sedativa Vermittler gezeigt. <a href=\"https:\/\/kokaindrogekaufen.com\/it\/product\/ketamin-kristall-zu-verkaufen\/\">Ketamin<\/a> fl\u00fcssig 50mg\/10 ml Hydrochlorid-Infusion verbessert nachweislich die Wirkung von schwach wirksamen Spezialisten wie Lachgas.<\/p>\n<p>Ho potuto finire il lavoro in due ore. Se possibile, si dovrebbe evitare questi trattamenti o altri farmaci in grado di sostituire. Se non vi \u00e8 alcun miglioramento, non dovrebbe essere mitverabreicht il farmaco. Modificare, se necessario, il dosaggio secondo il raccomandato effetti. In questo metodo, il liquido \u00e8 ordinato e sia per via intramuscolare nonch\u00e9 somministrato per via endovenosa (che \u00e8 molto pi\u00f9 incerto).<\/p>\n<p>L&#039;effetto di questa interazione \u00e8 pi\u00f9 forte, perch\u00e9 l&#039;intero droga, infine, entra nel flusso sanguigno, in contrasto con l&#039;amministrazione da parte di Deglutizione, in cui una parte del farmaco viene persa durante il processo digestivo. Come l&#039;uso terapeutico di ketamina ha vinto nel 1970 per popolarit\u00e0, \u00e8 stato utilizzato anche come una droga ricreativa. In Argentina, \u00e8 stato sia legalmente e illegalmente nel ricaduta trattamento, la New Age, il misticismo, e gli studi di caso utilizzato.<\/p>\n<p>Negli anni 1970 e 1980, pi\u00f9 e pi\u00f9 prove sono state condotte in applicazioni di ketamina liquida 50 mg\/10 ml sotto vari nomi di marca, e ampliato. Era in Forma di contenitori, polvere, pietre preziose, compresse e liquidi, nonch\u00e9 diverse opzioni per l&#039;Infusione di strade realistico. Uno specialista pu\u00f2 scegliere spray nasale IV ketamina per l&#039;organizzazione di supporto. Per vendere ketamina liquida<\/p>\n<h4>LEGALE KETAMINA ONLINE ACQUISTARE:<\/h4>\n<p>Si dovrebbe tenere a mente che \u00e8 indipendente, gestita, come la chetamina liquid 50mg\/10ml in strada, senza valori affidabili per la rilassata ketamina liquida 50 mg\/10 ml-uso. L&#039;uso di questo farmaco senza la supervisione di un medico pu\u00f2 portare alla non-problemi fisici e deve essere evitato a tutti i costi. &#034;Il naso \u00e8 una doccia, n\u00e9 veloce n\u00e9 di lungo periodo&#034;, dice. Ketamina liquida per la vendita<\/p>\n<p>&#034;IV ketamina \u00e8 dovuto alla sua biodisponibilit\u00e0, meglio di intranasale ketamina.&#034; Ketamina liquida 50mg\/10ml fiducia e capacit\u00e0 di recupero dopo un uso prolungato possibile. Dopo la fine di una lunghissima assunzione di ketamina liquida 50 mg\/10 ml di recesso disturbo \u00e8 discusso con il folle Alternative. Come risultato, la ketamina liquida 50mg\/10ml dovrebbe essere un avviso e regolata da errore. Ketamina liquida per la vendita<\/p>\n<p>Die Behandlung kann die sympathomimetische Wirkung deutlich verbessern; Vorsicht bei Personen mit Porphyrie oder m\u00f6glicherweise einer Schilddr\u00fcsenerkrankung; Porphyrie und Schilddr\u00fcsenerkrankung oder Schilddr\u00fcsenbehandlung k\u00f6nnen als allgemeine Kontraindikation gelten. Neuere Forschungen zur Ketamin-induzierten Neurotoxizit\u00e4t haben sich auf Primaten konzentriert, um ein geeigneteres Modell als Nagetiere zu verwenden. Bei einer dieser Pr\u00fcfungen wurden jungen erwachsenen Cynomolgus-Affen \u00fcber verschiedene Zeitr\u00e4ume t\u00e4gliche Ketamin-Dosen von 50 mg\/10 ml verabreicht, die mit den \u00fcblichen Sportportionen (1 mg\/kg IV) \u00fcbereinstimmten.<a href=\"http:\/\/ketaminkaufenn.com\" target=\"_blank\" rel=\"noopener\"> Ketamin fl\u00fcssig<\/a> zum Verkauf<\/p>\n<p>Il farmaco \u00e8 stato aggiunto in una manciata di secondi con varie sostanze, che hanno portato a bizzarri effetti. Piccole dosi di ketamina liquida 50mg\/10ml causa disinibizione, come si verifica anche nel caso di bevande alcoliche. Pertanto, \u00e8 spesso utilizzato in occasione di feste e Rave. Dosi pi\u00f9 elevate, hanno l&#039;effetto opposto: ritiro sociale, e una diffusa incapacit\u00e0 di comunicare. Comprare ketamina liquida<\/p>\n<h4>PER VENDERE KETAMINA LIQUIDA ONLINE:<\/h4>\n<p>MDMA (delizia), un noto club di droga, apparso per la prima volta a met\u00e0 degli anni 1980, \u00e8 un buon esempio di questo. Anche se gli effetti non sono paragonabili, \u00e8 ketamina liquida 50mg\/10ml spesso presentato come una sensazione di felicit\u00e0. La propriet\u00e0 sedative di ketamina portare a chiaro linguaggio e l&#039;incapacit\u00e0 di muoversi, il che rende quasi impossibile muoversi. Per questo motivo, la ketamina liquida 50mg\/10ml \u00e8 spesso definito come un Appuntamento di droga. Ketamina liquida per la vendita<\/p>\n<p>Il dottor Levine afferma che la possibilit\u00e0 di essere di ketamina liquida 50mg\/10ml a seconda se viene utilizzato come una &#034;droga party&#034;, non \u00e8 semplicemente dato. &#034;Gli studi dimostrano che, con la riduzione delle porzioni, che usiamo, in un medico di un ambiente, con un numero insufficiente di apertura di casa e incoerente di dosaggio, non a Caso, per la coercizione o l&#039;abuso&#034;, dice, e aggiunge un Avvertimento: &#034;le benzodiazepine possono inumidire la parte superiore effetto di ketamina abbastanza.&#034; Ketamina liquida per la vendita<\/p>\n<p>Questo \u00e8 regolarmente raffinato da un clinico esperto in un ambiente regolamentato critici indagini di sicurezza. Questa strategia richiede un&#039;attenta pianificazione, poich\u00e9 allucinogeni Esperimenti pu\u00f2 essere scioccante, se il membro non \u00e8 adeguatamente coordinati. Alcuni esperti di salute mentale, consiglia cautela nell&#039;uso di ketamina liquida 50mg\/10ml. Ketamina liquida per la vendita<\/p>\n<p>&#034;Anche se pu\u00f2 essere un trattamento efficace per una rapida riduzione dei sintomi della depressione, non sappiamo abbastanza circa i potenziali effetti collaterali negativi, in particolare con l&#039;uso a lungo termine, di raccomandare per la maggior parte dei pazienti.&#034; Significativo sentimenti di felicit\u00e0 ketamina liquida 50mg\/10ml pu\u00f2 causare alcuni utenti finali Stati real rapture. Per vendere ketamina liquida<\/p>\n<h4>PER VENDERE KETAMINA LIQUIDA, CON\/SENZA PRESCRIZIONE:<\/h4>\n<p>In ogni caso, questo effetto \u00e8 molto meno forte e resistente come nel caso della narcotici, o MDMA. Ketamina liquida 50mg\/10ml, \u00e8 un farmaco che pu\u00f2 aiutare a far fronte con il dolore neuropatico Sofferenza (dolore neuropatico) durante e dopo il trattamento di una malattia. Ketamina liquida 50mg\/10ml pu\u00f2 essere, per molte persone, \u00e8 un mezzo fantastico. Ketamina liquida per la vendita<\/p>\n<p>Per altri \u00e8 qualcosa di diverso da un brillante abito. Se si trascina un trattamento con ketamina 50 mg\/10 ml in considerazione, \u00e8 importante che ci si pu\u00f2 fidare fornitori della loro struttura medica. L&#039;ingestione di ketamina 50 mg\/10 ml di calmare la sua agitazione nervi, il quale trasmettere comunicazioni di pericolo per voi. Per vendere ketamina liquida<\/p>\n<p>Ketamina liquida 50mg\/10ml miscele per il trattamento della depressione e di altri problemi di salute mentale in genere durano da 40 minuti a 2 ore, a seconda della Persona interessata. Si presume che Dissoziativa sono altre sostanze sono superiori, perch\u00e9 hanno continuato a causare una lunga o lunghissima durata, la natura della resistenza che si sviluppa gradualmente ed \u00e8 indipendente dalla resistenza tipica. Per vendere ketamina liquida<\/p>\n<p>Ketamina liquida 50 mg\/10 ml pu\u00f2 essere somministrato come una droga illegale. Alcuni centri richiedono che durante il loro licenziamento \u00e8 presente qualcuno per aiutare in modo sicuro a casa. Alcuni pazienti preferiscono la presenza di una Persona cara durante l&#039;intero corso del trattamento, al fine di sentirsi pi\u00f9 a suo agio, ma questo non \u00e8 di tutti i servizi necessari. Per vendere ketamina liquida<\/p>\n<h4>PER VENDERE KETAMINA:<\/h4>\n<p>Das Wahrheitssandwich erm\u00e4chtigt einfach nicht dazu, diese Rezepte vor Ort zu verwenden. Wir sind der Meinung, dass es f\u00fcr die Sicherheit derjenigen, die sich f\u00fcr diese Substanzen entscheiden, wichtig ist, Nuancen anzugeben. Viele extrem langfristige oder schwere Ketamin Liquid 50mg\/10 ml Kunden berichten, dass sie deutlich mehr nehmen m\u00fcssen, um eine Trennung oder K-\u00d6ffnung im Vergleich zu ihrem ersten Gebrauch zu bekommen, auf jeden Fall, nachdem sie l\u00e4ngere Pausen hatten. Ketamin fl\u00fcssig zum Verkauf<\/p>\n<p>Wenn Sie keine Person haben, wenden Sie sich einfach an eine der unten aufgef\u00fchrten Organisationen, um den Transport zu organisieren. Mit der Unterst\u00fctzung eines Experten f\u00fcr psychologisches Wohlbefinden k\u00f6nnen Sie einen Behandlungsplan erstellen, der sich auf die Aspekte Ihres t\u00e4glichen Lebens konzentriert, die Sie am besten in den Griff bekommen m\u00fcssen, w\u00e4hrend Sie Ihre Ketamin liquid 50mg\/10 ml Medikamente erwerben, um ungew\u00f6hnliche Freude an Ihren Treffen zu haben. Ketamin fl\u00fcssig zum Verkauf<\/p>\n<p>Es wird jemand zu Ihnen nach Hause geschickt, um Sie abzuholen. Insgesamt ist das Interesse an dieser Organisation gro\u00df, und Sie m\u00fcssen f\u00fcr den Transport sorgen. Da Ketamin liquid 50mg\/10 ml unter dem Markennamen Spravato von der FDA zugelassen ist, gibt es Anfragen f\u00fcr seine Verwendung zur Behandlung von Depressionen. Ketamin fl\u00fcssig zu verkaufen<\/p>\n<p>Eine Ketamin liquid 50mg\/10 ml-unterst\u00fctzte Psychotherapie ist eine Option. Dieses Verfahren zielt darauf ab, die Ursachen der Verzweiflung des Patienten zu bek\u00e4mpfen. Zu dieser Kategorie geh\u00f6ren alle Einrichtungen, die eine psychische Behandlung in Verbindung mit ketamin fl\u00fcssig 50mg\/10 ml Organisationen anbieten. Ketamin fl\u00fcssig zum Verkauf<\/p>\n<h4>SCHMERZMITTEL:<\/h4>\n<p>Spravato wird zum Spr\u00fchen in die Nase verschrieben und ist nur in einigen wenigen zugelassenen ketamine liquid 50mg\/10 ml Zentren und Drogerien erh\u00e4ltlich. In der klinischen Studie erhielten zw\u00f6lf Personen mit behandlungsbed\u00fcrftigen schweren Depressionen und Selbstmordgedanken dreimal w\u00f6chentlich intraven\u00f6se Mischungen von Ketamin liquid 50mg\/10 ml. Ketamin fl\u00fcssig zum Verkauf<\/p>\n<p>F\u00fcnf der zw\u00f6lf \u00fcbermittelten und erhielten \u00fcber einen l\u00e4ngeren Zeitraum eine w\u00f6chentliche Ketaminfl\u00fcssigkeit 50mg\/10 ml, gefolgt von einer Ketaminfl\u00fcssigkeit 50mg\/10 ml-Behandlung und einer etwa einmonatigen Nachbeobachtungsphase, in der kein Ketaminfl\u00fcssigkeit 50mg\/10 ml verabreicht wurde. Jeder der f\u00fcnf bereitete f\u00fcr die Dauer der Folgebehandlung einen schwierigeren Manifestationsverlauf vor. Ketamin fl\u00fcssig zum Verkauf<\/p>","protected":false},"excerpt":{"rendered":"<h3 style=\"text-align: center;\">KAUFEN KETAMIN FL\u00dcSSIG<\/h3>\n<hr \/>\n<p>Finden Sie das beste fl\u00fcssige Ketamin zum Kauf auf unserer Website. Bestellen Sie jetzt und erhalten Sie es bequem nach Hause geliefert!<\/p>","protected":false},"featured_media":1761,"comment_status":"open","ping_status":"closed","template":"","meta":{"content-type":""},"product_brand":[],"product_cat":[188],"product_tag":[194,195],"class_list":{"0":"post-1752","1":"product","2":"type-product","3":"status-publish","4":"has-post-thumbnail","6":"product_cat-ketamine","7":"product_tag-ketamin-flussig-50-mg","8":"product_tag-ketamin-flussig-kaufen","10":"first","11":"instock","12":"shipping-taxable","13":"purchasable","14":"product-type-variable"},"_links":{"self":[{"href":"https:\/\/kokaindrogekaufen.com\/it\/wp-json\/wp\/v2\/product\/1752"}],"collection":[{"href":"https:\/\/kokaindrogekaufen.com\/it\/wp-json\/wp\/v2\/product"}],"about":[{"href":"https:\/\/kokaindrogekaufen.com\/it\/wp-json\/wp\/v2\/types\/product"}],"replies":[{"embeddable":true,"href":"https:\/\/kokaindrogekaufen.com\/it\/wp-json\/wp\/v2\/comments?post=1752"}],"wp:featuredmedia":[{"embeddable":true,"href":"https:\/\/kokaindrogekaufen.com\/it\/wp-json\/wp\/v2\/media\/1761"}],"wp:attachment":[{"href":"https:\/\/kokaindrogekaufen.com\/it\/wp-json\/wp\/v2\/media?parent=1752"}],"wp:term":[{"taxonomy":"product_brand","embeddable":true,"href":"https:\/\/kokaindrogekaufen.com\/it\/wp-json\/wp\/v2\/product_brand?post=1752"},{"taxonomy":"product_cat","embeddable":true,"href":"https:\/\/kokaindrogekaufen.com\/it\/wp-json\/wp\/v2\/product_cat?post=1752"},{"taxonomy":"product_tag","embeddable":true,"href":"https:\/\/kokaindrogekaufen.com\/it\/wp-json\/wp\/v2\/product_tag?post=1752"}],"curies":[{"name":"wp","href":"https:\/\/api.w.org\/{rel}","templated":true}]}}