{"id":1805,"date":"2023-08-07T09:51:02","date_gmt":"2023-08-07T08:51:02","guid":{"rendered":"https:\/\/kokaindrogekaufen.com\/?post_type=product&#038;p=1805"},"modified":"2025-01-13T06:50:24","modified_gmt":"2025-01-13T06:50:24","slug":"lsd-kaufen","status":"publish","type":"product","link":"https:\/\/kokaindrogekaufen.com\/it\/product\/lsd-kaufen\/","title":{"rendered":"LSD Acquistare"},"content":{"rendered":"<div class=\"visible-content\">\n<h1>OIP-5.jpg<\/h1>\n<p class=\"gt-block\">Si prega di prendere un Momento per leggere il nostro ultimo articolo di 1D-LSD, 1V-LSD e le recenti modifiche legislative in Germania.<\/p>\n<h2>Cosa LSD \u00e8 1D?<\/h2>\n<p>1D-LSD ((1-(<a href=\"https:\/\/en.wikipedia.org\/wiki\/1D-LSD#:~:text=1D%2DLSD%20(1%2D(1,German%20NpSG%20law%20in%202022.\" target=\"_blank\" rel=\"noopener\">1,2-dimetil CICLOBUTANO-1-carbonile<\/a>)-Dietilamide dell&#039;acido lisergico-Hemi-L-tartrato)) \u00e8 introdotto.<\/p>\n<p>1D-LSD \u00e8 un Profarmaco di un Lysergamide derivati con Ergolin-dorsale e LSD, mentre 1V-LSD e 1D sono LSD analogico. Dal momento che \u00e8 un Profarmaco di LSD, si condivide \u00e8 probabile che molti di psichedelico propriet\u00e0 dell&#039;LSD-25, cos\u00ec come altri LSD-Profarmaci, ad esempio 1cP-LSD e 1P-LSD, e probabilmente ha un meccanismo d&#039;azione simile. Un Profarmaco \u00e8 Essenzialmente una sostanza inattiva, che \u00e8 attivo nel metabolismo di reazioni chimiche se ingerito.<\/p>\n<h3><strong>Quali sono gli effetti della 0D-LSD?<\/strong><\/h3>\n<\/div>\n<div class=\"hidden-content\">\n<p class=\"gt-block\">Primi rapporti indicano che i 1D-LSD ha un effetto simile a 1V-LSD LSD-25, anche se \u00e8 ancora presto nella vita di 1D-LSD. 1D-LSD sembra avere alcune differenze importanti rispetto ad altri Lysergamiden.<\/p>\n<p class=\"gt-block\">Il\u00a0<strong>Principali differenze<\/strong>\u00a0Abbiamo finora individuato sono:<\/p>\n<ul>\n<li><strong>Pi\u00f9 breve\/pi\u00f9 veloce all&#039;inizio<\/strong>\u00a0\u2013 1D-LSD che ha funzionato per circa 30-60 minuti, per avere il pieno effetto. In confronto a 1-2 ore per 1cP-LSD LSD-25.<\/li>\n<li><strong>La coerenza<\/strong>\u00a0\u2013 Viele Forscher haben berichtet, dass 1D-LSD konsistentere und reproduzierbarere Ergebnisse liefert, wodurch es sich besonders f\u00fcr Mikrodosierungen oder Therapeutika eignet. Die Momente auf dem Sportplatz sind voller Leidenschaft und Vitalit\u00e4t.<\/li>\n<li><strong>Di Breve Durata<\/strong>\u00a0I rapporti mostrano che la 1D-LSD ha una durata pi\u00f9 breve rispetto a 1V-LSD, che gi\u00e0 ha avuto una breve durata di circa 6-8 ore, rispetto alle Durate pi\u00f9 lunghe di 1cP-LSD LSD-25, pi\u00f9 di 10-12 ore.<\/li>\n<li><strong>Potenza<\/strong>\u00a0\u2013 Il potere di 1D-LSD sembra essere paragonabile con 1V-LSD. LSD online acquistare.<\/li>\n<\/ul>\n<h3 class=\"gt-block\">Perch\u00e9 il pi\u00f9 veloce all&#039;inizio?<\/h3>\n<p>Si \u00e8 speculato che la rapida insorgenza potrebbe essere spiegato con l&#039;pesantemente caricato 1,2-dimetil CICLOBUTANO-gruppo, che consente per un metabolismo pi\u00f9 veloce e una pi\u00f9 rapida idrolisi di LSD in vivo.<\/p>\n<p class=\"gt-block\"><strong>Legalit\u00e0<\/strong><\/p>\n<p>1D-LSD \u00e8 attualmente in Germania, la Francia, il Giappone, e quasi tutti i paesi del mondo giuridico, in cui non c&#039;\u00e8 alcun divieto generale di Composti psicoattivi.<\/p>\n<p class=\"gt-block\">Non abbiamo ancora un nickname per la 1D-LSD, perch\u00e9 sappiamo che la loro propriet\u00e0. Se avete suggerimenti, \u00e8 possibile condividere via E-Mail o chat dal vivo con noi. Per ulteriori informazioni, si prega di\u00a0<a href=\"https:\/\/kokaindrogekaufen.com\/it\/\">Contatto<\/a>\u00a0con noi.<\/p>\n<\/div>","protected":false},"excerpt":{"rendered":"<p>\u2713Intera spedizione dalla Germania<br \/>\n\u2713Vista poeta e vakuumierter Stealth di spedizione<br \/>\n\u2713Pagare in forma anonima con Bitcoin\/Crypto<br \/>\n\u2713Completa sicurezza dei dati tramite crittografia<\/p>","protected":false},"featured_media":1810,"comment_status":"open","ping_status":"closed","template":"","meta":{"content-type":""},"product_brand":[],"product_cat":[193],"product_tag":[205,202,203,204],"class_list":{"0":"post-1805","1":"product","2":"type-product","3":"status-publish","4":"has-post-thumbnail","6":"product_cat-lsd-kaufen","7":"product_tag-kaufen-lsd","8":"product_tag-lsd-kaufen","9":"product_tag-lsd-kaufen-lieferung","10":"product_tag-lsd-online-kaufen","12":"first","13":"instock","14":"shipping-taxable","15":"purchasable","16":"product-type-variable"},"_links":{"self":[{"href":"https:\/\/kokaindrogekaufen.com\/it\/wp-json\/wp\/v2\/product\/1805"}],"collection":[{"href":"https:\/\/kokaindrogekaufen.com\/it\/wp-json\/wp\/v2\/product"}],"about":[{"href":"https:\/\/kokaindrogekaufen.com\/it\/wp-json\/wp\/v2\/types\/product"}],"replies":[{"embeddable":true,"href":"https:\/\/kokaindrogekaufen.com\/it\/wp-json\/wp\/v2\/comments?post=1805"}],"wp:featuredmedia":[{"embeddable":true,"href":"https:\/\/kokaindrogekaufen.com\/it\/wp-json\/wp\/v2\/media\/1810"}],"wp:attachment":[{"href":"https:\/\/kokaindrogekaufen.com\/it\/wp-json\/wp\/v2\/media?parent=1805"}],"wp:term":[{"taxonomy":"product_brand","embeddable":true,"href":"https:\/\/kokaindrogekaufen.com\/it\/wp-json\/wp\/v2\/product_brand?post=1805"},{"taxonomy":"product_cat","embeddable":true,"href":"https:\/\/kokaindrogekaufen.com\/it\/wp-json\/wp\/v2\/product_cat?post=1805"},{"taxonomy":"product_tag","embeddable":true,"href":"https:\/\/kokaindrogekaufen.com\/it\/wp-json\/wp\/v2\/product_tag?post=1805"}],"curies":[{"name":"wp","href":"https:\/\/api.w.org\/{rel}","templated":true}]}}