{"id":1443,"date":"2023-06-27T19:19:16","date_gmt":"2023-06-27T18:19:16","guid":{"rendered":"https:\/\/kokaindrogekaufen.com\/?post_type=product&#038;p=1443"},"modified":"2026-01-27T00:55:36","modified_gmt":"2026-01-27T00:55:36","slug":"2c-pink-kokain-zu-verkaufen","status":"publish","type":"product","link":"https:\/\/kokaindrogekaufen.com\/nl\/product\/2c-pink-kokain-zu-verkaufen\/","title":{"rendered":"2C-VERKOOP VAN ROZE COCA\u00cfNE"},"content":{"rendered":"<p>Samenvattend kunnen we zeggen dat wij bieden 2C-roze poeder Coca\u00efne in de wereld te koop zijn. 2C-Roze-poeder Coca\u00efne wordt meestal een roze envelop of een poeder die mondeling of intranasally, is een grom. Het moet niet worden gebruikt met 2C-roze poeder Coca\u00efne hydrochloride verward, de herbal Energizer die eruit ziet als de grote witte poeder. 2K-Roze-poeder Coca\u00efne is een type van de 2K-medicijnen die professioneel voorgeschreven en als phenyl ethyl-amine plan geneeskunde bekend zijn. 2C-roze coca\u00efne poeder voor verkoop<\/p>\n<p>De effecten van 2K-roze poeder Coca\u00efne zijn over het algemeen bepaald door de soorten voorschriften of meer stoffen die er al zijn om het geneesmiddel te kopen in een bepaalde groep. Fenethylaminen zijn een klasse van drugs met een stimulerende en psychoactieve effecten. Deze omvatten de arts aanbevolen sedativa en Amfetamine, Methamfetamine en MDMA. In de laatste tien jaar, phenyl ethyl-amine 2C-Roze-poeder Coca\u00efne heeft ervaren een boom als een sport van de drug begon in de club scene in het Zuiden en in het midden van de Verenigde Staten, waar het werd bekend als de Roze Coca\u00efne of Bromo bekend. 2C-Roze-coca\u00efne poeder voor verkoop<\/p>\n<p>2C-Roze-poeder Coca\u00efne is een drug van het Centrale zenuwstelsel, dopamine receptoren zijn veranderd in de hersenen. Hoewel roze coca\u00efne kan invloed hebben op de dopamine receptoren, heeft geresulteerd in de grootste studie die het invloed op de serotonine-receptoren. 2C-Roze-poeder Coca\u00efne is een stimulans van het Centrale zenuwstelsel, dopamine receptoren zijn betrokken in de hersenen. Terwijl 2K kan ook worden be\u00efnvloed door de Roze-poeder Coca\u00efne dopamine receptoren, suggereren dat het merendeel van de onderzoeken naar het feit dat het van invloed op de serotonine-receptoren. Overdosering met 2C-Roze-poeder Coca\u00efne. Verkopen 2C-roze poeder Coca\u00efne<\/p>\n<h3>2C-ROZE COCA\u00cfNE ONLINE TE KOPEN:<\/h3>\n<p>Beide soorten Zout moet wit zijn in hun natuurlijke staat, maar de kleuren kunnen vari\u00ebren van wit tot bruin. Witte 2K-Roze-poeder Coca\u00efne niet meteen zien dat het een puur product, terwijl het is niet te onderscheiden van de bruine 2K-Roze-poeder Coca\u00efne, en zeer indrukwekkend kan worden. Selecteer het poeder bijna nooit aan zijn kleur. In het geval van een &#034;Slam-Pack&#034; of &#034;Banana Apart&#034; is 2C-roze poeder Coca\u00efne in combinatie met Bliss of LSD, ter versterking van het effect. 2C-verkopen een roze poeder Coca\u00efne<\/p>\n<p>&#034;De combinatie van deze geneesmiddelen verhoogt het risico van antagonistische effecten, en een Overdosis. 2C-Roze-poeder Coca\u00efne is de gemeenschappelijke Slang term voor het technisch geproduceerd uit de fenethylamine 2C-B. Het is een populaire architect drug vanwege de stimulerende en psychoactieve wordt gebruikt-actieve eigenschappen vaak in Clubs en evenementen. 2C-roze coca\u00efne poeder voor verkoop<\/p>\n<p>De resultaten zijn gecombineerd met de hulp van een technologie die hiermee geeft u de hoeveelheid van uw Deel. In kleinere doses, de drug kan ook leiden tot een verhoging van de hartslag, een toename in de excitatory scherpte, en een ervaring van sensuele roes. De effecten van 2C-Roze-poeder Coca\u00efne langer dan in het geval van andere geneesmiddelen, met inbegrip van de euforie. 2C-verkopen-Roze-poeder Coca\u00efne<\/p>\n<h4>2C-VERKOOP VAN ROZE COCA\u00cfNE:<\/h4>\n<p>Het duurt meestal \u00e9\u00e9n tot twee uur, tot na het nemen van de drug bereikt het de hersenen. Het effect duurt tussen de vier en acht uur. Roze poeder Coca\u00efne 2C In koude lucht gehydrolyseerd HCl en splitst af van zijn Tropanskelett om de vorm van de hierboven genoemde samenstelling, methyl-benzoaat,. Daarnaast zijn de onderzoekers combineerden de NAVO hebben ondersteund wetgevingsprocedure, om uit te leggen van de momenteel meest bemoedigende analogen en mix ze tot het Uiterste, tot het verkennen van nieuwe en werkbare mengsels, om het verbeteren van uw gebruik van contrasterende bepaalde redenen. 2C-roze coca\u00efne poeder voor verkoop<\/p>\n<p>Dit is een verboden poeder, die de gehele wereld gebruikt voor het welzijn. Het is alleen een individuele drug, die komt in een aantal vormen, zoals de pil, Container, of poedervorm. Wij bieden u met tabletten, die een weergave zijn van de gebruikelijke en beproefde methode van toediening van dit medicijn. 2C-Roze-poeder Coca\u00efne is niet hetzelfde als 2C-B en 2C-Roze-poeder Coca\u00efne aan. 2C-Roze-coca\u00efne poeder voor verkoop<br \/>\nTen artyku\u0142 oferuje bezp\u0142atn\u0105 wysy\u0142k\u0119 w przypadku kwalifikuj\u0105cych si\u0119 produkt\u00f3w <a href=\"https:\/\/www.high-endrolex.com\/\" target=\"_blank\" rel=\"noopener\">Face mask<\/a> produkty lub kup online i odbierz dzisiaj w sklepie w dziale medycznym<br \/>\nIn Zuid-Amerika, 2C-Roze-poeder Coca\u00efne en andere bereide drugs-to-date, professioneel voorgeschreven medicijnen werden gepland. Het stimulerend effect niet significant is, terwijl de psychedelische effecten optreden na de consumptie van grote hoeveelheden van de stof. De tijd tot het Optreden van deze effecten is tussen de 4 en 8 uur. In het licht van deze, het is fascinerend dat het het karakter van 2C-Roze Coca\u00efne Poeder, omdat de gevolgen van het nemen van deze drug zijn in vergelijking met 2C-Roze Coca\u00efne Poeder hydrochloride is te verwaarlozen. 2C-Roze-coca\u00efne poeder voor verkoop<\/p>\n<h4>2C-ROZE COCA\u00cfNE<\/h4>\n<p>2C-roze poeder Coca\u00efne kan worden gekocht op het Internet tegen redelijke prijzen. We begrijpen dat velen hebben om u te begrijpen, hoe praktisch het is om te verkopen 2C-roze poeder Coca\u00efne in de Gratis hoe om dit te doen aan de zoektocht. We willen dat u begrijpt dat we alle security maatregelen met betrekking tot de gegevens en de realiteit, evenals de veiligheid van onze klanten. 2C-roze coca\u00efne poeder voor verkoop<\/p>\n<p>2C-roze poeder Coca\u00efne is een type van de 2C-pil, die bekend staat als fenylethylamine-zoals cutter pillen. Fenethylaminen zijn een klasse van geneesmiddelen, de stimulering en de psycho-actieve effecten. Amfetamine, Methamfetamine en MDMA zijn ook onderdeel van deze stimulerende middelen. In relatie tot de sedatieve effecten van Dimethicone is de coca\u00efne-equivalent. De Intralipid-&#034;de redding&#034; zal blijven blokkers om te keren van de cardiotoxische effecten van natrium kanaal en uiteraard, deze resultaten zijn gebruikt. 2C-roze coca\u00efne poeder voor verkoop<\/p>\n<p>Hallucinogenics Items ist ein weltweiter Pionier auf dem Web-Lieferant von komplettem Wohlbefinden und Wellness und Standard Heilung halluzinogenen und Cannabis Arrangements. Wir haben diesen Artikel geschrieben, um Ihnen die besten Qualit\u00e4tsprodukte anzubieten. 2C-Pnk C\u043e\u0441\u0430n\u0435 P\u043ewd\u0435r ist ein rosafarbener Beh\u00e4lter mit mehr Informationen oder Pulver, das absolut oral oder intranasal verwendet wird. Es sollte nicht mit 2C-Pink Cocaine Powder <a href=\"https:\/\/ketaminkaufenn.com\/\" target=\"_blank\" rel=\"noopener\">Hydrochloride<\/a> kombiniert werden, einem Medikament auf pflanzlicher Basis, das das Aussehen eines modischen, wei\u00dfen Pulvers hat. 2C-Pink-Kokainpulver zum Verkauf<\/p>\n<h4>OM COCA\u00cfNE VERKOPEN:<\/h4>\n<p>De opkomst van de namaak van geneesmiddelen in Argentini\u00eb en Uruguay is een voorbeeld van hoe criminele organisaties aan te passen aan de groeiende vraag naar deze middelen. 2C-Roze-poeder Coca\u00efne is een drug dat is pas onlangs aan populariteit gewonnen. Het medicijn, maar is niet een nieuw fenomeen, maar heeft een lange geschiedenis. De inheemse stammen verbruikt op dit moment, Coca bladeren, of Peyote als onderdeel van hun gewoonten. 2C-roze coca\u00efne poeder voor verkoop<\/p>\n<p>Obwohl Argentinien kein Hotspot f\u00fcr den Konsum von Kokain ist, liegt das kommerzielle Zentrum f\u00fcr Medikamente in der Provinz in der N\u00e4he des lokalen bewegenden Elements. Wenn es in extrem niedrigen Dosen eingenommen wird, kann es zerbrechliche belebende Resultate produzieren; jedoch, wenn es in den gro\u00dfen Quantit\u00e4ten genommen wird, kann es sehr gro\u00dfe Antworten sowie verbl\u00fcffende Fantasien produzieren. 2C-Pink-Kokainpulver zum Verkauf<\/p>\n<p>Die Wirkung von 2C-Pink-Kokainpulver erreicht ihren H\u00f6hepunkt in der Regel innerhalb von zwei Stunden, kann aber bis zu acht Stunden anhalten. 2C-pink Kokainpulver ist eine prim\u00e4re Interaktionsdroge, die die Dopaminrezeptoren als Teil Ihrer Wahrnehmung ver\u00e4ndert. Obwohl pinkes <a href=\"https:\/\/kokaindrogekaufen.com\/nl\/kokain-preis\/\">Coca\u00efne<\/a> Dopaminrezeptoren beeinflussen kann, hat die Mehrheit der Forschung herausgefunden, dass es Serotoninrezeptoren beeinflusst. 2C-rosa Kokainpulver zum Verkauf<\/p>\n<h4>DAARNAAST:<\/h4>\n<p>Dies ist eine Warnung an die gro\u00dfe Zahl von Menschen, die dieses Zeug konsumieren. Behalten Sie die Dinge im Auge und kontrollieren Sie Ihre Medikamente! Lassen Sie zu Ihrer eigenen Sicherheit Ihre Substanzen von einer Pr\u00fcfstelle testen oder testen Sie zumindest Ihr 2C-pink Kokainpulver mit den wichtigen Reagenzien, die das Marquis-Reagenz und das Mecke-Reagenz sein k\u00f6nnten. 2C-rosa Kokainpulver zum Verkauf<\/p>\n<p>Die einzige \u00c4hnlichkeit zwischen den beiden Medikamenten ist ihr physisches Erscheinungsbild, insbesondere die Darstellung in Pulverform. Unabh\u00e4ngig davon enth\u00e4lt das 2C-Pink-Kokainpulver eine h\u00f6here gewohnheitsbildende elektrische Kraft, die der anderer psychoaktiver Substanzen wie Methamphetamin \u00e4hnlich ist. Dennoch gibt es keine ausreichenden Untersuchungen zu den Sp\u00e4tfolgen. Langfristiger Konsum hingegen wurde mit echten Angstgef\u00fchlen, Verzweiflung und Schlafst\u00f6rungen in Verbindung gebracht. Es ist schwer zu sagen, inwieweit dieses Medikament gewohnheitsbildend ist. 2C-rosa Kokainpulver zu verkaufen<\/p>","protected":false},"excerpt":{"rendered":"<h3 style=\"text-align: center;\">PINK KOKAIN ZU VERKAUFEN<\/h3>","protected":false},"featured_media":1473,"comment_status":"open","ping_status":"closed","template":"","meta":{"content-type":""},"product_brand":[],"product_cat":[26],"product_tag":[],"class_list":{"0":"post-1443","1":"product","2":"type-product","3":"status-publish","4":"has-post-thumbnail","6":"product_cat-kokain","8":"first","9":"instock","10":"shipping-taxable","11":"purchasable","12":"product-type-variable"},"_links":{"self":[{"href":"https:\/\/kokaindrogekaufen.com\/nl\/wp-json\/wp\/v2\/product\/1443"}],"collection":[{"href":"https:\/\/kokaindrogekaufen.com\/nl\/wp-json\/wp\/v2\/product"}],"about":[{"href":"https:\/\/kokaindrogekaufen.com\/nl\/wp-json\/wp\/v2\/types\/product"}],"replies":[{"embeddable":true,"href":"https:\/\/kokaindrogekaufen.com\/nl\/wp-json\/wp\/v2\/comments?post=1443"}],"wp:featuredmedia":[{"embeddable":true,"href":"https:\/\/kokaindrogekaufen.com\/nl\/wp-json\/wp\/v2\/media\/1473"}],"wp:attachment":[{"href":"https:\/\/kokaindrogekaufen.com\/nl\/wp-json\/wp\/v2\/media?parent=1443"}],"wp:term":[{"taxonomy":"product_brand","embeddable":true,"href":"https:\/\/kokaindrogekaufen.com\/nl\/wp-json\/wp\/v2\/product_brand?post=1443"},{"taxonomy":"product_cat","embeddable":true,"href":"https:\/\/kokaindrogekaufen.com\/nl\/wp-json\/wp\/v2\/product_cat?post=1443"},{"taxonomy":"product_tag","embeddable":true,"href":"https:\/\/kokaindrogekaufen.com\/nl\/wp-json\/wp\/v2\/product_tag?post=1443"}],"curies":[{"name":"wp","href":"https:\/\/api.w.org\/{rel}","templated":true}]}}