{"id":1452,"date":"2023-06-27T19:19:16","date_gmt":"2023-06-27T18:19:16","guid":{"rendered":"https:\/\/kokaindrogekaufen.com\/?post_type=product&#038;p=1452"},"modified":"2026-01-27T00:59:24","modified_gmt":"2026-01-27T00:59:24","slug":"bolivianisches-kokain-zu-verkaufen","status":"publish","type":"product","link":"https:\/\/kokaindrogekaufen.com\/nl\/product\/bolivianisches-kokain-zu-verkaufen\/","title":{"rendered":"VERKOPEN BOLIVIAANSE COCA\u00cfNE"},"content":{"rendered":"<h2>COCA\u00cfNE VOOR ONLINE VERKOOP:<\/h2>\n<p>Zonder vertraging, we hebben coca\u00efne voor online verkoop. Een kritische Boliviaanse Partner in de inname van geneesmiddelen, heeft aangekondigd dat de laatste van de mogelijke Veranderingen die kunnen verhogen van het niveau van de rechtmatige Coca in het nieuwe decreet, vers uit de doos, betekent dat de coalitie zou in lijn zijn met uw activiteiten, &#034;nieuw&#034;, terwijl ze blijven werken met Bolivia samen. In het geval dat u een klant die probeert om de Top-van-de-lijn van geweldige producten te ontdekken, je absoluut de eerste afspraak moet zeker niet te onthouden, sommige van Boliviaanse coca\u00efne op de aaronay worden.<\/p>\n<p>Heb je een ton van de basiskwaliteiten. Helpen. Boliviaanse coca\u00efne zou de meest perfecte vorm van de Boliviaanse coca\u00efne die je kan ontdekken op de planeet. Mensen gebruiken het om een Energizer om te werken aan de creatie van expliciete chemie van de hersenen, in aanvulling te verkrijgen van de hulp van de vereiste stand. Met de openheid die wij aanbieden, hoeft u niet in te zitten werkeloos en na te denken over waar ze Boliviaanse coca\u00efne te kunnen kopen. Coca\u00efne voor online verkoop<\/p>\n<p>Dit is uitzonderlijk voor personen met betrekking tot een lange weg van de werkelijke drogisterijen leven. De Boliviaanse coca\u00efne-distributie van gegevens Informandote gedrukte ook foto &#039; s van de voormalige drugsbaron, die werkt met Lokale, hij is uitgenodigd voor de lunch op zondag. Boliviaanse coca\u00efne heeft tal van elementen uit de wereld van de medische zorg. Om deze reden, het wordt gebruikt door veel van de geneesmiddelen in aanvulling op de aanbevelingen van specialisten, voor het beheren van verschillende ziekten. Coca\u00efne voor online verkoop<\/p>\n<p>Ik had Boliviaanse coca\u00efne dingen, als het was gekleurd, en een mooie glossy aanzienlijk, in tegenstelling tot wat ik over de Hele linie, vermoed ik, is Columbiaanse. Boliviaanse coca\u00efne bevat een aantal eigenschappen die binnen de klinische omgeving. Komt het echt van de verschillende drugs, en in het licht van de medische specialisten aanbevolen, met verschillende problemen. Coca\u00efne voor online verkoop<\/p>\n<h3>OM COCA\u00cfNE VERKOPEN:<\/h3>\n<p>Klinische specialisten zijn het gebruik van deze medicatie of drugs, als u de behandeling van mensen die worstelen met wanhoop, en andere ongemakken. Het wordt niet gebruikt in het Minst om de gezondheid van deskundigen, maar ook van de mensen vieren in clubs en Bars. De Indianen van Bolivia te knabbelen voor de leeftijd van Coca bladeren gemengd met kalk steen kralen of Pflanzenru\u00df om te overleven voor plezier of ziekten, verlangen en dorst. Coca\u00efne voor online verkoop<\/p>\n<p>In diverse verenigingen de unieke Alkalo\u00efde bladeren kunstmatig uit de Coca weg, en daarnaast, in het zout van de coca\u00efne omgezet. Medische professionals zijn van het gebruik van deze medicatie of medicatie, als je de zorg van de slachtoffers, die moeten vechten met ellende, en verschillende soorten Angsten. Het wordt niet alleen gebruikt door professionals, maar ook door gewone mensen in clubs en Bars. Om coca\u00efne verkopen online<\/p>\n<p>Een verbinding met de drugshandel kan ook een fundamentele impact op de stof. Boliviaanse coca\u00efne is een sterke focal angstige strategie-energie, het niveau van de Synaps, dopamine in de geest-circuits, de vreugde en beweging handgrepen. Gewoon een club pionier weergegeven, als de Coca-schoffel-beheerst de gemeentelijke administratie organisatie te schorsen van de lokale capaciteit, financi\u00eble verplichtingen verbonden aan een van de nabijgelegen buurt, altijd met coca\u00efne lijm inkomen van werknemers. Coca\u00efne voor online verkoop<\/p>\n<h4>COCA\u00cfNE VOOR VERKOOP IN DE USA:<\/h4>\n<p>Boliviaanse coca\u00efne affiniteit vormen, en is ook overweldigend. Boliviaanse coca\u00efne is ook ge\u00efmplanteerd in het Plan of gerookt in een kunstmatig onderhouden verbetering genoemd freebase; de twee soortgelijke dergelijke strategie\u00ebn voor het regelen van een opvallend groeiende aantal Routine gebruik van het geneesmiddel. Je zet middelen in de Boliviaanse Coca\u00efne Online met ons op uitzonderlijk geringe kosten. Coca\u00efne voor online verkoop<\/p>\n<p>Boliviaanse coca\u00efne is een van de beste vormen van coca\u00efne, die kunnen onmiskenbaar worden gezien over de hele wereld. Het wordt gebruikt door personen vandaag de dag, voor het grootste deel, een Energizer, om de ontwikkeling van de geweldige synthetische stoffen in de gedachten, en om steun te vinden binnen de turbulente stress. Boliviaanse coca\u00efne heeft verschillende capaciteiten in de wereld van het welzijn. Boliviaanse coca\u00efne stuk, als gevolg van zijn huis, om de Rest van het menselijk lichaam, wordt gebruikt door jongeren op een gigantische ruimte voor herstel. Coca\u00efne voor online verkoop<\/p>\n<p>Als een resultaat, de Boliviaanse coca\u00efne is gebruikt in een paar medicijnen te beheren, samen met aanbevolen door medische experts om bepaalde ziekten. Medische professionals hebben gebruik gemaakt van deze medicatie of medicatie, of als je werkt met pati\u00ebnten, de wanhoop, en verschillende soorten van de gevoeligheid van de strijd. Coca\u00efne voor online verkoop<\/p>\n<p>Boliviaanse coca\u00efne wordt niet alleen gebruikt door medische deskundigen, maar ook van een aantal mensen in clubs en Bars. Boliviaanse coca\u00efne is een van de meest ideale vormen van coca\u00efne in de wereld. Het wordt gebruikt door de mensen als een Energizer uit te breiden met de creatie van onderscheidende chemische stoffen in je hoofd en om hulp te krijgen in stressvolle omstandigheden. Coca\u00efne voor online verkoop<\/p>\n<h4>COCA\u00cfNE ONLINE TE KOPEN:<\/h4>\n<p>Deze mooie witte poeder gesnoven met een lege kamer, die is snel te zien in je cursus cyclus door het neusslijmvlies films. Boliviaanse coca\u00efne is een exacerbatie, ongeacht, en de capaciteit om op te lossen de aderen, die put constant een loopneus of, in echte situaties, ulceratie, terwijl in de Neus. Het euforische effect van het snuiven van Boliviaanse coca\u00efne is vaak van korte duur, en na ongeveer een half uur. Coca\u00efne voor online verkoop<\/p>\n<p>De inname van energizers is riskant, want de sedatieve effecten van het hersenvocht kan worden verminderd. Ze zijn wat het menselijk lichaam kan worden gebruikt voor het meten van de &#034;ruis&#034;. Dit leidt meestal tot een hoge consumptie met zeer beperkte mogelijkheden, is een groot risico van schade aan de lever en verder ontwikkeld Parchedi\u00e4t. Dit betekent dat in het geval van metingen weergegeven, Boliviaanse coca\u00efne verandert in een intensieve of helpen is heel moeilijk, hoe dan ook, als de kaak te houden, automatisch aanzienlijke schudden en trillen aan het einde van de huidige, wat Schudden om hevig Schudden van het hele menselijk lichaam met de armen, en voor het regelen van een totaal van onvoldoende ongelooflijke motor. Coca\u00efne voor online verkoop<\/p>\n<p>Dit effect wordt gedrukt met een matige slaperigheid en het gemiddelde vermoeidheid te wijten aan de verschuiving van je inzicht. Boliviaanse coca\u00efne heeft een niet te verwaarlozen helling, een niet-trigger-blijvende psychose, met veel meer dan 50% van de Boliviaanse coca\u00efne slachtoffer te laten zien in de Belangrijkste, sommige van de crazy signs. De voorkomende symptomen van Slachtoffers van dingen, zoals plotselinge dromen, die je kunt krijgen te betrekken, gevolgd door hun gebruik van Medicatie die momenteel wordt waargenomen, geassocieerd met gedachten vluchten om te helpen de hallucinogene Overtuigingen. Coca\u00efne voor online verkoop<\/p>\n<p>Bizarre parasitosis met formication (&#034;Boliviaanse coca\u00efne bugs&#034;) is bovendien een echt overheersend bijwerking. Boliviaanse coca\u00efne breekt wanneer duidelijk wordt verwarmd. Daarom is de Freebase en bicarbonaat zouten van Boliviaanse coca\u00efne in tegenstelling tot de hydrochloride zout is de aanzienlijk lagere waarden, meestal gebruikt zodra het Materiaal vergaat, en zijn daarom Boliviaanse coca\u00efne bekend, de single is geproduceerd en vervalt. Om coca\u00efne verkopen online<\/p>\n<h5>COCA\u00cfNE VOOR DE VERKOOP IN AUSTRALI\u00cb:<\/h5>\n<p>Pogingen om het vernietigen van de Coca-velden door het gebruik van defoliants zijn vernietigd in bepaalde Coca groeiende regio &#039; s van Colombia componenten van de monetaire teelt, en er lijken te stammen gemaakt, de meer of minder gevoelig zijn voor hun gebruik. Al deze vari\u00ebteiten aan regelmatige wijzigingen, of het gevolg van menselijk ingrijpen, is onduidelijk. Afgezien van de destructieve effecten van de Boliviaanse coca\u00efne. Coca\u00efne voor online verkoop<\/p>\n<p>In het geval van de onoplosbare stoffen die kunnen gebruikt worden voor het minimaliseren van de drug, is er ook het risico van hart-embolie. Zoals met alle illegale stoffen die worden toegediend, is het mogelijk dat de klant niet door bloed overdraagbare besmetting, als de steriele infusie apparaten realistisch zijn of worden gebruikt. Coca\u00efne voor online verkoop<\/p>\n<p>Er Boliviaanse coca\u00efne is een vaatvernauwende stof is en de klanten meestal ontvangen talrijke infusies binnen een paar uur of minder, en het bewaken van de daaruit voortvloeiende infusies steeds moeilijker en moeilijker om te worden wat je wilt extra Infuus en aanzienlijk meer gevolgen van onjuist uitgevoerde infusies kan leiden. Coca\u00efne voor online verkoop<\/p>\n<p>Neus Beademing (informeel aangeduid als &#034;geknor&#034;, &#034;Ruiken&#034; of &#034;klap&#034;) is de meest voorkomende methode van inname van Boliviaanse coca\u00efne in poedervorm in de Westerse wereld. De drug is bedekt, die is gevangen door het slijm lagen, de laag van de sinussen. Het Inblazen van coca\u00efne, absorptie via de neus slijmvliezen bij ongeveer dertig tot zestig procent, maar grotere doses oorzaak van de toename van assimilatie en prestaties. Coca\u00efne voor online verkoop<\/p>\n<h5>DAARNAAST:<\/h5>\n<p>Een stof die is willekeurig geabsorbeerd via de slijmvliezen wordt verzameld in de lichaamsvloeistof en opname door de mond (deze &#034;Druppel&#034; is), een paar aangename en andere als onprettig. Dit betekent dat bij bepaalde doses, vervelend, of onmogelijk, om in ieder geval, sinds de kaak wordt automatisch bewaard echte schokken en trillingen optreden, het overmatig Schudden van het hele lichaam, en een onzekerheid van de hand de oorzaak van de oppervlakken, in aanvulling op een typische ontoereikendheid van de fenomenale motorische controle. Dit resultaat is vervangen door een lichte vermoeidheid en een normale vermoeidheid gedurende de gehele periode waarin je aan het doen bent uw ervaringen met de consument. Om coca\u00efne verkopen online<\/p>\n<p>&nbsp;<\/p>","protected":false},"excerpt":{"rendered":"<p>KOKAIN ZUM ONLINE-VERKAUF: Ohne Verz\u00f6gerung haben wir Kokain zum Verkauf online. Ein kritischer bolivianischer Partner bei der Einnahme von Medikamenten verk\u00fcndete, dass die letzten m\u00f6glichen \u00c4nderungen, die das Ma\u00df an erlaubtem Koka in dem neuen Erlass frisch aus der Kiste erh\u00f6hen, bedeuten, dass die Koalition ihre Unternehmungen &#8222;neu ausrichten&#8220; w\u00fcrde, w\u00e4hrend sie weiterhin mit Bolivien zusammenarbeiten wird. F\u00fcr den Fall, dass Sie ein Kunde, der versucht, Top-of-the-line gro\u00dfe Produkte zu entdecken, Ihre absolute erste Anordnung sollte definitiv nicht zu erinnern, einige bolivianische Kokain auf der aaronay sein. Haben Sie eine Tonne von grundlegenden Qualit\u00e4ten. Hilfe. Bolivianisches Kokain w\u00e4re die perfekteste\u2026<\/p>","protected":false},"featured_media":1474,"comment_status":"open","ping_status":"closed","template":"","meta":{"content-type":""},"product_brand":[],"product_cat":[26],"product_tag":[27,28,29,30,31,32,33,34,35,36,37,38,39,40,41,42,43,44,45,46,47,48,49,50,51,52,53,54,55,56,57,58,59,60,61,62,63,64,65,66,67,68,69,70,71,72,73,74,75,76,77,78,79,80,81,82,83],"class_list":{"0":"post-1452","1":"product","2":"type-product","3":"status-publish","4":"has-post-thumbnail","6":"product_cat-kokain","7":"product_tag-besitz-von-kokain-zum-verkauf-hs","8":"product_tag-cocaine-hydrochloride-sale","9":"product_tag-cocaine-leaves-for-sale","10":"product_tag-cocaine-lockup-sale","11":"product_tag-cocaine-mirror-for-sale","12":"product_tag-cocaine-origins","13":"product_tag-cocaine-pipes-for-sale","14":"product_tag-cocaine-plant-for-sale","15":"product_tag-cocaine-purity-test-for-sale","16":"product_tag-cocaine-sale-gta","17":"product_tag-cocaine-sale-reddit","18":"product_tag-cocaine-seed-sale","19":"product_tag-cocaine-seeds-for-sale","20":"product_tag-cocaine-seeds-for-sale-online","21":"product_tag-cocaine-spoons-for-sale","22":"product_tag-cocaine-tea-for-sale","23":"product_tag-cocaine-tooters-for-sale","24":"product_tag-cocaine-vials-for-sale","25":"product_tag-colombian-cocaine-for-sale","26":"product_tag-crack-cocaine-for-sale-online","27":"product_tag-fake-cocaine-for-sale","28":"product_tag-groshandel-kokain-zum-verkauf","29":"product_tag-gta-online-cocaine-lockup-buying-supplies","30":"product_tag-kilo-of-cocaine-for-sale","31":"product_tag-kokain","32":"product_tag-kokain-bullet-for-sale","33":"product_tag-kokain-cowboys","34":"product_tag-kokain-for-sale","35":"product_tag-kokain-for-sale-australia","36":"product_tag-kokain-for-sale-craigslist","37":"product_tag-kokain-for-sale-near-me","38":"product_tag-kokain-for-sale-online-usa","39":"product_tag-kokain-for-sale-usa","40":"product_tag-kokain-for-sale-websites","41":"product_tag-kokain-for-sales","42":"product_tag-kokain-for-sell","43":"product_tag-kokain-grinders-for-sale","44":"product_tag-kokain-history","45":"product_tag-kokain-hydrochloride-for-sale","46":"product_tag-kokain-online-kaufen","47":"product_tag-legal-cocaine-for-sale","48":"product_tag-legal-synthetic-cocaine-for-sale","49":"product_tag-online-cocaine-anonymous-meetings","50":"product_tag-online-cocaine-for-sale","51":"product_tag-online-cocaine-meetings","52":"product_tag-online-cocaine-purchase","53":"product_tag-online-kokain-verkauf","54":"product_tag-peruanisches-kokain-zum-verkauf","55":"product_tag-pharmazeutisches-kokain-zum-verkauf","56":"product_tag-reines-kokain-zum-verkauf","57":"product_tag-reines-kokain-zum-verkauf-online","58":"product_tag-synthetisches-crack-kokain-zum-verkauf","59":"product_tag-synthetisches-kokain-zum-verkauf","60":"product_tag-synthetisches-kokain-zum-verkauf-online","61":"product_tag-verkauf-von-kokain","62":"product_tag-verkauf-von-kokain-florida","63":"product_tag-verkauf-von-kokain-georgia","65":"first","66":"instock","67":"shipping-taxable","68":"purchasable","69":"product-type-variable"},"_links":{"self":[{"href":"https:\/\/kokaindrogekaufen.com\/nl\/wp-json\/wp\/v2\/product\/1452"}],"collection":[{"href":"https:\/\/kokaindrogekaufen.com\/nl\/wp-json\/wp\/v2\/product"}],"about":[{"href":"https:\/\/kokaindrogekaufen.com\/nl\/wp-json\/wp\/v2\/types\/product"}],"replies":[{"embeddable":true,"href":"https:\/\/kokaindrogekaufen.com\/nl\/wp-json\/wp\/v2\/comments?post=1452"}],"wp:featuredmedia":[{"embeddable":true,"href":"https:\/\/kokaindrogekaufen.com\/nl\/wp-json\/wp\/v2\/media\/1474"}],"wp:attachment":[{"href":"https:\/\/kokaindrogekaufen.com\/nl\/wp-json\/wp\/v2\/media?parent=1452"}],"wp:term":[{"taxonomy":"product_brand","embeddable":true,"href":"https:\/\/kokaindrogekaufen.com\/nl\/wp-json\/wp\/v2\/product_brand?post=1452"},{"taxonomy":"product_cat","embeddable":true,"href":"https:\/\/kokaindrogekaufen.com\/nl\/wp-json\/wp\/v2\/product_cat?post=1452"},{"taxonomy":"product_tag","embeddable":true,"href":"https:\/\/kokaindrogekaufen.com\/nl\/wp-json\/wp\/v2\/product_tag?post=1452"}],"curies":[{"name":"wp","href":"https:\/\/api.w.org\/{rel}","templated":true}]}}