{"id":1460,"date":"2023-06-27T19:19:17","date_gmt":"2023-06-27T18:19:17","guid":{"rendered":"https:\/\/kokaindrogekaufen.com\/?post_type=product&#038;p=1460"},"modified":"2026-01-27T00:57:42","modified_gmt":"2026-01-27T00:57:42","slug":"kaufen-peruanischen-kokain-online","status":"publish","type":"product","link":"https:\/\/kokaindrogekaufen.com\/nl\/product\/kaufen-peruanischen-kokain-online\/","title":{"rendered":"PERUAANSE COCA\u00cfNE ONLINE KOPEN"},"content":{"rendered":"<p>PERUAANSE COCA\u00cfNE ONLINE KOPEN<\/p>\n<p>Ongeacht kopen coca\u00efne Online in Duitsland met een korting van 5% beleid. Peruaanse coca\u00efne blokkeert ook de Serotonine - en noradrenaline-drager en voorkomt dat de heropname van Serotonine en noradrenaline in de synaptische spleet in de presynaptische Axon Terminal, en verhoogt de activering van de Serotonine-en noradrenaline-receptoren in het postsynaptische Neuron, die bijdraagt aan de verandering van het bewustzijn, de gevoelens en de coca\u00efne-gerelateerde activiteiten.<\/p>\n<p>Onze Peruaanse coca\u00efne is een wit poeder dat wordt gewonnen uit de cocabladeren, een Plant (Coca), die groeit voornamelijk in Zuid-Amerika. &#034;Split&#034; is niet zomaar een drug is, maar eerder een gewoonte-vorming agent, die ook kan worden gedrenkt en gegeten. De Naam &#034;Break&#034; lijkt het geneesmiddel dat wordt geproduceerd wanneer het wordt verhit tot het produceren van de rook. Koop coca\u00efne Duitsland<\/p>\n<p>Peruaanse coca\u00efne, echter, is in de Vorm van een grote hoeveelheid wit, prachtige poeder beschikbaar, en in tegenstelling tot Peruaanse coca\u00efne, de Break is niet echt in een in drinkwater oplosbaar. Waar kan ik Peruaanse Vlok coca\u00efne tegen een redelijke prijs? Het bezit van coca\u00efne en het ontbreken van een klinische behandeling is verboden. Kleinere hoeveelheden voor eigen gebruik kunnen blijven in het geval van Eerste of herhaalde daders vrijuit gaan; echter, dit is verschillend van land tot land. Koop coca\u00efne in Duitsland<\/p>\n<p>De roze coca\u00efne werd voor het eerst gewonnen uit het blad van de Erythroxylon Coca Bush, die werd voornamelijk gebruikt in de Peruaanse coca\u00efne online, coca\u00efne. Momenteel is de groep die alles al heeft, maar op de Mao\u00efstische Transformatie uitgerust weergegeven, en als een Alternatief tegen de veiligheid voor de buurt drug dealer, ondanks het begin van de hinderlagen, bewakers in militaire voet, en in elk geval, de vangst van een intermitterende hulp van de helikopter. Coca\u00efne Online Kopen-Europa<\/p>\n<h3>OM COCA\u00cfNE VERKOPEN:<\/h3>\n<p>Koop Ongesneden Peruaanse Zuivere Coca\u00efne is de meest uitgebreide scala aan ondersteunende producten in de Peruaanse coca\u00efne lijst is waarschijnlijk. 1g hele Peruaanse 89% pure vis-schalen-coca\u00efne is een zeer verslavend Opiatmaterial, die is gemaakt van de bladeren van de Coca-boom, heeft zijn oorsprong in Zuid-Amerika, en het is meestal een grunt in de neus of gemengd met water, en met een naald toegediend. Koop coca\u00efne Duitsland<\/p>\n<p>Peruaanse coca\u00efne kan ook worden verwerkt tot een witte poeder. Het is een zeer verslavende stimulerende drug die wordt verkregen uit de bladeren van de Zuid-Amerikaanse-op basis van de Coca plant. Tijdens welvaart, kan de handler gebruiken voor legitieme klinische doeleinden, zoals voor lokale verdoving in sommige bewerkingen is de Peruaanse coca\u00efne is een illegale stof. Koop coca\u00efne Duitsland<\/p>\n<p>De Pauze wordt gerookt door een glazen buis. Peruaanse coca\u00efne is beschikbaar voor aankoop en heeft een verscheidenheid aan toepassingen in de medische wereld. Om deze reden, het is gebruikt in vele geneesmiddelen en is aanbevolen door experts voor de behandeling van verschillende ziekten. Als ik zeg iedereen, ik bedoel de Stichting. Het grote Publiek begrijpt. Dit is ongetwijfeld een land waar veel mensen, misschien tot 2.000.000 mensen die betrokken zijn in geen enkele manier in de coca\u00efne handel. Koop coca\u00efne Duitsland<\/p>\n<p>Peruaanse coca\u00efne is een krachtige, focal, onrustig Energizer, dat verhoogt het niveau van dopamine in de circuits van de geest, de controle van de prestaties en ontwikkeling. Peruaanse coca\u00efne door de bloed-Hersenen-barri\u00e8re via een proton-gekoppelde natuurlijke kation Antiporter, en (in mindere mate) door niet-actieve verspreiding. Koop coca\u00efne Europa<\/p>\n<h4>COCA\u00cfNE ONLINE IN CANADA KOPEN:<\/h4>\n<p>Peruaanse coca\u00efne werkt als een sympathicomimetische agent door het blokkeren van de dopamine drager en dus de heropname van dopamine uit de synaptische spleet in de presynaptische axon terminal wordt voorkomen; de hogere niveaus van dopamine in de synaptische spleet, de dopamine receptor activering van de gevestigde synaptische Neuron, waardoor de effecten van lawaai en de opwinding toenemen. Koop coca\u00efne Duitsland<\/p>\n<p>Kan ik kopen ergens in het Verenigd Koninkrijk, de Peruaanse Vlok coca\u00efne? In een verdere slachtoffer opname afkomstig lijkt te zijn van een mobiele telefoon, die hij uit de gevangenis, is Oropeza horen, als hij zegt, dat &#034;oom Alan&#039; zou verschijnen in zijn herstel. De Peruaanse coca\u00efne in de medische wereld, een divers profiel. Om deze reden, wordt het gebruikt in vele recepten, en ook experts in de behandeling van uiteenlopende aandoeningen aangeraden. Koop coca\u00efne Duitsland<\/p>\n<p>Peruaanse coca\u00efne is een krachtig en verslavend stimulerend middel dat wordt gewonnen uit de bladeren van de Zuid-Amerikaanse-op basis van de Coca plant. Hoewel het kan worden gebruikt voor legitieme klinische doeleinden, zoals voor sedatie in sommige bewerkingen is de Peruaanse coca\u00efne is een drug. Veel straat apotheker, in het geval van vermenging van de Peruaanse coca\u00efne verschillende stoffen om de winst te verhogen of om ervoor te zorgen dat de Peruaanse coca\u00efne aanzienlijk beter aanvoelen dan andere coca\u00efne soorten. Koop coca\u00efne Duitsland<\/p>\n<p>In elk geval kunt u kopen Peruaanse coca\u00efne online met een grotere voorzichtigheid en precisie. Het wordt vaak behandeld in combinatie met een verscheidenheid van andere stoffen verkeerd, wat zijn de gezondheidsrisico &#039; s toenemen. De combinatie van geneesmiddelen op recept, zoals coca\u00efne en alcohol is vaak zeer gevaarlijk. Een Persoon die van de Peruaanse coca\u00efne verslaafde, in het bijzonder, wanneer ingespoten Peruaanse coca\u00efne, is de kans om werkervaring op te doen om te voorkomen dat het misbruik van de Peruaanse coca\u00efne. Koop coca\u00efne Duitsland<\/p>\n<h4>KOOP COCA\u00cfNE ONLINE IN DE VS TEGEN ZEER BETAALBARE TARIEVEN:<\/h4>\n<p>Deze symptomen zijn zeer onaangenaam, en te behoren. In vergelijking met de loopneus, en voor orale toediening, het injecteren van coca\u00efne zorgt voor een 100% opname in de bloedbaan, en is de snelste manier om het bereiken van een &#034;Plan&#034;. Peruaanse coca\u00efne werkt door gebruik te maken van deze beloning proces en het vrijkomen van dopamine veroorzaakt. Coca\u00efne is dus niet alleen psychisch, maar ook neuro-chemisch zeer verslavend.<br \/>\nEen beroerte, een geschiedenis van, of het risico van een beroerte: Als u een beroerte of een hoog risico op een beroerte, moet je niet drinken Cola. De Coca opgenomen coca\u00efne verhoogt het risico van overlijden door een gescheurd bloedvat, terwijl de geest. In de afgelopen jaren verschillende synthetische producten in Australi\u00eb met coca\u00efne-achtige effecten van het op grote schaal beschikbaar. De stof van het Levendige in deze oplossingen kunnen worden een aantal chemische stoffen, met inbegrip van methyleendioxy pyrovalerone (MDPV), maar het is onduidelijk wat er precies wordt opgenomen in hen.<\/p>\n<p>Als gevolg hiervan, kunt u unvorhersehbarere effecten en gevaarlijker dan in de Peruaanse coca\u00efne. Het roken of Vaporiseren van de coca\u00efne en het Inademen in de longen leidt tot een bijna onmiddellijke en &#034;Boven&#034;, die kan worden zeer effectief en verslavend. Deze initi\u00eble stimulatie stuwkracht wordt aangeduid als &#034;ruis&#034;. Terwijl de prikkels kunnen stoppen met het einde van het effect voor enkele uren, de euforie is zeer wisselvallig, waardoor de consument om te roken sneller.<\/p>\n<p>Onder de andere risico &#039; s in verband met de consumptie van de Peruaanse coca\u00efne, een verhoogd risico voor schade aan het hart, hoge bloeddruk en een hartinfarct. Eindgebruikers met een lange geschiedenis van de Peruaanse coca\u00efne verblijf kunt dragen misbruik van schade. Klanten die roken van Crack, ze kunnen last hebben van lange-termijn schade aan de longen of strottenhoofd, longen en kanker van de luchtwegen. Mensen, de koude Peruaanse coca\u00efne&#034; door de adem regelmatig door de neus, lopen het risico van het neusslijmvlies, om beschadiging van de keelholte of het strottenhoofd.<\/p>\n<h4>OM COCA\u00cfNE VERKOPEN ONLINE:<\/h4>\n<p>Het doel is om te elimineren van het gehele weefsel, die betrekking heeft op deze organen. De coca\u00efne in Peru, een aandoening die optreedt in het midden van de beloning van de geest naar op zoek is. In het geval van de Peruaanse Coca\u00efne tolerantie en, later, een afhankelijkheid ontwikkelt zich snel. De tolerantie is een indicatie van wat het lichaam verlangens. De meer bewijs tegen de werking van het geneesmiddel, hoe meer mensen ge\u00efnteresseerd zijn in je. Ongeacht of het geneesmiddel wordt verbruikt slechts voor een korte tijd of over een langere periode, elke consument bijwerkingen.<\/p>\n<p>Ook bij jonge en gezonde mensen, de consumptie kan leiden tot een ernstige hartaanval. Overmatige consumptie is geassocieerd met onvoorspelbare en mogelijk gewelddadig gedrag. Stimulerende middelen verhogen het ademend vermogen, zodat de Opiatdosis kan worden verhoogd. Zodra het stimulerend middel is uitgewerkt, het kan overweldigen de Opio\u00efde de pati\u00ebnt en een ademhalingsstilstand veroorzaken.<\/p>\n<p>Het inademen of het snuiven van coca\u00efne kan het neusslijmvlies en het deel tussen de neusgaten van elke andere schade. In het geval van de injectie van de Peruaanse coca\u00efne, het risico van bloedvergiftiging, bloed overdraagbare virussen (zoals HIV of Hepatitis) door shared tools, beschadigde bloedvaten en pori\u00ebn en de huid abcessen.<\/p>\n<p>Het effect van coca\u00efne is afhankelijk van de sterkte van de drug, de combinatie van de stoffen, de fysiologie van de Persoon en de toestand van de geest op het moment van de verkrijging. De Peruaanse coca\u00efne rush is slechts tijdelijk en duurt ongeveer 15 tot 30 minuten na Inhalatie. Houd in gedachten dat het natuurlijke producten zijn altijd veilig is, en dat de dosering is vaak van essentieel belang.<\/p>\n<h5>GENEESMIDDELEN:<\/h5>\n<p>Volg de instructies op het etiket van de oplossing en overleg met uw apotheker, arts of andere medische professional onmiddellijk voorafgaand aan de aanvraag. Belangrijke hoge bloeddruk (hypertensie): Koka of Koka opgenomen Peruaanse coca\u00efne kan bij sommige pati\u00ebnten leiden tot een stijging van de bloeddruk. Mensen die lijden aan een hoge bloeddruk moet voorkomen dat het gebruik van Coca-Cola. Peruaanse coca\u00efne is vaak een zeer verslavend, prikkels-inducerende drug, die werkt rechtstreeks op het zenuwstelsel, inclusief de hersenen. Op korte termijn euforie en zetmeel om de effecten van de Peruaanse coca\u00efne. Coca\u00efne kopen Canada<\/p>","protected":false},"excerpt":{"rendered":"<p>KAUFEN PERUANISCHEN KOKAIN ONLINE Unabh\u00e4ngig davon, kaufen Kokain Online Deutschland mit einem 5% Rabatt Politik. Peruanisches Kokain blockiert auch die Serotonin- und Noradrenalin-Tr\u00e4ger und verhindert so die Wiederaufnahme von Serotonin und Noradrenalin durch den synaptischen Spalt im pr\u00e4synaptischen Axon-Terminal und erh\u00f6ht die Aktivierung der Serotonin- und Noradrenalin-Rezeptoren im postsynaptischen Neuron, was zur Ver\u00e4nderung des Bewusstseins, der Gef\u00fchle und der mit Kokain verbundenen Aktivit\u00e4ten beitr\u00e4gt. Unser peruanisches Kokain ist ein wei\u00dfes Pulver, das aus dem Kokablatt gewonnen wird, einer Pflanze (Coca), die haupts\u00e4chlich in S\u00fcdamerika w\u00e4chst. &#8222;Split&#8220; ist nicht nur ein weiteres Medikament, sondern ein eher gewohnheitsbildendes Mittel, das auch durchtr\u00e4nkt\u2026<\/p>","protected":false},"featured_media":1475,"comment_status":"open","ping_status":"closed","template":"","meta":{"content-type":""},"product_brand":[],"product_cat":[26],"product_tag":[27,28,29,30,31,32,33,34,35,36,37,38,39,40,41,42,43,44,45,46,47,48,49,50,51,52,53,54,55,56,57,58,59,60,61,62,63,64,65,66,67,68,69,70,71,72,73,74,75,76,77,78,79,80,81,82,83],"class_list":{"0":"post-1460","1":"product","2":"type-product","3":"status-publish","4":"has-post-thumbnail","6":"product_cat-kokain","7":"product_tag-besitz-von-kokain-zum-verkauf-hs","8":"product_tag-cocaine-hydrochloride-sale","9":"product_tag-cocaine-leaves-for-sale","10":"product_tag-cocaine-lockup-sale","11":"product_tag-cocaine-mirror-for-sale","12":"product_tag-cocaine-origins","13":"product_tag-cocaine-pipes-for-sale","14":"product_tag-cocaine-plant-for-sale","15":"product_tag-cocaine-purity-test-for-sale","16":"product_tag-cocaine-sale-gta","17":"product_tag-cocaine-sale-reddit","18":"product_tag-cocaine-seed-sale","19":"product_tag-cocaine-seeds-for-sale","20":"product_tag-cocaine-seeds-for-sale-online","21":"product_tag-cocaine-spoons-for-sale","22":"product_tag-cocaine-tea-for-sale","23":"product_tag-cocaine-tooters-for-sale","24":"product_tag-cocaine-vials-for-sale","25":"product_tag-colombian-cocaine-for-sale","26":"product_tag-crack-cocaine-for-sale-online","27":"product_tag-fake-cocaine-for-sale","28":"product_tag-groshandel-kokain-zum-verkauf","29":"product_tag-gta-online-cocaine-lockup-buying-supplies","30":"product_tag-kilo-of-cocaine-for-sale","31":"product_tag-kokain","32":"product_tag-kokain-bullet-for-sale","33":"product_tag-kokain-cowboys","34":"product_tag-kokain-for-sale","35":"product_tag-kokain-for-sale-australia","36":"product_tag-kokain-for-sale-craigslist","37":"product_tag-kokain-for-sale-near-me","38":"product_tag-kokain-for-sale-online-usa","39":"product_tag-kokain-for-sale-usa","40":"product_tag-kokain-for-sale-websites","41":"product_tag-kokain-for-sales","42":"product_tag-kokain-for-sell","43":"product_tag-kokain-grinders-for-sale","44":"product_tag-kokain-history","45":"product_tag-kokain-hydrochloride-for-sale","46":"product_tag-kokain-online-kaufen","47":"product_tag-legal-cocaine-for-sale","48":"product_tag-legal-synthetic-cocaine-for-sale","49":"product_tag-online-cocaine-anonymous-meetings","50":"product_tag-online-cocaine-for-sale","51":"product_tag-online-cocaine-meetings","52":"product_tag-online-cocaine-purchase","53":"product_tag-online-kokain-verkauf","54":"product_tag-peruanisches-kokain-zum-verkauf","55":"product_tag-pharmazeutisches-kokain-zum-verkauf","56":"product_tag-reines-kokain-zum-verkauf","57":"product_tag-reines-kokain-zum-verkauf-online","58":"product_tag-synthetisches-crack-kokain-zum-verkauf","59":"product_tag-synthetisches-kokain-zum-verkauf","60":"product_tag-synthetisches-kokain-zum-verkauf-online","61":"product_tag-verkauf-von-kokain","62":"product_tag-verkauf-von-kokain-florida","63":"product_tag-verkauf-von-kokain-georgia","65":"first","66":"instock","67":"shipping-taxable","68":"purchasable","69":"product-type-variable"},"_links":{"self":[{"href":"https:\/\/kokaindrogekaufen.com\/nl\/wp-json\/wp\/v2\/product\/1460"}],"collection":[{"href":"https:\/\/kokaindrogekaufen.com\/nl\/wp-json\/wp\/v2\/product"}],"about":[{"href":"https:\/\/kokaindrogekaufen.com\/nl\/wp-json\/wp\/v2\/types\/product"}],"replies":[{"embeddable":true,"href":"https:\/\/kokaindrogekaufen.com\/nl\/wp-json\/wp\/v2\/comments?post=1460"}],"wp:featuredmedia":[{"embeddable":true,"href":"https:\/\/kokaindrogekaufen.com\/nl\/wp-json\/wp\/v2\/media\/1475"}],"wp:attachment":[{"href":"https:\/\/kokaindrogekaufen.com\/nl\/wp-json\/wp\/v2\/media?parent=1460"}],"wp:term":[{"taxonomy":"product_brand","embeddable":true,"href":"https:\/\/kokaindrogekaufen.com\/nl\/wp-json\/wp\/v2\/product_brand?post=1460"},{"taxonomy":"product_cat","embeddable":true,"href":"https:\/\/kokaindrogekaufen.com\/nl\/wp-json\/wp\/v2\/product_cat?post=1460"},{"taxonomy":"product_tag","embeddable":true,"href":"https:\/\/kokaindrogekaufen.com\/nl\/wp-json\/wp\/v2\/product_tag?post=1460"}],"curies":[{"name":"wp","href":"https:\/\/api.w.org\/{rel}","templated":true}]}}