{"id":1469,"date":"2023-06-27T19:19:18","date_gmt":"2023-06-27T18:19:18","guid":{"rendered":"https:\/\/kokaindrogekaufen.com\/?post_type=product&#038;p=1469"},"modified":"2026-01-27T00:47:38","modified_gmt":"2026-01-27T00:47:38","slug":"cocaine-capsules-for-sale","status":"publish","type":"product","link":"https:\/\/kokaindrogekaufen.com\/nl\/product\/cocaine-capsules-for-sale\/","title":{"rendered":"COCA\u00cfNE CAPSULES-VOOR-VERKOOP"},"content":{"rendered":"<h2>COCA\u00cfNE CAPSULES VOOR VERKOOP<\/h2>\n<p>Coca\u00efne capsules behoren tot een groep van medisch voorgeschreven geneesmiddelen, de provinciale kalmerend bekend. Onder deze redenen is het Ontbreken van gevoelens, of de dood in de gebieden waar het wordt gebruikt, evenals de preventie van schaamte gevoelens door conservatieve methoden. Coca\u00efne capsules zijn ontwikkeld door hun beoogde gebruik van de meest wijdverspreide Energetika, als ze kunnen leiden tot de dood, de storing door een aantal problemen, zoals hart-en vaatstelsel, epileptische aanvallen en beroertes veroorzaakt kan worden. Coca\u00efne capsules voor verkoop<\/p>\n<p>De behandeling is zonder twijfel een belangrijk aspect van de coca\u00efne capsule behandeling. Het onderzoekt de ongemakken die invloed hebben gehad op uw gebruik van de drug, en kunt u tegelijkertijd tot gevaarlijke situaties. Het is heel belangrijk dat deze resultaten optreden in de verwachte of consistente wijze, terwijl hogere doses, in het Algemeen, zijn meer verantwoordelijk voor het volledige scala van effecten te activeren. Verkopen capsules coca\u00efne<\/p>\n<p>Ook negatieve effecten met hogere doses, onder redelijke en moet een afhankelijkheid, basic schade of de dood. Effecten in het echte leven. Coca\u00efne is een zeer verslavend energie drug, die wordt gewonnen uit de bladeren van de Zuid-Amerikaanse-gebaseerd Coca plant capsules. Het is aannemelijk dat de potentieel meest schadelijke van de werkelijke gevolgen van coca\u00efne capsules zijn meer van CV als een neurologische aard. Coca\u00efne capsules voor verkoop<\/p>\n<h3>COCA\u00cfNE CAPSULES KOPEN ONLINE:<\/h3>\n<p>Door het blokkerende effect van coca\u00efne op de natrium kanalen van het hart-vaat-stelsel, ernstige hartproblemen, met inbegrip van plotselinge hartdood in hoge doseringen mogelijk. Het Roken van sigaretten ernstige long problemen veroorzaakt. De Infusie van coca\u00efne heeft alle bijwerkingen van de intraveneuze toediening van geneesmiddelen. Overdracht van besmettelijke ziekten zoals HIV en Hepatitis, Abcessen, gebroken aderen en vervuiling. Coca\u00efne capsules voor verkoop<\/p>\n<p>Coca\u00efne gerelateerde sterfgevallen zijn vaak het gevolg van hartfalen of epileptische aanvallen. Ook als u een ernstige medische aanbieders van coca\u00efne kunnen gebruiken voor legitieme medische doeleinden, zoals voor plaatselijke verdoving voor bepaalde medische ingrepen, is goed doordacht, het sportieve gebruik van coca\u00efne is slecht. Coca\u00efne capsules bestaan meestal uit een wit poeder. Het wordt meestal gesnoven door de neus, of met het drinken van water worden gemengd alvorens het wordt ge\u00efnjecteerd met een naald. Coca\u00efne capsules voor verkoop<\/p>\n<p>Coca\u00efne capsules kan worden gevormd, dan is een kleine witte stenen, die worden gebruikt als Pauzes zijn bekend. Jeugd blessures en vaak stressvolle situaties als gevolg van Onvolwassenheid kunnen de kans verhogen dat iemand aan de drugs te helpen. Zelf-medicatie in het geval van primaire klinische of psychische problemen kunnen leiden tot misbruik en afhankelijkheid, als de Nationale Alliantie op Mentale Ziekte (NAMI) schat dat ongeveer 50 % van de mensen in nood van de arts aanbevolen drugs gebruik, en de negatieve effecten van een asynchrone ervaring een psychische aandoening. Verkopen capsules coca\u00efne<\/p>\n<h4>COCA\u00cfNE CAPSULES VOOR ONLINE VERKOOP:<\/h4>\n<p>De Colombiaanse coca\u00efne capsules, maar kan ook worden gebruikt door medische professionals, door in combinatie met bepaalde, voor de gezondheid van de mens belangrijk fixaties. Mensen gebruiken dit om te herstellen van een verscheidenheid van ziekten, zoals verdriet, Stress enzovoort. Coca\u00efne capsules uit op de straat als een fantastische, witte edelsteen poeder. Coca\u00efne capsules voor verkoop<\/p>\n<p>Ter verhoging van de omzet mix street dealer, het is vaak gemaakt met ma\u00efs zetmeel, baby poeder of meel. Bij het omgaan met Coca passen, echter, voor het leveren van coca\u00efne capsules, de wijzigingen in de energie-aandelen aanzienlijk meer indrukwekkend. Met deze verandering en de toename van de sterkte van de effecten op de geest veel meer indrukwekkend, en de waarschijnlijkheid van gewoonte-vorming is hoog. Verkopen capsules coca\u00efne<\/p>\n<p>Iedereen die nog moet coca\u00efne capsules misbruikt of getuige van een coca\u00efne verslaving was, weten hoe schadelijk dit geneesmiddel kan worden. Het effect van coca\u00efne capsules is niet alleen beperkt tot de stimulerende werking op het lichaam. Als een klant capsules Coca\u00efne in de verkeerde hand, kan leiden tot een verscheidenheid van psychische gevolgen. Een van de ongetwijfeld vaker psychische gevolgen voor de gezondheid van coca\u00efne capsule consumptie. Verkopen capsules coca\u00efne<\/p>\n<h4>OM COCA\u00cfNE VERKOPEN:<\/h4>\n<p>Het snuiven van coca\u00efne capsules kan leiden tot ernstige nasale problemen. Het veroorzaakt aderen vernauwen in de neus, waardoor de zuurstof toevoer naar de neus-weefsel verminderd wordt. Andere stoffen die blend capsules Dealer met Coca\u00efne, ook kan vernietigen de kap van de knop. Het Inademen van coca\u00efne naar de neus-capsules en orale holte met bacteri\u00ebn besmetten. Ongeacht hoe of in welke hoeveelheid coca\u00efne capsules om geconsumeerd te worden, wanneer het gebruik van coca\u00efne is vaak het risico van hartaanvallen, beroertes, en onverwachte dood. Verkopen capsules coca\u00efne<\/p>\n<p>Coca beschermt het menselijk lichaam tegen vele kwalen, en onze Artsen gebruiken het in poedervorm, voor het verlichten van de zwelling van de wonden, aan het versterken van de geblesseerde been, koude te verdrijven uit het lichaam voorkomen of aan het uit te voeren en ook om te overwinnen corrupte verwondingen of kneuzingen, die zijn besmet met parasieten.coca\u00efne capsules-voor-verkoop<\/p>\n<h4>DAARNAAST:<\/h4>\n<p>In veel gevallen, met name wanneer capsules coca\u00efne gerookt of ge\u00efnjecteerd, zal de resultaten zeer snel, en je kunt ook lezen hoe u kunt zich vrij snel. Coca\u00efne capsules resultaten van slechts 5-10 minuten soms, waardoor het Hotel gebruik van een overschrijding van de bedragen, teneinde de mogelijkheid te hebben tot de beveiligde hoger gaan Coca\u00efne capsules voor verkoop<\/p>","protected":false},"excerpt":{"rendered":"<p>KOKAIN KAPSELN ZUM VERKAUF Kokainkapseln geh\u00f6ren zu einer Gruppe von \u00e4rztlich verordneten Medikamenten, die als provinzielle Beruhigungsmittel bekannt sind. Zu diesen Gr\u00fcnden geh\u00f6ren das Fehlen von Gef\u00fchlen oder das Absterben in den Bereichen, in denen es verwendet wird, sowie die Verhinderung von Unbehaglichkeitsgef\u00fchlen durch vorsichtige Methoden. Kokainkapseln haben sich aufgrund ihres Verwendungszwecks zu den am meisten verbreiteten Energetika entwickelt, da sie den Tod herbeif\u00fchren k\u00f6nnen, der durch eine Reihe von Schwierigkeiten wie Herz-Kreislauf-Versagen, Krampfanf\u00e4lle und Schlaganf\u00e4lle hervorgerufen werden kann. Kokainkapseln zum Verkauf Die Behandlung ist zweifelsohne ein wichtiger Aspekt der Kokainkapsel-Behandlung. Sie untersucht die Unannehmlichkeiten, die Ihren Drogenkonsum beeinflusst haben,\u2026<\/p>","protected":false},"featured_media":1476,"comment_status":"open","ping_status":"closed","template":"","meta":{"content-type":""},"product_brand":[],"product_cat":[26],"product_tag":[27,28,29,30,31,32,33,34,35,36,37,38,39,40,41,42,43,44,45,46,47,48,49,50,51,52,53,54,55,56,57,58,59,60,61,62,63,64,65,66,67,68,69,70,71,72,73,74,75,76,77,78,79,80,81,82,83],"class_list":{"0":"post-1469","1":"product","2":"type-product","3":"status-publish","4":"has-post-thumbnail","6":"product_cat-kokain","7":"product_tag-besitz-von-kokain-zum-verkauf-hs","8":"product_tag-cocaine-hydrochloride-sale","9":"product_tag-cocaine-leaves-for-sale","10":"product_tag-cocaine-lockup-sale","11":"product_tag-cocaine-mirror-for-sale","12":"product_tag-cocaine-origins","13":"product_tag-cocaine-pipes-for-sale","14":"product_tag-cocaine-plant-for-sale","15":"product_tag-cocaine-purity-test-for-sale","16":"product_tag-cocaine-sale-gta","17":"product_tag-cocaine-sale-reddit","18":"product_tag-cocaine-seed-sale","19":"product_tag-cocaine-seeds-for-sale","20":"product_tag-cocaine-seeds-for-sale-online","21":"product_tag-cocaine-spoons-for-sale","22":"product_tag-cocaine-tea-for-sale","23":"product_tag-cocaine-tooters-for-sale","24":"product_tag-cocaine-vials-for-sale","25":"product_tag-colombian-cocaine-for-sale","26":"product_tag-crack-cocaine-for-sale-online","27":"product_tag-fake-cocaine-for-sale","28":"product_tag-groshandel-kokain-zum-verkauf","29":"product_tag-gta-online-cocaine-lockup-buying-supplies","30":"product_tag-kilo-of-cocaine-for-sale","31":"product_tag-kokain","32":"product_tag-kokain-bullet-for-sale","33":"product_tag-kokain-cowboys","34":"product_tag-kokain-for-sale","35":"product_tag-kokain-for-sale-australia","36":"product_tag-kokain-for-sale-craigslist","37":"product_tag-kokain-for-sale-near-me","38":"product_tag-kokain-for-sale-online-usa","39":"product_tag-kokain-for-sale-usa","40":"product_tag-kokain-for-sale-websites","41":"product_tag-kokain-for-sales","42":"product_tag-kokain-for-sell","43":"product_tag-kokain-grinders-for-sale","44":"product_tag-kokain-history","45":"product_tag-kokain-hydrochloride-for-sale","46":"product_tag-kokain-online-kaufen","47":"product_tag-legal-cocaine-for-sale","48":"product_tag-legal-synthetic-cocaine-for-sale","49":"product_tag-online-cocaine-anonymous-meetings","50":"product_tag-online-cocaine-for-sale","51":"product_tag-online-cocaine-meetings","52":"product_tag-online-cocaine-purchase","53":"product_tag-online-kokain-verkauf","54":"product_tag-peruanisches-kokain-zum-verkauf","55":"product_tag-pharmazeutisches-kokain-zum-verkauf","56":"product_tag-reines-kokain-zum-verkauf","57":"product_tag-reines-kokain-zum-verkauf-online","58":"product_tag-synthetisches-crack-kokain-zum-verkauf","59":"product_tag-synthetisches-kokain-zum-verkauf","60":"product_tag-synthetisches-kokain-zum-verkauf-online","61":"product_tag-verkauf-von-kokain","62":"product_tag-verkauf-von-kokain-florida","63":"product_tag-verkauf-von-kokain-georgia","65":"first","66":"instock","67":"shipping-taxable","68":"purchasable","69":"product-type-variable"},"_links":{"self":[{"href":"https:\/\/kokaindrogekaufen.com\/nl\/wp-json\/wp\/v2\/product\/1469"}],"collection":[{"href":"https:\/\/kokaindrogekaufen.com\/nl\/wp-json\/wp\/v2\/product"}],"about":[{"href":"https:\/\/kokaindrogekaufen.com\/nl\/wp-json\/wp\/v2\/types\/product"}],"replies":[{"embeddable":true,"href":"https:\/\/kokaindrogekaufen.com\/nl\/wp-json\/wp\/v2\/comments?post=1469"}],"wp:featuredmedia":[{"embeddable":true,"href":"https:\/\/kokaindrogekaufen.com\/nl\/wp-json\/wp\/v2\/media\/1476"}],"wp:attachment":[{"href":"https:\/\/kokaindrogekaufen.com\/nl\/wp-json\/wp\/v2\/media?parent=1469"}],"wp:term":[{"taxonomy":"product_brand","embeddable":true,"href":"https:\/\/kokaindrogekaufen.com\/nl\/wp-json\/wp\/v2\/product_brand?post=1469"},{"taxonomy":"product_cat","embeddable":true,"href":"https:\/\/kokaindrogekaufen.com\/nl\/wp-json\/wp\/v2\/product_cat?post=1469"},{"taxonomy":"product_tag","embeddable":true,"href":"https:\/\/kokaindrogekaufen.com\/nl\/wp-json\/wp\/v2\/product_tag?post=1469"}],"curies":[{"name":"wp","href":"https:\/\/api.w.org\/{rel}","templated":true}]}}