{"id":1480,"date":"2023-06-27T19:19:30","date_gmt":"2023-06-27T18:19:30","guid":{"rendered":"https:\/\/kokaindrogekaufen.com\/?post_type=product&#038;p=1480"},"modified":"2026-01-27T00:38:05","modified_gmt":"2026-01-27T00:38:05","slug":"kokainpulver-zu-verkaufen","status":"publish","type":"product","link":"https:\/\/kokaindrogekaufen.com\/nl\/product\/kokainpulver-zu-verkaufen\/","title":{"rendered":"VERKOPEN COCA\u00cfNE POEDER"},"content":{"rendered":"<h2>VERKOPEN COCA\u00cfNE POEDER:<\/h2>\n<p>In de meeste gevallen, wij verkopen zuivere en hoge-kwaliteit coca\u00efne poeder te lage prijzen. Het effect van poeder Coca\u00efne op de langzaamste wanneer het een grunt, die kan maximaal 20 minuten duren. Poeder coca\u00efne is een bijzonder geweldige stimulerende drug alleen, veel potentieel catastrofale gevolgen, met inbegrip van de ontwikkeling van een materi\u00eble consumptie stoornis.<\/p>\n<p>Coca\u00efne poeder in combinatie met andere stoffen kan leiden tot onvoorspelbare resultaten, de meeste van die is zowel gevaarlijk en destructief kan worden. Het effect duurt ongeveer een uur. Als coca\u00efnepoeder wordt toegediend, de werking van de hersenen in minder dan een seconde, en duurt bijna 30 minuten. De inname van coca\u00efne poeder leidt tot een vertraging in de hersenen van de consument. Het is niet ongewoon dat de coca\u00efne wordt aangeboden op het Internet voor de aankoop.<\/p>\n<p>Coca\u00efne, uit de cocaplant gehaald, was oorspronkelijk ontwikkeld als een pijnstiller. Het wordt meestal gesnoven, en het poeder wordt gehouden in de verspreiding strategie van de neus-weefsel. Crack-poeder Coca\u00efne is een Fileorm ofile poeder Coca\u00efne, die vergelijkbaar is met rock. Meestal Barst en cr\u00e8me kleuren, maar het kan ook een roodachtige tint, waardoor het pnk verschijnen. Coca\u00efne poeder voor verkoop<\/p>\n<p>Poeder coca\u00efne is niet uitgekristalliseerd als andere llct drugs. Wanneer poeder Coca\u00efne wordt verkregen uit illegale bronnen is het beschadigd vaak, die van invloed kunnen zijn effecten op het lichaam drastisch. Ondanks het feit dat de afbraakproducten zijn farmacologisch inactief is, kan resulteren in de combinatie met de extreem lange houdbaarheid van het poeder Coca\u00efne te wijten aan vocht, de schijnbare bevoegdheden, met inbegrip van de metingen van poeder Coca\u00efne, onderscheiden grenzeloos, die het moeilijk maakt om te bepalen van een &#034;standaard dosis&#034;. Coca\u00efne poeder voor verkoop<\/p>\n<h3>COCA\u00cfNEPOEDER ONLINE TE KOPEN:<\/h3>\n<p>De drug bieden ntene nog hort-lved pleaurable effect promptng herhaald ue.Hoewel vele psychoactieve stoffen zijn niet alleen zeker dat ze kunnen worden gebruikt in combinatie met andere stoffen snel als onveilig, of zelfs levensbedreigend zijn. Rotsen en poeder Coca\u00efne zijn soms in de gezamenlijke verkenning van coca\u00efne poeder met een verscheidenheid van de verkoop, waarin de coca\u00efne is in Wezen zeer vergelijkbaar, maar er is een significant verschil tussen de twee. Coca\u00efne poeder voor verkoop<\/p>\n<p>Coca homegrown Implantatie (ook bekend als Coca thee) wordt gebruikt in Coca-blad industri\u00eble Naties, maar een natuurlijke herstellende impregneren kan overal op de planeet. De volledig gratis en legaal verkoop van gedroogde cocabladeren in de Vorm van filtratie zakken om te worden gebruikt als &#034;Coca tea&#034; is donoren voor enige tijd nu, de wet in Peru en Bolivia als een stimulerend middel met de sterkte eigenschappen van effectief bevorderd. Coca\u00efne poeder voor verkoop<\/p>\n<p>Het bijgevoegde bericht bevat een aantal bekende gevaarlijke combinaties (hoewel niet gegarandeerd dat ze allemaal zijn inbegrepen). Poeder coca\u00efne wordt gewonnen uit de bladeren van de Plant is Erythroxylon in het Zuiden van de Verenigde Staten is inheems. Volgens het Ministerie van justitie, de Verenigde Staten, de alkalo\u00efde coca\u00efne is gevonden in verschillende vormen. Verkopen coca\u00efne poeder<\/p>\n<h4>VERKOPEN COCA\u00cfNE POEDER ONLINE:<\/h4>\n<p>Coca bladeren, Coca lijm, coca\u00efne poeder en de productie van coca\u00efne, het zijn allemaal voorbeelden van coca\u00efne producten. In de poging om de effici\u00ebntie te verbeteren en om verlenging van de duur van de actie, is verontreinigde zuivere coca\u00efne poeder met stoffen zoals Paracetamol, glucose, bakpoeder, talkpoeder, een bloem, of andere sedativa zoals Ldocane of gestold (cut). Coca\u00efne poeder voor verkoop<\/p>\n<p>Coca\u00efne poeder geeft cross-weerstand tegen alle van de dopaminerge Energetika, wat betekent dat na het gebruik van coca\u00efne alle Energetika een verminderd effect. Poeder coca\u00efne wordt gewonnen uit de Coca bladeren, en is gebruikt voor vele jaren in een verscheidenheid van sociale projecten. De zuivere drugs is verkregen van de Erythroxylon Coca-hedge, vooral in de Zuid-Amerikaanse landen Peru, Bolivia en Colombia gevonden. Coca\u00efne poeder voor verkoop<\/p>\n<p>Poeder coca\u00efne is een van de meest verslavende drugs op de markt. Cocane poeder bereikt een zeer intense afhankelijkheid en weerstand t vdw makng gewoonte methode center ongelooflijk kopen envronment. Poeder coca\u00efne voorkomt dopamine wordt opnieuw gebruikt, zodat het kan accumuleren een groot aantal van de hoeveelheden van de Neurotransmitter of de neurale interface. Coca\u00efne poeder voor verkoop<\/p>\n<p>Coca bladeren worden meestal vermengd met een oplosbaar Materiaal (bijvoorbeeld hardsteen) en in de mond tussen het tandvlees en de wang gehouden gezogen (vergelijkbaar met het Knabbelen van tabak). Dit verhoogt de dopamine-signaal en interfereert met de normale intellectueel engagement. Verkopen coca\u00efne poeder<\/p>\n<h4>OM COCA\u00cfNE VERKOPEN:<\/h4>\n<p>Deze overstroming van Dopamine is de oorzaak van de Hoge, die triggers coca\u00efne. Een extra aantrekkelijk coca\u00efne poeder effect is dat de kopers voelen zich door poeder Coca\u00efne aanzienlijk vurige en vriendelijk, die vaak kan ervoor zorgen dat het open staat voor mensen van aantrekkelijke, sociale spanningen, die te verlegen zijn, of waar de vitaliteit ontbreekt, om zich te onderscheiden en dingen doen, vooral als je inertie komt van wanhoop. Coca\u00efne poeder voor verkoop<\/p>\n<p>Een andere manier, die zeker een plein in een steen soort om mee te werken met het opstellen van een Pop en een hoog niveau van onzuiverheden, is te breken van de rotsen. U koopt coca\u00efne poeder online, dat is een high-performance-verbinding, de energie en kracht voor het menselijk lichaam en wordt vaak gebruikt als recreatieve drug (chemische stoffen, met het uiteindelijke doel van de naleving en ontspanning is genomen) wordt gebruikt. Het heeft een diepgaand effect op de geest en leidt tot een intens gevoel van exotische opwinding, vreugde en nervositeit. Verkopen coca\u00efne poeder<\/p>\n<p>Coca\u00efnepoeder wordt snel aangevuld met verschillende klanten, consumeren twee tot drie gram in \u00e9\u00e9n nacht al met al, de impact is verschrikkelijk, hoe meer poeder Coca\u00efne is genomen in een nacht. Coca\u00efne veroorzaakt een euforisch gevoel van ongelooflijke fixatie en gevaarlijk scherp inzicht voor ongeveer twintig tot \u00e9\u00e9n uur. Verkopen coca\u00efne poeder<\/p>\n<h4>DAARNAAST:<\/h4>\n<p>De Pauze duurt minder dan drie tot vijf minuten en geeft de klant een zeer sterke Kick in relatie tot de werkelijke gevoelens, in aanvulling op het hoge gevoel van volledige almacht. Het gevoel van geluk verdwijnt snel. Afgezien van de negatieve effecten van de coca\u00efne poeder, het risico van longembolie in de bloedsomloop bestaat uit de onoplosbare stoffen die worden gebruikt voor het Verspreiden van de medicatie. Coca\u00efne poeder voor verkoop<\/p>\n<p>Wie bei jeder infundierten illegalen Substanz besteht auch bei Kokainpulver die Gefahr, dass sich der K\u00e4ufer mit Blutkontaminationen ansteckt, wenn keine sterilen Infusionsger\u00e4te ge\u00f6ffnet oder verwendet werden. Kokainpulver ist h\u00e4ufig eine hochgradig s\u00fcchtig machende illegale Freizeitdroge mit einer breiten Palette bekannter Nebenwirkungen auf den K\u00f6rper. Kokainpulver zum Verkauf<\/p>\n<p>In randomisierten klinischen Studien hat sich gezeigt, dass eine Therapie mit der M\u00f6glichkeit, z. B. Gutscheine f\u00fcr den Einzelhandel auf der Grundlage einer gleichm\u00e4\u00dfig best\u00e4tigten Abstinenz vom Konsum neuer Medikamente bereitzustellen, die Wahrscheinlichkeit einer guten Bewertung f\u00fcr das Vorhandensein von Kokainpulver deutlich verringert. Kokainpulver zum Verkauf<\/p>","protected":false},"excerpt":{"rendered":"<p>KOKAINPULVER ZU VERKAUFEN: In den meisten F\u00e4llen haben wir reines und hochwertiges Kokainpulver zu Tiefstpreisen zu verkaufen. Die Wirkung von Kokainpulver setzt am langsamsten ein, wenn es gegrunzt wird, was bis zu 20 Minuten dauern kann. Kokainpulver ist eine besonders erstaunliche Energetisierungsdroge, die f\u00fcr sich allein genommen zahlreiche potenziell katastrophale Folgen hat, darunter die Entwicklung einer materiellen Konsumst\u00f6rung. Kokainpulver in Kombination mit verschiedenen Substanzen kann zu unberechenbaren Ergebnissen f\u00fchren, von denen die meisten sowohl gef\u00e4hrlich als auch zerst\u00f6rerisch sein k\u00f6nnen. Die Wirkung h\u00e4lt etwa eine Stunde an. Wenn Kokainpulver infundiert wird, erreicht die Wirkung das Gehirn in weniger als einer\u2026<\/p>","protected":false},"featured_media":1507,"comment_status":"open","ping_status":"closed","template":"","meta":{"content-type":""},"product_brand":[],"product_cat":[26],"product_tag":[27,28,29,30,31,32,33,34,35,36,37,38,39,40,41,42,43,44,45,46,47,48,49,50,51,52,53,54,55,56,57,58,59,60,61,62,63,64,65,66,67,68,69,70,71,72,73,74,75,76,77,78,79,80,81,82,83],"class_list":{"0":"post-1480","1":"product","2":"type-product","3":"status-publish","4":"has-post-thumbnail","6":"product_cat-kokain","7":"product_tag-besitz-von-kokain-zum-verkauf-hs","8":"product_tag-cocaine-hydrochloride-sale","9":"product_tag-cocaine-leaves-for-sale","10":"product_tag-cocaine-lockup-sale","11":"product_tag-cocaine-mirror-for-sale","12":"product_tag-cocaine-origins","13":"product_tag-cocaine-pipes-for-sale","14":"product_tag-cocaine-plant-for-sale","15":"product_tag-cocaine-purity-test-for-sale","16":"product_tag-cocaine-sale-gta","17":"product_tag-cocaine-sale-reddit","18":"product_tag-cocaine-seed-sale","19":"product_tag-cocaine-seeds-for-sale","20":"product_tag-cocaine-seeds-for-sale-online","21":"product_tag-cocaine-spoons-for-sale","22":"product_tag-cocaine-tea-for-sale","23":"product_tag-cocaine-tooters-for-sale","24":"product_tag-cocaine-vials-for-sale","25":"product_tag-colombian-cocaine-for-sale","26":"product_tag-crack-cocaine-for-sale-online","27":"product_tag-fake-cocaine-for-sale","28":"product_tag-groshandel-kokain-zum-verkauf","29":"product_tag-gta-online-cocaine-lockup-buying-supplies","30":"product_tag-kilo-of-cocaine-for-sale","31":"product_tag-kokain","32":"product_tag-kokain-bullet-for-sale","33":"product_tag-kokain-cowboys","34":"product_tag-kokain-for-sale","35":"product_tag-kokain-for-sale-australia","36":"product_tag-kokain-for-sale-craigslist","37":"product_tag-kokain-for-sale-near-me","38":"product_tag-kokain-for-sale-online-usa","39":"product_tag-kokain-for-sale-usa","40":"product_tag-kokain-for-sale-websites","41":"product_tag-kokain-for-sales","42":"product_tag-kokain-for-sell","43":"product_tag-kokain-grinders-for-sale","44":"product_tag-kokain-history","45":"product_tag-kokain-hydrochloride-for-sale","46":"product_tag-kokain-online-kaufen","47":"product_tag-legal-cocaine-for-sale","48":"product_tag-legal-synthetic-cocaine-for-sale","49":"product_tag-online-cocaine-anonymous-meetings","50":"product_tag-online-cocaine-for-sale","51":"product_tag-online-cocaine-meetings","52":"product_tag-online-cocaine-purchase","53":"product_tag-online-kokain-verkauf","54":"product_tag-peruanisches-kokain-zum-verkauf","55":"product_tag-pharmazeutisches-kokain-zum-verkauf","56":"product_tag-reines-kokain-zum-verkauf","57":"product_tag-reines-kokain-zum-verkauf-online","58":"product_tag-synthetisches-crack-kokain-zum-verkauf","59":"product_tag-synthetisches-kokain-zum-verkauf","60":"product_tag-synthetisches-kokain-zum-verkauf-online","61":"product_tag-verkauf-von-kokain","62":"product_tag-verkauf-von-kokain-florida","63":"product_tag-verkauf-von-kokain-georgia","65":"first","66":"instock","67":"shipping-taxable","68":"purchasable","69":"product-type-variable"},"_links":{"self":[{"href":"https:\/\/kokaindrogekaufen.com\/nl\/wp-json\/wp\/v2\/product\/1480"}],"collection":[{"href":"https:\/\/kokaindrogekaufen.com\/nl\/wp-json\/wp\/v2\/product"}],"about":[{"href":"https:\/\/kokaindrogekaufen.com\/nl\/wp-json\/wp\/v2\/types\/product"}],"replies":[{"embeddable":true,"href":"https:\/\/kokaindrogekaufen.com\/nl\/wp-json\/wp\/v2\/comments?post=1480"}],"wp:featuredmedia":[{"embeddable":true,"href":"https:\/\/kokaindrogekaufen.com\/nl\/wp-json\/wp\/v2\/media\/1507"}],"wp:attachment":[{"href":"https:\/\/kokaindrogekaufen.com\/nl\/wp-json\/wp\/v2\/media?parent=1480"}],"wp:term":[{"taxonomy":"product_brand","embeddable":true,"href":"https:\/\/kokaindrogekaufen.com\/nl\/wp-json\/wp\/v2\/product_brand?post=1480"},{"taxonomy":"product_cat","embeddable":true,"href":"https:\/\/kokaindrogekaufen.com\/nl\/wp-json\/wp\/v2\/product_cat?post=1480"},{"taxonomy":"product_tag","embeddable":true,"href":"https:\/\/kokaindrogekaufen.com\/nl\/wp-json\/wp\/v2\/product_tag?post=1480"}],"curies":[{"name":"wp","href":"https:\/\/api.w.org\/{rel}","templated":true}]}}