{"id":1488,"date":"2023-06-27T19:19:31","date_gmt":"2023-06-27T18:19:31","guid":{"rendered":"https:\/\/kokaindrogekaufen.com\/?post_type=product&#038;p=1488"},"modified":"2024-12-06T05:52:35","modified_gmt":"2024-12-06T05:52:35","slug":"kolumbianisches-kokain-zu-verkaufen","status":"publish","type":"product","link":"https:\/\/kokaindrogekaufen.com\/nl\/product\/kolumbianisches-kokain-zu-verkaufen\/","title":{"rendered":"TE VERKOPEN COLOMBIAANSE COCA\u00cfNE"},"content":{"rendered":"<h2>VERKOPEN VAN COCA\u00cfNE NAAR EUROPA:<\/h2>\n<p>In feite, wij verkopen hoge kwaliteit coca\u00efne naar Europa. Sommige landen, zoals Peru en Bolivia toestaan dat de teelt van Coca blad voor de traditionele consumptie door de leden van inheemse gemeenschappen, en het verbieden van de vervaardiging, de verkoop en het verbruik van Colombiaanse coca\u00efne. Daarnaast is het toegestaan in Delen van Europa en Australi\u00eb, de consumptie van verwerkte Colombiaanse coca\u00efne alleen voor medische doeleinden.<\/p>\n<p>Hoewel de negatieve reacties zijn op een lage tot matige doses zijn over het algemeen laag, optreden bij hogere doseringen of langdurig gebruik, meer en meer van zichzelf. Door het ontbreken van ervaring in de praktijk, dit is grotendeels te corrigeren. De meest prominente van deze cognitieve bijwerkingen zijn duizeligheid\/koorts, en anderen. De colombiaanse coca\u00efne is een stimulerend middel dat wordt gebruikt bij de behandeling van angst. Coca\u00efne voor verkoop in Europa<\/p>\n<p>Deze effecten kunnen duren van 15 minuten tot een uur. Coca kruiden infusie (Colombiaanse coca\u00efne) bladert in de internationale productie van Coca in de dezelfde manier als elke andere kruiden infusie in andere Delen van de wereld. In de afgelopen jaren, zijn de regeringen van Peru en Bolivia zijn actief in de vrije en goedgekeurd commercialisering van gedroogde cocabladeren in de Vorm van filtratie zakken om te worden gebruikt als &#034;Coca thee als een drank met geneeskrachtige eigenschappen bevorderd. Coca\u00efne voor verkoop in de VS<\/p>\n<p>De duur van het effect van de Colombiaanse coca\u00efne is afhankelijk van de hoeveelheid verbruikt en de methode van toediening. De colombiaanse coca\u00efne is een hoge kwaliteit wit poeder met een bittere smaak. De colombiaanse coca\u00efne is een stimulerend voor het zenuwstelsel, die snel handelt. Het wordt gewonnen uit de bladeren van de Coca Bush en wordt beschouwd als de sterkste van alle natuurlijk voorkomende stimulerende middelen. Door verdere verwerking van de Coca bladeren zijn aan de Colombiaanse Colombiaanse coca\u00efne en Crack, dit is zeker op straat verkocht. Om coca\u00efne verkopen, Duitsland<\/p>\n<h4>COCA\u00cfNE ONLINE TE KOPEN:<\/h4>\n<p>In sommige gevallen wordt dit opgelost Colombiaanse coca\u00efne in een watje gedrenkt, ge\u00efntroduceerd voor 10 tot 15 minuten voorafgaand aan de veiling in het neusgat, die gekauwd risierende het gebied zijn verbijsterd en wordt teruggebracht. Zelfs als het op deze manier gebruikt wordt, kunt u het opnemen van een deel van de Colombiaanse coca\u00efne via de orale of nasale mucosa en systemische effecten veroorzaken. Coca\u00efne voor verkoop in Europa<\/p>\n<p>De Colombiaanse coca\u00efne verslaving ontwikkelt zich snel tot een korte periode van regelmatig gebruik van coca\u00efne en leidt tot een intrekking staat met tekorten in de emotionele Motivatie, wanneer het gebruik van coca\u00efne is ingesteld. De intake is in weerwil van het gebruik van stimulerende middelen gevaarlijk, omdat het kalmerend effect van alcohol tot een minimum wordt beperkt. Bent u de maateenheden voor de &#034;dronkenschap&#034; in het menselijk lichaam. Coca\u00efne voor verkoop<\/p>\n<p>Dit leidt vaak tot overmatig alcoholgebruik, als de drempel aanzienlijk af, en vormt een hoog risico op schade aan de lever en verhoogde uitdroging. Op basis van de lever - en nierfunctie Colombiaanse coca\u00efne en metabolieten in de urine kan worden gedetecteerd. Benzoylecgonine kan worden gedetecteerd in de urine van de Colombiaanse coca\u00efne binnen 4 uur na inname en kan worden aangetroffen in concentraties groter dan 150 ng\/ml tot acht Keer direct na het gebruik van coca\u00efne. Coca\u00efne voor verkoop in de VS<\/p>\n<p>De Colombiaanse Coca\u00efne-hydrochloride, een regionale anesthesie ester, werd toegelaten in December 2017 voor medisch gebruik in de Verenigde Staten, en wordt ook de huid voor de inleiding van de anesthesie in de omgeving van het slijmvlies van diagnostische methoden en activiteiten die op of via de nasale passages van de ouderen aangegeven. Je weet echt niet wat er in de coca\u00efne u kopen op de gaan, voor Colombiaanse coca\u00efne wordt meestal gesneden met een verscheidenheid van verschillende onderdelen. Coca\u00efne voor verkoop in Europa<\/p>\n<h4>VERKOPEN VAN COCA\u00cfNE IN MIJN OMGEVING :<\/h4>\n<p>Geen zin om verder gebruik van coca\u00efne treedt op na de eerste dosis en na het verder nemen van de drug. Sinds de Colombiaanse coca\u00efne bij verwarming ontleedt uniek, in de vorm van de Freebase en carbonaat zouten van de Colombiaanse coca\u00efne waterstof gebruikt om te verminderen, in tegenstelling tot de hydrochloride zout veel minder sterk. Ze worden vaak aangeduid als de Colombiaanse coca\u00efne-base en breken individueel. Coca\u00efne voor verkoop in de VS<br \/>\nLet op: elke staat die u bezoekt, en, wat misschien nog belangrijker is, de hoogte van de lokale wetgeving. Kies voor haar de zaak van een contrasterende kleur aan de tint van dit type water. Als de normale water is donker, je moet proberen om het gebruik van licht, schaduw verleidingen, in te trekken de vissen zichtbaar. Als het water helder is, echter, het gebruik van een meer dekkend, verborgen aas.<\/p>\n<p>Vanwege de impact op de menselijke bevolking, de lokale bodem en drinkwater systemen te spuiten vanuit de lucht, was vaak van burgerlijke rechten en milieu-activisten veroordeeld. In December 2000 de nederlandse columnist Marjon van Royen gevonden dat &#034;het stof van vliegtuigen om de opbrengst naar de bezette gebieden in Colombia coca\u00efne, die leidt tot blijvende welvaart van problemen&#034;. Coca\u00efne voor verkoop in Europa<\/p>\n<p>Het verbruik van het oog, agitatie, ademhalingsproblemen worden nog steeds gemeld in sommige gebieden.&#034; In sommige gebieden, een meerderheid van de jonge mensen die ziek werden in de lokale bevolking in huiduitslag, koorts, loopneus, en bacteri\u00eble oog komt. Veel mensen stollen van deze algemene voorwaarden, als u op zoek bent voor diensten in de buurt, met het resultaat dat vang je meer bezoekers, als het waren over het algemeen aangenomen dat het geval. Om coca\u00efne verkopen, Duitsland<\/p>\n<h5>VERKOPEN VAN CRACK:<\/h5>\n<p>Wanneer glyfosaat is gespoten in de lucht, is er een significant verhoogd risico op menselijke fouten bij het spuiten van verdacht worden van illegale Coca-planten. Coca wordt verbouwd fokkers meestal van slechte vee; de Plant een belangrijke rol gespeeld in het conflict, de Farc heeft gewogen op de Gewassen en de activa die in uw gebied van conflict gestart.<\/p>\n<p>Colombia heeft gehandeld op een bijzondere manier, zoals bijna elk ander land op de planeet, die ondertekend de conferentie van Wenen, 1988, in de richting van de illegale gerichte bezoekers in de verdovende medicijnen en psychotrope stoffen, de synthetische en medicatie voorloper omvat werden unhibitedly vervangen de Rest van de wereld, terwijl in de circulaire lijst van de ver-gereguleerde stoffen. Coca\u00efne voor verkoop in de VS<\/p>\n<p>De coca\u00efne handel in Colombia, heeft vele facetten. Te beginnen met het vee fokkers, de Coca te blijven groeien en te helpen hun geslachten, naar het vette vis en hun kartels, die tonnen geld bij te dragen, ontdek bedorven wetgevers, winnen uw niet-publieke, en informele militaire (paramilitaire groepen). Verkopen van coca\u00efne naar Europa<\/p>\n<h5>MEER:<\/h5>\n<p>Bij voortzetting van het gebruik van de drug, de Beloning circuits aan te passen, zodat hij reageert aanzienlijk minder gevoelig zijn voor de drug. Als een resultaat, de mensen kiest voor een steviger en consequentere dosering te voelen dezelfde betekenis, en geven reli\u00ebf aan het afkicken. Colombia is &#039; s werelds toonaangevende producent van Colombiaanse coca\u00efne. Coca\u00efne voor verkoop in Europa<\/p>\n<p>Colombia produceert ongeveer driekwart van de jaarlijkse hoeveelheid in beslag genomen Coca\u00efne in de wereld, zowel van de invoer van Coca\u00efne van Peru (voornamelijk de Huallaga vallei) en Bolivia, en van lokaal geteelde Coca. In 1998, het bedrag van de oogst staat van Coca-planten steeg in Colombia met 28 %. Coca\u00efne voor verkoop Duitsland<\/p>\n<p>&nbsp;<\/p>","protected":false},"excerpt":{"rendered":"<p>KOKAIN ZU VERKAUFEN EUROPA: In der Tat haben wir qualitativ hochwertiges Kokain zu verkaufen Europa. Einige internationale L\u00e4nder wie Peru und Bolivien erlauben den Anbau von Kokabl\u00e4ttern f\u00fcr den traditionellen Konsum durch Mitglieder indigener Gemeinschaften, verbieten jedoch die Herstellung, den Verkauf und den Konsum von kolumbianischem Kokain. Dar\u00fcber hinaus ist in Teilen Europas und Australiens der Konsum von verarbeitetem kolumbianischem Kokain nur zu medizinischen Zwecken erlaubt. Obwohl die unerw\u00fcnschten Nebenwirkungen bei niedrigen bis mittleren Dosen in der Regel gering sind, treten sie bei h\u00f6heren Dosen oder l\u00e4ngerem Konsum immer h\u00e4ufiger von selbst auf. Aufgrund der mangelnden Erfahrungen in der Praxis\u2026<\/p>","protected":false},"featured_media":1508,"comment_status":"open","ping_status":"closed","template":"","meta":{"content-type":""},"product_brand":[],"product_cat":[26],"product_tag":[],"class_list":{"0":"post-1488","1":"product","2":"type-product","3":"status-publish","4":"has-post-thumbnail","6":"product_cat-kokain","8":"first","9":"instock","10":"shipping-taxable","11":"purchasable","12":"product-type-variable"},"_links":{"self":[{"href":"https:\/\/kokaindrogekaufen.com\/nl\/wp-json\/wp\/v2\/product\/1488"}],"collection":[{"href":"https:\/\/kokaindrogekaufen.com\/nl\/wp-json\/wp\/v2\/product"}],"about":[{"href":"https:\/\/kokaindrogekaufen.com\/nl\/wp-json\/wp\/v2\/types\/product"}],"replies":[{"embeddable":true,"href":"https:\/\/kokaindrogekaufen.com\/nl\/wp-json\/wp\/v2\/comments?post=1488"}],"wp:featuredmedia":[{"embeddable":true,"href":"https:\/\/kokaindrogekaufen.com\/nl\/wp-json\/wp\/v2\/media\/1508"}],"wp:attachment":[{"href":"https:\/\/kokaindrogekaufen.com\/nl\/wp-json\/wp\/v2\/media?parent=1488"}],"wp:term":[{"taxonomy":"product_brand","embeddable":true,"href":"https:\/\/kokaindrogekaufen.com\/nl\/wp-json\/wp\/v2\/product_brand?post=1488"},{"taxonomy":"product_cat","embeddable":true,"href":"https:\/\/kokaindrogekaufen.com\/nl\/wp-json\/wp\/v2\/product_cat?post=1488"},{"taxonomy":"product_tag","embeddable":true,"href":"https:\/\/kokaindrogekaufen.com\/nl\/wp-json\/wp\/v2\/product_tag?post=1488"}],"curies":[{"name":"wp","href":"https:\/\/api.w.org\/{rel}","templated":true}]}}