{"id":1506,"date":"2023-06-27T19:19:31","date_gmt":"2023-06-27T18:19:31","guid":{"rendered":"https:\/\/kokaindrogekaufen.com\/?post_type=product&#038;p=1506"},"modified":"2024-12-06T05:59:25","modified_gmt":"2024-12-06T05:59:25","slug":"kokainflocken-zu-verkaufen","status":"publish","type":"product","link":"https:\/\/kokaindrogekaufen.com\/nl\/product\/kokainflocken-zu-verkaufen\/","title":{"rendered":"OM COCA\u00cfNE VERKOPEN VLOKKEN"},"content":{"rendered":"<h2>COCA\u00cfNE VLOKKEN OM TE VERKOPEN:<\/h2>\n<p>mdmakaufen.com vooral verkocht Vlok-coca\u00efne van de hoogste kwaliteit. Dit is een zeer verslavende stimulerende drug die wordt verkregen uit de bladeren van de Zuid-Amerikaanse Coca plant. Coca\u00efne is een drug die vlokken zijn, zelfs als ze kunnen worden gebruikt voor legitieme medische doeleinden, zoals voor sedatie bij bepaalde medische procedures. In Peru, is het proberen te vernietigen Vlok-coca\u00efne, terwijl op hetzelfde moment, alternatieve manieren voor Peruaanse fokkers zijn ontwikkeld.<\/p>\n<p>Coca\u00efne is ingedeeld vlokken nu als een drug van categorie II, wat betekent dat u de potentie hebben om een hoge Misbruik, maar door een arts voor legitieme medische doeleinden kunnen worden voorgeschreven, zoals voor sedatie in sommige ogen, oren, nek en activiteiten. Landen over de hele wereld werken samen aan de opleiding van de handhaving van de wet voor het verder ontwikkelen van de overheden en van eigen pakketten om de beperking van drugs. Coca\u00efne vlokken voor verkoop<\/p>\n<p>Het is gewoon Rock Baggies verkocht door straatverkopers. De stenen zijn opgesteld en gerookt. Stenen, zoals in poedervorm Vlok-coca\u00efne, kan worden verminderd met diverse stoffen, zoals Alkali-of Heizungspop of verzwakt. De cognitieve effecten van coca\u00efne zijn vaak verdeeld in een aantal onderdelen, die toenemen in verhouding tot de gemeten waarden dynamisch. Coca\u00efne vlokken voor verkoop<\/p>\n<h3>VLOK-COCA\u00cfNE:<\/h3>\n<p>De algemene indruk van Vlok-coca\u00efne wordt door velen omschreven als een van extreme mentale stimulatie, een verbeterde concentratie en een sterk gevoel. Het bevat een Schat van normale Energizer intellectuele resultaten. Vlok-coca\u00efne wordt beschouwd als veel risicovoller dan de andere CZS-Energizer, zoals, bijvoorbeeld, het geheel van de drug van de amfetamine-klasse. Coca\u00efne vlokken voor verkoop<\/p>\n<p>De frequente consumptie geassocieerd met de ontwikkeling van chronische cardiale problemen in verband, en in sommige gevallen kan het leiden tot een onverwachte cardiovasculaire dood. Daarom is het sterk aanbevolen dat bij het werken met dit materiaal methoden van de schade controle te worden toegepast. Vlok-coca\u00efne is in de meeste gevallen, een wit poeder. Coca\u00efne vlokken voor verkoop<\/p>\n<p>Het kan worden ingevoegd in de neus of gemengd met water, en met een naald wond. Vlok-coca\u00efne wordt verwerkt tot kleine witte stenen, die worden gebruikt als Pauzes zijn bekend. De Pauze wordt gerookt door een glazen buis. Peruaanse Vlok coca\u00efne, ook wel bekend als de Peruaanse Vlok of Peruviaanse sol Nuevo britse lijm, verwijst naar de belangrijke, geweldige Vlok-coca\u00efne wordt geproduceerd 96 % of zelfs meer van de Peruaanse Medicatie kartels, omdat Peru is waarschijnlijk de grootste Vlok-coca\u00efne producent in de wereld. Vlok-coca\u00efne voor verkoop<\/p>\n<h3>COCA\u00cfNE VLOKKEN TE KOPEN ONLINE:<\/h3>\n<p>Vlok Coca\u00efne of coke, zoals het vaak wordt genoemd, is een Energizer en heeft een vergelijkbaar effect als die van amfetaminen, zoals Snelheid en Ijs, maar levert een ongetwijfeld indrukwekkend effect en een meer beperkte &#034;Hoog&#034;, afhankelijk van de meting. Vlok-coca\u00efne is een wit, doorschijnend poeder met een sterke desensibilisatie effect. Peru is een provincie in het Westelijke deel van het zuiden van de Verenigde Staten. Coca\u00efne vlokken voor verkoop<\/p>\n<p>Toen de spanjaarden in Zuid-Amerika, verboden eerste Coca als een &#034;verachtelijke specialisten van Satan&#034;. Nadat ze had echter erkend, dat de lokale Bevolking niet toegestaan het werk zonder Coca, goedgekeurd, en de overwinnaar belast het blad, en trok 10% van de waarde van elk gewas. Coca\u00efne vlokken voor verkoop<\/p>\n<p>Aangezien er geen manier voor de mens om te bepalen van het aandeel en de deugd van het materiaal, het gebruik van een van de som van de geplande glut resultaat. Buitensporige karakter te beperken. Bijna iedereen op deze lijst heeft gehoord van de term &#034;Stukken&#034; of &#034;Drop Vlok Coca\u00efne&#034;, maar afgezien van dat ik niet veel weet over Vlok Coca\u00efne, ik heb geen idee wat de exacte betekenis van deze Vlokken; wat zijn Vlokken en wat je verschillend maakt van de Standaard hydrochloride Vlok Coca\u00efne. Vlok te verkopen coca\u00efne<\/p>\n<h4>VERKOPEN VLOK-COCA\u00cfNE ONLINE:<\/h4>\n<p>De meest gevaarlijke van de fysieke effecten van Vlok-coca\u00efne lijken te zijn van de CV als een neurologische aard. Als gevolg van de afwaardering van de natrium kanalen van het hart door Vlok-coca\u00efne basic hart-antagonist wending van de gebeurtenissen, en in het bijzonder van onverwachte hartstilstand in een re\u00ebel risico in alle Onderdelen. Vlok-coca\u00efne voor verkoop<\/p>\n<p>Ongeacht of Vlok Coca\u00efne is op dit moment een grunt of infuus, het is krachtige en zowel de beperkte articulatie, evenals de uitgebreide gevolgen voor de gezondheid schadelijk zijn voor je fysieke en mentale welzijn. Peruaanse Vlok coca\u00efne kan optreden zowel in poeder als in rock vorm, afhankelijk van hoe het is samengesteld, of, afhankelijk van de strategie. Vlok-coca\u00efne voor verkoop<\/p>\n<p>Het is een rijke witte stof, die is uitzonderlijk goed en in het oog springende. Vlok Coca\u00efne afhankelijkheid ontwikkelt een zeer lange of een korte lengtes van het normale gebruik van coca\u00efne en veroorzaakt een opname staat met de geestelijk overtuigend eindeloze toevoer van coca\u00efne gebruik. In de jaren 1980 en 1990, de drug als een Vlok Coca\u00efne is bekend. vanwege de brede acceptatie en gebruik gedurende deze tijd, Vlok coca\u00efne voor verkoop<\/p>\n<h5>MEER:<\/h5>\n<p>Door de manier, Vlok-coca\u00efne is het niet een nieuw geneesmiddel. Al met al, het werd de meest bekende drug. Coca\u00efne vlokken zijn ook gevonden in een assortiment van heerlijke dranken. Coca-Cola is de meest bekende onder hen. Elke Liter van de onderliggende drank bevatte over acht milligram van Vlok-coca\u00efne. Vlok te verkopen coca\u00efne<\/p>","protected":false},"excerpt":{"rendered":"<p>KOKAINFLOCKEN ZU VERKAUFEN: mdmakaufen.com verkauft vor allem Flake-Kokain von h\u00f6chster Qualit\u00e4t. Dabei handelt es sich um eine hochgradig s\u00fcchtig machende Energetisierungsdroge, die aus den Bl\u00e4ttern der s\u00fcdamerikanischen Kokapflanze gewonnen wird. Kokainflocken sind ein illegales Medikament, auch wenn sie f\u00fcr legitime medizinische Zwecke verwendet werden k\u00f6nnen, z. B. zur Sedierung bei bestimmten medizinischen Eingriffen. In Peru wird versucht, Flake-Kokain zu vernichten, w\u00e4hrend gleichzeitig alternative Wege f\u00fcr peruanische Viehz\u00fcchter entwickelt werden. Kokainflocken sind jetzt als Medikament der Kategorie II eingestuft, was bedeutet, dass sie ein hohes Missbrauchspotenzial haben, aber von einem Arzt f\u00fcr legitime medizinische Zwecke verschrieben werden k\u00f6nnen, z. B. zur\u2026<\/p>","protected":false},"featured_media":1510,"comment_status":"open","ping_status":"closed","template":"","meta":{"content-type":""},"product_brand":[],"product_cat":[26],"product_tag":[],"class_list":{"0":"post-1506","1":"product","2":"type-product","3":"status-publish","4":"has-post-thumbnail","6":"product_cat-kokain","8":"first","9":"instock","10":"shipping-taxable","11":"purchasable","12":"product-type-variable"},"_links":{"self":[{"href":"https:\/\/kokaindrogekaufen.com\/nl\/wp-json\/wp\/v2\/product\/1506"}],"collection":[{"href":"https:\/\/kokaindrogekaufen.com\/nl\/wp-json\/wp\/v2\/product"}],"about":[{"href":"https:\/\/kokaindrogekaufen.com\/nl\/wp-json\/wp\/v2\/types\/product"}],"replies":[{"embeddable":true,"href":"https:\/\/kokaindrogekaufen.com\/nl\/wp-json\/wp\/v2\/comments?post=1506"}],"wp:featuredmedia":[{"embeddable":true,"href":"https:\/\/kokaindrogekaufen.com\/nl\/wp-json\/wp\/v2\/media\/1510"}],"wp:attachment":[{"href":"https:\/\/kokaindrogekaufen.com\/nl\/wp-json\/wp\/v2\/media?parent=1506"}],"wp:term":[{"taxonomy":"product_brand","embeddable":true,"href":"https:\/\/kokaindrogekaufen.com\/nl\/wp-json\/wp\/v2\/product_brand?post=1506"},{"taxonomy":"product_cat","embeddable":true,"href":"https:\/\/kokaindrogekaufen.com\/nl\/wp-json\/wp\/v2\/product_cat?post=1506"},{"taxonomy":"product_tag","embeddable":true,"href":"https:\/\/kokaindrogekaufen.com\/nl\/wp-json\/wp\/v2\/product_tag?post=1506"}],"curies":[{"name":"wp","href":"https:\/\/api.w.org\/{rel}","templated":true}]}}