{"id":1519,"date":"2023-06-27T19:19:39","date_gmt":"2023-06-27T18:19:39","guid":{"rendered":"https:\/\/kokaindrogekaufen.com\/?post_type=product&#038;p=1519"},"modified":"2024-12-06T06:19:56","modified_gmt":"2024-12-06T06:19:56","slug":"white-doc-cocaine-zu-verkaufen","status":"publish","type":"product","link":"https:\/\/kokaindrogekaufen.com\/nl\/product\/white-doc-cocaine-zu-verkaufen\/","title":{"rendered":"VERKOPEN WIT DOC COCA\u00cfNE"},"content":{"rendered":"<h2>WITTE DOC COCA\u00cfNE TE KOOP:<\/h2>\n<p>Op het Moment dat ons netwerk Witte Doc Coca\u00efne voor verkoop over de hele wereld. Voor elk van de Witte Doc Coca\u00efne gebruikt te hebben een laag zelfvertrouwen. Een Probleem met illegale Witte Doc Coca\u00efnegebruik, vooral in de hogere volumes in verband met de bestrijding van vermoeidheid (in plaats van de verdere ontwikkeling van euforie) door de articulatie van de klanten, is de mogelijkheid om ziek te worden of vragen over de mengsels in termen van vervuiling. Als iemand zich bezighoudt met poedervormige Witte Doc Coca\u00efne is verkeerd en niet willen dat je te horen, het kan zijn dat hij verdwijnt het medicijn in te nemen, en vervolgens in een zeer onopvallend staat retourneert.<\/p>\n<p>Echte tekenen kan een snelle hartslag, zweten, en excellente studenten. Witte Doc Coca\u00efne voorkomt dopamine wordt gerecycled, met het gevolg dat grote hoeveelheden zich ophopen in de ruimte tussen twee zenuwcellen, en normale communicatie te onderbreken. De werking begint binnen enkele seconden tot minuten na consumptie, en duurt tussen de vijf en een half uur.<\/p>\n<p>Witte Doc Coca\u00efne heeft een aantal van de klinisch-ondersteund het gebruik van doeleinden, met inbegrip van de ontheemding en de vermindering van de waterafvoer tijdens een grondige neus behandeling. Witte Doc Coca\u00efne kan leiden tot een hoge mate van waarschijnlijkheid een tijdelijke psychose, met meer dan 51% van de Witte Doc Coca\u00efne gebruikers tonen in Wezen wat gekke symptomen eerder.<\/p>\n<h3>WITTE DOC COCA\u00cfNE KOPEN ONLINE:<\/h3>\n<p>Uiteindelijk is het gebruikelijk om het verminderen van de drug of &#034;verhoging&#034; met behulp van de versterker, die nabootsen van de effecten van de inname, zoals Novocain (methadon), die zorgt voor een tijdelijke sedatie, aangezien een aanzienlijk aantal van de klant accepteert dat er een sterke desensibilisatie resultaat is de nasleep van een sterk of mogelijk zuiver Wit Doc Coca\u00efne, efedrine of soortgelijke energizers, die tot het produceren van een verhoogde hart som. Witte Doc Coca\u00efne voor verkoop<\/p>\n<p>Witte Doc Coca\u00efne wordt gemaakt door het recyclen van de drug met Alkali of natriumbicarbonaat (Heizungspop) en het drinken van water en vervolgens verhit om de te verwijderen hydrochloride, en om een rookbare stof. De meest voorkomende inkomen slaap zijn verstoringen van de suiker, regelmatige Mannitol, creatine, glucose, zodat de Huidige levendige verstoringen op te rekken, om het bedrog van de deugd, ook&#039;, of om het te worden, zodat een provider kan meer artikelen dan zonder de vermenging. Verkopen Wit Doc Coca\u00efne<\/p>\n<p>Het veroorzaakt geen significante desensibilisatie in de mond, maar het produceert een Hoge gras snijden Witte Doc Coca\u00efne. Ons belangrijkste doel is de beste tevredenheid van de klant te voorzien van de best gebruik van onze middelen, de meest behulpzame leverancier en producten van de beste kwaliteit zijn doelstellingen. Verkopen Wit Doc Coca\u00efne<\/p>\n<h4>WITTE DOC COCA\u00cfNE VOOR ONLINE VERKOOP:<\/h4>\n<p>In het licht van het brede bereik van onze geneesmiddelen, onderzoeken chemicali\u00ebn. De samenstelling van Witte Doc Coca\u00efne bestaat uit drie Delen: de hydrofiele methyl ester inhoud. \u00c9\u00e9n van de potentieel meest gevaarlijke effecten van Witte Doc Coca\u00efne lijkt meer cardio-dan neurologisch. Verkopen Wit Doc Coca\u00efne<\/p>\n<p>Om te voorkomen dat kritiek, vertegenwoordigd door haar voorstanders, de problematiek van mening dat veel van het effect is niet te wijten aan de inname van Coca blad van de optionele alkalo\u00efden, die alleen van elkaar verschillen kwantitatief van zuiver Wit Doc Coca\u00efne, maar ook subjectief. Het belang van Witte Doc Coca\u00efne wordt gekenmerkt door een snelle aanvang en een korte duur van de tijd, die leidt tot een sterk euforisch geluid, gevolgd door een gecontroleerde verslaan, of in een crash. Verkopen Wit Doc Coca\u00efne<\/p>\n<p>Deze overstroming van Dopamine, dat tijdens de cyclus van de hersenen ondersteunt het gebruik van drugs sterk. Met het toenemend gebruik van drugs kan aanpassen aan de prijs cyclus, zodat het minder gevoelig is aan de drugs. Als een resultaat, de mensen zijn beter ge\u00efnformeerd en, verrassend genoeg, meer consistente doseringen in de poging om het detecteren van de overeenkomstige hogere waarde en ontvangen van hulp van de intrekking. Verkopen Wit Doc Coca\u00efne<\/p>\n<h5>WITTE DOC COCA\u00cfNE:<\/h5>\n<p>Witte Doc Coca\u00efne Assimilatie in de fundamentele stroom op neus Beademing is bijna identiek met de volgende orale inname. Witte Doc Coca\u00efne-ge\u00efnduceerde vasoconstrictie van de bloedvaten in het neusslijmvlies beperkt de snelheid van opname in de voorkant van een lange neus Beademing. Witte Doc Coca\u00efne voor verkoop<\/p>\n<p>Witte Doc Coca\u00efne verhoogt de hartslag van een Persoon consequent op een abnormaal hoge waarden, die kan hoger of uitgebreid doses potentieel gevaarlijk. Het Inbrengen van de Bewaring na orale inname wordt vertraagd, omdat de Witte Doc Coca\u00efne is een zwakke Base met een pKa-waarde van 8, en, daarom, de ge\u00efoniseerde Vorm van het zuur van de maag niet goed opgenomen kan worden. Witte Doc Coca\u00efne voor verkoop<\/p>\n<p>De oplosbare duodenale Witte Doc Coca\u00efne opgenomen met succes. De relapse rate in de Witte Doc Coca\u00efne Verslaving is ongeveer acht tot tien procent en 36% van de personen die het uitvoeren van een systeem van toepassing. De snelheid en mate van absorptie van Witte Doc Coca\u00efne op de inademing is vergelijkbaar met of groter dan in het geval van een intraveneuze Infusie worden toegediend, omdat de inademing en biedt directe toegang tot het haar-vormige matras van de luchtwegen.<\/p>\n<h5>DAARNAAST:<\/h5>\n<p>Het korte termijn effect van Witte Doc Coca\u00efne treedt snel op en verdwijnt binnen een paar seconden tot 60 minuten. 2 voor de attention-deficit\/hyperactivity disorder (ADHD) betekent dat een Persoon met ADHD ontwikkeld meer dan vijf keer zo vaak als alle andere een afhankelijkheid van illegale drugs. In deze tijd, Wit Doc Coca\u00efne werd gevonden in de drogist, hetzij alleen of als een ingredi\u00ebnt in vele recepten, en het werd ook gebruikt in lang houdbare wijn en heerlijke drankjes. Afgezien van de toxische effecten van Witte Doc Coca\u00efne.<\/p>","protected":false},"excerpt":{"rendered":"<p>WHITE DOC COCAINE FOR SALE: Im Moment hat unser Netzwerk White Doc Cocaine zum Verkauf auf der ganzen Welt. F\u00fcr jeden, der White Doc Cocaine verwendet, um ein geringes Vertrauen zu haben. Ein Problem mit illegalen White Doc Cocaine Verwendung, vor allem in den h\u00f6heren Volumina im Zusammenhang mit Kampf Ersch\u00f6pfung (anstatt weitere Entwicklung Euphorie) durch lange Artikulation Kunden, ist die M\u00f6glichkeit der kranken Wirkungen oder Fragen wegen der Mischungen in Verunreinigung verwendet. Wenn jemand mit pulverisiertem White Doc Cocaine falsch umgeht und nicht will, dass du es erf\u00e4hrst, kann es sein, dass er verschwindet, um das Medikament zu nehmen,\u2026<\/p>","protected":false},"featured_media":1541,"comment_status":"open","ping_status":"closed","template":"","meta":{"content-type":""},"product_brand":[],"product_cat":[26],"product_tag":[98,29,30,31,32,33,34,35,36,37,38,39,40,41,42,43,44,45,46,47,99,49,50,51,100,101,102,66,103,104,105,106,107,108,109,110,67,68,69,70,71,72,111,112,113,114,115,116,117,118,81,82,83,119],"class_list":{"0":"post-1519","1":"product","2":"type-product","3":"status-publish","4":"has-post-thumbnail","6":"product_cat-kokain","7":"product_tag-besitz-von-kokain-zu-verkaufen-hs","8":"product_tag-cocaine-leaves-for-sale","9":"product_tag-cocaine-lockup-sale","10":"product_tag-cocaine-mirror-for-sale","11":"product_tag-cocaine-origins","12":"product_tag-cocaine-pipes-for-sale","13":"product_tag-cocaine-plant-for-sale","14":"product_tag-cocaine-purity-test-for-sale","15":"product_tag-cocaine-sale-gta","16":"product_tag-cocaine-sale-reddit","17":"product_tag-cocaine-seed-sale","18":"product_tag-cocaine-seeds-for-sale","19":"product_tag-cocaine-seeds-for-sale-online","20":"product_tag-cocaine-spoons-for-sale","21":"product_tag-cocaine-tea-for-sale","22":"product_tag-cocaine-tooters-for-sale","23":"product_tag-cocaine-vials-for-sale","24":"product_tag-colombian-cocaine-for-sale","25":"product_tag-crack-cocaine-for-sale-online","26":"product_tag-fake-cocaine-for-sale","27":"product_tag-groshandel-kokain-zu-verkaufen","28":"product_tag-gta-online-cocaine-lockup-buying-supplies","29":"product_tag-kilo-of-cocaine-for-sale","30":"product_tag-kokain","31":"product_tag-kokain-geschichte","32":"product_tag-kokain-hydrochlorid-verkauf","33":"product_tag-kokain-hydrochlorid-zum-verkauf","34":"product_tag-kokain-online-kaufen","35":"product_tag-kokain-schleifer-zum-verkauf","36":"product_tag-kokain-zum-verkauf","37":"product_tag-kokain-zum-verkauf-australien","38":"product_tag-kokain-zum-verkauf-craigslist","39":"product_tag-kokain-zum-verkauf-in-der-nahe-von-mir","40":"product_tag-kokain-zum-verkauf-online-usa","41":"product_tag-kokain-zum-verkauf-usa","42":"product_tag-kokain-zum-verkauf-websites","43":"product_tag-legal-cocaine-for-sale","44":"product_tag-legal-synthetic-cocaine-for-sale","45":"product_tag-online-cocaine-anonymous-meetings","46":"product_tag-online-cocaine-for-sale","47":"product_tag-online-cocaine-meetings","48":"product_tag-online-cocaine-purchase","49":"product_tag-online-cocaine-sales","50":"product_tag-peruanisches-kokain-zu-verkaufen","51":"product_tag-pharmazeutisches-kokain-zu-verkaufen","52":"product_tag-reines-kokain-zu-verkaufen","53":"product_tag-reines-kokain-zu-verkaufen-online","54":"product_tag-synthetisches-crack-kokain-zu-verkaufen","55":"product_tag-synthetisches-kokain-zu-verkaufen","56":"product_tag-synthetisches-kokain-zu-verkaufen-online","57":"product_tag-verkauf-von-kokain","58":"product_tag-verkauf-von-kokain-florida","59":"product_tag-verkauf-von-kokain-georgia","60":"product_tag-white-doc-kokain","62":"first","63":"instock","64":"shipping-taxable","65":"purchasable","66":"product-type-variable"},"_links":{"self":[{"href":"https:\/\/kokaindrogekaufen.com\/nl\/wp-json\/wp\/v2\/product\/1519"}],"collection":[{"href":"https:\/\/kokaindrogekaufen.com\/nl\/wp-json\/wp\/v2\/product"}],"about":[{"href":"https:\/\/kokaindrogekaufen.com\/nl\/wp-json\/wp\/v2\/types\/product"}],"replies":[{"embeddable":true,"href":"https:\/\/kokaindrogekaufen.com\/nl\/wp-json\/wp\/v2\/comments?post=1519"}],"wp:featuredmedia":[{"embeddable":true,"href":"https:\/\/kokaindrogekaufen.com\/nl\/wp-json\/wp\/v2\/media\/1541"}],"wp:attachment":[{"href":"https:\/\/kokaindrogekaufen.com\/nl\/wp-json\/wp\/v2\/media?parent=1519"}],"wp:term":[{"taxonomy":"product_brand","embeddable":true,"href":"https:\/\/kokaindrogekaufen.com\/nl\/wp-json\/wp\/v2\/product_brand?post=1519"},{"taxonomy":"product_cat","embeddable":true,"href":"https:\/\/kokaindrogekaufen.com\/nl\/wp-json\/wp\/v2\/product_cat?post=1519"},{"taxonomy":"product_tag","embeddable":true,"href":"https:\/\/kokaindrogekaufen.com\/nl\/wp-json\/wp\/v2\/product_tag?post=1519"}],"curies":[{"name":"wp","href":"https:\/\/api.w.org\/{rel}","templated":true}]}}