{"id":1572,"date":"2023-06-27T19:19:50","date_gmt":"2023-06-27T18:19:50","guid":{"rendered":"https:\/\/kokaindrogekaufen.com\/?post_type=product&#038;p=1572"},"modified":"2024-12-06T06:52:47","modified_gmt":"2024-12-06T06:52:47","slug":"mdma-zu-verkaufen","status":"publish","type":"product","link":"https:\/\/kokaindrogekaufen.com\/nl\/product\/mdma-zu-verkaufen\/","title":{"rendered":"VERKOPEN MDMA"},"content":{"rendered":"<h2>VERKOPEN MDMA:<\/h2>\n<p>In feite hebben we te verkopen MDMA tegen zeer lage prijzen. MDMA is, zonder twijfel, de formele stof aanduiding voor de pure synthetische stof \u2013 in een ideale wereld, 100% zou worden Molly is pure MDMA. Hogere hartslag en hartslag voor pati\u00ebnten met problemen met de bloedsomloop, zeer gevaarlijk, en verhoogde lichaamstemperatuur kan leiden tot een aantal gevaarlijke gevolgen.<\/p>\n<p>Ondanks het feit dat deze stof bekend is dat deze dromen, te onderdrukken, te ervaren sommige van de koper na het inslikken van grote hoeveelheden MDMA voor meerdere avonden een bizarre en soms beangstigend Aanvraag. Kleine porties, kan goed zijn voor het eerst kleine groep van Exploits is bijzonder groot, want je kunt per ongeluk een gezondheidsprobleem, zoals een bedreiging van hyperthermie, wat maakt MDMA is nog gevaarlijker. Verkopen Mdma<\/p>\n<p>Een LSD-nederlaag meestal duurt ongeveer 24 uur, en kan zijn gevoelens van wanhoop, Stress en wantrouwen. Veel mensen melden dat ze nog weken of zelfs maanden op tekenen van een nederlaag te wachten. 80 mg kan worden, in het Algemeen, een goed begin van de dosis. Molly is een straatnaam voor MDMA in poedervorm, die is meestal te vinden in de onmiskenbare gevallen. &#034;Molly&#034; betekent niet per se een &#034;schoon&#034;. MDMA voor verkoop<\/p>\n<p>MDMA zorgt voor een eenmalige verhoging van de lichamelijke sensaties. Klanten meestal rapport van een gevoel van bescherming en Fluffiness rondom uw pori\u00ebn en de huid. Rapture is een straatnaam voor MDMA in de vorm van tabletten. Zeker als je bedenkt dat MDMA is op de weg, arts-aanbevolen medicijnen gebruikt voor de ondersteuning van de behandeling te gebruiken. Diuretica, zoals drank, kan verergeren deze problemen door het cre\u00ebren van een ongewoon hoge mate van uitdroging. Verkopen Mdma<\/p>\n<h3>MDMA KOPEN ONLINE:<\/h3>\n<p>Het wordt aanbevolen om aandacht te besteden aan het verbruik van water, om te drinken, noch te veel noch te weinig, en niet overexert zelf, zonder de hulp van anderen om te voorkomen dat een hitteberoerte, die fataal kan zijn. De neurotoxiciteit van MDMA-gebruik is een onderwerp dat controversieel is. Verkopen Mdma<\/p>\n<p>De logische onderzoek heeft tot de conclusie geleid dat MDMA is over het algemeen veilig, als het in een gecontroleerde omgeving wordt getest, maar de organisatie van herhaalde of one-time metingen van MDMA in een bepaald bereik, ongetwijfeld, is neurotoxische. Sinds de jaren 1980, MDMA wordt algemeen aangeduid als de &#034;Rapture&#034; (afgekort als &#034;E&#034;, &#034;X&#034;, of &#034;XTC&#034;), die verwijst naar de weg types als illegaal geperste tabletten van Mdma voor verkoop<\/p>\n<p>Hitte en serotonine stoornis MDMA toegenomen, evenals alle van de serotonerge, arts voorgeschreven medicijnen, is het risico op een zonnesteek vanwege de effecten op het zenuwstelsel centrum, het deel van onze hersenen die ons helpt om onze interne temperatuur. Deze stoffen kan bijzonder schadelijk als de Consument weet wat hij of zij doet. Ze kunnen gevaarlijk zijn wanneer in combinatie met MDMA.mdma voor verkoop<\/p>\n<p>Mensen die het kunnen combineren van dit soort mengsels, bewust of onbewust, met andere middelen zoals marihuana en alcohol, kan bloot aan een significant hoger risico voor negatieve effecten op de gezondheid. De Amerikaanse term &#034;Molly&#034;, het Britse Equivalent van &#034;Mandy&#034;, oorspronkelijk bedoeld voor een gem of een MDMA-poeder, dacht dat het was zeer zuiver en vrij van onzuiverheden. Verkopen Mdma<\/p>\n<h4>VERKOPEN BK-MDMA:<\/h4>\n<p>Sommige klanten melden dat MDMA is de kans om te verliezen na een tien-ervaring zijn &#034;magische kracht&#034;, terwijl anderen melden een groot aantal ervaringen voor de empathische eigenschappen verdwijnen. Dit lijkt niet significant te zijn voor alle klanten, omdat veel klanten geven aan dat u verstrekte ondanks een handvol, of kan een groot aantal toepassingen, geen voordelen zijn, lager op de mogelijkheid. Verkopen Mdma<\/p>\n<p>Je begint langzaam en gestaag. Dit is meestal een uitzonderlijke advies. Op de hogere gedeelten van het risico van een onaangename reis of een rampzalige resultaten verhoogt. Volg een lagere Dosis is van cruciaal belang, vooral als u nooit hebt gegeten voordat de candy. Zorg ervoor dat u het verlaagde Gedeelte van voldoende tijd en energie om te handelen, voordat u meer toevoegen. Mdma voor verkoop<\/p>\n<p>Vergelijkbaar met andere energizers van de ernst van de consumptie kan worden beschouwd als een van MDMA als een sterke gewoonte-vorming, met een hoog potentieel voor misbruik, en er in geslaagd is over de psychische afhankelijkheid van bepaalde mensen. Als een Persoon klaar zijn met hun verbruik abrupt, nadat het heeft een neiging om te worden in staat om de Vraag en de ontwenningsverschijnselen optreden. Verkopen Mdma<\/p>\n<p>Dus, in dit artikel, je moet jezelf afvragen waarom je moet kopen van MDMA poeder online. Ok\u00e9, in dit artikel, zullen we zorgen voor de beste kwaliteit producten bestelling van of het vertrouwen van MDMA-poeder op het Internet in dit artikel. De Volgende zijn enkele van de belangrijkste punten die spreken in het voordeel van kopen MDMA alleen hier. MDMA-producten zijn verboden in veel landen, en vanaf 2021, geen goedgekeurde medische behandelingen en nog veel meer. Als gevolg hiervan voelen, zowel mannen als vrouwen vaak gefrustreerd en uitgeput. Verkopen Mdma<\/p>\n<h5>VERKOPEN MDMA ONLINE:<\/h5>\n<p>MDMA eerste plaats stimuleert het de neurotransmitters Serotonine en noradrenaline in bepaalde gebieden van de hersenen. Het behoort tot de drug klasse, het vervangen van amfetaminen, en heeft een stimulerende en hallucinogene eigenschappen. Beperkte uitzonderingen zijn soms gemaakt voor onderzoek doeleinden. Met de verspreiding van de Rave-en clubscene in de grote steden en de voorsteden in het hele land, de consumptie en distributie van MDMA steeg. MDMA voor verkoop<\/p>\n<p>MDMA hat keine anerkannten professionellen medizinischen Indikationen. Er beobachtete eine begrenzte Verwendung in der Psychotherapie, bevor die Droge weitgehend verboten wurde. Ungeachtet des rechtlichen Status der Droge wird sie von vielen Psychotherapeuten weiterhin in der Therapie eingesetzt. MDMA wird h\u00e4ufig mit anderen verschreibungspflichtigen Medikamenten kombiniert. Zurzeit wird die Droge noch von einer gr\u00f6\u00dferen Gruppe von Menschen konsumiert, die sie als Ecstasy oder Molly bezeichnen. Mdma zu verkaufen<\/p>\n<p>Mehrere Teams aus professionellen medizinischen und organisatorischen Experten, Berichterstattern, psychedelischen Aktivisten und individuellen Bef\u00fcrwortern arbeiten an hochwertigen Psychedelika. Am Anfang ging es uns nur um die Gesundheit unserer Patienten. Wissenschaftler untersuchen, ob MDMA bei der Behandlung der heilungsresistenten posttraumatischen Belastungsst\u00f6rung (PTSD) helfen kann; die Studien zur Wirksamkeit und zum Schutz sollen 2020 beginnen. Mdma zu verkaufen<\/p>\n<p>Heutzutage kaufen Menschen MDMA-Pulver h\u00e4ufig online und konsumieren es, indem sie es auf ihr Zahnfleisch tupfen oder in einer Zigarettenschachtel schlucken, eine Praxis, die als \u201eBombardierung\u201c bekannt ist. Wenn eine Person nicht wei\u00df, was sie zu sich nimmt, k\u00f6nnen diese Substanzen extrem gef\u00e4hrlich sein. In Kombination mit MDMA k\u00f6nnen sie extrem gef\u00e4hrlich sein. Und der Freizeitkonsum wird h\u00e4ufig mit der Rave-Kultur in Verbindung gebracht. Tanzpartys und Festivals f\u00fcr elektronische Musik. Mdma zu verkaufen<\/p>\n<h4>MDMA ZU VERKAUFEN EUROPA:<\/h4>\n<p>Unabh\u00e4ngig vom legalen Status der illegalen Droge glauben einige Gesundheitswissenschaftler, dass sie einen therapeutischen Nutzen haben k\u00f6nnte. Insbesondere bei Menschen, die unter PTBS, Melancholie und anderen Verhaltensproblemen leiden. Menschen, die diese Art von Mischungen absichtlich oder unabsichtlich mit verschiedenen Substanzen wie Gras und Spirituosen kombinieren, k\u00f6nnen sich selbst einem deutlich h\u00f6heren Risiko einer sch\u00e4dlichen Wohlfahrt aussetzen. Mdma zum Verkauf<\/p>\n<p>MDMA-Pulver wird h\u00e4ufig in der Medizin verwendet. Menschen, die handels\u00fcbliches MDMA konsumieren, erhalten es in der Regel in Kapsel- oder Pillenform. Viele Menschen verwenden es in Verbindung mit anderen Medikamenten. In einigen L\u00e4ndern wird es vor allem in der Kultur in Clubs, Wohnheimen und auf Festivals eingesetzt. Allerdings ist diese Molly-Droge jeder anderen Droge \u00fcberlegen. Mdma zum Verkauf<\/p>\n<p>Es handelt sich um ein hochpotentes Stimulans mit empathogener und entaktogener Wirkung; der Wirkungseintritt von MDMA dauert etwa eine halbe Stunde, und die Wirkungsdauer von MDMA h\u00e4lt vier bis sechs Stunden an, so dass Forscher ihre Experimente durchf\u00fchren k\u00f6nnen. Wir bieten MDMA f\u00fcr den forensischen Bedarf von autorisierten Ermittlern an. Fast jeder, der Ecstasy in der Stadt oder in Sammell\u00e4den kauft, hat ohnehin keine Ahnung, was h\u00e4ufig auf der Tablette ist. Mdma zu verkaufen<\/p>\n<h5>MEER:<\/h5>\n<p>Diese Ecstasy-Kapseln enthalten in der Regel Amphetamine in Kombination mit MDMA, was zu unerw\u00fcnschten Nebenwirkungen f\u00fchrt. Versuchen Sie niemals, Ihre allgemeine Gesundheit zu verschlechtern. Infolgedessen f\u00fchlen sich sowohl M\u00e4nner als auch Frauen h\u00e4ufig frustriert und ersch\u00f6pft. MDMA stimuliert in erster Linie die Neurotransmitter Serotonin und Noradrenalin in bestimmten Bereichen des Gehirns. Es geh\u00f6rt zur Drogenklasse der substituierten Amphetamine und hat stimulierende und halluzinogene Eigenschaften. Mdma zu verkaufen<\/p>","protected":false},"excerpt":{"rendered":"<p>MDMA ZU VERKAUFEN: In der Tat haben wir MDMA zu sehr niedrigen Preisen zu verkaufen. MDMA ist zweifelsohne die formale Substanzbezeichnung f\u00fcr die reine synthetische Verbindung &#8211; in einer idealen Welt w\u00e4re Molly 100% reines MDMA. H\u00f6here Puls- und Herzfrequenzen k\u00f6nnen f\u00fcr Patienten mit Kreislaufproblemen extrem gef\u00e4hrlich sein, und eine erh\u00f6hte K\u00f6rpertemperatur kann zu einer Reihe von gef\u00e4hrlichen Folgen f\u00fchren. Ungeachtet der Tatsache, dass diese Substanz daf\u00fcr bekannt ist, Tr\u00e4ume zu unterdr\u00fccken, erleben einige K\u00e4ufer nach der Einnahme gro\u00dfer Mengen MDMA mehrere Abende lang ein bizarres und gelegentlich erschreckendes Verlangen. Geringf\u00fcgige Portionen k\u00f6nnen f\u00fcr die erste kleine Gruppe von Exploits\u2026<\/p>","protected":false},"featured_media":1578,"comment_status":"open","ping_status":"closed","template":"","meta":{"content-type":""},"product_brand":[],"product_cat":[120],"product_tag":[],"class_list":{"0":"post-1572","1":"product","2":"type-product","3":"status-publish","4":"has-post-thumbnail","6":"product_cat-mdma","8":"first","9":"instock","10":"shipping-taxable","11":"purchasable","12":"product-type-variable"},"_links":{"self":[{"href":"https:\/\/kokaindrogekaufen.com\/nl\/wp-json\/wp\/v2\/product\/1572"}],"collection":[{"href":"https:\/\/kokaindrogekaufen.com\/nl\/wp-json\/wp\/v2\/product"}],"about":[{"href":"https:\/\/kokaindrogekaufen.com\/nl\/wp-json\/wp\/v2\/types\/product"}],"replies":[{"embeddable":true,"href":"https:\/\/kokaindrogekaufen.com\/nl\/wp-json\/wp\/v2\/comments?post=1572"}],"wp:featuredmedia":[{"embeddable":true,"href":"https:\/\/kokaindrogekaufen.com\/nl\/wp-json\/wp\/v2\/media\/1578"}],"wp:attachment":[{"href":"https:\/\/kokaindrogekaufen.com\/nl\/wp-json\/wp\/v2\/media?parent=1572"}],"wp:term":[{"taxonomy":"product_brand","embeddable":true,"href":"https:\/\/kokaindrogekaufen.com\/nl\/wp-json\/wp\/v2\/product_brand?post=1572"},{"taxonomy":"product_cat","embeddable":true,"href":"https:\/\/kokaindrogekaufen.com\/nl\/wp-json\/wp\/v2\/product_cat?post=1572"},{"taxonomy":"product_tag","embeddable":true,"href":"https:\/\/kokaindrogekaufen.com\/nl\/wp-json\/wp\/v2\/product_tag?post=1572"}],"curies":[{"name":"wp","href":"https:\/\/api.w.org\/{rel}","templated":true}]}}