{"id":1584,"date":"2023-06-27T19:20:00","date_gmt":"2023-06-27T18:20:00","guid":{"rendered":"https:\/\/kokaindrogekaufen.com\/?post_type=product&#038;p=1584"},"modified":"2024-12-06T07:01:16","modified_gmt":"2024-12-06T07:01:16","slug":"mdma-pillen-zu-verkaufen","status":"publish","type":"product","link":"https:\/\/kokaindrogekaufen.com\/nl\/product\/mdma-pillen-zu-verkaufen\/","title":{"rendered":"VERKOPEN MDMA PILLEN"},"content":{"rendered":"<h2>MDMA PILLEN KAUFEN:<\/h2>\n<p>Aaronay verkopen MDMA pillen in de wereld. Als u denkt dat een pil die u geeft, een vriend of u kunt vinden in de kamer van je leerling, is een genot, het kan zijn dat de drug. MDMA pillen, ook wel bekend als Vreugde of Molly is een psychoactieve drug die werkt als een Energizer, en synthetische stoffen als een deel van uw hersenen zendt om te komen tot een stimulerend effect heeft, om uw vaardigheden te verbeteren en om te stimuleren gevoelens zoals zelf-bewustzijn en compassie.<\/p>\n<p>De bottom line is dat dit een bijzonder ernstig risico als het verkeerd wordt gebruikt gemaakt vak. De negatieve effecten van MDMA pillen van het verbruik over het kritieke Moment, naast de voortdurende consumptie. Bijna 80 % van de kopers van MDMA pillen rapport extreme vermoeidheid, Anhedonie, en de ellende na het nemen van de MDMA pil. Voor straat apotheker, het is echt heel eenvoudig. MDMA pillen voor verkoop<\/p>\n<p>MDMA pillen met iedere stof, die lijkt er te zijn, dus dat MDMA pillen niet laten zien dat ze kunnen worden gecombineerd om het per ongeluk onder verschillende stoffen met alle drugs. Dit offensief na-effecten zijn alleen te danken aan de serotonine-verbruik in de hersenen is mogelijk. Je hebt geen idee wat er daadwerkelijk in de container, en hoe het invloed op je lichaam. MDMA pillen voor verkoop<\/p>\n<p>De mate van zuiverheid van MDMA pillen zal veranderen als de meest illegaal, professioneel voorgeschreven medicijnen regelmatig, zodat in het geval van soorten, het vertrouwen dat wordt gebruikt om onmiskenbaar waardig, er is geen garantie dat dit zal zo blijven. MDMA pillen in combinatie met ice, Speed of coca\u00efne: Verhoogd risico van spanningen en verminderde hersenfunctie als gevolg van de dopamine-consumptie. De enorme druk op het cardiovasculaire systeem en andere onderdelen van het menselijk lichaam kan leiden tot een beroerte. MDMA-pillen te verkopen<\/p>\n<h3>MDMA PILLEN ONLINE KOPEN:<\/h3>\n<p>zeven en acht van vreugde kunnen ertoe leiden dat mensen zich op dit punt in de tijd glanzend, maar het gevoel is vluchtig. De klanten kunnen ervaren tijdens en kort na het gebruik van de begeleidende tekenen of symptomen. MDMA pillen zijn over het algemeen beschouwd als de drug van keuze binnen de Rave-scene, en zijn ook verbruikt in Clubs, op feestjes en in uw eigen vier muren. MDMA-pillen te verkopen<\/p>\n<p>De tastbare resultaten van de muziek en de verlichting zijn vaak uitzonderlijk synergetisch met de drug in de Rave omgeving. MDMA pillen hallucinogene amfetamine Boven de natuur biedt diverse onderdelen voor de verleiding voor de klant tijdens de Rave omgeving. Dit wijst op de mogelijke risico &#039;s in verband met de uitvoering van modern of in staat van schema&#039; s, zoals het besturen van een voertuig onder invloed van deze drugs. MDMA pillen voor verkoop<\/p>\n<p>MDMA pillen alleen zal niet worden geaccepteerd door haar geschiedenis als een recreatieve drug met het potentieel voor schade, misbruik en afhankelijkheid voor legaal gebruik. In ieder geval, de FDA heeft ingedeeld de positieve effecten van de drug op PTSS-symptomen en verschijnselen sinds 2017 als &#034;geavanceerde therapie&#034;. Een andere ervaring dat sommige MDMA pillen maken de consument, is de re-inname. MDMA pillen voor verkoop<\/p>\n<p>Als iemand MDMA pillen neemt, kan van invloed zijn op de drug is het vermogen van het lichaam om deze te gebruiken, wat leidt tot een hoge Fixatie-gehalte in het bloed. Extase is, zonder twijfel, een illegale recreatieve drug MDMA pillen (3,4-methyleendioxy-methamfetamine). Het is zowel energizers als stimulerende medicatie gebracht in verbinding en genereert beide soorten effecten, waardoor het een populair Evenement-drug. MDMA-pillen te verkopen<\/p>\n<h4>MDMA PILLEN VOOR ONLINE VERKOOP:<\/h4>\n<p>Molly is een term die gebruikt wordt voor het beschrijven van de euforie van de capaciteit van het type. Verhoogde hartslag en hartslag kan worden voor consumenten met problemen met de bloedsomloop, is uiterst gevaarlijk, en een verhoogde temperatuur kan leiden tot een aantal gevaarlijke resultaten. PTSS ontwikkelt na een Persoon heeft ervaren van een traumatische gebeurtenis, zoals een zware gebeurtenis, seksueel misbruik, ongelukken, of oorlog. Verkopen MDMA pillen<\/p>\n<p>De herinneringen kunnen verblinden in de Vorm van controleren of slechte Dromen voorkomen, waardoor veel mensen te denken aan de verschrikkelijke gebeurtenissen. Een kritische PTSS kan ook leiden tot zelfvernietiging. Om te onderzoeken of MDMA pillen een verslavend effect hebben op de prestaties. Studies hebben aangetoond dat dieren die MDMA-pillen zelf \u2013 een belangrijke indicator van het risico van het gebruik van illegale drugs, hoewel in mindere mate dan andere drugs, zoals coca\u00efne. MDMA pillen voor verkoop<\/p>\n<p>Het risicoprofiel van MDMA is laag genoeg om te rechtvaardigen aanvullende onderzoek in het kader van klinische studies. Dit geldt echter alleen voor het zorgvuldig ontworpen test-instellingen geverifieerd met de problemen van volwassenen, en niet voor de hele MDMA consumptie. De richtlijn kan het verminderen van de kans dat men denkt MDMA. MDMA pillen voor verkoop<\/p>\n<p>Hoewel alle medicijnen schadelijk kunnen zijn, lijkt MDMA veiliger dan de meeste andere illegale drugs. Als u de richtlijnen voor de schade kunnen beperken, is MDMA veiliger. Vanwege herhaald druggebruik binnen korte intervallen kunnen interfereren met de persoonlijke metabolisme (de afbraak in het lichaam), kan zeer gevaarlijk zijn stadia bereikt. MDMA-pillen te verkopen<\/p>\n<h5>MDMA PILLEN VOOR VERKOOP IN EUROPA:<\/h5>\n<p>Na jaren van consumptie, is het moeilijk om MDMA pillen te beheren, omdat het menselijk lichaam aan te passen aan de werking zonder MDMA pillen. Ontwenningsverschijnselen optreden na 7 dagen, en meestal na een maand verdwijnen. Lange-termijn gebruik van MDMA-pillen bij volwassenen kan leiden tot schade aan de Serotonine-Systeem. De consument in de behoefte van MDMA pillen, of Ecstasy, om te vechten met een verslaving hebben de neiging om te lijden aan de meest ernstige gevolgen op lange termijn. MDMA pillen voor verkoop<\/p>\n<p>Veel consumenten zijn zich niet bewust dat de drugs zijn gemengd met andere stoffen, die leidt tot nog meer gevaarlijke consument scenario &#039; s. Molly, een andere slang term voor MDMA pillen zijn gemengd met andere stoffen, vaak met geen MDMA-pillen. In het Algemeen, kopers van MDMA-de bedwelmende effecten van MDMA pillen ervaring-pillen binnen 45 minuten na inname van een eenmalige dosis. Xtc kan worden slikte pillen in de regel. Veel mensen plet ze en snuiven ze. MDMA pillen voor verkoop<\/p>\n<p>Wij hebben de beste MDMA pillen op te slaan in het Internet u op zoek naar een grote selectie van hoge kwaliteit Xtc-pillen, met \u00e9\u00e9n klik op de knop om, en het verbeteren van uw algehele gezondheid, zonder verbreking van de Bank. De concentratie van MDMA in Xtc-pillen varieert sterk. Een aantal Xtc-pillen bevatten een aantal andere, veel gevaarlijker medicijnen die veel langer nodig hebben om te werpen. MDMA-pillen te verkopen<\/p>\n<p>Zu diesen Ergebnissen geh\u00f6ren eine gesteigerte Wahrnehmung, perfekt zu werden, erh\u00f6hte Extrovertiertheit, emotionale W\u00e4rme und Empathie f\u00fcr viele andere. MDMA-Pillen werden h\u00e4ufig als die Droge der Wahl in der Rave-Kultur angesehen und sind auch in Golfanlagen, auf Festivals und bei privaten Zusammenk\u00fcnften zu finden. Die sensorischen Effekte der Musik und der Lichter aus der Rave-Sph\u00e4re sind h\u00e4ufig wirklich synergetisch mit der gesamten Medizin. MDMA Pillen zu verkaufen<\/p>\n<h5>VERKOPEN MDMA:<\/h5>\n<p>Die anregende Wirkung der Droge MDMA-Pillen werden seltener konsumiert als andere Stimulanzien, in der Regel weniger als einmal pro Woche. Wer MDMA-Pillen von der Stange kauft, erwirbt sie in der Regel in Form von Kapseln oder Tabletten, w\u00e4hrend andere die Droge in fl\u00fcssiger Form schlucken oder das Pulver schnupfen. MDMA-Pillen zum Verkauf<\/p>\n<p>Molly (umgangssprachlich f\u00fcr \u201emolekular\u201c) ist ein beliebter Spitzname f\u00fcr \u201ereine\u201c MDMA-Pillen in Form von kristallinem Pulver, die in der Regel in Kapseln angeboten werden. Diese Substanzen k\u00f6nnen extrem gef\u00e4hrlich sein, wenn die Person nicht kontrolliert, was sie konsumiert. Wenn sie mit MDMA-Pillen kombiniert werden, k\u00f6nnen sie gef\u00e4hrlich sein. MDMA-Pillen zu verkaufen<\/p>\n<h6>DAARNAAST :<\/h6>\n<p>MDMA-Pillen waren urspr\u00fcnglich in der Nachtclubszene beliebt und wurden \u00fcberall geraucht, aber die Droge betrifft jetzt eine gr\u00f6\u00dfere Anzahl von Menschen, die regelm\u00e4\u00dfig mit der Droge Ecstasy oder Molly in Ber\u00fchrung kommen. oder unwissentlich diese Arten von Mischungen mit anderen Substanzen, wie Marihuana und alkoholischen Getr\u00e4nken, einnehmen, k\u00f6nnen sie einem noch gr\u00f6\u00dferen Risiko gesundheitlicher Beeintr\u00e4chtigungen aussetzen.<\/p>\n<p>MDMA-Pillen in Form von kristallinem Pulver gelten als frei von F\u00e4lschungen. MDMA-Pillen sind als Hydrochloridsalz sowie als einzelne MDMA-Tabletten in kristalliner Form oder als Kapseln erh\u00e4ltlich.<\/p>","protected":false},"excerpt":{"rendered":"<p>MDMA PILLEN KAUFEN: Aaronay hat MDMA Pillen zu verkaufen in der ganzen Welt. Wenn du glaubst, dass eine Pille, die dir ein Freund gibt oder die du im Zimmer deines Sch\u00fclers findest, ein Genuss ist, k\u00f6nnte es dieses Medikament sein. MDMA-Pillen, auch bekannt als Joy oder Molly, sind ein psychoaktives Medikament, das als Energizer fungiert und synthetische Substanzen als Bestandteil deines Gro\u00dfhirns abgibt, um eine belebende Wirkung zu erzielen, deine F\u00e4higkeiten zu verbessern und Gef\u00fchle wie Selbstbewusstsein und Mitgef\u00fchl zu steigern. Unterm Strich ist das ein besonders gro\u00dfes Risiko, wenn man eine falsch gemachte Kiste benutzt. Die ung\u00fcnstigen Auswirkungen des\u2026<\/p>","protected":false},"featured_media":1609,"comment_status":"open","ping_status":"closed","template":"","meta":{"content-type":""},"product_brand":[],"product_cat":[120],"product_tag":[],"class_list":{"0":"post-1584","1":"product","2":"type-product","3":"status-publish","4":"has-post-thumbnail","6":"product_cat-mdma","8":"first","9":"instock","10":"shipping-taxable","11":"purchasable","12":"product-type-variable"},"_links":{"self":[{"href":"https:\/\/kokaindrogekaufen.com\/nl\/wp-json\/wp\/v2\/product\/1584"}],"collection":[{"href":"https:\/\/kokaindrogekaufen.com\/nl\/wp-json\/wp\/v2\/product"}],"about":[{"href":"https:\/\/kokaindrogekaufen.com\/nl\/wp-json\/wp\/v2\/types\/product"}],"replies":[{"embeddable":true,"href":"https:\/\/kokaindrogekaufen.com\/nl\/wp-json\/wp\/v2\/comments?post=1584"}],"wp:featuredmedia":[{"embeddable":true,"href":"https:\/\/kokaindrogekaufen.com\/nl\/wp-json\/wp\/v2\/media\/1609"}],"wp:attachment":[{"href":"https:\/\/kokaindrogekaufen.com\/nl\/wp-json\/wp\/v2\/media?parent=1584"}],"wp:term":[{"taxonomy":"product_brand","embeddable":true,"href":"https:\/\/kokaindrogekaufen.com\/nl\/wp-json\/wp\/v2\/product_brand?post=1584"},{"taxonomy":"product_cat","embeddable":true,"href":"https:\/\/kokaindrogekaufen.com\/nl\/wp-json\/wp\/v2\/product_cat?post=1584"},{"taxonomy":"product_tag","embeddable":true,"href":"https:\/\/kokaindrogekaufen.com\/nl\/wp-json\/wp\/v2\/product_tag?post=1584"}],"curies":[{"name":"wp","href":"https:\/\/api.w.org\/{rel}","templated":true}]}}