{"id":1625,"date":"2023-06-27T19:20:11","date_gmt":"2023-06-27T18:20:11","guid":{"rendered":"https:\/\/kokaindrogekaufen.com\/?post_type=product&#038;p=1625"},"modified":"2024-12-06T07:29:26","modified_gmt":"2024-12-06T07:29:26","slug":"ab-fubinaca-zu-verkaufen","status":"publish","type":"product","link":"https:\/\/kokaindrogekaufen.com\/nl\/product\/ab-fubinaca-zu-verkaufen\/","title":{"rendered":"VERKOPEN AB-FUBINACA"},"content":{"rendered":"<h2>VERKOPEN AB-FUBINACA<\/h2>\n<p>We hebben om TE VERKOPEN-FUBINACA, de nieuwste synthetische drug die kan dienen als een gecertificeerde en echt succesvol Alternatief voor Cannabis. Terwijl de productie en verkoop van Cannabis in de meeste landen in de wereld zijn illegaal is, is niet onderworpen aan-FUBINACA deze beperkingen. De synthetische drug, AB-FUBINACA is legaal, en je kunt kopen ze direct via het Internet.<\/p>\n<p>RC Chemicali\u00ebn werd opgericht in China, waar we een state of the art fabriek. We waren in staat om te synthetiseren elke chemische verbinding, en onze experts hebben een methode ontwikkeld om het verkrijgen van AB-FUBINACA met een zuiverheid van ongeveer 100%. AB-FUBINACA, echter, is het legaal om het te bezitten, dat is de reden waarom het al lang gebruikt. AB-FUBINACA VOOR VERKOOP<\/p>\n<p>Af en toe, als een synthetische drug. Duidelijk, deze is zeer krachtig, en andere mensen die de voorkeur geven aan het ontwerp medicijnen die verbruikt worden in de laatste tijd. Het is gebleken dat het AB-FUBINACA de Algemene bijwerkingen van de traditionele geneeskunde doet. AB-FUBINACA is in de praktijk niet geschikt voor menselijke consumptie. Het wordt verkocht op enige wijze, en mag niet worden gebruikt in vivo toepassingen. Het is een verkenning van de chemische stof mag alleen worden gebruikt door professionals in de industrie, in de forums of laboratorium-omgeving gebruikt. VERKOPEN AB-FUBINACA<\/p>\n<p>Wij leveren hoge kwaliteit verkenning chemie in de hele wereld. Onze producten zijn afkomstig van de meest toonaangevende laboratoria in de Verenigde Staten van Amerika, dus u kunt er zeker van zijn dat u hebt gekocht chemische stoffen in hun puurste Vorm en in staat zijn om de beste resultaten te behalen. We maken gebruik van de nieuwste wetenschappelijke kennis, om aan te bieden de laagste prijs in de industrie chemische studies. AB-FUBINACA VOOR VERKOOP<\/p>\n<h3>AB-FUBINACA ONLINE KOPEN<\/h3>\n<p>De samenwerking met gerenommeerde leveranciers van studie stoffen zorgt voor uitstekende resultaten in hun experimenten en onderzoeken. De evaluatie van een aanzienlijke en actuele chain actie (PCR) werd uitgevoerd vijf keer in een rat de harten en levers. njectorn \u0435\u043e-nflammatorn \u0435\u0435 hever en pro-nflammatorn \u0435 \u0435 nflammatorn In een tudy, acute AB FUBINACA geproduceerd neurologcal in n man ICR muizen als pontaneou en behandeling van spasmen veroorzaken, hyperreflexie, myoclonus, effect gewijzigd enormotor, en Agressie. AB-FUBINACA VOOR VERKOOP<\/p>\n<p>AB-FUBINACA is niet getest op zijn vermogen om spontaan afbreken trigger in dieren, en het is niet getest op mensen. De maag spier CHMINACA is vergelijkbaar met AB-FUBINACA, een cyclohexyl-groep, een Vier-fluoro-phenyl-groep is vervangen. De fysische en Toxicologische eigenschappen van de stof zijn nog niet bekend. AB-FUBINACA VOOR VERKOOP<\/p>\n<p>Het artikel werd aan onderzoek en wetenschappelijke doeleinden geleverd. De AB-FUBINACA-originele voorbereiding is goedgekeurd en je kunt direct kopen via het Internet. RC Chemische stoffen in China, waar we vestigden onze toestand van het vakmanschap combinatie van office kan worden gevonden. We kunnen combineren met iedere stof, verbinding, en onze experts hebben bedacht een methode voor het verkrijgen van AB-FUBINACA met een immaculateness niveau van bijna 100%. VERKOPEN AB-FUBINACA<\/p>\n<h4>AB-FUBINACA VOOR ONLINE VERKOOP:<\/h4>\n<p>Daarnaast SCs werden in beslag genomen-effectief, als ze werden gecontroleerd door Vaping of intraperitoneale Infusie, zoals in levende wezens door middel van observatie van snelheid, temperatuur, en de farmacokinetiek bevestigd. Door middel van een mengsel van anti-lichaam aanpak, leerden we ook synergetische resultaten op hetzelfde moment ongepolijste twee medicatie klassen. AB-FUBINACA VOOR VERKOOP<\/p>\n<p>De gevaren en de lange termijn Profiteren van de sportieve AB-FUBINACA gebruik niet lijkt te worden in een logische instelling studeerde, en de exacte negatieve effect is nieuw. Dit is te wijten aan het feit dat AB-FUBINACA zo goed als er geen ervaring is met het gebruik van de mensen. Narrative Best\u00e4tigung von den Einzelpersonen, die AB-FUBINACA in der lokalen Leutegruppe versucht haben, schl\u00e4gt vor, da\u00df es nie scheint, irgendwelche negativen Wohl und Wellnessresultate zu sein, die zum einfach Suchen dieses Medikaments in den kleinen zu den direkten Portionen alleine und zum Verwenden es sparsam gutgeschrieben werden (gleichwohl nichts an allem ist gew\u00f6hnlich vollst\u00e4ndig sichergestellt). AB-FUBINACA ZUM VERKAUF<\/p>\n<p>Insgesamt bietet unsere Umfrage eine breite Grundlage f\u00fcr die Gelegenheit von SC-Impfungen. Interaktion und sexuelle Orientierung haben einen erheblichen Einfluss auf die emotionalen Ergebnisse und pharmakologisch-toxikologischen Reaktionen auf Verschreibungen. M\u00e4nner konsumieren h\u00e4ufiger als Frauen praktisch jede Art von illegalen Medikamenten und melden sich wegen kritischer oder t\u00f6dlicher Trunkenheit in schockierenden Krisenabteilungen. AB-FUBINACA ZU VERKAUFEN\u00a0 Bei M\u00e4dchen hingegen ist die Wahrscheinlichkeit, dass sie eine Substanzkonsumst\u00f6rung entwickeln, genauso hoch wie bei M\u00e4nnern, und sie sind m\u00f6glicherweise anf\u00e4lliger f\u00fcr Verlangen und R\u00fcckf\u00e4lle. Klinische und pr\u00e4klinische Studien haben gezeigt, dass sich M\u00e4nner und Frauen schon bald nach der Verabreichung \u201ekonventioneller\u201c Rezepte f\u00fcr den Missbrauch von Drogen entscheidend unterscheiden. AB-FUBINACA ZUM VERKAUF<\/p>\n<p>Diese Situation hat sich in letzter Zeit enorm verfeinert, da die tyrannische visuelle Verlockung der neuen psychoaktiven Substanzen (NPS) als Alternativen zu kontrollierten Arzneimitteln auftaucht. Nichtsdestotrotz wird aufgrund der Entwicklung neuer Substanzen die Liste der von \u00c4rzten empfohlenen kontrollierten Medikamente st\u00e4ndig aktualisiert. AB-FUBINACA ZU VERKAUFEN<\/p>\n<p>\u00dcber die Wirkungsweise dieser Substanzen sowie ihre sch\u00e4dlichen Auswirkungen auf den Menschen und vergleichbare Gegenst\u00e4nde, die nicht nur in der Menge, sondern auch in der Art des zugesetzten Materials variieren k\u00f6nnen, ist wenig bekannt. In j\u00fcngster Zeit wurden gef\u00e4lschte Cannabinoide in Europa mit fl\u00fcchtigen und schweren Rauschzust\u00e4nden in Verbindung gebracht, und trotz des Umfangs der neuen Ma\u00dfnahmen in diesem Bereich, vorw\u00e4rts, um ein Problem zu beschreiben, um Drogen-Strategie Elemente einzuf\u00fchren. AB-FUBINACA ZUM VERKAUF<\/p>\n<p>Bauchmuskel FUBINACA wurde vor kurzem entdeckt, und es ist eine synthetische Verbindung, die als Standard-Ersatz f\u00fcr verschiedene unverf\u00e4lschte Cannabis positiv ausf\u00fcllen k\u00f6nnte. Doch wie bereits erw\u00e4hnt, ist Standard-Cannabis in der Regel illegal in einer unglaublichen Anordnung von L\u00e4ndern auf der ganzen Welt, wo immer in der Welt. AB-FUBINACA ZU VERKAUFEN<\/p>\n<p>Im Juni 2018 wurde eine \u201eUntersuchungsverbindung\u201c mit der Bezeichnung \u201eABFUB7AICA\u201c im Internet entdeckt und als 5FABP7AICA identifiziert, das einfache 7-Azaindol von 5FABPINACA. Wir pr\u00e4sentieren Daten \u00fcber die zugrundeliegende Darstellung, die optimalen Marker f\u00fcr die Verwendung im Urin und die beginnenden pharmakokinetischen Feinheiten darunter. Wegen der hohen Reinheit des Medikaments sollte der K\u00e4ufer es nur in winzigen Dosen einnehmen. AB-FUBINACA ZUM VERKAUF<\/p>\n<h5>DAARNAAST:<\/h5>\n<p>Die durchschnittliche Messung von AB-FUBINACA ist in Milligramm, und eine Ber\u00fchrung von 20 Milligramm AB-FUBINACA wird eine umfassende sichtbare und h\u00f6rbare Sensation bieten. Zur Darstellung der Zusammensetzung wurden die Atomschall-Spektroskopie, die Brennstoff-Chromatographie-Massenspektrometrie, die Infrarot- und die Raman-Spektroskopie eingesetzt. AB-FUBINACA ZUM VERKAUF<\/p>\n<p>Diese synthetischen Substanzen sind deutlich st\u00e4rker als reines Cannabis und haben sich als breitere Agonisten f\u00fcr Cannabinoidrezeptoren erwiesen. Es ist m\u00f6glich, dass einige von ihnen nicht nur unglaublich stark sind, sondern auch eine verl\u00e4ngerte Lebensdauer von 50 % haben, was eine kontinuierliche psychoaktive Wirkung erm\u00f6glicht. Die Wirkung von Cannabis wird durch den Bauchmuskel CHMINACA erzeugt. AB-FUBINACA ZU VERKAUFEN<\/p>\n<p>Pfizer hat das Medikament 2009 als starkes Schmerzmittel entwickelt, aber es wurde noch nie beim Menschen eingesetzt. Dies ist ein Programm I Substanz, die derzeit in den Vereinigten Staaten und bietet eine Bewertung der aktuellen Schreiben \u00fcber die F\u00f6rderung der gef\u00e4lschten Cannabinoide als Substanzen des Missbrauchs, sp\u00e4ten Beispielen von Misshandlung, sowie ihre rechtliche Position, und Verbindung Ordnung. AB-FUBINACA ZUM VERKAUF<\/p>\n<p>&nbsp;<\/p>","protected":false},"excerpt":{"rendered":"<p>AB-FUBINACA ZU VERKAUFEN Wir haben AB-FUBINACA ZU VERKAUFEN, die neueste synthetische Droge, die als zugelassene und wirklich erfolgreiche Alternative zu Cannabis dienen kann. W\u00e4hrend die Herstellung und der Verkauf von Cannabis in den meisten L\u00e4ndern der Welt illegal sind, unterliegt AB-FUBINACA nicht diesen Beschr\u00e4nkungen. Die synthetische Droge AB-FUBINACA ist legal, und man kann sie direkt im Internet kaufen. RC Chemicals wurde in China gegr\u00fcndet, wo wir \u00fcber eine hochmoderne Syntheseanlage verf\u00fcgen. Wir waren in der Lage, jede chemische Verbindung zu synthetisieren, und unsere Experten haben eine Methode entwickelt, um AB-FUBINACA mit einem Reinheitsgrad von etwa 100 Prozent zu erhalten. AB-FUBINACA\u2026<\/p>","protected":false},"featured_media":1644,"comment_status":"open","ping_status":"closed","template":"","meta":{"content-type":""},"product_brand":[],"product_cat":[163],"product_tag":[],"class_list":{"0":"post-1625","1":"product","2":"type-product","3":"status-publish","4":"has-post-thumbnail","6":"product_cat-forschung-chemikalien","8":"first","9":"instock","10":"shipping-taxable","11":"purchasable","12":"product-type-variable"},"_links":{"self":[{"href":"https:\/\/kokaindrogekaufen.com\/nl\/wp-json\/wp\/v2\/product\/1625"}],"collection":[{"href":"https:\/\/kokaindrogekaufen.com\/nl\/wp-json\/wp\/v2\/product"}],"about":[{"href":"https:\/\/kokaindrogekaufen.com\/nl\/wp-json\/wp\/v2\/types\/product"}],"replies":[{"embeddable":true,"href":"https:\/\/kokaindrogekaufen.com\/nl\/wp-json\/wp\/v2\/comments?post=1625"}],"wp:featuredmedia":[{"embeddable":true,"href":"https:\/\/kokaindrogekaufen.com\/nl\/wp-json\/wp\/v2\/media\/1644"}],"wp:attachment":[{"href":"https:\/\/kokaindrogekaufen.com\/nl\/wp-json\/wp\/v2\/media?parent=1625"}],"wp:term":[{"taxonomy":"product_brand","embeddable":true,"href":"https:\/\/kokaindrogekaufen.com\/nl\/wp-json\/wp\/v2\/product_brand?post=1625"},{"taxonomy":"product_cat","embeddable":true,"href":"https:\/\/kokaindrogekaufen.com\/nl\/wp-json\/wp\/v2\/product_cat?post=1625"},{"taxonomy":"product_tag","embeddable":true,"href":"https:\/\/kokaindrogekaufen.com\/nl\/wp-json\/wp\/v2\/product_tag?post=1625"}],"curies":[{"name":"wp","href":"https:\/\/api.w.org\/{rel}","templated":true}]}}