{"id":1659,"date":"2023-06-27T19:20:23","date_gmt":"2023-06-27T18:20:23","guid":{"rendered":"https:\/\/kokaindrogekaufen.com\/?post_type=product&#038;p=1659"},"modified":"2024-11-15T06:09:39","modified_gmt":"2024-11-15T06:09:39","slug":"nembutal-online-kaufen","status":"publish","type":"product","link":"https:\/\/kokaindrogekaufen.com\/nl\/product\/nembutal-online-kaufen\/","title":{"rendered":"NEMBUTAL KOPEN ONLINE"},"content":{"rendered":"<h2>NEMBUTAL KOPEN ONLINE<\/h2>\n<p>Hier en daar, Kopen Nembutal Online, binnen 24 uur, in de Verenigde Staten. Nembutal Poeder is het Design is Framing en het aangepaste beeld en alleen mensen met een oplossing moet echt profiteren van het. De medicatie moet worden bijgebracht nauwelijks een punt aan de vele andere mensen met een Erfenis van de raad van medicijnen of de helling. Tot nu toe, deze specialist is beroemd vanwege het was ongelooflijk voorwaarden vruchtbaar te zijn in het beheer van slaapproblemen of angst. Op eerdere gelegenheden, het was met de strijd van de Rust nodig om bekend te worden.<\/p>\n<p>Door de werkelijkheid, op dit punt, de meeste landen verboden en onderdrukt slaap supplementen, de activa zijn momenteel erg bijzonder. In ieder geval, een ton van de bestemmingen in de wereld, momenteel Nembutal Poeder. Niettemin zou u moeten weten dat Nembutal is Poeder iets dodelijk in Overvloed. Het wordt meestal gebruikt door mensen voor zelf-vernietiging, of euthanasie. Nembutal kopen online<\/p>\n<p>De drug werd waargenomen in de jaren &#039; 60 voor de Monitoring van slaaptekort is het meest comfortabel. Aan de Nembutal Poeder in de wereld van vandaag is niet zo eenvoudig als het vroeger was. De meeste van de global drug in de voorgestelde landen te worden gebruikt om Nembutal herstellen poeder in bulk. Al met al heeft genomen van de leeftijd-vooral enorm, omdat andere verdovende en ruis-achtige, door een arts voorgeschreven medicijnen met minder ongewenste bijwerkingen Nembutal poeder-hebt vervangen. Nembutal kopen online<\/p>\n<h3>NEMBUTAL ONLINE EUROPA KOPEN:<\/h3>\n<p>Therapeutische deskundigen, naast, en is niet geschikt voor de behandeling van epilepsie, en voor een verscheidenheid van toepassingen opgenomen hier. Het gelijktijdige gebruik van de Barbituraten met andere focale onrustige methodologie depressieve middelen moeten worden gebruikt met waakzaamheid, als de sub-gebruik nemen van een overmatige hoeveelheid sedatie, traagheid, evenals in extreme situaties, een toestand van trance, en het verlies van het leven te kunnen verlaten. Kopen Nembutal Online<\/p>\n<p>Nembutal Powder macht den Beginn der Verwaltung Elemente deutlich weniger unglaublich. Sie m\u00fcssen nicht-chemische Geburtenkontrolle Ans\u00e4tze wie Kondome w\u00e4hrend der Anwendung von Pentobarbital zu verwenden, um sicherzustellen, dass Sie nicht schwanger werden. Nembutal-Pulver enth\u00e4lt einen wei\u00dfen Farbton und einen scharfen Geschmack, die den Gebrauch von Feinden von Brechmitteln einschlie\u00dfen, um das Erbrechen zu verhindern, wenn es m\u00fcndlich bei bedeutenden Dosen angezeigt wird. Kaufen Nembutal Online<\/p>\n<p>Wir sind wirklich in der Nembutal Powder Business-Unternehmen f\u00fcr ein paar Jahre an dieser Stelle, und wir bekommen, was genau Sie brauchen f\u00fcr einen Kunden. Wir geben ebenfalls verschiedene Barbiturate taktvoll \u00fcberall. Acquiring Nembutal Pulver von uns ist ganz allein vor einigen anderen setzen. Nembutal-Pulver enth\u00e4lt einen wei\u00dfen Ton und harten Charakter, die die Verwendung von Feinden von Brechmitteln zu vermeiden regurgitating, wenn m\u00fcndlich bei h\u00f6heren Messungen eingef\u00fchrt Anfrage. Kaufen Nembutal Online<\/p>\n<h6>NEMBUTAL ZUM VERKAUF:<\/h6>\n<p>Reach out to us at present and gain more. Bleiben Sie weg von allen Cocktails, wenn Sie Nembutal Pulver f\u00fcr die Behandlung nehmen, au\u00dfer dass Sie es erreichen, um Ihr Leben zu vervollst\u00e4ndigen. Alkohol verst\u00e4rkt die Wirkungen von Nembutal Pulver. Die Einnahme von zu viel ist normalerweise gef\u00e4hrlich. Sie erkennen, dass Sie zu viel eingenommen haben k\u00f6nnten, wenn Sie ausgedehnte Schwellungen, schlaffes oder kraftloses Gef\u00fchl, unzureichendes Pinkeln oder insgesamt weniger davon, tr\u00e4ge oder schnelle Herzfrequenz, Ohnmacht, schwachen Herzschlag und schl\u00e4frige Atmung bemerken. Nembutal online kaufen<\/p>\n<p>Es ist ein zuverl\u00e4ssiges Barbiturs\u00e4urepr\u00e4parat f\u00fcr vors\u00e4tzliche Ausrottung, es vermittelt mehrere ruhige und m\u00fchelose Verlust der Existenz mit praktisch keine Entt\u00e4uschungen in den kleinsten Grad. Abgesehen davon, dass es gibt ein Konto von scheinbar lethargisch oder qu\u00e4lenden Passagen mit Nembutal in Reserven Disziplin, Dies k\u00f6nnte wegen der falschen Organisation der entsprechenden Dosierung werden. Nembutal online kaufen<\/p>\n<p>Nembutal Puder, die Barbiturs\u00e4urepr\u00e4parate sind nichtselektive fokale unruhige Methode depressants, die zu einem gro\u00dfen Teil als beruhigende hypnotics und Anticonvulsants in den sub hypnotic Dosen angewendet werden. Nembutal Powder ist f\u00fcr die Rahmung und Gewohnheitsbildung und nur diejenigen mit einem Heilmittel brauchen, um es zu benutzen. Ungeachtet des Falles, dass Sie ein gl\u00e4nzender neuer oder m\u00f6glicherweise ein wiederkehrender Kunde sind, haben wir Sie aufgereiht. Nembutal online kaufen<\/p>\n<h5>KAUFEN NEMBUTAL ONLINE DEUTSCHLAND :<\/h5>\n<p>F\u00fcr unber\u00fchrte Kunden, die nicht in Bezug auf Barbiturate erzogen werden, haben wir einen Stab von erfahrenen und Master-Vertreter, die sie von der gesamten Strategie f\u00fcr den Kauf und die Verwendung der Medikamente manuell. Sollten Sie die Selbstzerst\u00f6rungserg\u00e4nzungen in den Gelatinebeh\u00e4ltern erhalten, stellen Sie sicher, dass Sie jeden der F\u00e4lle herausnehmen. Die prim\u00e4re Erkl\u00e4rung ist es, ihre Assimilation zu beschleunigen denken, dass Sie sollten sie gegenseitig als Bestandteil Ihres Bauches bunching vorgebeugt haben. Kaufen Nembutal Online<\/p>\n<p>Hier sind viele Umfragen von Personen, die gewinnbringend beschafft haben Nembutal Powder und andere Menschen, die nicht haben. In den vergangenen Jahren, als Ergebnis der Expansion in der Menge der Menschen besorgt zu kaufen Nembutal Pulver aus Mexiko, die Spezialisten haben ihre Leitlinien, die es h\u00e4rter zu kaufen Nembutal Pulver in Mexiko geplant haben, festgelegt. Nembutal online kaufen<\/p>\n<p>Normalerweise stellen Sie sicher, dass Sie in einem Raum, dass ein geliebter nur ein oder eine Person, die m\u00f6glicherweise Vorsicht Autorit\u00e4t kann nicht in ein paar Stunden gehen, wenn es eine St\u00f6rung kann m\u00f6glicherweise zu einer Bombe Selbstzerst\u00f6rung bem\u00fchen. Nach Untersuchungen \u00fcber Spezies, das Fenster der Schw\u00e4che zu diesen Sorten gilt als zu \u00d6ffnungen w\u00e4hrend des dritten Trimesters des Wachstums in der, um mit, eine erhebliche Anzahl eine lange Zeit des Lebens beginnen, kann jedoch bis etwa drei\u00dfig Jahre alt genug in Menschen strecken. Kaufen Nembutal Online<\/p>\n<p>Phenobarbital Powder wird weiterhin angezeigt, um die Halbwertszeit von Doxycyclin f\u00fcr so lange Zeit wie zwei Monate nach Barbiturat Behandlung gestoppt wird abzuk\u00fcrzen. Dieser Rahmen ist h\u00f6chstwahrscheinlich durch die Annahme von hepatischen mikrosomalen Verbindungen, die das antimikrobielle verarbeiten. Da es wirklich einfach war, zu viel Nembutal-Pulver einzunehmen (egal ob zuf\u00e4llig oder absichtlich), wurde es so gut wie \u00fcberall aus dem Handel genommen und durch sicherere Schlafmittel ersetzt. Nembutal online kaufen<\/p>\n<h4>NEMBUTAL ONLINE ZU VERKAUFEN:<\/h4>\n<p>Nembutal Powder wurde 1998 aus dem australischen empfohlenen Plan entfernt. Das Medikament sollte auf keinen Fall an andere Menschen weitergegeben werden, insbesondere nicht an Menschen mit einer Vorgeschichte von Drogenmissbrauch oder Abh\u00e4ngigkeit. Das Medikament ist trotzdem noch in einigen wenigen L\u00e4ndern auf der ganzen Welt grunds\u00e4tzlich zur Euthanasie von Lebewesen zugelassen. Nembutal online kaufen<\/p>\n<p>In Forschungseinrichtungen wird das Medikament ausschlie\u00dflich zur therapeutischen Abkl\u00e4rung eingesetzt, zum Beispiel zur Sedierung und Beruhigung. Nembutal Powder k\u00f6nnte auf Framing und gewohnheitsbildende und Einzelpersonen und nicht nutzen ein Heilmittel darf es nicht beschaffen. So sollten Sie nicht Nembutal Puder zu anderen besonders weitergeben, wenn sie einen Satz des Mittelmissbrauchs haben. Alle Barbiturs\u00e4urepr\u00e4parate haben unbequeme Nebeneffekte. Kaufen Sie Nembutal Online<\/p>\n<p>Einige k\u00f6nnen moderat sein, w\u00e4hrend andere kritisch sind. Wahrscheinlich ist die weiteste und breite Wirkung von Barbituraten Neigung. F\u00fcr den Fall, dass Sie die Einnahme von Nembutal Pulver f\u00fcr eine umfangreiche, k\u00f6nnen Sie aller Wahrscheinlichkeit nach sicher Entzug Zeichen und Anzeichen jedes Mal, wenn Sie aufh\u00f6ren, die Nutzung dieser Droge. Holen Sie sich erschreckende Krise kompetente klinische Unterst\u00fctzung auf gut Gl\u00fcck, dass Sie akzeptieren, sie haben eine unangemessene Ma\u00dfnahme dieser Medikamente. Kaufen Sie Nembutal Online<\/p>\n<h5>DAARNAAST:<\/h5>\n<p>Die Einnahme von zu viel Nembutal-Pulver k\u00f6nnte au\u00dfergew\u00f6hnlich sein. Sie erkennen, dass Sie zu viel eingenommen haben k\u00f6nnten, wenn Sie ausgedehnte Studien, schlaffe oder kraftlose Neigung, ungen\u00fcgendes Pinkeln oder bedeutend weniger davon, schl\u00e4frig oder schnelles koronares Herzniveau, ohnm\u00e4chtig, schwachen Herzschlag, und langsame Atmung bemerken. Nembutal online kaufen<\/p>\n<p>&nbsp;<\/p>","protected":false},"excerpt":{"rendered":"<p>NEMBUTAL ONLINE KAUFEN Hier und da, Buy Nembutal Online innerhalb von 24 Stunden in den USA. Nembutal Powder ist Design Framing und gewohnheitsbildende und nur Menschen mit einer L\u00f6sung sollte wirklich nutzen es. Die Medikation sollte kaum an irgendeinem Punkt zu den zahlreichen anderen besonders Einzelpersonen vermittelt werden, indem man eine Legacy der handhabenden Medikationen oder der Neigung verwendet. Bis jetzt war dieser Spezialist ber\u00fchmt, weil es unglaublich fruchtbar bei der Bew\u00e4ltigung von Ruheproblemen oder Angstzust\u00e4nden war. Bei vergangenen Gelegenheiten wurde es mit Kampf Rest N\u00f6te bekannt. Aufgrund der Realit\u00e4t dann, an diesem Punkt, die meisten L\u00e4nder haben verboten und\u2026<\/p>","protected":false},"featured_media":1678,"comment_status":"open","ping_status":"closed","template":"","meta":{"content-type":""},"product_brand":[],"product_cat":[163],"product_tag":[],"class_list":{"0":"post-1659","1":"product","2":"type-product","3":"status-publish","4":"has-post-thumbnail","6":"product_cat-forschung-chemikalien","8":"first","9":"instock","10":"shipping-taxable","11":"purchasable","12":"product-type-variable"},"_links":{"self":[{"href":"https:\/\/kokaindrogekaufen.com\/nl\/wp-json\/wp\/v2\/product\/1659"}],"collection":[{"href":"https:\/\/kokaindrogekaufen.com\/nl\/wp-json\/wp\/v2\/product"}],"about":[{"href":"https:\/\/kokaindrogekaufen.com\/nl\/wp-json\/wp\/v2\/types\/product"}],"replies":[{"embeddable":true,"href":"https:\/\/kokaindrogekaufen.com\/nl\/wp-json\/wp\/v2\/comments?post=1659"}],"wp:featuredmedia":[{"embeddable":true,"href":"https:\/\/kokaindrogekaufen.com\/nl\/wp-json\/wp\/v2\/media\/1678"}],"wp:attachment":[{"href":"https:\/\/kokaindrogekaufen.com\/nl\/wp-json\/wp\/v2\/media?parent=1659"}],"wp:term":[{"taxonomy":"product_brand","embeddable":true,"href":"https:\/\/kokaindrogekaufen.com\/nl\/wp-json\/wp\/v2\/product_brand?post=1659"},{"taxonomy":"product_cat","embeddable":true,"href":"https:\/\/kokaindrogekaufen.com\/nl\/wp-json\/wp\/v2\/product_cat?post=1659"},{"taxonomy":"product_tag","embeddable":true,"href":"https:\/\/kokaindrogekaufen.com\/nl\/wp-json\/wp\/v2\/product_tag?post=1659"}],"curies":[{"name":"wp","href":"https:\/\/api.w.org\/{rel}","templated":true}]}}