{"id":1665,"date":"2023-06-27T19:20:23","date_gmt":"2023-06-27T18:20:23","guid":{"rendered":"https:\/\/kokaindrogekaufen.com\/?post_type=product&#038;p=1665"},"modified":"2023-08-07T08:26:44","modified_gmt":"2023-08-07T07:26:44","slug":"pseudoephedrin-online-kaufen","status":"publish","type":"product","link":"https:\/\/kokaindrogekaufen.com\/nl\/product\/pseudoephedrin-online-kaufen\/","title":{"rendered":"PSEUDO-EFEDRINE KOPEN ONLINE"},"content":{"rendered":"<h2>PSEUDO-EFEDRINE KOPEN ONLINE<\/h2>\n<p>In first-line pseudo-efedrine kopen Online tegen zeer lage prijzen. Pseudo-efedrine HCL kan worden uitgescheiden in de moedermelk en de Baby van de schade. Gebruik pseudo-efedrine HCL zonder overleg met uw arts. Als u borstvoeding een kind. Verkoudheid die pseudo-efedrine bevatten, zijn alleen nog verkrijgbaar aan de kassa. Oplossingen die alleen pseudo-efedrine bevatten als werkzame stof, die moet worden bewaard achter de apotheek teller.<\/p>\n<p>Pseudo-efedrine is beschikbaar in een breed scala van merken en vormen. Lees de dosering aanbevelingen voor elk product aandachtig door, omdat van de pseudo-efedrine inhoud, afhankelijk van het product en de oplossing verschillend zijn. Neem niet meer pseudo-efedrine is dan aanbevolen. Producten die pseudo-efedrine bevatten, andere geneesmiddelen, moet worden opgeslagen in de kasten, maar alleen in de drogisterij verkoopt bij een apotheker aanwezig is.<\/p>\n<p>Mensen moeten kunnen tonen van een identiteitsbewijs met foto te koop pseudo-efedrine bevattende producten, en de hoeveelheid pseudo-efedrine dat gekocht kan worden, is verboden. Bovendien, de winkels, sommige kopers nodig hebben om informatie op te slaan gedurende ten minste twee jaar. U gaat naar uw medisch Adviseur.<\/p>\n<p>Als fenylefrine niet verminderen uw klachten, kunt u proberen om de twee tot drie uur na de laatste dosis van pseudo-efedrine. Uit bezorgdheid dat, als gevolg daarvan, het legale gebruik van de drug zou worden beperkt, probeerde de lobbyisten van de fabrikanten van niet-receptplichtige geneesmiddelen, om de wetgeving, het geval, en nam in alle chemische Verbindingen die werden goedgekeurd als een eindproduct in het kader van uw beleid, met inbegrip van Sudafed. Pseudo-efedrine kopen online<\/p>\n<h3>PSEUDO-EFEDRINE TE KOOP:<\/h3>\n<p>Er is geen wetenschappelijk verschil in de decongestivum effect. Echter, de vasoconstrictie van invloed op de bloedvaten in de neus, de sinussen en de neus. Zodra de EPS is gebonden aan de hars in de waterontharder, het kan gebruikt worden met een mengsel van oplosmiddelen verwijderd, zolang de ionen make-up voor een aanzienlijk deel van het water. oplosmiddel. Pseudo-efedrine kopen online<\/p>\n<p>Pseudo-efedrine is een efedrine-Diastereomer, de iets minder methamfetamine, of wordt geoxideerd tot Methcathinon kan worden. Spoelen met gedestilleerd water, vervolgens met een mengsel van Methanol en vervolgens met gedestilleerd water heeft altijd bewezen effectief. De hars moet uitzien. De drug is over het algemeen behulpzaam zijn bij de behandeling van nasale congestie als gevolg van allergische reacties of een typische koude. Pseudo-efedrine kopen online<\/p>\n<p>Pseudo-efedrine kan ook worden gebruikt voor de behandeling van nasale congestie, sinus, en spanning gebruikt. Pseudo-efedrine werken van alpha-adrenerge receptoren worden gestimuleerd in de neus en bijholten voeringen, die vernauwen de bloedvaten, de afvoer van Vocht uit de bloedvaten en de ontsteking wordt verminderd verminderd. Pseudo-efedrine kopen online<\/p>\n<p>Pseudo-efedrine HCL kan worden uitgescheiden in de moedermelk en het kind te schaden. Gebruik geen pseudo-efedrine HCL zonder eerst overleg met uw arts. Als u borstvoeding een kind. Het helpt bij het verlichten van verstoppingen in de neus en paranasal sinussen. Deze medicijnen zijn ook nasale decongestiva. Je zal kort gebruikt om constipatie te verlichten en de druk in de sinussen en de neus door verkoudheid, hooikoorts of andere Allergie symptomen. Pseudo-efedrine kopen online<\/p>\n<h4>PSEUDO-EFEDRINE KOPEN ONLINE USA:<\/h4>\n<p>Check out deze vergelijking tussen de pseudo-efedrine en fenylefrine, om het gemakkelijker maken om te Ademen. Deze medicijnen zijn ook nasale decongestiva. Ze worden gebruikt voor een korte periode van tijd om te verlichten de verkoudheid, hooikoorts of andere Allergie symptomen veroorzaakt door obstructie van de paranasal sinussen en de neusholte. Pseudo-efedrine kopen online<\/p>\n<p>Hoewel pseudo-efedrine treedt op als een natuurlijke Alkalo\u00efde in bepaalde plantensoorten (bijvoorbeeld, als een bestanddeel van uittreksels uit de als Ma Huang, bekend Ephedra-type, waar het zich voordoet samen met andere efedrine isomeren), de overgrote meerderheid van de voor industri\u00eble doeleinden-geproduceerd pseudo-efedrine door gist fermentatie van Glucose in de aanwezigheid van benzaldehyde. Pseudo-efedrine kopen online<\/p>\n<p>Gespecialiseerd giststammen (meestal Candida of Saccharomyces cerevisiae) te worden opgenomen in de grote bloedvaten, het drinken van water, glucose, en het enzym pyruvaat Decarboxylase. Pseudo-efedrine Hcl poeder wordt gebruikt voor de kortdurende behandeling van bronchiale Astma symptomen, zoals kortademigheid, beklemming op de borst en een piepende ademhaling. Pseudo-efedrine kopen online<\/p>\n<h5>U KUNT PSEUDO-EFEDRINE KOPEN ONLINE IN AUSTRALI\u00cb:<\/h5>\n<p>Pseudo-efedrine wordt uitgescheiden in de moedermelk. U moet bespreken voor het geven van borstvoeding de risico &#039; s en Voordelen met uw arts. Andere ziekten kunnen profiteren van efedrine, hoe uw arts bepaalt. Eerder efedrine poeder voor de behandeling van ademhalingsproblemen, astma bronchiale, en nasale zwelling\/blokkades werd gebruikt door verkoudheid of allergische reacties. Pseudo-efedrine kopen online<\/p>\n<p>Pseudo-efedrine poeder is een recept medicatie voor de verlichting van ademhalingsproblemen, is in de Verenigde Staten beschikbaar zijn op onze Website. Een Maximum van drie keer 25 mg efedrine HCL per dag wordt aanbevolen voor het verwijderen voor een succesvolle vet. Een hogere dosis is gewoon niet aan te raden, omdat het superieur is. Pseudo-efedrine kopen online<\/p>\n<p>Het verbranden van vet vereist een Plek of kan leiden tot een aantal vervelende bijwerkingen. Het gebruik van pseudo-efedrine HCL heeft een breed scala van medische effecten. Het wordt veelal gebruikt als een luchtwegverwijder voor de behandeling van bronchiale Astma symptomen, zoals kortademigheid, piepende ademhaling, hoesten en benauwdheid op de borst. Het wordt ook gebruikt met wisselend succes voor de behandeling van hypotensie en nasale verstopping. Pseudo-efedrine kopen online<\/p>\n<p>De duur kan worden verlengd met dit aanbod tot een maximum van twaalf maanden; anders is het lange-termijn inname van negatieve gevolgen. Hoewel pseudo-efedrine HCL is niet een oplossing voor de lange termijn te verliezen van overtollig gewicht, het is ideaal voor het begin van een dieet-programma, als u zijn zeer hongerig. Bodybuilders zijn het gebruik van efedrine HCL voor ongeveer 6 tot 8 maanden voor een Wedstrijd, als een dieet voor de wedstrijd, dus dat pseudo-efedrine HCL voor verkoop. Pseudo-efedrine kopen online<\/p>\n<h4>PSEUDO-EFEDRINE POEDER, KOPEN ONLINE:<\/h4>\n<p>Pseudo-efedrine behoort tot een klasse van receptplichtige geneesmiddelen genaamd nasale Decongestiva bekend. Deze medicijnen ontspannen de spieren in de luchtwegen en de neusholte, zodat er meer lucht kan circuleren. Van hoger dan de aanbevolen dosis, vooral bij vrouwen, is het niet aan te raden, omdat de voorbereiding is dus onverenigbaar dan bij mannen. Voor pseudo-efedrine Hcl en andere merken die drugs gebruikt wordt in de regel een gelijkwaardige generieke product dat is aanzienlijk goedkoper. Pseudo-efedrine kopen online<\/p>\n<p>Pseudo-efedrine Hcl poeder is het meest waarschijnlijk een van de vier energie-componenten van ephedra kruid. Het is vet kan leiden tot afbraak, door het verhogen van de hoeveelheid vet, die staat voor benzine, evenals de warmte wordt verbruikt. Het werd gebracht in verband met dit verhoogt de snelheid van de stofwisseling bij de mens door tot 5%. Voor de verlichting van constipatie, pseudo-efedrine is een veilige en effectieve werkzame stof die is opgenomen in de meest koude, Allergie en sinus medicijnen.<\/p>\n<p>Hoewel deze geneesmiddelen worden genomen elk jaar door meer dan achttien miljoen Amerikaanse gezinnen, het kan PSE worden ook gebruikt voor de illegale vervaardiging van methamfetamine. In De Zon pseudo-efedrine HCl is een synthetische Versie van efedrine. Nogmaals, Ephedra-extract en efedrine alkalo\u00efden zijn geproduceerd van nature in planten, terwijl efedrine HCl wordt geproduceerd in een laboratorium. Pseudo-efedrine kopen online<\/p>\n<h4>MEER:<\/h4>\n<p>En niet te vergeten het feit dat pseudo-efedrine HCL heeft een aantal medische toepassingen. Pseudo-efedrine, ook wel bekend als pseudo-efedrine, hydrochloride, is een bestrijding van de congestie betekent de bevrijding in het geval van een verkoudheid of een verstopte neus, de neus en de sinussen. Pseudo-efedrine kopen online<\/p>\n<p>Als u allergisch bent voor pseudo-efedrine, vertel uw arts of apotheker voordat u het gebruikt. Als u nog andere allergie\u00ebn, laat het ons weten. meer info, raadpleeg dan uw arts, als u al negatieve reacties op andere sympathicomimetische middelen (waaronder efedrine en fenylefrine). Uw dosering zal worden bepaald door uw leeftijd, uw conditie en uw reactie op de procedure. Pseudo-efedrine kopen online<\/p>\n<p>Niet verhogen van uw dosis of neem deze medicatie vaker dan voorgeschreven. Gebruik niet meer van dit medicijn dan uw leeftijd is aanbevolen. Pseudo-efedrine wordt gebruikt om de behandeling van bronchiale astma symptomen, zoals kortademigheid, beklemming van de borst, kortademigheid en een piepende ademhaling.<\/p>","protected":false},"excerpt":{"rendered":"<p>PSEUDOEPHEDRIN ONLINE KAUFEN In erster Linie kaufen Pseudoephedrin Online zu sehr niedrigen Preisen. Pseudoephedrin HCL kann in die Muttermilch \u00fcbergehen und dem Baby schaden. Verwenden Sie Pseudoephedrin HCL nicht ohne vorherige R\u00fccksprache mit Ihrem Arzt. Wenn Sie ein Kind stillen. Erk\u00e4ltungsmittel, die Pseudoephedrin enthalten, sind nur an der Kasse erh\u00e4ltlich. L\u00f6sungen, die nur Pseudoephedrin als arzneilich wirksamen Bestandteil enthalten, sollten hinter dem Apothekentresen aufbewahrt werden. Pseudoephedrin gibt es in einer Vielzahl von Marken und Formen. Bitte lesen Sie die Dosierungsempfehlungen f\u00fcr jedes Produkt sorgf\u00e4ltig durch, da der Pseudoephedrin-Gehalt je nach Produkt und L\u00f6sung unterschiedlich sein kann. Nehmen Sie nicht mehr\u2026<\/p>","protected":false},"featured_media":1679,"comment_status":"open","ping_status":"closed","template":"","meta":{"content-type":""},"product_brand":[],"product_cat":[163],"product_tag":[],"class_list":{"0":"post-1665","1":"product","2":"type-product","3":"status-publish","4":"has-post-thumbnail","6":"product_cat-forschung-chemikalien","8":"first","9":"instock","10":"shipping-taxable","11":"purchasable","12":"product-type-variable"},"_links":{"self":[{"href":"https:\/\/kokaindrogekaufen.com\/nl\/wp-json\/wp\/v2\/product\/1665"}],"collection":[{"href":"https:\/\/kokaindrogekaufen.com\/nl\/wp-json\/wp\/v2\/product"}],"about":[{"href":"https:\/\/kokaindrogekaufen.com\/nl\/wp-json\/wp\/v2\/types\/product"}],"replies":[{"embeddable":true,"href":"https:\/\/kokaindrogekaufen.com\/nl\/wp-json\/wp\/v2\/comments?post=1665"}],"wp:featuredmedia":[{"embeddable":true,"href":"https:\/\/kokaindrogekaufen.com\/nl\/wp-json\/wp\/v2\/media\/1679"}],"wp:attachment":[{"href":"https:\/\/kokaindrogekaufen.com\/nl\/wp-json\/wp\/v2\/media?parent=1665"}],"wp:term":[{"taxonomy":"product_brand","embeddable":true,"href":"https:\/\/kokaindrogekaufen.com\/nl\/wp-json\/wp\/v2\/product_brand?post=1665"},{"taxonomy":"product_cat","embeddable":true,"href":"https:\/\/kokaindrogekaufen.com\/nl\/wp-json\/wp\/v2\/product_cat?post=1665"},{"taxonomy":"product_tag","embeddable":true,"href":"https:\/\/kokaindrogekaufen.com\/nl\/wp-json\/wp\/v2\/product_tag?post=1665"}],"curies":[{"name":"wp","href":"https:\/\/api.w.org\/{rel}","templated":true}]}}