{"id":1688,"date":"2023-06-27T19:20:32","date_gmt":"2023-06-27T18:20:32","guid":{"rendered":"https:\/\/kokaindrogekaufen.com\/?post_type=product&#038;p=1688"},"modified":"2024-10-21T08:06:45","modified_gmt":"2024-10-21T07:06:45","slug":"crystal-meth-zu-verkaufen","status":"publish","type":"product","link":"https:\/\/kokaindrogekaufen.com\/nl\/product\/crystal-meth-zu-verkaufen\/","title":{"rendered":"VERKOPEN CRYSTAL METH"},"content":{"rendered":"<h2>VERKOPEN CRYSTAL METH:<\/h2>\n<p>Ook hier zijn wij de grootste aanbieder van Crystal Meth, en we hebben om te verkopen Crystal Meth. Crystal methamphetamine wordt afgekort als methamfetamine. Onze Missie is om de meest uitgebreide lijn van de opname \/ ADHD medicijnen, pijnstillers, antidepressiva en andere analytische stof producten, met een focus op hun eigen bijzondere, buitengewone waarde. en buitengewone, evenals onze uitzonderlijke klantenservice<\/p>\n<p>Crystal Meth is een wit kristallijn drug die wordt verkregen door het Snuiven, Roken van sigaretten, of een injectie met een naald. Crystal Meth is ontdekt in 1893 en bestaat in twee vormen: Levo-methamfetamine en Dextro-methylamfetamine. De term &#034;Crystal Meth&#034; verwijst naar een specifieke chemische, de racemisch vrije Base is bekend, en een 1:1 mengsel van Levomethamphetamin en dextro methamfetamine in hun zuivere Amine vormen.<\/p>\n<p>Methamfetamine is niet aanbevolen voor mensen die een voorgeschiedenis van aandoeningen van het apparaat is in gebruik, hart problemen, kritisch angst of paniek, of aderverkalking, glaucoom, hyperthyreo\u00efdie, of ernstige hypertensie lijden. Mensen die hebben gereageerd in het verleden naar andere stimulerende middelen allergisch bent of momenteel monoamine oxidase-remmers, dient te worden vermeden, volgens de FDA op methamfetamine. Veel mensen maken gebruik van Crystal Meth mondeling. Crystal Meth voor verkoop<\/p>\n<h3>CRYSTAL METH ONLINE TE KOPEN:<\/h3>\n<p>M\u00e4nner und Frauen jeden Alters konsumieren Crystal Meth, aber am h\u00e4ufigsten wird es als Clubdroge konsumiert, auch wenn sie nachts feiern. Methamphetamin ist eine illegale Droge, die in dieselbe Kategorie wie Kokain und andere fantastische Stra\u00dfendrogen geh\u00f6rt. Es hat mehrere Spitznamen, von denen die gebr\u00e4uchlichsten Methamphetamin, Crank, Kreide und Speed sind. Crystal Meth (N-Methylamphetamin) wird in erster Linie als Freizeitdroge verwendet und kann ein starkes Stimulans f\u00fcr das zentrale Nervensystem (ZNS) sein. Weniger h\u00e4ufig wird es als Zweitlinientherapie bei ADHS und Fettleibigkeit eingesetzt. <a href=\"https:\/\/kokaindrogekaufen.com\/nl\/product\/crack-kokain-zu-verkaufen\/\">Crystal-Meth<\/a> zum Verkauf<\/p>\n<p>Methamphetamin wird nicht f\u00fcr Personen empfohlen, die eine Vorgeschichte von St\u00f6rungen des Ger\u00e4tegebrauchs, Herzproblemen, kritischer Unruhe oder Panik haben oder die an Arteriosklerose, Glaukom, Hyperthyreose oder schwerem Bluthochdruck leiden. Menschen, die in der Vergangenheit auf andere Stimulanzien \u00fcberempfindlich reagiert haben oder derzeit Monoaminoxidase-Hemmer einnehmen, sollten laut FDA auf Methamphetamin verzichten. Viele Menschen konsumieren Crystal Meth auch oral. Crystal-Meth zum Verkauf<\/p>\n<p>Der Verkauf von Crystal Meth erh\u00f6ht den Spiegel des Neurotransmitters Dopamin im Gehirn, indem gro\u00dfe Mengen dieser Chemikalie entnommen werden. Dopamin ist an Belohnung, Erregung, Zufriedenheit und motorischen F\u00e4higkeiten beteiligt. Crystal-Meth ist auch in Tablettenform erh\u00e4ltlich. Crystal Meth kann, wie bereits erw\u00e4hnt, geschnupft, geraucht oder injiziert werden. Crystal Meth zu verkaufen<\/p>\n<h3>CRYSTAL METH VOOR ONLINE VERKOOP:<\/h3>\n<p>Crystal Meth, meestal vergeet niet in de dikke, voor de hand liggende kristallen gerookt, het ijs. Methamfetamine kan fragmenten in de Vorm van blootgestelde de Crystal-of de blauw-witte sluier zijn stenen gevonden. Het wordt vaak aangeduid als &#034;ice&#034; of &#034;Drinken&#034; en is nog steeds een populaire partydrug. In het geval van langdurig gebruik kan leiden tot symptomen van ernstige ontwenningsverschijnselen, de stop op de terugtrekking tijd is lang, soms zelfs tot een jaar, sinds methamfetamine is van invloed op de dopamine neuronen, neuro-toxisch. Crystal Meth voor verkoop<\/p>\n<p>Aufgrund seiner stark anregenden und aufputschenden Wirkung sowie seiner hemmenden Wirkung auf die Entladung k\u00f6nnen diese sexuellen Erfahrungen bei wiederholtem Konsum mehr als einmal \u00fcber einen langen Zeitraum hinweg auftreten. Crystal Meth kann dazu beitragen, eine Person w\u00e4hrend der Ruhephase wach zu halten, ein Zustand, der ungew\u00f6hnliche Tagesm\u00fcdigkeit verursacht. Crystal-Meth zum Verkauf<\/p>\n<p>Crystal Meth is ook gebruikt in decongestivum neus, tablets en bronchiale inhalator. De drug wordt gereset samen. Er zijn een aantal essenti\u00eble onderdelen, en diverse gespecialiseerde capaciteiten. De mensen hebben van een medicijn dat is zowel verbazingwekkend als kosten-effectief, na het rendement strategie is zeer uitgebreid. Verkopen Crystal Meth<\/p>\n<h4>VERKOPEN CRYSTAL METH DUITSLAND :<\/h4>\n<p>Es wurde festgestellt, dass der Konsum von Crystal Meth sowohl bei HIV-positiven als auch bei r\u00e4tselhaften regul\u00e4ren Komplizen generell mit einer erh\u00f6hten H\u00e4ufigkeit von ungesch\u00fctztem Geschlechtsverkehr verbunden ist, ein Zusammenhang, der bei HIV-positiven Personen noch deutlicher wurde. Die zugeh\u00f6rige Studie bezog sich nur auf Amphetamin, nicht auf Crystal-Meth; dennoch wird diese Aussage in diesem Artikel aufgrund der \u00c4hnlichkeiten in der Pharmakodynamik und den <a href=\"https:\/\/kaufenxanax.com\/\" target=\"_blank\" rel=\"noopener\">Folgen<\/a> von Amphetamin und Crystal-Meth aufgenommen. Crystal-Meth zum Verkauf<\/p>\n<p>Diese Ergebnisse deuten darauf hin, dass der Konsum von Crystal Meth und die Beteiligung an ungesch\u00fctztem Geschlechtsverkehr mit dem Hintern zusammen auftretende Risikopraktiken sind, Praktiken, die das Risiko einer HIV-\u00dcbertragung unter schwulen und sexuell offenen erwachsenen M\u00e4nnern erh\u00f6hen k\u00f6nnen. Crystal Meth ist eine Droge, die wie ein Energizer wirkt. Das Medikament erreicht schnell h\u00f6here Konzentrationen im Gro\u00dfhirn, wo es die Aussch\u00fcttung von Dopamin und Noradrenalin stimuliert. Crystal-Meth zum Verkauf<\/p>\n<p>Extreme Verlangen voor methamfetamine treedt ook op tijdens de terugtrekking, gaat het snel. Het Verlangen naar methamfetamine tijdens de intrekking lijkt te zijn met de mate van Depressie te worden in verband met, de persoon ervaart. Bij veel verslaafden onderkennen de verwoestende gevolgen van de drug voor je lichaam, is het vaak te laat om te herstellen en terug te keren naar de normale gezondheid en welzijn. Verkopen Crystal Meth<\/p>\n<h4>VERKOPEN METHAMFETAMINE EUROPA:<\/h4>\n<p>Einige langfristige Vernichtung tritt auf unbestimmte Zeit. Kennen Sie die Zeichen der Umkehrung von Energizer professionell verschriebenen Medikamente, zum Beispiel, Crystal-Meth, weil eine betr\u00e4chtliche Anzahl von uns, die beginnen, diese Drogen zu missbrauchen erwerben mehr als die Niederlage Marker beginnen zu setzen in. Es wird wegen seines Misshandlungspotenzials nur selten empfohlen und ist in der Regel F\u00e4llen von kritischen Gewichtsproblemen oder ADHS vorbehalten, bei denen alle anderen Behandlungsm\u00f6glichkeiten ausgesch\u00f6pft wurden. Crystal-Meth zu verkaufen<\/p>\n<p>Dies f\u00fchrt zu Fressattacken, die einen t\u00f6dlichen Exzess oder eine langfristige Sch\u00e4digung des Gro\u00dfhirns und der Konstitution verursachen k\u00f6nnen. Nicht alle S\u00fcchtigen erleben diese Auswirkungen, und es gibt keine genaue Zeitspanne, in der diese Auswirkungen auftreten. Bei einigen Klienten tritt sie auf, sobald sie zum ersten Mal Crystal Meth konsumieren, bei anderen wiederum nicht. In jedem Fall kann Crystal-Meth eine ganze Zeit lang wirken. Es verbleibt im K\u00f6rper, ohne ver\u00e4ndert zu werden. Crystal-Meth zum Verkauf<\/p>\n<p>Meth verbleibt l\u00e4nger im Gehirn als Kokain, so dass die Wirkung des Medikaments l\u00e4nger anh\u00e4lt. Sowohl Crystal-Meth als auch Kokain bewirken einen Anstieg des Dopaminspiegels, aber der Dopaminspiegel ist beim Meth-Konsum ausgepr\u00e4gter, weil die Schritte in den Nervenzellen unverkennbar sind. Crystal-Meth zum Verkauf<\/p>\n<p>Ungeziefer kann sich \u00fcberall am K\u00f6rper ansiedeln, aber am h\u00e4ufigsten treten sie in der N\u00e4he des Brustkorbs und der Oberarme auf. Visualisierungen und Halluzinationen geh\u00f6ren zu den Nebenwirkungen des Meth-Konsums. Dies gibt jemandem den Eindruck, dass Ungeziefer unter seiner Haut kriecht und ihn dazu bringt, sich zu kratzen, was zu Wunden f\u00fchrt. Crystal-Meth zum Verkauf<\/p>\n<h5>MEER:<\/h5>\n<p>Diese Wunden k\u00f6nnen verunreinigt werden. Eine andere Erkl\u00e4rung f\u00fcr die Verletzungen ergibt sich aus der F\u00e4higkeit des menschlichen K\u00f6rpers, Crystal-Meth-Medikamente als sch\u00e4dlich zu erkennen und sie \u00fcber die Poren aus dem K\u00f6rper zu entfernen. Wenn es mit der \u00e4u\u00dferen Schicht der Poren und der Haut in Ber\u00fchrung kommt, bilden sich pickelartige Beulen. Das spezifische Sortiment von Crystal-Meth k\u00f6nnte man als begrenzt bezeichnen. Crystal-Meth zum Verkauf<\/p>\n<p>Das Medikament ist erschwinglich und sorgt f\u00fcr ein schnelles, starkes High, was es ideal f\u00fcr Kunden macht. Der lockere Gebrauch von Crystal-Meth kann schnell zur Abh\u00e4ngigkeit und zu einer Reihe von erheblichen gesundheitlichen und sozialen Problemen f\u00fchren. Infolgedessen wird es bei besseren Messwerten un\u00fcbersichtlich oder unerreichbar, um in jedem Fall als Kiefer greifen, automatisch echte Sch\u00fctteln, und Vibrationen in den Strom zu verwandeln, was intensives Sch\u00fctteln des gesamten K\u00f6rpers, Schlaffheit aus den Handfl\u00e4chen, und ein typischer Mangel an Motor Handle. Crystal Meth zum Verkauf<\/p>","protected":false},"excerpt":{"rendered":"<p>CRYSTAL METH ZU VERKAUFEN: Auch hier sind wir der weltweit f\u00fchrende Anbieter von Crystal Meth, und wir haben Crystal Meth zu verkaufen. Crystal Methamphetamin wird als Methamphetamin abgek\u00fcrzt. Unsere Mission ist es, die umfassendste Linie der Aufnahme \/ ADHS-Medikamente, Analgetika, Antidepressiva und andere analytische Substanz Produkte, mit einem Fokus auf ihre eigenen au\u00dfergew\u00f6hnlichen, hervorragenden Wert. und au\u00dfergew\u00f6hnliche, sowie unsere au\u00dfergew\u00f6hnlichen Kundenservice Crystal Meth ist eine wei\u00dfe, kristalline Droge, die durch Schn\u00fcffeln, Rauchen von Zigaretten oder Injektion mit einer Nadel gewonnen wird. Crystal Meth wurde 1893 entdeckt und kommt in zwei Formen vor: Levo-Methamphetamin und Dextro-Methamphetamin. Der Begriff &#8222;Crystal Meth&#8220; bezieht\u2026<\/p>","protected":false},"featured_media":1712,"comment_status":"open","ping_status":"closed","template":"","meta":{"content-type":""},"product_brand":[],"product_cat":[163],"product_tag":[],"class_list":{"0":"post-1688","1":"product","2":"type-product","3":"status-publish","4":"has-post-thumbnail","6":"product_cat-forschung-chemikalien","8":"first","9":"instock","10":"shipping-taxable","11":"purchasable","12":"product-type-variable"},"_links":{"self":[{"href":"https:\/\/kokaindrogekaufen.com\/nl\/wp-json\/wp\/v2\/product\/1688"}],"collection":[{"href":"https:\/\/kokaindrogekaufen.com\/nl\/wp-json\/wp\/v2\/product"}],"about":[{"href":"https:\/\/kokaindrogekaufen.com\/nl\/wp-json\/wp\/v2\/types\/product"}],"replies":[{"embeddable":true,"href":"https:\/\/kokaindrogekaufen.com\/nl\/wp-json\/wp\/v2\/comments?post=1688"}],"wp:featuredmedia":[{"embeddable":true,"href":"https:\/\/kokaindrogekaufen.com\/nl\/wp-json\/wp\/v2\/media\/1712"}],"wp:attachment":[{"href":"https:\/\/kokaindrogekaufen.com\/nl\/wp-json\/wp\/v2\/media?parent=1688"}],"wp:term":[{"taxonomy":"product_brand","embeddable":true,"href":"https:\/\/kokaindrogekaufen.com\/nl\/wp-json\/wp\/v2\/product_brand?post=1688"},{"taxonomy":"product_cat","embeddable":true,"href":"https:\/\/kokaindrogekaufen.com\/nl\/wp-json\/wp\/v2\/product_cat?post=1688"},{"taxonomy":"product_tag","embeddable":true,"href":"https:\/\/kokaindrogekaufen.com\/nl\/wp-json\/wp\/v2\/product_tag?post=1688"}],"curies":[{"name":"wp","href":"https:\/\/api.w.org\/{rel}","templated":true}]}}