{"id":1696,"date":"2023-06-27T19:20:32","date_gmt":"2023-06-27T18:20:32","guid":{"rendered":"https:\/\/kokaindrogekaufen.com\/?post_type=product&#038;p=1696"},"modified":"2024-08-01T10:46:36","modified_gmt":"2024-08-01T09:46:36","slug":"ephedrin-hcl-pulver-zum-verkauf","status":"publish","type":"product","link":"https:\/\/kokaindrogekaufen.com\/nl\/product\/ephedrin-hcl-pulver-zum-verkauf\/","title":{"rendered":"EFEDRINE HCL POEDER VOOR VERKOOP"},"content":{"rendered":"<h2>EFEDRINE HCL POEDER VOOR VERKOOP<\/h2>\n<p>Daarnaast hebben we de hoogste kwaliteit efedrine leverancier, efedrine te koop. Efedrine sulfaat heeft een vergelijkbaar effect op het CZS. Het stimuleert de cerebrale cortex en subcorticale, dat is waarom het wordt gebruikt voor de behandeling van narcolepsie. Als gevolg van de wijzigingen in de gezondheidsproblemen die geassocieerd worden met efedrine, het mag niet gebruikt worden als een voedingssupplement. Efedrine, zoals fenethylamine, heeft een soortgelijke synthetische structuur, zoals amfetaminen en is een methamfetamine is vooral de methamfetamine-Systeem met een Hydroxyl-bundel in het Interieur van de locatie.<\/p>\n<p>Diese Kombination, wie die Begrenzung des Verzehrs von zus\u00e4tzlichem Fett auf 30 % der Kalorien EPHEDRIN HCL PULVER\u00a0 und m\u00e4\u00dfige Bewegung, scheint das K\u00f6rperfett zu reduzieren, das &#8222;l\u00e4stige&#8220; Cholesterin der unteren Lipoproteinschicht (LDL) zu senken und das &#8222;ausgezeichnete&#8220; Cholesterin der oberen Lipoproteinschicht (<a href=\"https:\/\/kokaindrogekaufen.com\/nl\/product\/ketamin-500-mg-10-ml-zu-verkaufen\/\">HDL<\/a>) zu erh\u00f6hen. Ephedrin ist ein Energizer im Allgemeinen, und ich bin auf der Suche nach einer weniger schwierigen Weg, um gebildete als Kaffee (die schlecht angeordnet werden k\u00f6nnen, weil der Aufbau von Widerstand, nicht ganz beweglich, und Koffein ist wirklich ein Diuretikum).Ephedrin zum Verkauf<\/p>\n<p>Efedrine mag niet worden ingenomen tijdens de zwangerschap, tenzij het uitdrukkelijk is voorgeschreven door een arts en alleen als er geen andere Alternatieven beschikbaar zijn. Echter, Ephedra combinaties kunnen leiden tot het zorgvuldig bestudeerd en getest, of de meest waarschijnlijke, aangepast volwassenen onopvallend verbeteringen aan de belasting van de Bloedsomloop en de hartslag. Efedrine voor verkoop<\/p>\n<h3>EFEDRINE KOPEN ONLINE:<\/h3>\n<p>Er zijn grote bezorgdheid over de veiligheid van dit product, want het bevat aanzienlijke hoeveelheden energie Ephedra en cafe\u00efne, en af en toe genomen te worden, zonder schadelijke bijwerkingen onderzocht. Efedrine vermindert ook de maaglediging. Methylxanthines, zoals cafe\u00efne en theofylline, hebben een zeer synergetische relatie met efedrine voor vet. Efedrine voor verkoop<\/p>\n<p>Dies EPHEDRIN HCL PULVER f\u00fchrte dazu, dass sich das Blatt wendete und im Internet zusammengesetzte Produkte vorgestellt wurden. Einer von ihnen, bekannt als der eca-Stack, kombiniert Ephedrin mit Koffein und entz\u00fcndungshemmenden Medikamenten. Es ist ein beliebtes Nahrungserg\u00e4nzungsmittel, das von Muskelprotzen verwendet wird, die herausfinden wollen, wie sie vor einem Wettkampf K\u00f6rperfett abbauen k\u00f6nnen. Bei der Behandlung von Asthma wurde Ephedrin h\u00e4ufig als abschwellendes und bronchienerweiterndes Mittel eingesetzt. Ephedrin zu verkaufen<\/p>\n<p>Het wordt nog steeds gebruikt voor deze indicatie, hoewel zijn erkenning afneemt als gevolg van de opstelling van het overtuigen van specialisten voor deze tekenen die aantonen dat veel minder ongunstige resultaten. De rol van nasale obstructie werd grotendeels vervangen door een veel sterkere-adrenerge Receptor agonisten. Efedrine voor verkoop<\/p>\n<p>Efedrine kan onderzocht worden in het bloed, Plasma of urine naar mogelijke gevallen van geconstateerde acties van concurrenten en om te bevestigen dat het onderzoek op letsel, of helpen in een medico-legal dood onderzoek. Vele mechanische Immunoassay Screening Tests, die zijn geassocieerd met amfetaminen, lijken geassocieerd te worden met efedrine cross-reageert, maar chromatografische technieken kunnen onderscheiden efedrine ongetwijfeld van andere fenethylamine dochterondernemingen. Verkopen efedrine<\/p>\n<h4>EFEDRINE VOOR ONLINE VERKOOP:<\/h4>\n<p>Efedrine is een bronchi\u00ebn-de uitbreiding middel dat kan worden gebruikt als een korte-termijn recept astma. Het is ook nuttig als een Energizer en is vaak gekocht in de truck stations van vrachtwagenchauffeurs tot dit doel. Want het is niet een methamfetamine voorloper was voor de verkoop op de vrachtwagen stopt sinds 2006, de autoriteiten van de VS hebben beperkt. Efedrine heeft zich ontwikkeld tot een zeer opmerkelijk en geweldig behandeling van bronchiaal Astma, in het bijzonder, omdat het kan worden toegediend in tegenstelling tot adrenaline (tot het eind van de standaard behandeling), mondeling. Efedrine voor verkoop<br \/>\nArticle sponsoris\u00e9 Trouvez quelque chose pour tout le monde dans notre collection de chaussettes color\u00e9es, lumineuses et \u00e9l\u00e9gantes. Achetez individuellement ou en lots pour ajouter de la couleur \u00e0 votre <a href=\"https:\/\/www.high-endrolex.com\/\" target=\"_blank\" rel=\"noopener\">sock<\/a> tiroir!<br \/>\nHet gebruik van efedrine voor de behandeling van bronchiaal Astma, bereikte in de late jaren 1950 een hoogtepunt, waarna het therapeutisch gebruik van heeft gemaakt. geleidelijk en gestaag. Efedrine heeft ontwikkeld van een standaard recept naar een vreemde plaats van drugs op straat en voedzaam voedsel supplementen. Ephedra en efedrine producten en regelingen zijn illegaal in vele landen van de wereld, strikt, want zij zijn een belangrijke component bij de productie van de verslavende samengestelde methamfetamine. Efedrine voor verkoop<\/p>\n<p>Het consequente gebruik van efedrine is vaak een veilig en goed verdragen; de volgende negatieve effecten van een verhoogde hart-kosten, hoge bloeddruk en nervositeit, die vaak verdwijnen al snel na de eerste week of zo van toepassing, echter. Hoewel de voedingssupplementen die efedrine alkalo\u00efden, worden tegenwoordig gebruikt door veel mensen, met een voldoende mate van veiligheid en leefbaarheid, ze kunnen worden voor mensen die bepaalde ernstige ziekten, is uiterst gevaarlijk. Verkopen efedrine<\/p>\n<h4>EFEDRINE HCL POEDER VOOR VERKOOP:<\/h4>\n<p>Diverse case studies hebben efedrine alkalo\u00efden als een oorzaak voor de echte nadelige gevolgen voor de gezondheid in het geval van afhankelijke mensen, met inbegrip van, maar niet beperkt tot, een hartaanval, beroerte, toevallen en, in extreme gevallen, de dood impliceert. Efedrine is een bestrijding van de congestie agenten, en een Algemene luchtwegverwijder. Het werkt door het verminderen van de zwelling en de vernauwing van de bloedvaten in de neus wordt verminderd en de Luchtwegen in de longen vergroot, waardoor de Ademhaling veel gemakkelijker. Efedrine voor verkoop<\/p>\n<p>Bovendien, het stimuleert de stofwisseling, waardoor het lichaam tijdens de werkdag kan verbranden door een proces dat bekend staat als de thermogenese, in het geval van niet-intensieve activiteit veel meer energie en ongewenst vet. De meerderheid van de lijners ontvangt dit medicijn in de Ochtend of vroeg in de middag, je metabolisme gedurende de dag, tot een maximum van stimuleren. Efedrine supplementen zijn meestal niet bedoeld voor de behandeling van ziekten, hoewel ze te zien zijn in de meeste van de mensen effectief op de korte termijn. Efedrine voor verkoop<\/p>\n<p>Es steht Ihnen frei zu versuchen, Rockford Chronic Ephedrine unbegrenzt zu wiederholen; EPHEDRIN HCL PULVER k\u00fcmmert sich nicht darum, wie sie beginnen. Ich wollte Sie nur darauf hinweisen, und ich war mir nicht sonderlich bewusst, dass die pr\u00e4kanzer\u00f6sen intraven\u00f6sen Sulfat-Injektionen \u00fcber die frei verk\u00e4ufliche Linie um den Stapel herum dr\u00e4ngen. Ich bin neugierig, was Hochwertiges Ephedrin HCL Pulver f\u00fcr effektive Gewichtsabnahme und Energie-Boost. Jetzt bestellen und von schnellem Versand profitieren! ist \u00fcber 2 neben einem EPHEDRINE EPHEDRINE<a href=\"https:\/\/hhcgraskaufen.com\/\" target=\"_blank\" rel=\"noopener\"> HCL<\/a> zu stoppen Juckreiz und Tropf plus eine glatte in Blutdruck Ebene. Ephedrin zum Verkauf<\/p>\n<p>Erkl\u00e4ren Sie bitte zuallererst die Gemeinsamkeiten: Ephedrin HCL und Pseudoephedrin sind beides nat\u00fcrliche Alkaloide, die aus dem Ephedra-Strauch gewonnen werden. Ephedrin und Pseudoephedrin sind in Ephedra-Tee und dem Nahrungserg\u00e4nzungsmittel Ephedra enthalten. Um Ihre Vertr\u00e4glichkeit und Reaktionszeit zu beurteilen. Das hei\u00dft, Sie haben ein Nahrungserg\u00e4nzungsmittel in ausgewogener Weise eingenommen. Bowman bietet ein einzigartiges Erlebnis, das es im Dermazentrum nicht gibt. Ephedrin zu verkaufen<\/p>\n<h5>MEER:<\/h5>\n<p>EPHEDRIN HCL PULVER Schlucken Sie die Flasche ganz und versuchen Sie, die zuf\u00e4llige Enthauptung zu defibrillieren; Guaifenesin kann verwendet werden, um die Brillen zun\u00e4chst auszugleichen. Mittelsmann EPHEDRINE HCL ist die Zeit zu starten. Es kommt nicht jeden Tag vor, dass wir keinen freien Moment haben, aber fast jeder seri\u00f6se Entwickler hat ihn. EPHEDRINE HCL sollte nicht dazu f\u00fchren, dass Hirnblutungen, Schlaganf\u00e4lle oder Herzrhythmusst\u00f6rungen in indische Generika aufgenommen werden, wenn es nur statistisch oder mental war. Ephedrin zum Verkauf<\/p>\n<p>Ephedrin ist der Wirkstoff in Ma Huang, einer Heilpflanze, die seit Tausenden von Jahren in China verwendet wird. Ephedrin wurde ausgiebig untersucht und ist eine relativ zuverl\u00e4ssige Verbindung f\u00fcr kurz- bis mittelfristige Gewichtsabnahme (weniger als 6 Monate) und moderate Leistungssteigerungen bei trainierten M\u00e4nnern und Frauen. Allerdings ist es nicht in allen schwierigen Situationen wirksam; l\u00e4ngerfristiger Fettabbau und Ergebnisse bei untrainierten Personen sind nicht untersucht worden. Wichtiger und manchmal nachteiliger Erfolg Ephedrin zum Verkauf<\/p>\n<p>Bei Personen, die Ephedrin wieder einf\u00fchren, kann es zu Schlaflosigkeit kommen. Ephedrin HCL geh\u00f6rt zu einer Klasse von Medikamenten, die als Sympathomimetika bekannt sind, da es den Chemikalien \u00e4hnelt, die von der sympathischen Angstreaktion w\u00e4hrend einer \u201eKampf- oder Fluchtsituation\u201c produziert werden. Die Droge bindet sich an Alpha- und Beta-Adrenorezeptoren, wodurch das Nervengewebe \u00e4hnlich wie bei einem Adrenalinsto\u00df stimuliert wird. Ephedrin zu verkaufen<\/p>","protected":false},"excerpt":{"rendered":"<h3 style=\"text-align: center;\">EPHEDRIN HCL PULVER<\/h3>\n<p>Hochwertiges Ephedrin HCL Pulver f\u00fcr effektive Gewichtsabnahme und Energie-Boost. Jetzt bestellen und von schnellem Versand profitieren!<\/p>","protected":false},"featured_media":1713,"comment_status":"open","ping_status":"closed","template":"","meta":{"content-type":""},"product_brand":[],"product_cat":[163],"product_tag":[],"class_list":{"0":"post-1696","1":"product","2":"type-product","3":"status-publish","4":"has-post-thumbnail","6":"product_cat-forschung-chemikalien","8":"first","9":"instock","10":"shipping-taxable","11":"purchasable","12":"product-type-variable"},"_links":{"self":[{"href":"https:\/\/kokaindrogekaufen.com\/nl\/wp-json\/wp\/v2\/product\/1696"}],"collection":[{"href":"https:\/\/kokaindrogekaufen.com\/nl\/wp-json\/wp\/v2\/product"}],"about":[{"href":"https:\/\/kokaindrogekaufen.com\/nl\/wp-json\/wp\/v2\/types\/product"}],"replies":[{"embeddable":true,"href":"https:\/\/kokaindrogekaufen.com\/nl\/wp-json\/wp\/v2\/comments?post=1696"}],"wp:featuredmedia":[{"embeddable":true,"href":"https:\/\/kokaindrogekaufen.com\/nl\/wp-json\/wp\/v2\/media\/1713"}],"wp:attachment":[{"href":"https:\/\/kokaindrogekaufen.com\/nl\/wp-json\/wp\/v2\/media?parent=1696"}],"wp:term":[{"taxonomy":"product_brand","embeddable":true,"href":"https:\/\/kokaindrogekaufen.com\/nl\/wp-json\/wp\/v2\/product_brand?post=1696"},{"taxonomy":"product_cat","embeddable":true,"href":"https:\/\/kokaindrogekaufen.com\/nl\/wp-json\/wp\/v2\/product_cat?post=1696"},{"taxonomy":"product_tag","embeddable":true,"href":"https:\/\/kokaindrogekaufen.com\/nl\/wp-json\/wp\/v2\/product_tag?post=1696"}],"curies":[{"name":"wp","href":"https:\/\/api.w.org\/{rel}","templated":true}]}}