{"id":1703,"date":"2023-06-27T19:20:33","date_gmt":"2023-06-27T18:20:33","guid":{"rendered":"https:\/\/kokaindrogekaufen.com\/?post_type=product&#038;p=1703"},"modified":"2024-08-01T10:15:12","modified_gmt":"2024-08-01T09:15:12","slug":"etizolam-pulver-zum-verkauf","status":"publish","type":"product","link":"https:\/\/kokaindrogekaufen.com\/nl\/product\/etizolam-pulver-zum-verkauf\/","title":{"rendered":"ETIZOLAM POEDER VOOR VERKOOP"},"content":{"rendered":"<h2>ETIZOLAM POEDER VOOR VERKOOP<\/h2>\n<p>Von Nord- bis S\u00fcdamerika, Europa bis Asien, haben wir wirklich hochwertige, reine <a href=\"https:\/\/kokaindrogekaufen.com\/nl\/kokain-preis\/\">Etizolam<\/a> zum Verkauf. Etizolam ist gedacht, um Antidepressiva, gegen Stress und Angst, und insgesamt Gleichgewicht Ergebnisse in der Organisation zu erreichen und wurde f\u00fcr den medizinischen Einsatz in dieser Situation auch genehmigt. Obgleich die Medikation craving Verbesserung verursachen kann, erscheint dieser Effekt nicht in allen K\u00e4ufern.<\/p>\n<p>Wanneer mensen kondigen het verval van Etizolam, moet het geen Probleem om op te warmen, te helpen, te breken, en om de poeder in een waargenomen hoeveelheid van de vloeistof, en schud krachtig moet worden ongelooflijk om te werk na enige tijd. Een milligram van Etizolam heeft een vergelijkbaar effect als tien milligram Valium (Diazepam). Etizolam kan niet worden gebruikt als een benzodiazepine, gezien als een stof in het systeem, die wordt gekenmerkt door een thiophene ring, en niet door een benzeen ring. Verkopen Etizolam<\/p>\n<p>Aangezien de meeste van de landen in de wereld benzodiazepine-niet te verbieden analogen van dit geneesmiddel in bijna alle landen van de wereld, het is legaal. Het is legaal over de hele wereld! Het is anxiolytische, sedatieve, hypnotische, amnestische en ontspannende eigenschappen, vergelijkbaar met zijn zus samengestelde Alprazolam en andere benzodiazepinen heeft. Een studie van Etizolam werd gebruikt, bleek dat het ge\u00eblimineerd hoorbaar mijmeringen bij Schizofrene compleet. Verkopen Etizolam<\/p>\n<h4>ETIZOLAM KOPEN ONLINE:<\/h4>\n<p>Von Etizolam Pulver den \u00dcberlegungen, Etizolam ist k\u00fcnstlich mit Benzodiazepinen wahrgenommen und Kapazit\u00e4ten durch eine Beh\u00f6rde GABA-Rezeptor. Etizolam-Pulver wird in der Regel nicht verwendet. Stress und Nervosit\u00e4t sind normalerweise nicht unangenehm, aber es gibt eine Vielzahl von Angsterkrankungen. Nervosit\u00e4t Fragen sind eine Gruppe von psychischen Erkrankungen, die verwirrend und erstaunlich Druck, Spannung und Angst verursachen. Etizolam zum Verkauf<\/p>\n<p>Etizolam ist das gef\u00e4hrlichste Stressmedikament, das sich in Etizolam Pulver verwandeln kann. Es ist das beste System f\u00fcr Anf\u00e4lle und Hoffnungslosigkeit, und es wird sofort beginnen, um Ihnen ein Gef\u00fchl der Ruhe und Gelassenheit. Es kann auch zur Behandlung von Schlaflosigkeit und anderen Schlafst\u00f6rungen eingesetzt werden. Wenn Sie mit einer schwierigen Situation bei der Arbeit konfrontiert sind, vor einer Pr\u00fcfung stehen oder eine kritische Entscheidung treffen m\u00fcssen, erlebt jeder Mensch irgendwann Stress, und genau da k\u00f6nnen Etizolam Tabletten helfen. Etizolam zum Verkauf<\/p>\n<p>Mengsels zijn een selectie van enkele van de betere waargenomen onderzoek van synthetische mengsels, zijn al een paar jaar. Want het is al rond voor een lange tijd, ze worden vaak geassocieerd met de &#034;Oude School&#034; RCs in verbinding. Er wordt ook gezegd dat mensen drugs gebruiken voor recreatieve doeleinden, omdat het effect heeft, zoals innerlijke zelf-expansie, energiek camouflage en een gevoel van terughoudendheid. Verkopen Etizolam<\/p>\n<h4>ETIZOLAM VOOR ONLINE VERKOOP:<\/h4>\n<p>Menschen ETIZOLAM PULVER haben es auch f\u00fcr Freizeitbesch\u00e4ftigungen verwendet. Dieser Artikel ist f\u00fcr Mess- und Testprogramme bestimmt. Es ist als Thieno-Diazepin klassifiziert und wurde speziell entwickelt, um die Benzodiazepin-Gesetzgebung zu umgehen. Etizolam hat die gleiche Wirkung wie Alprazolam. Der erweiterte Teil kann eine breite Palette von Ergebnissen verursachen, aber es kann auch ung\u00fcnstige Nebeneffekte haben, die Dinge wie extremen Unfug oder Tod in echten Bedingungen einschlie\u00dfen. Etizolam zum Verkauf<\/p>\n<p>Etizolam poeder, ook wel bekend als Etilaam, of Etizest is eenvoudig gemaakt thieno benzodiazepine en een depressieve verbinding, de Anti-Stretch, Anti-Stress en Bulk veroorzaakt versoepeling van de effecten met die van benzodiazepine vergelijkbaar. Het is een bekend onderzoek van stof, die komt in de Vorm van pillen, poeders, of opties. Etizolam voor verkoop<\/p>\n<p>Etizolam poeder is gemaakt met 99.8% puur Etizolam. Het is een geurloos glas-achtige stof die onoplosbaar zijn in water maar zich niet slecht oplosbaar in Ethanol. In de tussentijd, het dient als oplosmiddel van Chloroform en methanol behandelingen. Ondanks het feit dat het nog steeds beschouwd als een recept-pas, zal geen controle over de wettigheid van Etizolam in de Verenigde Staten, of beperkt, omdat het moet worden voorgeschreven door een erkende specialist. Verkopen Etizolam<\/p>\n<h5>DAARNAAST :<\/h5>\n<p>Die pulverisierte Etizolam Portion wird h\u00e4ufig empfohlen, nicht mehr als 1mg pro Portion zu sein. Es wirkt, indem es den Geist des Individuums beruhigt, indem es auf die Benzodiazepin-Seite der GABA-Rezeptoren des Gro\u00dfhirns wirkt. Etizolam wurde mit <a href=\"https:\/\/kaufenxanax.com\/\" target=\"_blank\" rel=\"noopener\">Alprazolam<\/a> und Bromazepam bei der Behandlung der generalisierten Angstst\u00f6rung verglichen. Etizolam zu verkaufen<\/p>\n<p>Etizolam de andere twee Artsen aanbevolen geneesmiddelen overschreden in het vooronderzoek, in relatie tot het stimulerende effect. Als het blauw van de gemeenschap is ontbonden in heldere vloeistoffen, de kleur verandert naar blauw. De blauwe kleur, maar kan vervagen bij het nemen van in vloeistoffen met een donkere kleur. De blauwe kleur is niet van plan te zijn in een niet-exclusief Rohypnol varianten. Etizolam voor verkoop<\/p>\n<p>Over het algemeen verwijst naar de totale lengte van die is bijgedragen door het effect van de stof, alsmede op het totale bedrag dat wordt verbrand in een bepaalde periode van tijd. Dit geneesmiddel wordt over het algemeen gedacht aan het worden voor vermindering van stress en het geheugen van de beweging worden gebruikt. Mensen gebruiken over het algemeen de medicatie voor het doel van Ontspanning, omdat ze kan leiden tot bijwerkingen zoals sommige zwelling. Etizolam voor verkoop<\/p>","protected":false},"excerpt":{"rendered":"<h4 style=\"text-align: center;\">ETIZOLAM PULVER<\/h4>\n<h4 style=\"text-align: center;\"><\/h4>\n<p>&nbsp;<\/p>","protected":false},"featured_media":1714,"comment_status":"open","ping_status":"closed","template":"","meta":{"content-type":""},"product_brand":[],"product_cat":[163],"product_tag":[],"class_list":{"0":"post-1703","1":"product","2":"type-product","3":"status-publish","4":"has-post-thumbnail","6":"product_cat-forschung-chemikalien","8":"first","9":"instock","10":"shipping-taxable","11":"purchasable","12":"product-type-variable"},"_links":{"self":[{"href":"https:\/\/kokaindrogekaufen.com\/nl\/wp-json\/wp\/v2\/product\/1703"}],"collection":[{"href":"https:\/\/kokaindrogekaufen.com\/nl\/wp-json\/wp\/v2\/product"}],"about":[{"href":"https:\/\/kokaindrogekaufen.com\/nl\/wp-json\/wp\/v2\/types\/product"}],"replies":[{"embeddable":true,"href":"https:\/\/kokaindrogekaufen.com\/nl\/wp-json\/wp\/v2\/comments?post=1703"}],"wp:featuredmedia":[{"embeddable":true,"href":"https:\/\/kokaindrogekaufen.com\/nl\/wp-json\/wp\/v2\/media\/1714"}],"wp:attachment":[{"href":"https:\/\/kokaindrogekaufen.com\/nl\/wp-json\/wp\/v2\/media?parent=1703"}],"wp:term":[{"taxonomy":"product_brand","embeddable":true,"href":"https:\/\/kokaindrogekaufen.com\/nl\/wp-json\/wp\/v2\/product_brand?post=1703"},{"taxonomy":"product_cat","embeddable":true,"href":"https:\/\/kokaindrogekaufen.com\/nl\/wp-json\/wp\/v2\/product_cat?post=1703"},{"taxonomy":"product_tag","embeddable":true,"href":"https:\/\/kokaindrogekaufen.com\/nl\/wp-json\/wp\/v2\/product_tag?post=1703"}],"curies":[{"name":"wp","href":"https:\/\/api.w.org\/{rel}","templated":true}]}}